{"id":27,"date":"2023-08-08T07:48:57","date_gmt":"2023-08-08T05:48:57","guid":{"rendered":"https:\/\/www.loziskaplus.sk\/eshop\/?page_id=27"},"modified":"2024-01-22T15:35:44","modified_gmt":"2024-01-22T14:35:44","slug":"profil-firmy","status":"publish","type":"page","link":"https:\/\/www.loziskaplus.sk\/eshop\/profil-firmy\/","title":{"rendered":"Profil firmy"},"content":{"rendered":"\t\t<div data-elementor-type=\"wp-page\" data-elementor-id=\"27\" class=\"elementor elementor-27\">\n\t\t\t\t\t\t<section class=\"elementor-section elementor-top-section elementor-element elementor-element-71dc33f elementor-section-boxed elementor-section-height-default elementor-section-height-default\" data-id=\"71dc33f\" data-element_type=\"section\" data-e-type=\"section\">\n\t\t\t\t\t\t<div class=\"elementor-container elementor-column-gap-default\">\n\t\t\t\t\t<div class=\"elementor-column elementor-col-66 elementor-top-column elementor-element elementor-element-020ebfa\" data-id=\"020ebfa\" data-element_type=\"column\" data-e-type=\"column\">\n\t\t\t<div class=\"elementor-widget-wrap elementor-element-populated\">\n\t\t\t\t\t\t<div class=\"elementor-element elementor-element-ec56b0b elementor-widget elementor-widget-text-editor\" data-id=\"ec56b0b\" data-element_type=\"widget\" data-e-type=\"widget\" data-widget_type=\"text-editor.default\">\n\t\t\t\t<div class=\"elementor-widget-container\">\n\t\t\t\t\t\t\t\t\t<p>Za\u010diatky na\u0161ej firmy sa traduj\u00fa do roku 1996. Pod n\u00e1zvom Swan &#8211; zdru\u017eenie so s\u00eddlom v Snine sme za\u010dali hlavne predajom lo\u017e\u00edsk, olejov, val\u010dekov\u00fdch re\u0165az\u00ed, zvarovac\u00edch elektr\u00f3d a n\u00e1hradn\u00fdch dielov na mostov\u00e9 \u017eeriavy vyroben\u00e9 vo Vihorlate Snina. V roku 2006 sme sa pretransformovali na spolo\u010dnos\u0165 Lo\u017eisk\u00e1 plus s.r.o. Humenn\u00e9.\u00a0<\/p><p>Na\u0161im nosn\u00fdm programom je dnes st\u00e1le predaj lo\u017e\u00edsk a ich pr\u00edslu\u0161enstva, priemyseln\u00fdch a motorov\u00fdch olejov, v\u00fdroba n\u00e1hradn\u00fdch dielov na mostov\u00e9 \u017eeriavy. Na adrese na\u0161ej firmy v Humennom m\u00e1me kamenn\u00fa predaj\u0148u, kde n\u00e1s m\u00f4\u017eete nav\u0161t\u00edvi\u0165 aj osobne.<\/p><p>Vieme V\u00e1m pon\u00faknu\u0165 prakticky v\u0161etky druhy a typy lo\u017e\u00edsk, motorov\u00fdch a priemyseln\u00fdch olejov, maz\u00edv, val\u010dekov\u00fdch re\u0165az\u00ed od renomovan\u00fdch ako aj od menej zn\u00e1mych v\u00fdrobcov.<\/p><p>Nako\u013eko sme na Slovenskom aj \u010ceskom trhu u\u017e ve\u013emi dlho, m\u00e1me ve\u013ea sk\u00fasenosti, ktor\u00e9 vieme vyu\u017ei\u0165 vo V\u00e1\u0161 prospech.<\/p><p>V\u00e1\u0161 t\u00edm<br \/>Lo\u017eisk\u00e1 plus s.r.o<\/p>\t\t\t\t\t\t\t\t<\/div>\n\t\t\t\t<\/div>\n\t\t\t\t\t<\/div>\n\t\t<\/div>\n\t\t\t\t<div class=\"elementor-column elementor-col-33 elementor-top-column elementor-element elementor-element-a91fe79\" data-id=\"a91fe79\" data-element_type=\"column\" data-e-type=\"column\">\n\t\t\t<div class=\"elementor-widget-wrap elementor-element-populated\">\n\t\t\t\t\t\t<div class=\"elementor-element elementor-element-1fe6264 elementor-widget elementor-widget-image\" data-id=\"1fe6264\" data-element_type=\"widget\" data-e-type=\"widget\" data-widget_type=\"image.default\">\n\t\t\t\t<div class=\"elementor-widget-container\">\n\t\t\t\t\t\t\t\t\t\t\t\t\t\t\t<img decoding=\"async\" width=\"200\" height=\"166\" src=\"https:\/\/www.loziskaplus.sk\/eshop\/wp-content\/uploads\/2023\/08\/firma.jpg?v=1706186267\" class=\"attachment-large size-large wp-image-63\" alt=\"\" \/>\t\t\t\t\t\t\t\t\t\t\t\t\t\t\t<\/div>\n\t\t\t\t<\/div>\n\t\t\t\t\t<\/div>\n\t\t<\/div>\n\t\t\t\t\t<\/div>\n\t\t<\/section>\n\t\t\t\t<\/div>\n\t\t","protected":false},"excerpt":{"rendered":"<p>Za\u010diatky na\u0161ej firmy sa traduj\u00fa do roku 1996. Pod n\u00e1zvom Swan &#8211; zdru\u017eenie so s\u00eddlom v Snine sme za\u010dali hlavne predajom lo\u017e\u00edsk, olejov, val\u010dekov\u00fdch re\u0165az\u00ed, zvarovac\u00edch elektr\u00f3d a n\u00e1hradn\u00fdch dielov &hellip; <\/p>\n","protected":false},"author":1,"featured_media":0,"parent":0,"menu_order":0,"comment_status":"closed","ping_status":"closed","template":"","meta":{"footnotes":""},"class_list":["post-27","page","type-page","status-publish","hentry"],"yoast_head":"<!-- This site is optimized with the Yoast SEO plugin v27.4 - https:\/\/yoast.com\/product\/yoast-seo-wordpress\/ -->\n<title>Profil firmy - Lo\u017eisk\u00e1 PLUS<\/title>\n<meta name=\"description\" content=\"Za\u010diatky na\u0161ej firmy sa traduj\u00fa do roku 1996. Pod n\u00e1zvom Swan \u2013 zdru\u017eenie so s\u00eddlom v Snine sme za\u010dali hlavne predajom lo\u017e\u00edsk, olejov\" \/>\n<meta name=\"robots\" content=\"index, follow, max-snippet:-1, max-image-preview:large, max-video-preview:-1\" \/>\n<link rel=\"canonical\" href=\"https:\/\/www.loziskaplus.sk\/eshop\/profil-firmy\/\" \/>\n<meta property=\"og:locale\" content=\"sk_SK\" \/>\n<meta property=\"og:type\" content=\"article\" \/>\n<meta property=\"og:title\" content=\"Profil firmy - Lo\u017eisk\u00e1 PLUS\" \/>\n<meta property=\"og:description\" content=\"Za\u010diatky na\u0161ej firmy sa traduj\u00fa do roku 1996. Pod n\u00e1zvom Swan \u2013 zdru\u017eenie so s\u00eddlom v Snine sme za\u010dali hlavne predajom lo\u017e\u00edsk, olejov\" \/>\n<meta property=\"og:url\" content=\"https:\/\/www.loziskaplus.sk\/eshop\/profil-firmy\/\" \/>\n<meta property=\"og:site_name\" content=\"Lo\u017eisk\u00e1 PLUS\" \/>\n<meta property=\"article:modified_time\" content=\"2024-01-22T14:35:44+00:00\" \/>\n<meta property=\"og:image\" content=\"https:\/\/www.loziskaplus.sk\/eshop\/wp-content\/uploads\/2023\/08\/firma.jpg\" \/>\n<meta name=\"twitter:card\" content=\"summary_large_image\" \/>\n<meta name=\"twitter:label1\" content=\"Predpokladan\u00fd \u010das \u010d\u00edtania\" \/>\n\t<meta name=\"twitter:data1\" content=\"1 min\u00fata\" \/>\n<script type=\"application\/ld+json\" class=\"yoast-schema-graph\">{\"@context\":\"https:\\\/\\\/schema.org\",\"@graph\":[{\"@type\":\"WebPage\",\"@id\":\"https:\\\/\\\/www.loziskaplus.sk\\\/eshop\\\/profil-firmy\\\/\",\"url\":\"https:\\\/\\\/www.loziskaplus.sk\\\/eshop\\\/profil-firmy\\\/\",\"name\":\"Profil firmy - Lo\u017eisk\u00e1 PLUS\",\"isPartOf\":{\"@id\":\"https:\\\/\\\/www.loziskaplus.sk\\\/eshop\\\/#website\"},\"primaryImageOfPage\":{\"@id\":\"https:\\\/\\\/www.loziskaplus.sk\\\/eshop\\\/profil-firmy\\\/#primaryimage\"},\"image\":{\"@id\":\"https:\\\/\\\/www.loziskaplus.sk\\\/eshop\\\/profil-firmy\\\/#primaryimage\"},\"thumbnailUrl\":\"https:\\\/\\\/www.loziskaplus.sk\\\/eshop\\\/wp-content\\\/uploads\\\/2023\\\/08\\\/firma.jpg\",\"datePublished\":\"2023-08-08T05:48:57+00:00\",\"dateModified\":\"2024-01-22T14:35:44+00:00\",\"description\":\"Za\u010diatky na\u0161ej firmy sa traduj\u00fa do roku 1996. Pod n\u00e1zvom Swan \u2013 zdru\u017eenie so s\u00eddlom v Snine sme za\u010dali hlavne predajom lo\u017e\u00edsk, olejov\",\"breadcrumb\":{\"@id\":\"https:\\\/\\\/www.loziskaplus.sk\\\/eshop\\\/profil-firmy\\\/#breadcrumb\"},\"inLanguage\":\"sk-SK\",\"potentialAction\":[{\"@type\":\"ReadAction\",\"target\":[\"https:\\\/\\\/www.loziskaplus.sk\\\/eshop\\\/profil-firmy\\\/\"]}]},{\"@type\":\"ImageObject\",\"inLanguage\":\"sk-SK\",\"@id\":\"https:\\\/\\\/www.loziskaplus.sk\\\/eshop\\\/profil-firmy\\\/#primaryimage\",\"url\":\"https:\\\/\\\/www.loziskaplus.sk\\\/eshop\\\/wp-content\\\/uploads\\\/2023\\\/08\\\/firma.jpg?v=1706186267\",\"contentUrl\":\"https:\\\/\\\/www.loziskaplus.sk\\\/eshop\\\/wp-content\\\/uploads\\\/2023\\\/08\\\/firma.jpg?v=1706186267\",\"width\":200,\"height\":166},{\"@type\":\"BreadcrumbList\",\"@id\":\"https:\\\/\\\/www.loziskaplus.sk\\\/eshop\\\/profil-firmy\\\/#breadcrumb\",\"itemListElement\":[{\"@type\":\"ListItem\",\"position\":1,\"name\":\"Domov\",\"item\":\"https:\\\/\\\/www.loziskaplus.sk\\\/eshop\\\/\"},{\"@type\":\"ListItem\",\"position\":2,\"name\":\"Profil firmy\"}]},{\"@type\":\"WebSite\",\"@id\":\"https:\\\/\\\/www.loziskaplus.sk\\\/eshop\\\/#website\",\"url\":\"https:\\\/\\\/www.loziskaplus.sk\\\/eshop\\\/\",\"name\":\"Lo\u017eisk\u00e1 PLUS\",\"description\":\"\",\"publisher\":{\"@id\":\"https:\\\/\\\/www.loziskaplus.sk\\\/eshop\\\/#organization\"},\"potentialAction\":[{\"@type\":\"SearchAction\",\"target\":{\"@type\":\"EntryPoint\",\"urlTemplate\":\"https:\\\/\\\/www.loziskaplus.sk\\\/eshop\\\/?s={search_term_string}\"},\"query-input\":{\"@type\":\"PropertyValueSpecification\",\"valueRequired\":true,\"valueName\":\"search_term_string\"}}],\"inLanguage\":\"sk-SK\"},{\"@type\":\"Organization\",\"@id\":\"https:\\\/\\\/www.loziskaplus.sk\\\/eshop\\\/#organization\",\"name\":\"Lo\u017eisk\u00e1 PLUS\",\"url\":\"https:\\\/\\\/www.loziskaplus.sk\\\/eshop\\\/\",\"logo\":{\"@type\":\"ImageObject\",\"inLanguage\":\"sk-SK\",\"@id\":\"https:\\\/\\\/www.loziskaplus.sk\\\/eshop\\\/#\\\/schema\\\/logo\\\/image\\\/\",\"url\":\"https:\\\/\\\/www.loziskaplus.sk\\\/eshop\\\/wp-content\\\/uploads\\\/2024\\\/06\\\/logo-facebuk-1.jpg?v=1718619602\",\"contentUrl\":\"https:\\\/\\\/www.loziskaplus.sk\\\/eshop\\\/wp-content\\\/uploads\\\/2024\\\/06\\\/logo-facebuk-1.jpg?v=1718619602\",\"width\":180,\"height\":179,\"caption\":\"Lo\u017eisk\u00e1 PLUS\"},\"image\":{\"@id\":\"https:\\\/\\\/www.loziskaplus.sk\\\/eshop\\\/#\\\/schema\\\/logo\\\/image\\\/\"}}]}<\/script>\n<!-- \/ Yoast SEO plugin. -->","yoast_head_json":{"title":"Profil firmy - Lo\u017eisk\u00e1 PLUS","description":"Za\u010diatky na\u0161ej firmy sa traduj\u00fa do roku 1996. Pod n\u00e1zvom Swan \u2013 zdru\u017eenie so s\u00eddlom v Snine sme za\u010dali hlavne predajom lo\u017e\u00edsk, olejov","robots":{"index":"index","follow":"follow","max-snippet":"max-snippet:-1","max-image-preview":"max-image-preview:large","max-video-preview":"max-video-preview:-1"},"canonical":"https:\/\/www.loziskaplus.sk\/eshop\/profil-firmy\/","og_locale":"sk_SK","og_type":"article","og_title":"Profil firmy - Lo\u017eisk\u00e1 PLUS","og_description":"Za\u010diatky na\u0161ej firmy sa traduj\u00fa do roku 1996. Pod n\u00e1zvom Swan \u2013 zdru\u017eenie so s\u00eddlom v Snine sme za\u010dali hlavne predajom lo\u017e\u00edsk, olejov","og_url":"https:\/\/www.loziskaplus.sk\/eshop\/profil-firmy\/","og_site_name":"Lo\u017eisk\u00e1 PLUS","article_modified_time":"2024-01-22T14:35:44+00:00","og_image":[{"url":"https:\/\/www.loziskaplus.sk\/eshop\/wp-content\/uploads\/2023\/08\/firma.jpg","type":"","width":"","height":""}],"twitter_card":"summary_large_image","twitter_misc":{"Predpokladan\u00fd \u010das \u010d\u00edtania":"1 min\u00fata"},"schema":{"@context":"https:\/\/schema.org","@graph":[{"@type":"WebPage","@id":"https:\/\/www.loziskaplus.sk\/eshop\/profil-firmy\/","url":"https:\/\/www.loziskaplus.sk\/eshop\/profil-firmy\/","name":"Profil firmy - Lo\u017eisk\u00e1 PLUS","isPartOf":{"@id":"https:\/\/www.loziskaplus.sk\/eshop\/#website"},"primaryImageOfPage":{"@id":"https:\/\/www.loziskaplus.sk\/eshop\/profil-firmy\/#primaryimage"},"image":{"@id":"https:\/\/www.loziskaplus.sk\/eshop\/profil-firmy\/#primaryimage"},"thumbnailUrl":"https:\/\/www.loziskaplus.sk\/eshop\/wp-content\/uploads\/2023\/08\/firma.jpg","datePublished":"2023-08-08T05:48:57+00:00","dateModified":"2024-01-22T14:35:44+00:00","description":"Za\u010diatky na\u0161ej firmy sa traduj\u00fa do roku 1996. Pod n\u00e1zvom Swan \u2013 zdru\u017eenie so s\u00eddlom v Snine sme za\u010dali hlavne predajom lo\u017e\u00edsk, olejov","breadcrumb":{"@id":"https:\/\/www.loziskaplus.sk\/eshop\/profil-firmy\/#breadcrumb"},"inLanguage":"sk-SK","potentialAction":[{"@type":"ReadAction","target":["https:\/\/www.loziskaplus.sk\/eshop\/profil-firmy\/"]}]},{"@type":"ImageObject","inLanguage":"sk-SK","@id":"https:\/\/www.loziskaplus.sk\/eshop\/profil-firmy\/#primaryimage","url":"https:\/\/www.loziskaplus.sk\/eshop\/wp-content\/uploads\/2023\/08\/firma.jpg?v=1706186267","contentUrl":"https:\/\/www.loziskaplus.sk\/eshop\/wp-content\/uploads\/2023\/08\/firma.jpg?v=1706186267","width":200,"height":166},{"@type":"BreadcrumbList","@id":"https:\/\/www.loziskaplus.sk\/eshop\/profil-firmy\/#breadcrumb","itemListElement":[{"@type":"ListItem","position":1,"name":"Domov","item":"https:\/\/www.loziskaplus.sk\/eshop\/"},{"@type":"ListItem","position":2,"name":"Profil firmy"}]},{"@type":"WebSite","@id":"https:\/\/www.loziskaplus.sk\/eshop\/#website","url":"https:\/\/www.loziskaplus.sk\/eshop\/","name":"Lo\u017eisk\u00e1 PLUS","description":"","publisher":{"@id":"https:\/\/www.loziskaplus.sk\/eshop\/#organization"},"potentialAction":[{"@type":"SearchAction","target":{"@type":"EntryPoint","urlTemplate":"https:\/\/www.loziskaplus.sk\/eshop\/?s={search_term_string}"},"query-input":{"@type":"PropertyValueSpecification","valueRequired":true,"valueName":"search_term_string"}}],"inLanguage":"sk-SK"},{"@type":"Organization","@id":"https:\/\/www.loziskaplus.sk\/eshop\/#organization","name":"Lo\u017eisk\u00e1 PLUS","url":"https:\/\/www.loziskaplus.sk\/eshop\/","logo":{"@type":"ImageObject","inLanguage":"sk-SK","@id":"https:\/\/www.loziskaplus.sk\/eshop\/#\/schema\/logo\/image\/","url":"https:\/\/www.loziskaplus.sk\/eshop\/wp-content\/uploads\/2024\/06\/logo-facebuk-1.jpg?v=1718619602","contentUrl":"https:\/\/www.loziskaplus.sk\/eshop\/wp-content\/uploads\/2024\/06\/logo-facebuk-1.jpg?v=1718619602","width":180,"height":179,"caption":"Lo\u017eisk\u00e1 PLUS"},"image":{"@id":"https:\/\/www.loziskaplus.sk\/eshop\/#\/schema\/logo\/image\/"}}]}},"jetpack_sharing_enabled":true,"_links":{"self":[{"href":"https:\/\/www.loziskaplus.sk\/eshop\/wp-json\/wp\/v2\/pages\/27","targetHints":{"allow":["GET"]}}],"collection":[{"href":"https:\/\/www.loziskaplus.sk\/eshop\/wp-json\/wp\/v2\/pages"}],"about":[{"href":"https:\/\/www.loziskaplus.sk\/eshop\/wp-json\/wp\/v2\/types\/page"}],"author":[{"embeddable":true,"href":"https:\/\/www.loziskaplus.sk\/eshop\/wp-json\/wp\/v2\/users\/1"}],"replies":[{"embeddable":true,"href":"https:\/\/www.loziskaplus.sk\/eshop\/wp-json\/wp\/v2\/comments?post=27"}],"version-history":[{"count":6,"href":"https:\/\/www.loziskaplus.sk\/eshop\/wp-json\/wp\/v2\/pages\/27\/revisions"}],"predecessor-version":[{"id":423,"href":"https:\/\/www.loziskaplus.sk\/eshop\/wp-json\/wp\/v2\/pages\/27\/revisions\/423"}],"wp:attachment":[{"href":"https:\/\/www.loziskaplus.sk\/eshop\/wp-json\/wp\/v2\/media?parent=27"}],"curies":[{"name":"wp","href":"https:\/\/api.w.org\/{rel}","templated":true}]}}