{"id":2637,"date":"2024-02-05T10:35:09","date_gmt":"2024-02-05T09:35:09","guid":{"rendered":"https:\/\/www.loziskaplus.sk\/eshop\/?post_type=product&#038;p=2637"},"modified":"2024-02-05T10:37:03","modified_gmt":"2024-02-05T09:37:03","slug":"mol-farm-nh-ultra-10l","status":"publish","type":"product","link":"https:\/\/www.loziskaplus.sk\/eshop\/produkt\/mol-farm-nh-ultra-10l\/","title":{"rendered":"MOL FARM NH ULTRA &#8211; 10l"},"content":{"rendered":"<p><strong>Viskozitn\u00e1 trieda:<\/strong>\u00a0 | SAE 80W 10W30<br \/>\n<strong>V\u00fdkonnostn\u00e9 \u00farovne, S\u00fahlasy:<\/strong>\u00a0 | ACEA A3\/B4\u201304, Case New Holland MAT 3526, Case New Holland MAT 3525, JI Case MS 1209, API GL-4, JI Case MS 1207, Caterpillar TO-2, JI Case MS 1204, Fiat-Hesston AF-87, Ford ESN-M2C86-C, Ford New Holland FNHA-2-C-201.00, Kubota UDT Fluid, Deutz-Allis PF821, John Deere JDM J20C, Massey-Ferguson M1145, M1143, M1141, Massey-Ferguson M1135, M1129A, M1127B, Allison C-4, Massey-Ferguson M1110, ZF TE-ML 05F, Volvo WB101, ZETOR, ZF TE-ML 03E<br \/>\n<strong>Oblas\u0165 pou\u017eitia:<\/strong>\u00a0 | Hydraulick\u00e9 zariadenia, Prevodovky (prevodov\u00e9 zariadenia), Traktory, Po\u013enohospod\u00e1rske stroje, Stroje a zariadenia<\/p>\n","protected":false},"excerpt":{"rendered":"<p>Prevodovo-hydraulick\u00fd olej (UTTO) pre traktory \u0161peci\u00e1lne vyvinut\u00fd pre zariadenia skupiny Case-New Holland. Multifunk\u010dn\u00fd olej zais\u0165uj\u00faci dlh\u00fd interval v\u00fdmeny, ur\u010den\u00fd pre hnacie prevody, diferenci\u00e1ly, mokr\u00e9 brzdy a hydraulick\u00e9 syst\u00e9my s najvy\u0161\u0161\u00edmi v\u00fdkonnostn\u00fdmi parametrami vysokov\u00fdkonn\u00fdch po\u013enohospod\u00e1rskych strojov.<\/p>\n","protected":false},"featured_media":2638,"template":"","meta":[],"product_brand":[],"product_cat":[35,19,45,30,44],"product_tag":[],"class_list":{"0":"post-2637","1":"product","2":"type-product","3":"status-publish","4":"has-post-thumbnail","6":"product_cat-olej-polnohospodarska-technika","7":"product_cat-oleje","8":"product_cat-ostatne-prevodove-oleje","9":"product_cat-prevodove-a-servo-oleje","10":"product_cat-servo-a-hydraulicke-kvapaliny","12":"first","13":"instock","14":"taxable","15":"shipping-taxable","16":"purchasable","17":"product-type-simple"},"yoast_head":"<!-- This site is optimized with the Yoast SEO plugin v27.4 - https:\/\/yoast.com\/product\/yoast-seo-wordpress\/ -->\n<title>MOL FARM NH ULTRA - 10l - Lo\u017eisk\u00e1 PLUS<\/title>\n<meta name=\"robots\" content=\"index, follow, max-snippet:-1, max-image-preview:large, max-video-preview:-1\" \/>\n<link rel=\"canonical\" href=\"https:\/\/www.loziskaplus.sk\/eshop\/produkt\/mol-farm-nh-ultra-10l\/\" \/>\n<meta property=\"og:locale\" content=\"sk_SK\" \/>\n<meta property=\"og:type\" content=\"article\" \/>\n<meta property=\"og:title\" content=\"MOL FARM NH ULTRA - 10l - Lo\u017eisk\u00e1 PLUS\" \/>\n<meta property=\"og:description\" content=\"Prevodovo-hydraulick\u00fd olej (UTTO) pre traktory \u0161peci\u00e1lne vyvinut\u00fd pre zariadenia skupiny Case-New Holland. Multifunk\u010dn\u00fd olej zais\u0165uj\u00faci dlh\u00fd interval v\u00fdmeny, ur\u010den\u00fd pre hnacie prevody, diferenci\u00e1ly, mokr\u00e9 brzdy a hydraulick\u00e9 syst\u00e9my s najvy\u0161\u0161\u00edmi v\u00fdkonnostn\u00fdmi parametrami vysokov\u00fdkonn\u00fdch po\u013enohospod\u00e1rskych strojov.\" \/>\n<meta property=\"og:url\" content=\"https:\/\/www.loziskaplus.sk\/eshop\/produkt\/mol-farm-nh-ultra-10l\/\" \/>\n<meta property=\"og:site_name\" content=\"Lo\u017eisk\u00e1 PLUS\" \/>\n<meta property=\"article:modified_time\" content=\"2024-02-05T09:37:03+00:00\" \/>\n<meta property=\"og:image\" content=\"https:\/\/www.loziskaplus.sk\/eshop\/wp-content\/uploads\/2024\/02\/MOL-FARM-NH-ULTRA-10l.jpg\" \/>\n\t<meta property=\"og:image:width\" content=\"400\" \/>\n\t<meta property=\"og:image:height\" content=\"400\" \/>\n\t<meta property=\"og:image:type\" content=\"image\/jpeg\" \/>\n<meta name=\"twitter:card\" content=\"summary_large_image\" \/>\n<meta name=\"twitter:label1\" content=\"Predpokladan\u00fd \u010das \u010d\u00edtania\" \/>\n\t<meta name=\"twitter:data1\" content=\"1 min\u00fata\" \/>\n<script type=\"application\/ld+json\" class=\"yoast-schema-graph\">{\"@context\":\"https:\\\/\\\/schema.org\",\"@graph\":[{\"@type\":\"WebPage\",\"@id\":\"https:\\\/\\\/www.loziskaplus.sk\\\/eshop\\\/produkt\\\/mol-farm-nh-ultra-10l\\\/\",\"url\":\"https:\\\/\\\/www.loziskaplus.sk\\\/eshop\\\/produkt\\\/mol-farm-nh-ultra-10l\\\/\",\"name\":\"MOL FARM NH ULTRA - 10l - Lo\u017eisk\u00e1 PLUS\",\"isPartOf\":{\"@id\":\"https:\\\/\\\/www.loziskaplus.sk\\\/eshop\\\/#website\"},\"primaryImageOfPage\":{\"@id\":\"https:\\\/\\\/www.loziskaplus.sk\\\/eshop\\\/produkt\\\/mol-farm-nh-ultra-10l\\\/#primaryimage\"},\"image\":{\"@id\":\"https:\\\/\\\/www.loziskaplus.sk\\\/eshop\\\/produkt\\\/mol-farm-nh-ultra-10l\\\/#primaryimage\"},\"thumbnailUrl\":\"https:\\\/\\\/www.loziskaplus.sk\\\/eshop\\\/wp-content\\\/uploads\\\/2024\\\/02\\\/MOL-FARM-NH-ULTRA-10l.jpg\",\"datePublished\":\"2024-02-05T09:35:09+00:00\",\"dateModified\":\"2024-02-05T09:37:03+00:00\",\"breadcrumb\":{\"@id\":\"https:\\\/\\\/www.loziskaplus.sk\\\/eshop\\\/produkt\\\/mol-farm-nh-ultra-10l\\\/#breadcrumb\"},\"inLanguage\":\"sk-SK\",\"potentialAction\":[{\"@type\":\"ReadAction\",\"target\":[\"https:\\\/\\\/www.loziskaplus.sk\\\/eshop\\\/produkt\\\/mol-farm-nh-ultra-10l\\\/\"]}]},{\"@type\":\"ImageObject\",\"inLanguage\":\"sk-SK\",\"@id\":\"https:\\\/\\\/www.loziskaplus.sk\\\/eshop\\\/produkt\\\/mol-farm-nh-ultra-10l\\\/#primaryimage\",\"url\":\"https:\\\/\\\/www.loziskaplus.sk\\\/eshop\\\/wp-content\\\/uploads\\\/2024\\\/02\\\/MOL-FARM-NH-ULTRA-10l.jpg\",\"contentUrl\":\"https:\\\/\\\/www.loziskaplus.sk\\\/eshop\\\/wp-content\\\/uploads\\\/2024\\\/02\\\/MOL-FARM-NH-ULTRA-10l.jpg\",\"width\":400,\"height\":400},{\"@type\":\"BreadcrumbList\",\"@id\":\"https:\\\/\\\/www.loziskaplus.sk\\\/eshop\\\/produkt\\\/mol-farm-nh-ultra-10l\\\/#breadcrumb\",\"itemListElement\":[{\"@type\":\"ListItem\",\"position\":1,\"name\":\"Domov\",\"item\":\"https:\\\/\\\/www.loziskaplus.sk\\\/eshop\\\/\"},{\"@type\":\"ListItem\",\"position\":2,\"name\":\"Obchod\",\"item\":\"https:\\\/\\\/www.loziskaplus.sk\\\/eshop\\\/obchod\\\/\"},{\"@type\":\"ListItem\",\"position\":3,\"name\":\"MOL FARM NH ULTRA &#8211; 10l\"}]},{\"@type\":\"WebSite\",\"@id\":\"https:\\\/\\\/www.loziskaplus.sk\\\/eshop\\\/#website\",\"url\":\"https:\\\/\\\/www.loziskaplus.sk\\\/eshop\\\/\",\"name\":\"Lo\u017eisk\u00e1 PLUS\",\"description\":\"\",\"publisher\":{\"@id\":\"https:\\\/\\\/www.loziskaplus.sk\\\/eshop\\\/#organization\"},\"potentialAction\":[{\"@type\":\"SearchAction\",\"target\":{\"@type\":\"EntryPoint\",\"urlTemplate\":\"https:\\\/\\\/www.loziskaplus.sk\\\/eshop\\\/?s={search_term_string}\"},\"query-input\":{\"@type\":\"PropertyValueSpecification\",\"valueRequired\":true,\"valueName\":\"search_term_string\"}}],\"inLanguage\":\"sk-SK\"},{\"@type\":\"Organization\",\"@id\":\"https:\\\/\\\/www.loziskaplus.sk\\\/eshop\\\/#organization\",\"name\":\"Lo\u017eisk\u00e1 PLUS\",\"url\":\"https:\\\/\\\/www.loziskaplus.sk\\\/eshop\\\/\",\"logo\":{\"@type\":\"ImageObject\",\"inLanguage\":\"sk-SK\",\"@id\":\"https:\\\/\\\/www.loziskaplus.sk\\\/eshop\\\/#\\\/schema\\\/logo\\\/image\\\/\",\"url\":\"https:\\\/\\\/www.loziskaplus.sk\\\/eshop\\\/wp-content\\\/uploads\\\/2024\\\/06\\\/logo-facebuk-1.jpg?v=1718619602\",\"contentUrl\":\"https:\\\/\\\/www.loziskaplus.sk\\\/eshop\\\/wp-content\\\/uploads\\\/2024\\\/06\\\/logo-facebuk-1.jpg?v=1718619602\",\"width\":180,\"height\":179,\"caption\":\"Lo\u017eisk\u00e1 PLUS\"},\"image\":{\"@id\":\"https:\\\/\\\/www.loziskaplus.sk\\\/eshop\\\/#\\\/schema\\\/logo\\\/image\\\/\"}}]}<\/script>\n<!-- \/ Yoast SEO plugin. -->","yoast_head_json":{"title":"MOL FARM NH ULTRA - 10l - Lo\u017eisk\u00e1 PLUS","robots":{"index":"index","follow":"follow","max-snippet":"max-snippet:-1","max-image-preview":"max-image-preview:large","max-video-preview":"max-video-preview:-1"},"canonical":"https:\/\/www.loziskaplus.sk\/eshop\/produkt\/mol-farm-nh-ultra-10l\/","og_locale":"sk_SK","og_type":"article","og_title":"MOL FARM NH ULTRA - 10l - Lo\u017eisk\u00e1 PLUS","og_description":"Prevodovo-hydraulick\u00fd olej (UTTO) pre traktory \u0161peci\u00e1lne vyvinut\u00fd pre zariadenia skupiny Case-New Holland. Multifunk\u010dn\u00fd olej zais\u0165uj\u00faci dlh\u00fd interval v\u00fdmeny, ur\u010den\u00fd pre hnacie prevody, diferenci\u00e1ly, mokr\u00e9 brzdy a hydraulick\u00e9 syst\u00e9my s najvy\u0161\u0161\u00edmi v\u00fdkonnostn\u00fdmi parametrami vysokov\u00fdkonn\u00fdch po\u013enohospod\u00e1rskych strojov.","og_url":"https:\/\/www.loziskaplus.sk\/eshop\/produkt\/mol-farm-nh-ultra-10l\/","og_site_name":"Lo\u017eisk\u00e1 PLUS","article_modified_time":"2024-02-05T09:37:03+00:00","og_image":[{"width":400,"height":400,"url":"https:\/\/www.loziskaplus.sk\/eshop\/wp-content\/uploads\/2024\/02\/MOL-FARM-NH-ULTRA-10l.jpg","type":"image\/jpeg"}],"twitter_card":"summary_large_image","twitter_misc":{"Predpokladan\u00fd \u010das \u010d\u00edtania":"1 min\u00fata"},"schema":{"@context":"https:\/\/schema.org","@graph":[{"@type":"WebPage","@id":"https:\/\/www.loziskaplus.sk\/eshop\/produkt\/mol-farm-nh-ultra-10l\/","url":"https:\/\/www.loziskaplus.sk\/eshop\/produkt\/mol-farm-nh-ultra-10l\/","name":"MOL FARM NH ULTRA - 10l - Lo\u017eisk\u00e1 PLUS","isPartOf":{"@id":"https:\/\/www.loziskaplus.sk\/eshop\/#website"},"primaryImageOfPage":{"@id":"https:\/\/www.loziskaplus.sk\/eshop\/produkt\/mol-farm-nh-ultra-10l\/#primaryimage"},"image":{"@id":"https:\/\/www.loziskaplus.sk\/eshop\/produkt\/mol-farm-nh-ultra-10l\/#primaryimage"},"thumbnailUrl":"https:\/\/www.loziskaplus.sk\/eshop\/wp-content\/uploads\/2024\/02\/MOL-FARM-NH-ULTRA-10l.jpg","datePublished":"2024-02-05T09:35:09+00:00","dateModified":"2024-02-05T09:37:03+00:00","breadcrumb":{"@id":"https:\/\/www.loziskaplus.sk\/eshop\/produkt\/mol-farm-nh-ultra-10l\/#breadcrumb"},"inLanguage":"sk-SK","potentialAction":[{"@type":"ReadAction","target":["https:\/\/www.loziskaplus.sk\/eshop\/produkt\/mol-farm-nh-ultra-10l\/"]}]},{"@type":"ImageObject","inLanguage":"sk-SK","@id":"https:\/\/www.loziskaplus.sk\/eshop\/produkt\/mol-farm-nh-ultra-10l\/#primaryimage","url":"https:\/\/www.loziskaplus.sk\/eshop\/wp-content\/uploads\/2024\/02\/MOL-FARM-NH-ULTRA-10l.jpg","contentUrl":"https:\/\/www.loziskaplus.sk\/eshop\/wp-content\/uploads\/2024\/02\/MOL-FARM-NH-ULTRA-10l.jpg","width":400,"height":400},{"@type":"BreadcrumbList","@id":"https:\/\/www.loziskaplus.sk\/eshop\/produkt\/mol-farm-nh-ultra-10l\/#breadcrumb","itemListElement":[{"@type":"ListItem","position":1,"name":"Domov","item":"https:\/\/www.loziskaplus.sk\/eshop\/"},{"@type":"ListItem","position":2,"name":"Obchod","item":"https:\/\/www.loziskaplus.sk\/eshop\/obchod\/"},{"@type":"ListItem","position":3,"name":"MOL FARM NH ULTRA &#8211; 10l"}]},{"@type":"WebSite","@id":"https:\/\/www.loziskaplus.sk\/eshop\/#website","url":"https:\/\/www.loziskaplus.sk\/eshop\/","name":"Lo\u017eisk\u00e1 PLUS","description":"","publisher":{"@id":"https:\/\/www.loziskaplus.sk\/eshop\/#organization"},"potentialAction":[{"@type":"SearchAction","target":{"@type":"EntryPoint","urlTemplate":"https:\/\/www.loziskaplus.sk\/eshop\/?s={search_term_string}"},"query-input":{"@type":"PropertyValueSpecification","valueRequired":true,"valueName":"search_term_string"}}],"inLanguage":"sk-SK"},{"@type":"Organization","@id":"https:\/\/www.loziskaplus.sk\/eshop\/#organization","name":"Lo\u017eisk\u00e1 PLUS","url":"https:\/\/www.loziskaplus.sk\/eshop\/","logo":{"@type":"ImageObject","inLanguage":"sk-SK","@id":"https:\/\/www.loziskaplus.sk\/eshop\/#\/schema\/logo\/image\/","url":"https:\/\/www.loziskaplus.sk\/eshop\/wp-content\/uploads\/2024\/06\/logo-facebuk-1.jpg?v=1718619602","contentUrl":"https:\/\/www.loziskaplus.sk\/eshop\/wp-content\/uploads\/2024\/06\/logo-facebuk-1.jpg?v=1718619602","width":180,"height":179,"caption":"Lo\u017eisk\u00e1 PLUS"},"image":{"@id":"https:\/\/www.loziskaplus.sk\/eshop\/#\/schema\/logo\/image\/"}}]}},"jetpack_sharing_enabled":true,"_links":{"self":[{"href":"https:\/\/www.loziskaplus.sk\/eshop\/wp-json\/wp\/v2\/product\/2637","targetHints":{"allow":["GET"]}}],"collection":[{"href":"https:\/\/www.loziskaplus.sk\/eshop\/wp-json\/wp\/v2\/product"}],"about":[{"href":"https:\/\/www.loziskaplus.sk\/eshop\/wp-json\/wp\/v2\/types\/product"}],"wp:featuredmedia":[{"embeddable":true,"href":"https:\/\/www.loziskaplus.sk\/eshop\/wp-json\/wp\/v2\/media\/2638"}],"wp:attachment":[{"href":"https:\/\/www.loziskaplus.sk\/eshop\/wp-json\/wp\/v2\/media?parent=2637"}],"wp:term":[{"taxonomy":"product_brand","embeddable":true,"href":"https:\/\/www.loziskaplus.sk\/eshop\/wp-json\/wp\/v2\/product_brand?post=2637"},{"taxonomy":"product_cat","embeddable":true,"href":"https:\/\/www.loziskaplus.sk\/eshop\/wp-json\/wp\/v2\/product_cat?post=2637"},{"taxonomy":"product_tag","embeddable":true,"href":"https:\/\/www.loziskaplus.sk\/eshop\/wp-json\/wp\/v2\/product_tag?post=2637"}],"curies":[{"name":"wp","href":"https:\/\/api.w.org\/{rel}","templated":true}]}}