{"id":2639,"date":"2024-02-05T11:14:54","date_gmt":"2024-02-05T10:14:54","guid":{"rendered":"https:\/\/www.loziskaplus.sk\/eshop\/?post_type=product&#038;p=2639"},"modified":"2024-02-05T11:14:54","modified_gmt":"2024-02-05T10:14:54","slug":"dpf-cistic-300-ml","status":"publish","type":"product","link":"https:\/\/www.loziskaplus.sk\/eshop\/produkt\/dpf-cistic-300-ml\/","title":{"rendered":"DPF \u010cISTI\u010c 300 ML"},"content":{"rendered":"<p>Vysoko v\u00fdkonn\u00fd pr\u00edpravok pre pou\u017eitie vo v\u0161etk\u00fdch dieselov\u00fdch agreg\u00e1toch na zn\u00ed\u017eenie emisi\u00ed v\u00fdfukov\u00fdch plynov, sadz\u00ed a zv\u00fd\u0161enie v\u00fdkonu motora.<\/p>\n<p>Tento vysoko v\u00fdkonn\u00fd pr\u00edpravok je va\u0161\u00edm tajn\u00fdm zbra\u0148ou v boji proti zne\u010disteniu a strat\u00e1m v\u00fdkonu. DPF \u010cisti\u010d prin\u00e1\u0161a rie\u0161enie, ktor\u00e9 je tak jednoduch\u00e9, ako len nalia\u0165 pr\u00edpravok do n\u00e1dr\u017ee \u2013 a va\u0161e starosti s v\u00fdfukov\u00fdmi emisiami a zanesen\u00fdm filtrom pevn\u00fdch \u010dast\u00edc s\u00fa minulos\u0165ou.<\/p>\n<p>Ka\u017ed\u00fd vie, \u017ee \u010dist\u00fd motor je z\u00e1kladom dlhovekosti a spo\u013eahlivosti. Pre\u010do by ste teda riskovali v\u00fdmeny drah\u00fdch \u010dast\u00ed, ke\u010f m\u00f4\u017eete prevent\u00edvne pou\u017e\u00edva\u0165 DPF \u010cisti\u010d ? Tento produkt bol navrhnut\u00fd s oh\u013eadom na v\u0161etky typy motorovej nafty, \u010d\u00edm v\u00e1m zaru\u010duje flexibilitu a jednoduchos\u0165 pou\u017eitia bez oh\u013eadu na zna\u010dku alebo model v\u00e1\u0161ho vozidla.<\/p>\n<p>Povedzte \u00e1no zdrav\u0161iemu prostrediu a nie zbyto\u010dn\u00fdm n\u00e1kladom na servis. Je ekonomick\u00fdm rie\u0161en\u00edm, ktor\u00e9 poskytuje okam\u017eit\u00e9 v\u00fdsledky. A navy\u0161e, jeho pou\u017e\u00edvanie je tak jednoduch\u00e9, \u017ee si ho ob\u013e\u00fabite od prvej aplik\u00e1cie. Dajte svojmu motoru to, \u010do si zasl\u00fa\u017ei \u2013 \u010distotu a pln\u00fd v\u00fdkon bez kompromisov.<\/p>\n","protected":false},"excerpt":{"rendered":"<p>Redukuje sadze a emisie v\u00fdfukov\u00fdch plynov. Podporuje regener\u00e1ciu filtra pevn\u00fdch \u010dast\u00edc Vysoko v\u00fdkonn\u00fd pr\u00edpravok pre pou\u017eitie vo v\u0161etk\u00fdch dieselov\u00fdch agreg\u00e1toch na zn\u00ed\u017eenie emisi\u00ed v\u00fdfukov\u00fdch plynov, sadz\u00ed a zv\u00fd\u0161enie v\u00fdkonu motora. Vhodn\u00fd pre v\u0161etky druhy motorovej nafty.\u00a0\u00da\u010dinkuje po\u010das jazdy. Balenie 300 ml na 60 l nafty. Odpor\u00fa\u010dan\u00e1 aplik\u00e1cia: ka\u017ed\u00fdch 5 000 km aplikova\u0165 pri natankovan\u00ed<\/p>\n","protected":false},"featured_media":2642,"template":"","meta":[],"product_brand":[],"product_cat":[109,107],"product_tag":[],"class_list":{"0":"post-2639","1":"product","2":"type-product","3":"status-publish","4":"has-post-thumbnail","6":"product_cat-aditiva","7":"product_cat-zimna-sezona","9":"first","10":"instock","11":"taxable","12":"shipping-taxable","13":"purchasable","14":"product-type-simple"},"yoast_head":"<!-- This site is optimized with the Yoast SEO plugin v27.4 - https:\/\/yoast.com\/product\/yoast-seo-wordpress\/ -->\n<title>DPF \u010cISTI\u010c 300 ML - Lo\u017eisk\u00e1 PLUS<\/title>\n<meta name=\"robots\" content=\"index, follow, max-snippet:-1, max-image-preview:large, max-video-preview:-1\" \/>\n<link rel=\"canonical\" href=\"https:\/\/www.loziskaplus.sk\/eshop\/produkt\/dpf-cistic-300-ml\/\" \/>\n<meta property=\"og:locale\" content=\"sk_SK\" \/>\n<meta property=\"og:type\" content=\"article\" \/>\n<meta property=\"og:title\" content=\"DPF \u010cISTI\u010c 300 ML - Lo\u017eisk\u00e1 PLUS\" \/>\n<meta property=\"og:description\" content=\"Redukuje sadze a emisie v\u00fdfukov\u00fdch plynov. Podporuje regener\u00e1ciu filtra pevn\u00fdch \u010dast\u00edc Vysoko v\u00fdkonn\u00fd pr\u00edpravok pre pou\u017eitie vo v\u0161etk\u00fdch dieselov\u00fdch agreg\u00e1toch na zn\u00ed\u017eenie emisi\u00ed v\u00fdfukov\u00fdch plynov, sadz\u00ed a zv\u00fd\u0161enie v\u00fdkonu motora. Vhodn\u00fd pre v\u0161etky druhy motorovej nafty.\u00a0\u00da\u010dinkuje po\u010das jazdy. Balenie 300 ml na 60 l nafty. Odpor\u00fa\u010dan\u00e1 aplik\u00e1cia: ka\u017ed\u00fdch 5 000 km aplikova\u0165 pri natankovan\u00ed\" \/>\n<meta property=\"og:url\" content=\"https:\/\/www.loziskaplus.sk\/eshop\/produkt\/dpf-cistic-300-ml\/\" \/>\n<meta property=\"og:site_name\" content=\"Lo\u017eisk\u00e1 PLUS\" \/>\n<meta property=\"og:image\" content=\"https:\/\/www.loziskaplus.sk\/eshop\/wp-content\/uploads\/2024\/02\/JK6JiFhKPf.jpg\" \/>\n\t<meta property=\"og:image:width\" content=\"480\" \/>\n\t<meta property=\"og:image:height\" content=\"480\" \/>\n\t<meta property=\"og:image:type\" content=\"image\/jpeg\" \/>\n<meta name=\"twitter:card\" content=\"summary_large_image\" \/>\n<meta name=\"twitter:label1\" content=\"Predpokladan\u00fd \u010das \u010d\u00edtania\" \/>\n\t<meta name=\"twitter:data1\" content=\"2 min\u00faty\" \/>\n<script type=\"application\/ld+json\" class=\"yoast-schema-graph\">{\"@context\":\"https:\\\/\\\/schema.org\",\"@graph\":[{\"@type\":\"WebPage\",\"@id\":\"https:\\\/\\\/www.loziskaplus.sk\\\/eshop\\\/produkt\\\/dpf-cistic-300-ml\\\/\",\"url\":\"https:\\\/\\\/www.loziskaplus.sk\\\/eshop\\\/produkt\\\/dpf-cistic-300-ml\\\/\",\"name\":\"DPF \u010cISTI\u010c 300 ML - Lo\u017eisk\u00e1 PLUS\",\"isPartOf\":{\"@id\":\"https:\\\/\\\/www.loziskaplus.sk\\\/eshop\\\/#website\"},\"primaryImageOfPage\":{\"@id\":\"https:\\\/\\\/www.loziskaplus.sk\\\/eshop\\\/produkt\\\/dpf-cistic-300-ml\\\/#primaryimage\"},\"image\":{\"@id\":\"https:\\\/\\\/www.loziskaplus.sk\\\/eshop\\\/produkt\\\/dpf-cistic-300-ml\\\/#primaryimage\"},\"thumbnailUrl\":\"https:\\\/\\\/www.loziskaplus.sk\\\/eshop\\\/wp-content\\\/uploads\\\/2024\\\/02\\\/JK6JiFhKPf.jpg\",\"datePublished\":\"2024-02-05T10:14:54+00:00\",\"breadcrumb\":{\"@id\":\"https:\\\/\\\/www.loziskaplus.sk\\\/eshop\\\/produkt\\\/dpf-cistic-300-ml\\\/#breadcrumb\"},\"inLanguage\":\"sk-SK\",\"potentialAction\":[{\"@type\":\"ReadAction\",\"target\":[\"https:\\\/\\\/www.loziskaplus.sk\\\/eshop\\\/produkt\\\/dpf-cistic-300-ml\\\/\"]}]},{\"@type\":\"ImageObject\",\"inLanguage\":\"sk-SK\",\"@id\":\"https:\\\/\\\/www.loziskaplus.sk\\\/eshop\\\/produkt\\\/dpf-cistic-300-ml\\\/#primaryimage\",\"url\":\"https:\\\/\\\/www.loziskaplus.sk\\\/eshop\\\/wp-content\\\/uploads\\\/2024\\\/02\\\/JK6JiFhKPf.jpg\",\"contentUrl\":\"https:\\\/\\\/www.loziskaplus.sk\\\/eshop\\\/wp-content\\\/uploads\\\/2024\\\/02\\\/JK6JiFhKPf.jpg\",\"width\":480,\"height\":480},{\"@type\":\"BreadcrumbList\",\"@id\":\"https:\\\/\\\/www.loziskaplus.sk\\\/eshop\\\/produkt\\\/dpf-cistic-300-ml\\\/#breadcrumb\",\"itemListElement\":[{\"@type\":\"ListItem\",\"position\":1,\"name\":\"Domov\",\"item\":\"https:\\\/\\\/www.loziskaplus.sk\\\/eshop\\\/\"},{\"@type\":\"ListItem\",\"position\":2,\"name\":\"Obchod\",\"item\":\"https:\\\/\\\/www.loziskaplus.sk\\\/eshop\\\/obchod\\\/\"},{\"@type\":\"ListItem\",\"position\":3,\"name\":\"DPF \u010cISTI\u010c 300 ML\"}]},{\"@type\":\"WebSite\",\"@id\":\"https:\\\/\\\/www.loziskaplus.sk\\\/eshop\\\/#website\",\"url\":\"https:\\\/\\\/www.loziskaplus.sk\\\/eshop\\\/\",\"name\":\"Lo\u017eisk\u00e1 PLUS\",\"description\":\"\",\"publisher\":{\"@id\":\"https:\\\/\\\/www.loziskaplus.sk\\\/eshop\\\/#organization\"},\"potentialAction\":[{\"@type\":\"SearchAction\",\"target\":{\"@type\":\"EntryPoint\",\"urlTemplate\":\"https:\\\/\\\/www.loziskaplus.sk\\\/eshop\\\/?s={search_term_string}\"},\"query-input\":{\"@type\":\"PropertyValueSpecification\",\"valueRequired\":true,\"valueName\":\"search_term_string\"}}],\"inLanguage\":\"sk-SK\"},{\"@type\":\"Organization\",\"@id\":\"https:\\\/\\\/www.loziskaplus.sk\\\/eshop\\\/#organization\",\"name\":\"Lo\u017eisk\u00e1 PLUS\",\"url\":\"https:\\\/\\\/www.loziskaplus.sk\\\/eshop\\\/\",\"logo\":{\"@type\":\"ImageObject\",\"inLanguage\":\"sk-SK\",\"@id\":\"https:\\\/\\\/www.loziskaplus.sk\\\/eshop\\\/#\\\/schema\\\/logo\\\/image\\\/\",\"url\":\"https:\\\/\\\/www.loziskaplus.sk\\\/eshop\\\/wp-content\\\/uploads\\\/2024\\\/06\\\/logo-facebuk-1.jpg?v=1718619602\",\"contentUrl\":\"https:\\\/\\\/www.loziskaplus.sk\\\/eshop\\\/wp-content\\\/uploads\\\/2024\\\/06\\\/logo-facebuk-1.jpg?v=1718619602\",\"width\":180,\"height\":179,\"caption\":\"Lo\u017eisk\u00e1 PLUS\"},\"image\":{\"@id\":\"https:\\\/\\\/www.loziskaplus.sk\\\/eshop\\\/#\\\/schema\\\/logo\\\/image\\\/\"}}]}<\/script>\n<!-- \/ Yoast SEO plugin. -->","yoast_head_json":{"title":"DPF \u010cISTI\u010c 300 ML - Lo\u017eisk\u00e1 PLUS","robots":{"index":"index","follow":"follow","max-snippet":"max-snippet:-1","max-image-preview":"max-image-preview:large","max-video-preview":"max-video-preview:-1"},"canonical":"https:\/\/www.loziskaplus.sk\/eshop\/produkt\/dpf-cistic-300-ml\/","og_locale":"sk_SK","og_type":"article","og_title":"DPF \u010cISTI\u010c 300 ML - Lo\u017eisk\u00e1 PLUS","og_description":"Redukuje sadze a emisie v\u00fdfukov\u00fdch plynov. Podporuje regener\u00e1ciu filtra pevn\u00fdch \u010dast\u00edc Vysoko v\u00fdkonn\u00fd pr\u00edpravok pre pou\u017eitie vo v\u0161etk\u00fdch dieselov\u00fdch agreg\u00e1toch na zn\u00ed\u017eenie emisi\u00ed v\u00fdfukov\u00fdch plynov, sadz\u00ed a zv\u00fd\u0161enie v\u00fdkonu motora. Vhodn\u00fd pre v\u0161etky druhy motorovej nafty.\u00a0\u00da\u010dinkuje po\u010das jazdy. Balenie 300 ml na 60 l nafty. Odpor\u00fa\u010dan\u00e1 aplik\u00e1cia: ka\u017ed\u00fdch 5 000 km aplikova\u0165 pri natankovan\u00ed","og_url":"https:\/\/www.loziskaplus.sk\/eshop\/produkt\/dpf-cistic-300-ml\/","og_site_name":"Lo\u017eisk\u00e1 PLUS","og_image":[{"width":480,"height":480,"url":"https:\/\/www.loziskaplus.sk\/eshop\/wp-content\/uploads\/2024\/02\/JK6JiFhKPf.jpg","type":"image\/jpeg"}],"twitter_card":"summary_large_image","twitter_misc":{"Predpokladan\u00fd \u010das \u010d\u00edtania":"2 min\u00faty"},"schema":{"@context":"https:\/\/schema.org","@graph":[{"@type":"WebPage","@id":"https:\/\/www.loziskaplus.sk\/eshop\/produkt\/dpf-cistic-300-ml\/","url":"https:\/\/www.loziskaplus.sk\/eshop\/produkt\/dpf-cistic-300-ml\/","name":"DPF \u010cISTI\u010c 300 ML - Lo\u017eisk\u00e1 PLUS","isPartOf":{"@id":"https:\/\/www.loziskaplus.sk\/eshop\/#website"},"primaryImageOfPage":{"@id":"https:\/\/www.loziskaplus.sk\/eshop\/produkt\/dpf-cistic-300-ml\/#primaryimage"},"image":{"@id":"https:\/\/www.loziskaplus.sk\/eshop\/produkt\/dpf-cistic-300-ml\/#primaryimage"},"thumbnailUrl":"https:\/\/www.loziskaplus.sk\/eshop\/wp-content\/uploads\/2024\/02\/JK6JiFhKPf.jpg","datePublished":"2024-02-05T10:14:54+00:00","breadcrumb":{"@id":"https:\/\/www.loziskaplus.sk\/eshop\/produkt\/dpf-cistic-300-ml\/#breadcrumb"},"inLanguage":"sk-SK","potentialAction":[{"@type":"ReadAction","target":["https:\/\/www.loziskaplus.sk\/eshop\/produkt\/dpf-cistic-300-ml\/"]}]},{"@type":"ImageObject","inLanguage":"sk-SK","@id":"https:\/\/www.loziskaplus.sk\/eshop\/produkt\/dpf-cistic-300-ml\/#primaryimage","url":"https:\/\/www.loziskaplus.sk\/eshop\/wp-content\/uploads\/2024\/02\/JK6JiFhKPf.jpg","contentUrl":"https:\/\/www.loziskaplus.sk\/eshop\/wp-content\/uploads\/2024\/02\/JK6JiFhKPf.jpg","width":480,"height":480},{"@type":"BreadcrumbList","@id":"https:\/\/www.loziskaplus.sk\/eshop\/produkt\/dpf-cistic-300-ml\/#breadcrumb","itemListElement":[{"@type":"ListItem","position":1,"name":"Domov","item":"https:\/\/www.loziskaplus.sk\/eshop\/"},{"@type":"ListItem","position":2,"name":"Obchod","item":"https:\/\/www.loziskaplus.sk\/eshop\/obchod\/"},{"@type":"ListItem","position":3,"name":"DPF \u010cISTI\u010c 300 ML"}]},{"@type":"WebSite","@id":"https:\/\/www.loziskaplus.sk\/eshop\/#website","url":"https:\/\/www.loziskaplus.sk\/eshop\/","name":"Lo\u017eisk\u00e1 PLUS","description":"","publisher":{"@id":"https:\/\/www.loziskaplus.sk\/eshop\/#organization"},"potentialAction":[{"@type":"SearchAction","target":{"@type":"EntryPoint","urlTemplate":"https:\/\/www.loziskaplus.sk\/eshop\/?s={search_term_string}"},"query-input":{"@type":"PropertyValueSpecification","valueRequired":true,"valueName":"search_term_string"}}],"inLanguage":"sk-SK"},{"@type":"Organization","@id":"https:\/\/www.loziskaplus.sk\/eshop\/#organization","name":"Lo\u017eisk\u00e1 PLUS","url":"https:\/\/www.loziskaplus.sk\/eshop\/","logo":{"@type":"ImageObject","inLanguage":"sk-SK","@id":"https:\/\/www.loziskaplus.sk\/eshop\/#\/schema\/logo\/image\/","url":"https:\/\/www.loziskaplus.sk\/eshop\/wp-content\/uploads\/2024\/06\/logo-facebuk-1.jpg?v=1718619602","contentUrl":"https:\/\/www.loziskaplus.sk\/eshop\/wp-content\/uploads\/2024\/06\/logo-facebuk-1.jpg?v=1718619602","width":180,"height":179,"caption":"Lo\u017eisk\u00e1 PLUS"},"image":{"@id":"https:\/\/www.loziskaplus.sk\/eshop\/#\/schema\/logo\/image\/"}}]}},"jetpack_sharing_enabled":true,"_links":{"self":[{"href":"https:\/\/www.loziskaplus.sk\/eshop\/wp-json\/wp\/v2\/product\/2639","targetHints":{"allow":["GET"]}}],"collection":[{"href":"https:\/\/www.loziskaplus.sk\/eshop\/wp-json\/wp\/v2\/product"}],"about":[{"href":"https:\/\/www.loziskaplus.sk\/eshop\/wp-json\/wp\/v2\/types\/product"}],"wp:featuredmedia":[{"embeddable":true,"href":"https:\/\/www.loziskaplus.sk\/eshop\/wp-json\/wp\/v2\/media\/2642"}],"wp:attachment":[{"href":"https:\/\/www.loziskaplus.sk\/eshop\/wp-json\/wp\/v2\/media?parent=2639"}],"wp:term":[{"taxonomy":"product_brand","embeddable":true,"href":"https:\/\/www.loziskaplus.sk\/eshop\/wp-json\/wp\/v2\/product_brand?post=2639"},{"taxonomy":"product_cat","embeddable":true,"href":"https:\/\/www.loziskaplus.sk\/eshop\/wp-json\/wp\/v2\/product_cat?post=2639"},{"taxonomy":"product_tag","embeddable":true,"href":"https:\/\/www.loziskaplus.sk\/eshop\/wp-json\/wp\/v2\/product_tag?post=2639"}],"curies":[{"name":"wp","href":"https:\/\/api.w.org\/{rel}","templated":true}]}}