{"id":463,"date":"2024-02-01T10:30:04","date_gmt":"2024-02-01T09:30:04","guid":{"rendered":"https:\/\/www.loziskaplus.sk\/eshop\/?post_type=product&#038;p=463"},"modified":"2024-03-22T08:16:26","modified_gmt":"2024-03-22T07:16:26","slug":"shell-helix-ultra-5w-40-4l","status":"publish","type":"product","link":"https:\/\/www.loziskaplus.sk\/eshop\/produkt\/shell-helix-ultra-5w-40-4l\/","title":{"rendered":"SHELL Helix Ultra 5W-40 4L"},"content":{"rendered":"<p>\u0160pecifik\u00e1cie: API SN\/CF ACEA A3\/B3\/B4 VW 502.00, 505.00 MB 226.5, MB 229.5, BMW Longlife 01, , Ferrari, Porsche A40, Renault 0700, Renault 0710, Fiat 9.55535.Z2, PSA B71 2296, Chrysler MS 10725, Chrysler MS 12991<\/p>\n","protected":false},"excerpt":{"rendered":"<p>Shell Helix Ultra 5W-40 je plne syntetick\u00fd olej, ktor\u00e9ho zlo\u017eenie vyu\u017e\u00edva znalosti z\u00edskan\u00e9 pri spolupr\u00e1ci s Ferrari, v\u00ed\u0165azn\u00fdm t\u00edmom vo Formuli 1. M\u00e1 vynikaj\u00facu oxida\u010dn\u00fa stabilitu, poskytuje maxim\u00e1lnu ochranu motora pri v\u0161etk\u00fdch prev\u00e1dzkov\u00fdch podmienkach a zais\u0165uje vynikaj\u00facu \u010distotu motora.<\/p>\n","protected":false},"featured_media":480,"template":"","meta":[],"product_brand":[],"product_cat":[29,33,19],"product_tag":[],"class_list":{"0":"post-463","1":"product","2":"type-product","3":"status-publish","4":"has-post-thumbnail","6":"product_cat-motorove-oleje","7":"product_cat-olej-osobne-automobily","8":"product_cat-oleje","9":"pa_balenie-4l","10":"pa_viskozita-5w-40","11":"pa_vyrobca-shell","13":"first","14":"instock","15":"taxable","16":"shipping-taxable","17":"purchasable","18":"product-type-simple"},"yoast_head":"<!-- This site is optimized with the Yoast SEO plugin v27.4 - https:\/\/yoast.com\/product\/yoast-seo-wordpress\/ -->\n<title>SHELL Helix Ultra 5W-40 4L - Lo\u017eisk\u00e1 PLUS<\/title>\n<meta name=\"description\" content=\"\u0160pecifik\u00e1cie: API SN\/CF ACEA A3\/B3\/B4 VW 502.00, 505.00 MB 226.5, MB 229.5, BMW Longlife 01, , Ferrari, Porsche A40, Renault 0700, Renault 0710, Fiat 9.55535.Z2, PSA B71 2296, Chrysler MS 10725, Chrysler MS 12991\" \/>\n<meta name=\"robots\" content=\"index, follow, max-snippet:-1, max-image-preview:large, max-video-preview:-1\" \/>\n<link rel=\"canonical\" href=\"https:\/\/www.loziskaplus.sk\/eshop\/produkt\/shell-helix-ultra-5w-40-4l\/\" \/>\n<meta property=\"og:locale\" content=\"sk_SK\" \/>\n<meta property=\"og:type\" content=\"article\" \/>\n<meta property=\"og:title\" content=\"SHELL Helix Ultra 5W-40 4L - Lo\u017eisk\u00e1 PLUS\" \/>\n<meta property=\"og:description\" content=\"\u0160pecifik\u00e1cie: API SN\/CF ACEA A3\/B3\/B4 VW 502.00, 505.00 MB 226.5, MB 229.5, BMW Longlife 01, , Ferrari, Porsche A40, Renault 0700, Renault 0710, Fiat 9.55535.Z2, PSA B71 2296, Chrysler MS 10725, Chrysler MS 12991\" \/>\n<meta property=\"og:url\" content=\"https:\/\/www.loziskaplus.sk\/eshop\/produkt\/shell-helix-ultra-5w-40-4l\/\" \/>\n<meta property=\"og:site_name\" content=\"Lo\u017eisk\u00e1 PLUS\" \/>\n<meta property=\"article:modified_time\" content=\"2024-03-22T07:16:26+00:00\" \/>\n<meta property=\"og:image\" content=\"https:\/\/www.loziskaplus.sk\/eshop\/wp-content\/uploads\/2024\/02\/shell-helix-ultra-5w-40-4l.jpg\" \/>\n\t<meta property=\"og:image:width\" content=\"458\" \/>\n\t<meta property=\"og:image:height\" content=\"458\" \/>\n\t<meta property=\"og:image:type\" content=\"image\/jpeg\" \/>\n<meta name=\"twitter:card\" content=\"summary_large_image\" \/>\n<meta name=\"twitter:label1\" content=\"Predpokladan\u00fd \u010das \u010d\u00edtania\" \/>\n\t<meta name=\"twitter:data1\" content=\"1 min\u00fata\" \/>\n<script type=\"application\/ld+json\" class=\"yoast-schema-graph\">{\"@context\":\"https:\\\/\\\/schema.org\",\"@graph\":[{\"@type\":\"WebPage\",\"@id\":\"https:\\\/\\\/www.loziskaplus.sk\\\/eshop\\\/produkt\\\/shell-helix-ultra-5w-40-4l\\\/\",\"url\":\"https:\\\/\\\/www.loziskaplus.sk\\\/eshop\\\/produkt\\\/shell-helix-ultra-5w-40-4l\\\/\",\"name\":\"SHELL Helix Ultra 5W-40 4L - Lo\u017eisk\u00e1 PLUS\",\"isPartOf\":{\"@id\":\"https:\\\/\\\/www.loziskaplus.sk\\\/eshop\\\/#website\"},\"primaryImageOfPage\":{\"@id\":\"https:\\\/\\\/www.loziskaplus.sk\\\/eshop\\\/produkt\\\/shell-helix-ultra-5w-40-4l\\\/#primaryimage\"},\"image\":{\"@id\":\"https:\\\/\\\/www.loziskaplus.sk\\\/eshop\\\/produkt\\\/shell-helix-ultra-5w-40-4l\\\/#primaryimage\"},\"thumbnailUrl\":\"https:\\\/\\\/www.loziskaplus.sk\\\/eshop\\\/wp-content\\\/uploads\\\/2024\\\/02\\\/shell-helix-ultra-5w-40-4l.jpg\",\"datePublished\":\"2024-02-01T09:30:04+00:00\",\"dateModified\":\"2024-03-22T07:16:26+00:00\",\"description\":\"\u0160pecifik\u00e1cie: API SN\\\/CF ACEA A3\\\/B3\\\/B4 VW 502.00, 505.00 MB 226.5, MB 229.5, BMW Longlife 01, , Ferrari, Porsche A40, Renault 0700, Renault 0710, Fiat 9.55535.Z2, PSA B71 2296, Chrysler MS 10725, Chrysler MS 12991\",\"breadcrumb\":{\"@id\":\"https:\\\/\\\/www.loziskaplus.sk\\\/eshop\\\/produkt\\\/shell-helix-ultra-5w-40-4l\\\/#breadcrumb\"},\"inLanguage\":\"sk-SK\",\"potentialAction\":[{\"@type\":\"ReadAction\",\"target\":[\"https:\\\/\\\/www.loziskaplus.sk\\\/eshop\\\/produkt\\\/shell-helix-ultra-5w-40-4l\\\/\"]}]},{\"@type\":\"ImageObject\",\"inLanguage\":\"sk-SK\",\"@id\":\"https:\\\/\\\/www.loziskaplus.sk\\\/eshop\\\/produkt\\\/shell-helix-ultra-5w-40-4l\\\/#primaryimage\",\"url\":\"https:\\\/\\\/www.loziskaplus.sk\\\/eshop\\\/wp-content\\\/uploads\\\/2024\\\/02\\\/shell-helix-ultra-5w-40-4l.jpg\",\"contentUrl\":\"https:\\\/\\\/www.loziskaplus.sk\\\/eshop\\\/wp-content\\\/uploads\\\/2024\\\/02\\\/shell-helix-ultra-5w-40-4l.jpg\",\"width\":458,\"height\":458},{\"@type\":\"BreadcrumbList\",\"@id\":\"https:\\\/\\\/www.loziskaplus.sk\\\/eshop\\\/produkt\\\/shell-helix-ultra-5w-40-4l\\\/#breadcrumb\",\"itemListElement\":[{\"@type\":\"ListItem\",\"position\":1,\"name\":\"Domov\",\"item\":\"https:\\\/\\\/www.loziskaplus.sk\\\/eshop\\\/\"},{\"@type\":\"ListItem\",\"position\":2,\"name\":\"Obchod\",\"item\":\"https:\\\/\\\/www.loziskaplus.sk\\\/eshop\\\/obchod\\\/\"},{\"@type\":\"ListItem\",\"position\":3,\"name\":\"SHELL Helix Ultra 5W-40 4L\"}]},{\"@type\":\"WebSite\",\"@id\":\"https:\\\/\\\/www.loziskaplus.sk\\\/eshop\\\/#website\",\"url\":\"https:\\\/\\\/www.loziskaplus.sk\\\/eshop\\\/\",\"name\":\"Lo\u017eisk\u00e1 PLUS\",\"description\":\"\",\"publisher\":{\"@id\":\"https:\\\/\\\/www.loziskaplus.sk\\\/eshop\\\/#organization\"},\"potentialAction\":[{\"@type\":\"SearchAction\",\"target\":{\"@type\":\"EntryPoint\",\"urlTemplate\":\"https:\\\/\\\/www.loziskaplus.sk\\\/eshop\\\/?s={search_term_string}\"},\"query-input\":{\"@type\":\"PropertyValueSpecification\",\"valueRequired\":true,\"valueName\":\"search_term_string\"}}],\"inLanguage\":\"sk-SK\"},{\"@type\":\"Organization\",\"@id\":\"https:\\\/\\\/www.loziskaplus.sk\\\/eshop\\\/#organization\",\"name\":\"Lo\u017eisk\u00e1 PLUS\",\"url\":\"https:\\\/\\\/www.loziskaplus.sk\\\/eshop\\\/\",\"logo\":{\"@type\":\"ImageObject\",\"inLanguage\":\"sk-SK\",\"@id\":\"https:\\\/\\\/www.loziskaplus.sk\\\/eshop\\\/#\\\/schema\\\/logo\\\/image\\\/\",\"url\":\"https:\\\/\\\/www.loziskaplus.sk\\\/eshop\\\/wp-content\\\/uploads\\\/2024\\\/06\\\/logo-facebuk-1.jpg?v=1718619602\",\"contentUrl\":\"https:\\\/\\\/www.loziskaplus.sk\\\/eshop\\\/wp-content\\\/uploads\\\/2024\\\/06\\\/logo-facebuk-1.jpg?v=1718619602\",\"width\":180,\"height\":179,\"caption\":\"Lo\u017eisk\u00e1 PLUS\"},\"image\":{\"@id\":\"https:\\\/\\\/www.loziskaplus.sk\\\/eshop\\\/#\\\/schema\\\/logo\\\/image\\\/\"}}]}<\/script>\n<!-- \/ Yoast SEO plugin. -->","yoast_head_json":{"title":"SHELL Helix Ultra 5W-40 4L - Lo\u017eisk\u00e1 PLUS","description":"\u0160pecifik\u00e1cie: API SN\/CF ACEA A3\/B3\/B4 VW 502.00, 505.00 MB 226.5, MB 229.5, BMW Longlife 01, , Ferrari, Porsche A40, Renault 0700, Renault 0710, Fiat 9.55535.Z2, PSA B71 2296, Chrysler MS 10725, Chrysler MS 12991","robots":{"index":"index","follow":"follow","max-snippet":"max-snippet:-1","max-image-preview":"max-image-preview:large","max-video-preview":"max-video-preview:-1"},"canonical":"https:\/\/www.loziskaplus.sk\/eshop\/produkt\/shell-helix-ultra-5w-40-4l\/","og_locale":"sk_SK","og_type":"article","og_title":"SHELL Helix Ultra 5W-40 4L - Lo\u017eisk\u00e1 PLUS","og_description":"\u0160pecifik\u00e1cie: API SN\/CF ACEA A3\/B3\/B4 VW 502.00, 505.00 MB 226.5, MB 229.5, BMW Longlife 01, , Ferrari, Porsche A40, Renault 0700, Renault 0710, Fiat 9.55535.Z2, PSA B71 2296, Chrysler MS 10725, Chrysler MS 12991","og_url":"https:\/\/www.loziskaplus.sk\/eshop\/produkt\/shell-helix-ultra-5w-40-4l\/","og_site_name":"Lo\u017eisk\u00e1 PLUS","article_modified_time":"2024-03-22T07:16:26+00:00","og_image":[{"width":458,"height":458,"url":"https:\/\/www.loziskaplus.sk\/eshop\/wp-content\/uploads\/2024\/02\/shell-helix-ultra-5w-40-4l.jpg","type":"image\/jpeg"}],"twitter_card":"summary_large_image","twitter_misc":{"Predpokladan\u00fd \u010das \u010d\u00edtania":"1 min\u00fata"},"schema":{"@context":"https:\/\/schema.org","@graph":[{"@type":"WebPage","@id":"https:\/\/www.loziskaplus.sk\/eshop\/produkt\/shell-helix-ultra-5w-40-4l\/","url":"https:\/\/www.loziskaplus.sk\/eshop\/produkt\/shell-helix-ultra-5w-40-4l\/","name":"SHELL Helix Ultra 5W-40 4L - Lo\u017eisk\u00e1 PLUS","isPartOf":{"@id":"https:\/\/www.loziskaplus.sk\/eshop\/#website"},"primaryImageOfPage":{"@id":"https:\/\/www.loziskaplus.sk\/eshop\/produkt\/shell-helix-ultra-5w-40-4l\/#primaryimage"},"image":{"@id":"https:\/\/www.loziskaplus.sk\/eshop\/produkt\/shell-helix-ultra-5w-40-4l\/#primaryimage"},"thumbnailUrl":"https:\/\/www.loziskaplus.sk\/eshop\/wp-content\/uploads\/2024\/02\/shell-helix-ultra-5w-40-4l.jpg","datePublished":"2024-02-01T09:30:04+00:00","dateModified":"2024-03-22T07:16:26+00:00","description":"\u0160pecifik\u00e1cie: API SN\/CF ACEA A3\/B3\/B4 VW 502.00, 505.00 MB 226.5, MB 229.5, BMW Longlife 01, , Ferrari, Porsche A40, Renault 0700, Renault 0710, Fiat 9.55535.Z2, PSA B71 2296, Chrysler MS 10725, Chrysler MS 12991","breadcrumb":{"@id":"https:\/\/www.loziskaplus.sk\/eshop\/produkt\/shell-helix-ultra-5w-40-4l\/#breadcrumb"},"inLanguage":"sk-SK","potentialAction":[{"@type":"ReadAction","target":["https:\/\/www.loziskaplus.sk\/eshop\/produkt\/shell-helix-ultra-5w-40-4l\/"]}]},{"@type":"ImageObject","inLanguage":"sk-SK","@id":"https:\/\/www.loziskaplus.sk\/eshop\/produkt\/shell-helix-ultra-5w-40-4l\/#primaryimage","url":"https:\/\/www.loziskaplus.sk\/eshop\/wp-content\/uploads\/2024\/02\/shell-helix-ultra-5w-40-4l.jpg","contentUrl":"https:\/\/www.loziskaplus.sk\/eshop\/wp-content\/uploads\/2024\/02\/shell-helix-ultra-5w-40-4l.jpg","width":458,"height":458},{"@type":"BreadcrumbList","@id":"https:\/\/www.loziskaplus.sk\/eshop\/produkt\/shell-helix-ultra-5w-40-4l\/#breadcrumb","itemListElement":[{"@type":"ListItem","position":1,"name":"Domov","item":"https:\/\/www.loziskaplus.sk\/eshop\/"},{"@type":"ListItem","position":2,"name":"Obchod","item":"https:\/\/www.loziskaplus.sk\/eshop\/obchod\/"},{"@type":"ListItem","position":3,"name":"SHELL Helix Ultra 5W-40 4L"}]},{"@type":"WebSite","@id":"https:\/\/www.loziskaplus.sk\/eshop\/#website","url":"https:\/\/www.loziskaplus.sk\/eshop\/","name":"Lo\u017eisk\u00e1 PLUS","description":"","publisher":{"@id":"https:\/\/www.loziskaplus.sk\/eshop\/#organization"},"potentialAction":[{"@type":"SearchAction","target":{"@type":"EntryPoint","urlTemplate":"https:\/\/www.loziskaplus.sk\/eshop\/?s={search_term_string}"},"query-input":{"@type":"PropertyValueSpecification","valueRequired":true,"valueName":"search_term_string"}}],"inLanguage":"sk-SK"},{"@type":"Organization","@id":"https:\/\/www.loziskaplus.sk\/eshop\/#organization","name":"Lo\u017eisk\u00e1 PLUS","url":"https:\/\/www.loziskaplus.sk\/eshop\/","logo":{"@type":"ImageObject","inLanguage":"sk-SK","@id":"https:\/\/www.loziskaplus.sk\/eshop\/#\/schema\/logo\/image\/","url":"https:\/\/www.loziskaplus.sk\/eshop\/wp-content\/uploads\/2024\/06\/logo-facebuk-1.jpg?v=1718619602","contentUrl":"https:\/\/www.loziskaplus.sk\/eshop\/wp-content\/uploads\/2024\/06\/logo-facebuk-1.jpg?v=1718619602","width":180,"height":179,"caption":"Lo\u017eisk\u00e1 PLUS"},"image":{"@id":"https:\/\/www.loziskaplus.sk\/eshop\/#\/schema\/logo\/image\/"}}]}},"jetpack_sharing_enabled":true,"_links":{"self":[{"href":"https:\/\/www.loziskaplus.sk\/eshop\/wp-json\/wp\/v2\/product\/463","targetHints":{"allow":["GET"]}}],"collection":[{"href":"https:\/\/www.loziskaplus.sk\/eshop\/wp-json\/wp\/v2\/product"}],"about":[{"href":"https:\/\/www.loziskaplus.sk\/eshop\/wp-json\/wp\/v2\/types\/product"}],"wp:featuredmedia":[{"embeddable":true,"href":"https:\/\/www.loziskaplus.sk\/eshop\/wp-json\/wp\/v2\/media\/480"}],"wp:attachment":[{"href":"https:\/\/www.loziskaplus.sk\/eshop\/wp-json\/wp\/v2\/media?parent=463"}],"wp:term":[{"taxonomy":"product_brand","embeddable":true,"href":"https:\/\/www.loziskaplus.sk\/eshop\/wp-json\/wp\/v2\/product_brand?post=463"},{"taxonomy":"product_cat","embeddable":true,"href":"https:\/\/www.loziskaplus.sk\/eshop\/wp-json\/wp\/v2\/product_cat?post=463"},{"taxonomy":"product_tag","embeddable":true,"href":"https:\/\/www.loziskaplus.sk\/eshop\/wp-json\/wp\/v2\/product_tag?post=463"}],"curies":[{"name":"wp","href":"https:\/\/api.w.org\/{rel}","templated":true}]}}