{"id":493,"date":"2024-02-02T14:15:06","date_gmt":"2024-02-02T13:15:06","guid":{"rendered":"https:\/\/www.loziskaplus.sk\/eshop\/?post_type=product&#038;p=493"},"modified":"2024-02-05T08:23:11","modified_gmt":"2024-02-05T07:23:11","slug":"olej-stihl-1l","status":"publish","type":"product","link":"https:\/\/www.loziskaplus.sk\/eshop\/produkt\/olej-stihl-1l\/","title":{"rendered":"STIHL OLEJ 1L"},"content":{"rendered":"<p>STIHL 2T &#8211; HP &#8211; motorov\u00fd olej pre 2T- ktn\u00e9 motoryMotorov\u00fd olej STIHL HP 2T vhodn\u00fd pre motorov\u00e9 p\u00edly, krovinorezy, rotav\u00e1tory, motorove rosi\u010de a in\u00e9 vysokoobr\u00e1tkov\u00e9 stroje z\u00e1hradnej, stavebnej a lesnej techniky.Max mie\u0161ac\u00ed pomer 1:50Alebo podla potreby.O\u0161etr\u00edte a\u017e 5 L benz\u00ednu.Olej pre zmie\u0161anie s benz\u00ednom.Farba: \u010cerven\u00e1JASO-FB<\/p>\n","protected":false},"excerpt":{"rendered":"<p>STIHL 2T &#8211; HP &#8211; motorov\u00fd olej pre 2T- ktn\u00e9 motoryMotorov\u00fd olej STIHL HP 2T vhodn\u00fd pre motorov\u00e9 p\u00edly, krovinorezy, rotav\u00e1tory, motorove rosi\u010de a in\u00e9 vysokoobr\u00e1tkov\u00e9 stroje z\u00e1hradnej, stavebnej a &hellip; <\/p>\n","protected":false},"featured_media":494,"template":"","meta":[],"product_brand":[],"product_cat":[51,19,54,55],"product_tag":[],"class_list":{"0":"post-493","1":"product","2":"type-product","3":"status-publish","4":"has-post-thumbnail","6":"product_cat-2t-dvojtaktne-motory","7":"product_cat-oleje","8":"product_cat-pre-dvojtaktne-motory-2t","9":"product_cat-pre-stvortaktne-motory-4t","11":"first","12":"instock","13":"taxable","14":"shipping-taxable","15":"purchasable","16":"product-type-simple"},"yoast_head":"<!-- This site is optimized with the Yoast SEO plugin v27.4 - https:\/\/yoast.com\/product\/yoast-seo-wordpress\/ -->\n<title>STIHL OLEJ 1L - Lo\u017eisk\u00e1 PLUS<\/title>\n<meta name=\"robots\" content=\"index, follow, max-snippet:-1, max-image-preview:large, max-video-preview:-1\" \/>\n<link rel=\"canonical\" href=\"https:\/\/www.loziskaplus.sk\/eshop\/produkt\/olej-stihl-1l\/\" \/>\n<meta property=\"og:locale\" content=\"sk_SK\" \/>\n<meta property=\"og:type\" content=\"article\" \/>\n<meta property=\"og:title\" content=\"STIHL OLEJ 1L - Lo\u017eisk\u00e1 PLUS\" \/>\n<meta property=\"og:description\" content=\"STIHL 2T &#8211; HP &#8211; motorov\u00fd olej pre 2T- ktn\u00e9 motoryMotorov\u00fd olej STIHL HP 2T vhodn\u00fd pre motorov\u00e9 p\u00edly, krovinorezy, rotav\u00e1tory, motorove rosi\u010de a in\u00e9 vysokoobr\u00e1tkov\u00e9 stroje z\u00e1hradnej, stavebnej a &hellip;\" \/>\n<meta property=\"og:url\" content=\"https:\/\/www.loziskaplus.sk\/eshop\/produkt\/olej-stihl-1l\/\" \/>\n<meta property=\"og:site_name\" content=\"Lo\u017eisk\u00e1 PLUS\" \/>\n<meta property=\"article:modified_time\" content=\"2024-02-05T07:23:11+00:00\" \/>\n<meta property=\"og:image\" content=\"https:\/\/www.loziskaplus.sk\/eshop\/wp-content\/uploads\/2024\/02\/Stihl-motorovy-olej-1lt-550x550-1.jpg\" \/>\n\t<meta property=\"og:image:width\" content=\"550\" \/>\n\t<meta property=\"og:image:height\" content=\"550\" \/>\n\t<meta property=\"og:image:type\" content=\"image\/jpeg\" \/>\n<meta name=\"twitter:card\" content=\"summary_large_image\" \/>\n<meta name=\"twitter:label1\" content=\"Predpokladan\u00fd \u010das \u010d\u00edtania\" \/>\n\t<meta name=\"twitter:data1\" content=\"1 min\u00fata\" \/>\n<script type=\"application\/ld+json\" class=\"yoast-schema-graph\">{\"@context\":\"https:\\\/\\\/schema.org\",\"@graph\":[{\"@type\":\"WebPage\",\"@id\":\"https:\\\/\\\/www.loziskaplus.sk\\\/eshop\\\/produkt\\\/olej-stihl-1l\\\/\",\"url\":\"https:\\\/\\\/www.loziskaplus.sk\\\/eshop\\\/produkt\\\/olej-stihl-1l\\\/\",\"name\":\"STIHL OLEJ 1L - Lo\u017eisk\u00e1 PLUS\",\"isPartOf\":{\"@id\":\"https:\\\/\\\/www.loziskaplus.sk\\\/eshop\\\/#website\"},\"primaryImageOfPage\":{\"@id\":\"https:\\\/\\\/www.loziskaplus.sk\\\/eshop\\\/produkt\\\/olej-stihl-1l\\\/#primaryimage\"},\"image\":{\"@id\":\"https:\\\/\\\/www.loziskaplus.sk\\\/eshop\\\/produkt\\\/olej-stihl-1l\\\/#primaryimage\"},\"thumbnailUrl\":\"https:\\\/\\\/www.loziskaplus.sk\\\/eshop\\\/wp-content\\\/uploads\\\/2024\\\/02\\\/Stihl-motorovy-olej-1lt-550x550-1.jpg\",\"datePublished\":\"2024-02-02T13:15:06+00:00\",\"dateModified\":\"2024-02-05T07:23:11+00:00\",\"breadcrumb\":{\"@id\":\"https:\\\/\\\/www.loziskaplus.sk\\\/eshop\\\/produkt\\\/olej-stihl-1l\\\/#breadcrumb\"},\"inLanguage\":\"sk-SK\",\"potentialAction\":[{\"@type\":\"ReadAction\",\"target\":[\"https:\\\/\\\/www.loziskaplus.sk\\\/eshop\\\/produkt\\\/olej-stihl-1l\\\/\"]}]},{\"@type\":\"ImageObject\",\"inLanguage\":\"sk-SK\",\"@id\":\"https:\\\/\\\/www.loziskaplus.sk\\\/eshop\\\/produkt\\\/olej-stihl-1l\\\/#primaryimage\",\"url\":\"https:\\\/\\\/www.loziskaplus.sk\\\/eshop\\\/wp-content\\\/uploads\\\/2024\\\/02\\\/Stihl-motorovy-olej-1lt-550x550-1.jpg\",\"contentUrl\":\"https:\\\/\\\/www.loziskaplus.sk\\\/eshop\\\/wp-content\\\/uploads\\\/2024\\\/02\\\/Stihl-motorovy-olej-1lt-550x550-1.jpg\",\"width\":550,\"height\":550},{\"@type\":\"BreadcrumbList\",\"@id\":\"https:\\\/\\\/www.loziskaplus.sk\\\/eshop\\\/produkt\\\/olej-stihl-1l\\\/#breadcrumb\",\"itemListElement\":[{\"@type\":\"ListItem\",\"position\":1,\"name\":\"Domov\",\"item\":\"https:\\\/\\\/www.loziskaplus.sk\\\/eshop\\\/\"},{\"@type\":\"ListItem\",\"position\":2,\"name\":\"Obchod\",\"item\":\"https:\\\/\\\/www.loziskaplus.sk\\\/eshop\\\/obchod\\\/\"},{\"@type\":\"ListItem\",\"position\":3,\"name\":\"STIHL OLEJ 1L\"}]},{\"@type\":\"WebSite\",\"@id\":\"https:\\\/\\\/www.loziskaplus.sk\\\/eshop\\\/#website\",\"url\":\"https:\\\/\\\/www.loziskaplus.sk\\\/eshop\\\/\",\"name\":\"Lo\u017eisk\u00e1 PLUS\",\"description\":\"\",\"publisher\":{\"@id\":\"https:\\\/\\\/www.loziskaplus.sk\\\/eshop\\\/#organization\"},\"potentialAction\":[{\"@type\":\"SearchAction\",\"target\":{\"@type\":\"EntryPoint\",\"urlTemplate\":\"https:\\\/\\\/www.loziskaplus.sk\\\/eshop\\\/?s={search_term_string}\"},\"query-input\":{\"@type\":\"PropertyValueSpecification\",\"valueRequired\":true,\"valueName\":\"search_term_string\"}}],\"inLanguage\":\"sk-SK\"},{\"@type\":\"Organization\",\"@id\":\"https:\\\/\\\/www.loziskaplus.sk\\\/eshop\\\/#organization\",\"name\":\"Lo\u017eisk\u00e1 PLUS\",\"url\":\"https:\\\/\\\/www.loziskaplus.sk\\\/eshop\\\/\",\"logo\":{\"@type\":\"ImageObject\",\"inLanguage\":\"sk-SK\",\"@id\":\"https:\\\/\\\/www.loziskaplus.sk\\\/eshop\\\/#\\\/schema\\\/logo\\\/image\\\/\",\"url\":\"https:\\\/\\\/www.loziskaplus.sk\\\/eshop\\\/wp-content\\\/uploads\\\/2024\\\/06\\\/logo-facebuk-1.jpg?v=1718619602\",\"contentUrl\":\"https:\\\/\\\/www.loziskaplus.sk\\\/eshop\\\/wp-content\\\/uploads\\\/2024\\\/06\\\/logo-facebuk-1.jpg?v=1718619602\",\"width\":180,\"height\":179,\"caption\":\"Lo\u017eisk\u00e1 PLUS\"},\"image\":{\"@id\":\"https:\\\/\\\/www.loziskaplus.sk\\\/eshop\\\/#\\\/schema\\\/logo\\\/image\\\/\"}}]}<\/script>\n<!-- \/ Yoast SEO plugin. -->","yoast_head_json":{"title":"STIHL OLEJ 1L - Lo\u017eisk\u00e1 PLUS","robots":{"index":"index","follow":"follow","max-snippet":"max-snippet:-1","max-image-preview":"max-image-preview:large","max-video-preview":"max-video-preview:-1"},"canonical":"https:\/\/www.loziskaplus.sk\/eshop\/produkt\/olej-stihl-1l\/","og_locale":"sk_SK","og_type":"article","og_title":"STIHL OLEJ 1L - Lo\u017eisk\u00e1 PLUS","og_description":"STIHL 2T &#8211; HP &#8211; motorov\u00fd olej pre 2T- ktn\u00e9 motoryMotorov\u00fd olej STIHL HP 2T vhodn\u00fd pre motorov\u00e9 p\u00edly, krovinorezy, rotav\u00e1tory, motorove rosi\u010de a in\u00e9 vysokoobr\u00e1tkov\u00e9 stroje z\u00e1hradnej, stavebnej a &hellip;","og_url":"https:\/\/www.loziskaplus.sk\/eshop\/produkt\/olej-stihl-1l\/","og_site_name":"Lo\u017eisk\u00e1 PLUS","article_modified_time":"2024-02-05T07:23:11+00:00","og_image":[{"width":550,"height":550,"url":"https:\/\/www.loziskaplus.sk\/eshop\/wp-content\/uploads\/2024\/02\/Stihl-motorovy-olej-1lt-550x550-1.jpg","type":"image\/jpeg"}],"twitter_card":"summary_large_image","twitter_misc":{"Predpokladan\u00fd \u010das \u010d\u00edtania":"1 min\u00fata"},"schema":{"@context":"https:\/\/schema.org","@graph":[{"@type":"WebPage","@id":"https:\/\/www.loziskaplus.sk\/eshop\/produkt\/olej-stihl-1l\/","url":"https:\/\/www.loziskaplus.sk\/eshop\/produkt\/olej-stihl-1l\/","name":"STIHL OLEJ 1L - Lo\u017eisk\u00e1 PLUS","isPartOf":{"@id":"https:\/\/www.loziskaplus.sk\/eshop\/#website"},"primaryImageOfPage":{"@id":"https:\/\/www.loziskaplus.sk\/eshop\/produkt\/olej-stihl-1l\/#primaryimage"},"image":{"@id":"https:\/\/www.loziskaplus.sk\/eshop\/produkt\/olej-stihl-1l\/#primaryimage"},"thumbnailUrl":"https:\/\/www.loziskaplus.sk\/eshop\/wp-content\/uploads\/2024\/02\/Stihl-motorovy-olej-1lt-550x550-1.jpg","datePublished":"2024-02-02T13:15:06+00:00","dateModified":"2024-02-05T07:23:11+00:00","breadcrumb":{"@id":"https:\/\/www.loziskaplus.sk\/eshop\/produkt\/olej-stihl-1l\/#breadcrumb"},"inLanguage":"sk-SK","potentialAction":[{"@type":"ReadAction","target":["https:\/\/www.loziskaplus.sk\/eshop\/produkt\/olej-stihl-1l\/"]}]},{"@type":"ImageObject","inLanguage":"sk-SK","@id":"https:\/\/www.loziskaplus.sk\/eshop\/produkt\/olej-stihl-1l\/#primaryimage","url":"https:\/\/www.loziskaplus.sk\/eshop\/wp-content\/uploads\/2024\/02\/Stihl-motorovy-olej-1lt-550x550-1.jpg","contentUrl":"https:\/\/www.loziskaplus.sk\/eshop\/wp-content\/uploads\/2024\/02\/Stihl-motorovy-olej-1lt-550x550-1.jpg","width":550,"height":550},{"@type":"BreadcrumbList","@id":"https:\/\/www.loziskaplus.sk\/eshop\/produkt\/olej-stihl-1l\/#breadcrumb","itemListElement":[{"@type":"ListItem","position":1,"name":"Domov","item":"https:\/\/www.loziskaplus.sk\/eshop\/"},{"@type":"ListItem","position":2,"name":"Obchod","item":"https:\/\/www.loziskaplus.sk\/eshop\/obchod\/"},{"@type":"ListItem","position":3,"name":"STIHL OLEJ 1L"}]},{"@type":"WebSite","@id":"https:\/\/www.loziskaplus.sk\/eshop\/#website","url":"https:\/\/www.loziskaplus.sk\/eshop\/","name":"Lo\u017eisk\u00e1 PLUS","description":"","publisher":{"@id":"https:\/\/www.loziskaplus.sk\/eshop\/#organization"},"potentialAction":[{"@type":"SearchAction","target":{"@type":"EntryPoint","urlTemplate":"https:\/\/www.loziskaplus.sk\/eshop\/?s={search_term_string}"},"query-input":{"@type":"PropertyValueSpecification","valueRequired":true,"valueName":"search_term_string"}}],"inLanguage":"sk-SK"},{"@type":"Organization","@id":"https:\/\/www.loziskaplus.sk\/eshop\/#organization","name":"Lo\u017eisk\u00e1 PLUS","url":"https:\/\/www.loziskaplus.sk\/eshop\/","logo":{"@type":"ImageObject","inLanguage":"sk-SK","@id":"https:\/\/www.loziskaplus.sk\/eshop\/#\/schema\/logo\/image\/","url":"https:\/\/www.loziskaplus.sk\/eshop\/wp-content\/uploads\/2024\/06\/logo-facebuk-1.jpg?v=1718619602","contentUrl":"https:\/\/www.loziskaplus.sk\/eshop\/wp-content\/uploads\/2024\/06\/logo-facebuk-1.jpg?v=1718619602","width":180,"height":179,"caption":"Lo\u017eisk\u00e1 PLUS"},"image":{"@id":"https:\/\/www.loziskaplus.sk\/eshop\/#\/schema\/logo\/image\/"}}]}},"jetpack_sharing_enabled":true,"_links":{"self":[{"href":"https:\/\/www.loziskaplus.sk\/eshop\/wp-json\/wp\/v2\/product\/493","targetHints":{"allow":["GET"]}}],"collection":[{"href":"https:\/\/www.loziskaplus.sk\/eshop\/wp-json\/wp\/v2\/product"}],"about":[{"href":"https:\/\/www.loziskaplus.sk\/eshop\/wp-json\/wp\/v2\/types\/product"}],"wp:featuredmedia":[{"embeddable":true,"href":"https:\/\/www.loziskaplus.sk\/eshop\/wp-json\/wp\/v2\/media\/494"}],"wp:attachment":[{"href":"https:\/\/www.loziskaplus.sk\/eshop\/wp-json\/wp\/v2\/media?parent=493"}],"wp:term":[{"taxonomy":"product_brand","embeddable":true,"href":"https:\/\/www.loziskaplus.sk\/eshop\/wp-json\/wp\/v2\/product_brand?post=493"},{"taxonomy":"product_cat","embeddable":true,"href":"https:\/\/www.loziskaplus.sk\/eshop\/wp-json\/wp\/v2\/product_cat?post=493"},{"taxonomy":"product_tag","embeddable":true,"href":"https:\/\/www.loziskaplus.sk\/eshop\/wp-json\/wp\/v2\/product_tag?post=493"}],"curies":[{"name":"wp","href":"https:\/\/api.w.org\/{rel}","templated":true}]}}