{"id":6765,"date":"2024-02-05T12:47:16","date_gmt":"2024-02-05T11:47:16","guid":{"rendered":"https:\/\/www.loziskaplus.sk\/eshop\/produkt\/dynamax-cool-11-al-3l\/"},"modified":"2024-03-15T07:34:42","modified_gmt":"2024-03-15T06:34:42","slug":"dynamax-cool-11-al-3l","status":"publish","type":"product","link":"https:\/\/www.loziskaplus.sk\/eshop\/produkt\/dynamax-cool-11-al-3l\/","title":{"rendered":"DYNAMAX COOL 11 AL 3L"},"content":{"rendered":"<p>N\u00edzkotuhn\u00faca zmes do chladi\u010dov automobilov na b\u00e1ze monoetyl\u00e9nglykolu s antikor\u00f3znymi pr\u00edsadami je zvl\u00e1\u0161\u0165 vhodn\u00e1 pre chladiace s\u00fastavy spa\u013eovac\u00edch motorov z \u013eahk\u00fdch zliat\u00edn. Celoro\u010dne chr\u00e1ni chladiaci syst\u00e9m motorov\u00e9ho vozidila pred p\u00f4soben\u00edm mrazu a pred kor\u00f3ziou. Zaru\u010duje ve\u013emi dobr\u00fd prevod tepla. Pr\u00edpravok neobsahuje dusitany, am\u00edny a fosf\u00e1ty. Pln\u00ed sa do \u010dist\u00e9ho chladiaceho syst\u00e9mu pod\u013ea pokynov v\u00fdrobcu automobilu. Je riedite\u013en\u00e1 pitnou alebo demineralizovanou vodou na po\u017eadovan\u00fd bod tuhnutia pod\u013ea doporu\u010den\u00fdch pomerov v\u00fdrobcu. Chladiaca kvapalina DYNAMAX COOLANT AL G11 je mie\u0161ate\u013en\u00e1 s n\u00edzkotuhn\u00facimi kvapalinami na b\u00e1ze monoetyl\u00e9nglykolu (etyl\u00e9n-glykolu a propyl\u00e9nglykolu).<\/p>\n","protected":false},"excerpt":{"rendered":"<p>N\u00edzkotuhn\u00faca zmes do chladi\u010dov automobilov na b\u00e1ze monoetyl\u00e9nglykolu s antikor\u00f3znymi pr\u00edsadami je zvl\u00e1\u0161\u0165 vhodn\u00e1 pre chladiace s\u00fastavy spa\u013eovac\u00edch motorov z \u013eahk\u00fdch zliat\u00edn. Celoro\u010dne chr\u00e1ni chladiaci syst\u00e9m motorov\u00e9ho vozdila pred p\u00f4soben\u00edm mrazu a pred kor\u00f3ziou.<\/p>\n","protected":false},"featured_media":6764,"template":"","meta":[],"product_brand":[],"product_cat":[118,113,122,107],"product_tag":[],"class_list":{"0":"post-6765","1":"product","2":"type-product","3":"status-publish","4":"has-post-thumbnail","6":"product_cat-chladiace-kvapaliny","7":"product_cat-prevadzkove-kvapaliny","8":"product_cat-univerzalne-diely-a-prislusenstvo-na-auta","9":"product_cat-zimna-sezona","10":"pa_balenie-3l","11":"pa_vyrobca-dynamax","13":"first","14":"instock","15":"taxable","16":"shipping-taxable","17":"purchasable","18":"product-type-simple"},"yoast_head":"<!-- This site is optimized with the Yoast SEO plugin v27.4 - https:\/\/yoast.com\/product\/yoast-seo-wordpress\/ -->\n<title>DYNAMAX COOL 11 AL 3L - Lo\u017eisk\u00e1 PLUS<\/title>\n<meta name=\"robots\" content=\"index, follow, max-snippet:-1, max-image-preview:large, max-video-preview:-1\" \/>\n<link rel=\"canonical\" href=\"https:\/\/www.loziskaplus.sk\/eshop\/produkt\/dynamax-cool-11-al-3l\/\" \/>\n<meta property=\"og:locale\" content=\"sk_SK\" \/>\n<meta property=\"og:type\" content=\"article\" \/>\n<meta property=\"og:title\" content=\"DYNAMAX COOL 11 AL 3L - Lo\u017eisk\u00e1 PLUS\" \/>\n<meta property=\"og:description\" content=\"N\u00edzkotuhn\u00faca zmes do chladi\u010dov automobilov na b\u00e1ze monoetyl\u00e9nglykolu s antikor\u00f3znymi pr\u00edsadami je zvl\u00e1\u0161\u0165 vhodn\u00e1 pre chladiace s\u00fastavy spa\u013eovac\u00edch motorov z \u013eahk\u00fdch zliat\u00edn. Celoro\u010dne chr\u00e1ni chladiaci syst\u00e9m motorov\u00e9ho vozdila pred p\u00f4soben\u00edm mrazu a pred kor\u00f3ziou.\" \/>\n<meta property=\"og:url\" content=\"https:\/\/www.loziskaplus.sk\/eshop\/produkt\/dynamax-cool-11-al-3l\/\" \/>\n<meta property=\"og:site_name\" content=\"Lo\u017eisk\u00e1 PLUS\" \/>\n<meta property=\"article:modified_time\" content=\"2024-03-15T06:34:42+00:00\" \/>\n<meta property=\"og:image\" content=\"https:\/\/www.loziskaplus.sk\/eshop\/wp-content\/uploads\/2024\/02\/107979-1.jpg?v=1707133636\" \/>\n\t<meta property=\"og:image:width\" content=\"707\" \/>\n\t<meta property=\"og:image:height\" content=\"900\" \/>\n\t<meta property=\"og:image:type\" content=\"image\/jpeg\" \/>\n<meta name=\"twitter:card\" content=\"summary_large_image\" \/>\n<meta name=\"twitter:label1\" content=\"Predpokladan\u00fd \u010das \u010d\u00edtania\" \/>\n\t<meta name=\"twitter:data1\" content=\"1 min\u00fata\" \/>\n<script type=\"application\/ld+json\" class=\"yoast-schema-graph\">{\"@context\":\"https:\\\/\\\/schema.org\",\"@graph\":[{\"@type\":\"WebPage\",\"@id\":\"https:\\\/\\\/www.loziskaplus.sk\\\/eshop\\\/produkt\\\/dynamax-cool-11-al-3l\\\/\",\"url\":\"https:\\\/\\\/www.loziskaplus.sk\\\/eshop\\\/produkt\\\/dynamax-cool-11-al-3l\\\/\",\"name\":\"DYNAMAX COOL 11 AL 3L - Lo\u017eisk\u00e1 PLUS\",\"isPartOf\":{\"@id\":\"https:\\\/\\\/www.loziskaplus.sk\\\/eshop\\\/#website\"},\"primaryImageOfPage\":{\"@id\":\"https:\\\/\\\/www.loziskaplus.sk\\\/eshop\\\/produkt\\\/dynamax-cool-11-al-3l\\\/#primaryimage\"},\"image\":{\"@id\":\"https:\\\/\\\/www.loziskaplus.sk\\\/eshop\\\/produkt\\\/dynamax-cool-11-al-3l\\\/#primaryimage\"},\"thumbnailUrl\":\"https:\\\/\\\/www.loziskaplus.sk\\\/eshop\\\/wp-content\\\/uploads\\\/2024\\\/02\\\/107979-1.jpg?v=1707133636\",\"datePublished\":\"2024-02-05T11:47:16+00:00\",\"dateModified\":\"2024-03-15T06:34:42+00:00\",\"breadcrumb\":{\"@id\":\"https:\\\/\\\/www.loziskaplus.sk\\\/eshop\\\/produkt\\\/dynamax-cool-11-al-3l\\\/#breadcrumb\"},\"inLanguage\":\"sk-SK\",\"potentialAction\":[{\"@type\":\"ReadAction\",\"target\":[\"https:\\\/\\\/www.loziskaplus.sk\\\/eshop\\\/produkt\\\/dynamax-cool-11-al-3l\\\/\"]}]},{\"@type\":\"ImageObject\",\"inLanguage\":\"sk-SK\",\"@id\":\"https:\\\/\\\/www.loziskaplus.sk\\\/eshop\\\/produkt\\\/dynamax-cool-11-al-3l\\\/#primaryimage\",\"url\":\"https:\\\/\\\/www.loziskaplus.sk\\\/eshop\\\/wp-content\\\/uploads\\\/2024\\\/02\\\/107979-1.jpg?v=1707133636\",\"contentUrl\":\"https:\\\/\\\/www.loziskaplus.sk\\\/eshop\\\/wp-content\\\/uploads\\\/2024\\\/02\\\/107979-1.jpg?v=1707133636\",\"width\":707,\"height\":900},{\"@type\":\"BreadcrumbList\",\"@id\":\"https:\\\/\\\/www.loziskaplus.sk\\\/eshop\\\/produkt\\\/dynamax-cool-11-al-3l\\\/#breadcrumb\",\"itemListElement\":[{\"@type\":\"ListItem\",\"position\":1,\"name\":\"Domov\",\"item\":\"https:\\\/\\\/www.loziskaplus.sk\\\/eshop\\\/\"},{\"@type\":\"ListItem\",\"position\":2,\"name\":\"Obchod\",\"item\":\"https:\\\/\\\/www.loziskaplus.sk\\\/eshop\\\/obchod\\\/\"},{\"@type\":\"ListItem\",\"position\":3,\"name\":\"DYNAMAX COOL 11 AL 3L\"}]},{\"@type\":\"WebSite\",\"@id\":\"https:\\\/\\\/www.loziskaplus.sk\\\/eshop\\\/#website\",\"url\":\"https:\\\/\\\/www.loziskaplus.sk\\\/eshop\\\/\",\"name\":\"Lo\u017eisk\u00e1 PLUS\",\"description\":\"\",\"publisher\":{\"@id\":\"https:\\\/\\\/www.loziskaplus.sk\\\/eshop\\\/#organization\"},\"potentialAction\":[{\"@type\":\"SearchAction\",\"target\":{\"@type\":\"EntryPoint\",\"urlTemplate\":\"https:\\\/\\\/www.loziskaplus.sk\\\/eshop\\\/?s={search_term_string}\"},\"query-input\":{\"@type\":\"PropertyValueSpecification\",\"valueRequired\":true,\"valueName\":\"search_term_string\"}}],\"inLanguage\":\"sk-SK\"},{\"@type\":\"Organization\",\"@id\":\"https:\\\/\\\/www.loziskaplus.sk\\\/eshop\\\/#organization\",\"name\":\"Lo\u017eisk\u00e1 PLUS\",\"url\":\"https:\\\/\\\/www.loziskaplus.sk\\\/eshop\\\/\",\"logo\":{\"@type\":\"ImageObject\",\"inLanguage\":\"sk-SK\",\"@id\":\"https:\\\/\\\/www.loziskaplus.sk\\\/eshop\\\/#\\\/schema\\\/logo\\\/image\\\/\",\"url\":\"https:\\\/\\\/www.loziskaplus.sk\\\/eshop\\\/wp-content\\\/uploads\\\/2024\\\/06\\\/logo-facebuk-1.jpg?v=1718619602\",\"contentUrl\":\"https:\\\/\\\/www.loziskaplus.sk\\\/eshop\\\/wp-content\\\/uploads\\\/2024\\\/06\\\/logo-facebuk-1.jpg?v=1718619602\",\"width\":180,\"height\":179,\"caption\":\"Lo\u017eisk\u00e1 PLUS\"},\"image\":{\"@id\":\"https:\\\/\\\/www.loziskaplus.sk\\\/eshop\\\/#\\\/schema\\\/logo\\\/image\\\/\"}}]}<\/script>\n<!-- \/ Yoast SEO plugin. -->","yoast_head_json":{"title":"DYNAMAX COOL 11 AL 3L - Lo\u017eisk\u00e1 PLUS","robots":{"index":"index","follow":"follow","max-snippet":"max-snippet:-1","max-image-preview":"max-image-preview:large","max-video-preview":"max-video-preview:-1"},"canonical":"https:\/\/www.loziskaplus.sk\/eshop\/produkt\/dynamax-cool-11-al-3l\/","og_locale":"sk_SK","og_type":"article","og_title":"DYNAMAX COOL 11 AL 3L - Lo\u017eisk\u00e1 PLUS","og_description":"N\u00edzkotuhn\u00faca zmes do chladi\u010dov automobilov na b\u00e1ze monoetyl\u00e9nglykolu s antikor\u00f3znymi pr\u00edsadami je zvl\u00e1\u0161\u0165 vhodn\u00e1 pre chladiace s\u00fastavy spa\u013eovac\u00edch motorov z \u013eahk\u00fdch zliat\u00edn. Celoro\u010dne chr\u00e1ni chladiaci syst\u00e9m motorov\u00e9ho vozdila pred p\u00f4soben\u00edm mrazu a pred kor\u00f3ziou.","og_url":"https:\/\/www.loziskaplus.sk\/eshop\/produkt\/dynamax-cool-11-al-3l\/","og_site_name":"Lo\u017eisk\u00e1 PLUS","article_modified_time":"2024-03-15T06:34:42+00:00","og_image":[{"width":707,"height":900,"url":"https:\/\/www.loziskaplus.sk\/eshop\/wp-content\/uploads\/2024\/02\/107979-1.jpg?v=1707133636","type":"image\/jpeg"}],"twitter_card":"summary_large_image","twitter_misc":{"Predpokladan\u00fd \u010das \u010d\u00edtania":"1 min\u00fata"},"schema":{"@context":"https:\/\/schema.org","@graph":[{"@type":"WebPage","@id":"https:\/\/www.loziskaplus.sk\/eshop\/produkt\/dynamax-cool-11-al-3l\/","url":"https:\/\/www.loziskaplus.sk\/eshop\/produkt\/dynamax-cool-11-al-3l\/","name":"DYNAMAX COOL 11 AL 3L - Lo\u017eisk\u00e1 PLUS","isPartOf":{"@id":"https:\/\/www.loziskaplus.sk\/eshop\/#website"},"primaryImageOfPage":{"@id":"https:\/\/www.loziskaplus.sk\/eshop\/produkt\/dynamax-cool-11-al-3l\/#primaryimage"},"image":{"@id":"https:\/\/www.loziskaplus.sk\/eshop\/produkt\/dynamax-cool-11-al-3l\/#primaryimage"},"thumbnailUrl":"https:\/\/www.loziskaplus.sk\/eshop\/wp-content\/uploads\/2024\/02\/107979-1.jpg?v=1707133636","datePublished":"2024-02-05T11:47:16+00:00","dateModified":"2024-03-15T06:34:42+00:00","breadcrumb":{"@id":"https:\/\/www.loziskaplus.sk\/eshop\/produkt\/dynamax-cool-11-al-3l\/#breadcrumb"},"inLanguage":"sk-SK","potentialAction":[{"@type":"ReadAction","target":["https:\/\/www.loziskaplus.sk\/eshop\/produkt\/dynamax-cool-11-al-3l\/"]}]},{"@type":"ImageObject","inLanguage":"sk-SK","@id":"https:\/\/www.loziskaplus.sk\/eshop\/produkt\/dynamax-cool-11-al-3l\/#primaryimage","url":"https:\/\/www.loziskaplus.sk\/eshop\/wp-content\/uploads\/2024\/02\/107979-1.jpg?v=1707133636","contentUrl":"https:\/\/www.loziskaplus.sk\/eshop\/wp-content\/uploads\/2024\/02\/107979-1.jpg?v=1707133636","width":707,"height":900},{"@type":"BreadcrumbList","@id":"https:\/\/www.loziskaplus.sk\/eshop\/produkt\/dynamax-cool-11-al-3l\/#breadcrumb","itemListElement":[{"@type":"ListItem","position":1,"name":"Domov","item":"https:\/\/www.loziskaplus.sk\/eshop\/"},{"@type":"ListItem","position":2,"name":"Obchod","item":"https:\/\/www.loziskaplus.sk\/eshop\/obchod\/"},{"@type":"ListItem","position":3,"name":"DYNAMAX COOL 11 AL 3L"}]},{"@type":"WebSite","@id":"https:\/\/www.loziskaplus.sk\/eshop\/#website","url":"https:\/\/www.loziskaplus.sk\/eshop\/","name":"Lo\u017eisk\u00e1 PLUS","description":"","publisher":{"@id":"https:\/\/www.loziskaplus.sk\/eshop\/#organization"},"potentialAction":[{"@type":"SearchAction","target":{"@type":"EntryPoint","urlTemplate":"https:\/\/www.loziskaplus.sk\/eshop\/?s={search_term_string}"},"query-input":{"@type":"PropertyValueSpecification","valueRequired":true,"valueName":"search_term_string"}}],"inLanguage":"sk-SK"},{"@type":"Organization","@id":"https:\/\/www.loziskaplus.sk\/eshop\/#organization","name":"Lo\u017eisk\u00e1 PLUS","url":"https:\/\/www.loziskaplus.sk\/eshop\/","logo":{"@type":"ImageObject","inLanguage":"sk-SK","@id":"https:\/\/www.loziskaplus.sk\/eshop\/#\/schema\/logo\/image\/","url":"https:\/\/www.loziskaplus.sk\/eshop\/wp-content\/uploads\/2024\/06\/logo-facebuk-1.jpg?v=1718619602","contentUrl":"https:\/\/www.loziskaplus.sk\/eshop\/wp-content\/uploads\/2024\/06\/logo-facebuk-1.jpg?v=1718619602","width":180,"height":179,"caption":"Lo\u017eisk\u00e1 PLUS"},"image":{"@id":"https:\/\/www.loziskaplus.sk\/eshop\/#\/schema\/logo\/image\/"}}]}},"jetpack_sharing_enabled":true,"_links":{"self":[{"href":"https:\/\/www.loziskaplus.sk\/eshop\/wp-json\/wp\/v2\/product\/6765","targetHints":{"allow":["GET"]}}],"collection":[{"href":"https:\/\/www.loziskaplus.sk\/eshop\/wp-json\/wp\/v2\/product"}],"about":[{"href":"https:\/\/www.loziskaplus.sk\/eshop\/wp-json\/wp\/v2\/types\/product"}],"wp:featuredmedia":[{"embeddable":true,"href":"https:\/\/www.loziskaplus.sk\/eshop\/wp-json\/wp\/v2\/media\/6764"}],"wp:attachment":[{"href":"https:\/\/www.loziskaplus.sk\/eshop\/wp-json\/wp\/v2\/media?parent=6765"}],"wp:term":[{"taxonomy":"product_brand","embeddable":true,"href":"https:\/\/www.loziskaplus.sk\/eshop\/wp-json\/wp\/v2\/product_brand?post=6765"},{"taxonomy":"product_cat","embeddable":true,"href":"https:\/\/www.loziskaplus.sk\/eshop\/wp-json\/wp\/v2\/product_cat?post=6765"},{"taxonomy":"product_tag","embeddable":true,"href":"https:\/\/www.loziskaplus.sk\/eshop\/wp-json\/wp\/v2\/product_tag?post=6765"}],"curies":[{"name":"wp","href":"https:\/\/api.w.org\/{rel}","templated":true}]}}