{"id":6783,"date":"2024-02-05T12:47:51","date_gmt":"2024-02-05T11:47:51","guid":{"rendered":"https:\/\/www.loziskaplus.sk\/eshop\/produkt\/dynamax-letna-zmes-3l-citron\/"},"modified":"2024-03-05T14:34:40","modified_gmt":"2024-03-05T13:34:40","slug":"dynamax-letna-zmes-3l-citron","status":"publish","type":"product","link":"https:\/\/www.loziskaplus.sk\/eshop\/produkt\/dynamax-letna-zmes-3l-citron\/","title":{"rendered":"DYNAMAX LETN\u00c1 ZMES 3L CITRON"},"content":{"rendered":"<p>DYNAMAX letn\u00e1 zmes 1:2 je vysoko\u00fa\u010dinn\u00fd prostriedok pre odstr\u00e1nenie zbytkov hmyzu a v\u0161etk\u00fdch be\u017en\u00fdch ne\u010dist\u00f4t zo skla automobilu. Koncentr\u00e1t obsahuje akt\u00edvnu l\u00e1tku, ktor\u00e1 predstavuje \u00faplne nov\u00fd sp\u00f4sob \u00fadr\u017eby. Zni\u017euje n\u00e1mahu spojen\u00fa s \u010disten\u00edm okien. Sklo zanech\u00e1va dokonale \u010dist\u00e9. Je biologicky odb\u00farate\u013en\u00fd. DYNAMAX letn\u00e1 zmes je ur\u010den\u00fd na pou\u017eitie ako n\u00e1pl\u0148 do ostrekova\u010dov pre v\u0161etky typy motorov\u00fdch vozidiel v letnom obdob\u00ed. Pln\u00ed sa do z\u00e1sobnej n\u00e1dr\u017eky ostrekova\u010da a pod\u013ea potreby sa aplikuje n a \u010deln\u00e9 sklo automobilu.<\/p>\n","protected":false},"excerpt":{"rendered":"<p>DYNAMAX letn\u00e1 zmes 1:2 je vysoko\u00fa\u010dinn\u00fd prostriedok pre odstr\u00e1nenie zbytkov hmyzu a v\u0161etk\u00fdch be\u017en\u00fdch ne\u010dist\u00f4t zo skla automobilu. Koncentr\u00e1t obsahuje akt\u00edvnu l\u00e1tku, ktor\u00e1 predstavuje \u00faplne nov\u00fd sp\u00f4sob \u00fadr\u017eby. Zni\u017euje n\u00e1mahu spojen\u00fa s \u010disten\u00edm okien. Sklo zanech\u00e1va dokonale \u010dist\u00e9.<\/p>\n","protected":false},"featured_media":6782,"template":"","meta":[],"product_brand":[],"product_cat":[119,113,122],"product_tag":[],"class_list":{"0":"post-6783","1":"product","2":"type-product","3":"status-publish","4":"has-post-thumbnail","6":"product_cat-ostrekovace-letne","7":"product_cat-prevadzkove-kvapaliny","8":"product_cat-univerzalne-diely-a-prislusenstvo-na-auta","9":"pa_balenie-3l","10":"pa_vyrobca-dynamax","12":"first","13":"instock","14":"taxable","15":"shipping-taxable","16":"purchasable","17":"product-type-simple"},"yoast_head":"<!-- This site is optimized with the Yoast SEO plugin v27.4 - https:\/\/yoast.com\/product\/yoast-seo-wordpress\/ -->\n<title>DYNAMAX LETN\u00c1 ZMES 3L CITRON - Lo\u017eisk\u00e1 PLUS<\/title>\n<meta name=\"robots\" content=\"index, follow, max-snippet:-1, max-image-preview:large, max-video-preview:-1\" \/>\n<link rel=\"canonical\" href=\"https:\/\/www.loziskaplus.sk\/eshop\/produkt\/dynamax-letna-zmes-3l-citron\/\" \/>\n<meta property=\"og:locale\" content=\"sk_SK\" \/>\n<meta property=\"og:type\" content=\"article\" \/>\n<meta property=\"og:title\" content=\"DYNAMAX LETN\u00c1 ZMES 3L CITRON - Lo\u017eisk\u00e1 PLUS\" \/>\n<meta property=\"og:description\" content=\"DYNAMAX letn\u00e1 zmes 1:2 je vysoko\u00fa\u010dinn\u00fd prostriedok pre odstr\u00e1nenie zbytkov hmyzu a v\u0161etk\u00fdch be\u017en\u00fdch ne\u010dist\u00f4t zo skla automobilu. Koncentr\u00e1t obsahuje akt\u00edvnu l\u00e1tku, ktor\u00e1 predstavuje \u00faplne nov\u00fd sp\u00f4sob \u00fadr\u017eby. Zni\u017euje n\u00e1mahu spojen\u00fa s \u010disten\u00edm okien. Sklo zanech\u00e1va dokonale \u010dist\u00e9.\" \/>\n<meta property=\"og:url\" content=\"https:\/\/www.loziskaplus.sk\/eshop\/produkt\/dynamax-letna-zmes-3l-citron\/\" \/>\n<meta property=\"og:site_name\" content=\"Lo\u017eisk\u00e1 PLUS\" \/>\n<meta property=\"article:modified_time\" content=\"2024-03-05T13:34:40+00:00\" \/>\n<meta property=\"og:image\" content=\"https:\/\/www.loziskaplus.sk\/eshop\/wp-content\/uploads\/2024\/02\/102757-1.jpg?v=1707133671\" \/>\n\t<meta property=\"og:image:width\" content=\"800\" \/>\n\t<meta property=\"og:image:height\" content=\"800\" \/>\n\t<meta property=\"og:image:type\" content=\"image\/jpeg\" \/>\n<meta name=\"twitter:card\" content=\"summary_large_image\" \/>\n<meta name=\"twitter:label1\" content=\"Predpokladan\u00fd \u010das \u010d\u00edtania\" \/>\n\t<meta name=\"twitter:data1\" content=\"1 min\u00fata\" \/>\n<script type=\"application\/ld+json\" class=\"yoast-schema-graph\">{\"@context\":\"https:\\\/\\\/schema.org\",\"@graph\":[{\"@type\":\"WebPage\",\"@id\":\"https:\\\/\\\/www.loziskaplus.sk\\\/eshop\\\/produkt\\\/dynamax-letna-zmes-3l-citron\\\/\",\"url\":\"https:\\\/\\\/www.loziskaplus.sk\\\/eshop\\\/produkt\\\/dynamax-letna-zmes-3l-citron\\\/\",\"name\":\"DYNAMAX LETN\u00c1 ZMES 3L CITRON - Lo\u017eisk\u00e1 PLUS\",\"isPartOf\":{\"@id\":\"https:\\\/\\\/www.loziskaplus.sk\\\/eshop\\\/#website\"},\"primaryImageOfPage\":{\"@id\":\"https:\\\/\\\/www.loziskaplus.sk\\\/eshop\\\/produkt\\\/dynamax-letna-zmes-3l-citron\\\/#primaryimage\"},\"image\":{\"@id\":\"https:\\\/\\\/www.loziskaplus.sk\\\/eshop\\\/produkt\\\/dynamax-letna-zmes-3l-citron\\\/#primaryimage\"},\"thumbnailUrl\":\"https:\\\/\\\/www.loziskaplus.sk\\\/eshop\\\/wp-content\\\/uploads\\\/2024\\\/02\\\/102757-1.jpg?v=1707133671\",\"datePublished\":\"2024-02-05T11:47:51+00:00\",\"dateModified\":\"2024-03-05T13:34:40+00:00\",\"breadcrumb\":{\"@id\":\"https:\\\/\\\/www.loziskaplus.sk\\\/eshop\\\/produkt\\\/dynamax-letna-zmes-3l-citron\\\/#breadcrumb\"},\"inLanguage\":\"sk-SK\",\"potentialAction\":[{\"@type\":\"ReadAction\",\"target\":[\"https:\\\/\\\/www.loziskaplus.sk\\\/eshop\\\/produkt\\\/dynamax-letna-zmes-3l-citron\\\/\"]}]},{\"@type\":\"ImageObject\",\"inLanguage\":\"sk-SK\",\"@id\":\"https:\\\/\\\/www.loziskaplus.sk\\\/eshop\\\/produkt\\\/dynamax-letna-zmes-3l-citron\\\/#primaryimage\",\"url\":\"https:\\\/\\\/www.loziskaplus.sk\\\/eshop\\\/wp-content\\\/uploads\\\/2024\\\/02\\\/102757-1.jpg?v=1707133671\",\"contentUrl\":\"https:\\\/\\\/www.loziskaplus.sk\\\/eshop\\\/wp-content\\\/uploads\\\/2024\\\/02\\\/102757-1.jpg?v=1707133671\",\"width\":800,\"height\":800},{\"@type\":\"BreadcrumbList\",\"@id\":\"https:\\\/\\\/www.loziskaplus.sk\\\/eshop\\\/produkt\\\/dynamax-letna-zmes-3l-citron\\\/#breadcrumb\",\"itemListElement\":[{\"@type\":\"ListItem\",\"position\":1,\"name\":\"Domov\",\"item\":\"https:\\\/\\\/www.loziskaplus.sk\\\/eshop\\\/\"},{\"@type\":\"ListItem\",\"position\":2,\"name\":\"Obchod\",\"item\":\"https:\\\/\\\/www.loziskaplus.sk\\\/eshop\\\/obchod\\\/\"},{\"@type\":\"ListItem\",\"position\":3,\"name\":\"DYNAMAX LETN\u00c1 ZMES 3L CITRON\"}]},{\"@type\":\"WebSite\",\"@id\":\"https:\\\/\\\/www.loziskaplus.sk\\\/eshop\\\/#website\",\"url\":\"https:\\\/\\\/www.loziskaplus.sk\\\/eshop\\\/\",\"name\":\"Lo\u017eisk\u00e1 PLUS\",\"description\":\"\",\"publisher\":{\"@id\":\"https:\\\/\\\/www.loziskaplus.sk\\\/eshop\\\/#organization\"},\"potentialAction\":[{\"@type\":\"SearchAction\",\"target\":{\"@type\":\"EntryPoint\",\"urlTemplate\":\"https:\\\/\\\/www.loziskaplus.sk\\\/eshop\\\/?s={search_term_string}\"},\"query-input\":{\"@type\":\"PropertyValueSpecification\",\"valueRequired\":true,\"valueName\":\"search_term_string\"}}],\"inLanguage\":\"sk-SK\"},{\"@type\":\"Organization\",\"@id\":\"https:\\\/\\\/www.loziskaplus.sk\\\/eshop\\\/#organization\",\"name\":\"Lo\u017eisk\u00e1 PLUS\",\"url\":\"https:\\\/\\\/www.loziskaplus.sk\\\/eshop\\\/\",\"logo\":{\"@type\":\"ImageObject\",\"inLanguage\":\"sk-SK\",\"@id\":\"https:\\\/\\\/www.loziskaplus.sk\\\/eshop\\\/#\\\/schema\\\/logo\\\/image\\\/\",\"url\":\"https:\\\/\\\/www.loziskaplus.sk\\\/eshop\\\/wp-content\\\/uploads\\\/2024\\\/06\\\/logo-facebuk-1.jpg?v=1718619602\",\"contentUrl\":\"https:\\\/\\\/www.loziskaplus.sk\\\/eshop\\\/wp-content\\\/uploads\\\/2024\\\/06\\\/logo-facebuk-1.jpg?v=1718619602\",\"width\":180,\"height\":179,\"caption\":\"Lo\u017eisk\u00e1 PLUS\"},\"image\":{\"@id\":\"https:\\\/\\\/www.loziskaplus.sk\\\/eshop\\\/#\\\/schema\\\/logo\\\/image\\\/\"}}]}<\/script>\n<!-- \/ Yoast SEO plugin. -->","yoast_head_json":{"title":"DYNAMAX LETN\u00c1 ZMES 3L CITRON - Lo\u017eisk\u00e1 PLUS","robots":{"index":"index","follow":"follow","max-snippet":"max-snippet:-1","max-image-preview":"max-image-preview:large","max-video-preview":"max-video-preview:-1"},"canonical":"https:\/\/www.loziskaplus.sk\/eshop\/produkt\/dynamax-letna-zmes-3l-citron\/","og_locale":"sk_SK","og_type":"article","og_title":"DYNAMAX LETN\u00c1 ZMES 3L CITRON - Lo\u017eisk\u00e1 PLUS","og_description":"DYNAMAX letn\u00e1 zmes 1:2 je vysoko\u00fa\u010dinn\u00fd prostriedok pre odstr\u00e1nenie zbytkov hmyzu a v\u0161etk\u00fdch be\u017en\u00fdch ne\u010dist\u00f4t zo skla automobilu. Koncentr\u00e1t obsahuje akt\u00edvnu l\u00e1tku, ktor\u00e1 predstavuje \u00faplne nov\u00fd sp\u00f4sob \u00fadr\u017eby. Zni\u017euje n\u00e1mahu spojen\u00fa s \u010disten\u00edm okien. Sklo zanech\u00e1va dokonale \u010dist\u00e9.","og_url":"https:\/\/www.loziskaplus.sk\/eshop\/produkt\/dynamax-letna-zmes-3l-citron\/","og_site_name":"Lo\u017eisk\u00e1 PLUS","article_modified_time":"2024-03-05T13:34:40+00:00","og_image":[{"width":800,"height":800,"url":"https:\/\/www.loziskaplus.sk\/eshop\/wp-content\/uploads\/2024\/02\/102757-1.jpg?v=1707133671","type":"image\/jpeg"}],"twitter_card":"summary_large_image","twitter_misc":{"Predpokladan\u00fd \u010das \u010d\u00edtania":"1 min\u00fata"},"schema":{"@context":"https:\/\/schema.org","@graph":[{"@type":"WebPage","@id":"https:\/\/www.loziskaplus.sk\/eshop\/produkt\/dynamax-letna-zmes-3l-citron\/","url":"https:\/\/www.loziskaplus.sk\/eshop\/produkt\/dynamax-letna-zmes-3l-citron\/","name":"DYNAMAX LETN\u00c1 ZMES 3L CITRON - Lo\u017eisk\u00e1 PLUS","isPartOf":{"@id":"https:\/\/www.loziskaplus.sk\/eshop\/#website"},"primaryImageOfPage":{"@id":"https:\/\/www.loziskaplus.sk\/eshop\/produkt\/dynamax-letna-zmes-3l-citron\/#primaryimage"},"image":{"@id":"https:\/\/www.loziskaplus.sk\/eshop\/produkt\/dynamax-letna-zmes-3l-citron\/#primaryimage"},"thumbnailUrl":"https:\/\/www.loziskaplus.sk\/eshop\/wp-content\/uploads\/2024\/02\/102757-1.jpg?v=1707133671","datePublished":"2024-02-05T11:47:51+00:00","dateModified":"2024-03-05T13:34:40+00:00","breadcrumb":{"@id":"https:\/\/www.loziskaplus.sk\/eshop\/produkt\/dynamax-letna-zmes-3l-citron\/#breadcrumb"},"inLanguage":"sk-SK","potentialAction":[{"@type":"ReadAction","target":["https:\/\/www.loziskaplus.sk\/eshop\/produkt\/dynamax-letna-zmes-3l-citron\/"]}]},{"@type":"ImageObject","inLanguage":"sk-SK","@id":"https:\/\/www.loziskaplus.sk\/eshop\/produkt\/dynamax-letna-zmes-3l-citron\/#primaryimage","url":"https:\/\/www.loziskaplus.sk\/eshop\/wp-content\/uploads\/2024\/02\/102757-1.jpg?v=1707133671","contentUrl":"https:\/\/www.loziskaplus.sk\/eshop\/wp-content\/uploads\/2024\/02\/102757-1.jpg?v=1707133671","width":800,"height":800},{"@type":"BreadcrumbList","@id":"https:\/\/www.loziskaplus.sk\/eshop\/produkt\/dynamax-letna-zmes-3l-citron\/#breadcrumb","itemListElement":[{"@type":"ListItem","position":1,"name":"Domov","item":"https:\/\/www.loziskaplus.sk\/eshop\/"},{"@type":"ListItem","position":2,"name":"Obchod","item":"https:\/\/www.loziskaplus.sk\/eshop\/obchod\/"},{"@type":"ListItem","position":3,"name":"DYNAMAX LETN\u00c1 ZMES 3L CITRON"}]},{"@type":"WebSite","@id":"https:\/\/www.loziskaplus.sk\/eshop\/#website","url":"https:\/\/www.loziskaplus.sk\/eshop\/","name":"Lo\u017eisk\u00e1 PLUS","description":"","publisher":{"@id":"https:\/\/www.loziskaplus.sk\/eshop\/#organization"},"potentialAction":[{"@type":"SearchAction","target":{"@type":"EntryPoint","urlTemplate":"https:\/\/www.loziskaplus.sk\/eshop\/?s={search_term_string}"},"query-input":{"@type":"PropertyValueSpecification","valueRequired":true,"valueName":"search_term_string"}}],"inLanguage":"sk-SK"},{"@type":"Organization","@id":"https:\/\/www.loziskaplus.sk\/eshop\/#organization","name":"Lo\u017eisk\u00e1 PLUS","url":"https:\/\/www.loziskaplus.sk\/eshop\/","logo":{"@type":"ImageObject","inLanguage":"sk-SK","@id":"https:\/\/www.loziskaplus.sk\/eshop\/#\/schema\/logo\/image\/","url":"https:\/\/www.loziskaplus.sk\/eshop\/wp-content\/uploads\/2024\/06\/logo-facebuk-1.jpg?v=1718619602","contentUrl":"https:\/\/www.loziskaplus.sk\/eshop\/wp-content\/uploads\/2024\/06\/logo-facebuk-1.jpg?v=1718619602","width":180,"height":179,"caption":"Lo\u017eisk\u00e1 PLUS"},"image":{"@id":"https:\/\/www.loziskaplus.sk\/eshop\/#\/schema\/logo\/image\/"}}]}},"jetpack_sharing_enabled":true,"_links":{"self":[{"href":"https:\/\/www.loziskaplus.sk\/eshop\/wp-json\/wp\/v2\/product\/6783","targetHints":{"allow":["GET"]}}],"collection":[{"href":"https:\/\/www.loziskaplus.sk\/eshop\/wp-json\/wp\/v2\/product"}],"about":[{"href":"https:\/\/www.loziskaplus.sk\/eshop\/wp-json\/wp\/v2\/types\/product"}],"wp:featuredmedia":[{"embeddable":true,"href":"https:\/\/www.loziskaplus.sk\/eshop\/wp-json\/wp\/v2\/media\/6782"}],"wp:attachment":[{"href":"https:\/\/www.loziskaplus.sk\/eshop\/wp-json\/wp\/v2\/media?parent=6783"}],"wp:term":[{"taxonomy":"product_brand","embeddable":true,"href":"https:\/\/www.loziskaplus.sk\/eshop\/wp-json\/wp\/v2\/product_brand?post=6783"},{"taxonomy":"product_cat","embeddable":true,"href":"https:\/\/www.loziskaplus.sk\/eshop\/wp-json\/wp\/v2\/product_cat?post=6783"},{"taxonomy":"product_tag","embeddable":true,"href":"https:\/\/www.loziskaplus.sk\/eshop\/wp-json\/wp\/v2\/product_tag?post=6783"}],"curies":[{"name":"wp","href":"https:\/\/api.w.org\/{rel}","templated":true}]}}