{"id":6807,"date":"2024-02-05T12:48:30","date_gmt":"2024-02-05T11:48:30","guid":{"rendered":"https:\/\/www.loziskaplus.sk\/eshop\/produkt\/dynamax-cool-12-ultra-1l\/"},"modified":"2024-03-05T14:22:28","modified_gmt":"2024-03-05T13:22:28","slug":"dynamax-cool-12-ultra-1l","status":"publish","type":"product","link":"https:\/\/www.loziskaplus.sk\/eshop\/produkt\/dynamax-cool-12-ultra-1l\/","title":{"rendered":"DYNAMAX COOL 12 ULTRA 1L"},"content":{"rendered":"<p>Koncentrovan\u00e1 n\u00edzkotuhn\u00faca chladiaca kvapalina ur\u010den\u00e1 pre najmodernej\u0161ie druhy motorov.DYNAMAX ULTRA G12 je vysoko kvalitn\u00e1 n\u00edzkotuhn\u00faca zmes vyroben\u00e1 z monoetyl\u00e9nglykolu s vysoko progres\u00edvnymi antikor\u00f3znymi pr\u00edsadami, zvl\u00e1\u0161\u0165 vhodn\u00e1 pre chladi\u010de modern\u00fdch hlin\u00edkov\u00fdch a zliatinov\u00fdch chladiacich s\u00fastav spa\u013eovac\u00edch motorov. Celoro\u010dne chr\u00e1ni chladiaci syst\u00e9m motorov\u00e9ho vozidla pred p\u00f4soben\u00edm mrazu a pred kor\u00f3ziou. Zaru\u010duje ve\u013emi dobr\u00fd prevod tepla. V roku 2008 z\u00edskala chladiaca kvapalina DYNAMAX ULTRA G12 prest\u00ed\u017ene ocenenie Zlat\u00fa medailu a Certifik\u00e1t ochrannej zn\u00e1mky kvality Slovak Gold. Obsahuje l\u00e1tku br\u00e1niacu po\u017eitiu chladiacej kvapaliny.<\/p>\n","protected":false},"excerpt":{"rendered":"<p>Koncentrovan\u00e1 n\u00edzkotuhn\u00faca chladiaca kvapalina ur\u010den\u00e1 pre najmodernej\u0161ie druhy motorov.DYNAMAX ULTRA G12 je vysoko kvalitn\u00e1 n\u00edzkotuhn\u00faca zmes vyroben\u00e1 z monoetyl\u00e9nglykolu s vysoko progres\u00edvnymi antikor\u00f3znymi pr\u00edsadami, zvl\u00e1\u0161\u0165 vhodn\u00e1 pre chladi\u010de modern\u00fdch hlin\u00edkov\u00fdch a zliatinov\u00fdch chladiacich s\u00fastav spa\u013eovac\u00edch motorov.<\/p>\n","protected":false},"featured_media":6806,"template":"","meta":[],"product_brand":[],"product_cat":[118,113,122,107],"product_tag":[],"class_list":{"0":"post-6807","1":"product","2":"type-product","3":"status-publish","4":"has-post-thumbnail","6":"product_cat-chladiace-kvapaliny","7":"product_cat-prevadzkove-kvapaliny","8":"product_cat-univerzalne-diely-a-prislusenstvo-na-auta","9":"product_cat-zimna-sezona","10":"pa_balenie-1l","11":"pa_vyrobca-dynamax","13":"first","14":"instock","15":"taxable","16":"shipping-taxable","17":"purchasable","18":"product-type-simple"},"yoast_head":"<!-- This site is optimized with the Yoast SEO plugin v27.4 - https:\/\/yoast.com\/product\/yoast-seo-wordpress\/ -->\n<title>DYNAMAX COOL 12 ULTRA 1L - Lo\u017eisk\u00e1 PLUS<\/title>\n<meta name=\"robots\" content=\"index, follow, max-snippet:-1, max-image-preview:large, max-video-preview:-1\" \/>\n<link rel=\"canonical\" href=\"https:\/\/www.loziskaplus.sk\/eshop\/produkt\/dynamax-cool-12-ultra-1l\/\" \/>\n<meta property=\"og:locale\" content=\"sk_SK\" \/>\n<meta property=\"og:type\" content=\"article\" \/>\n<meta property=\"og:title\" content=\"DYNAMAX COOL 12 ULTRA 1L - Lo\u017eisk\u00e1 PLUS\" \/>\n<meta property=\"og:description\" content=\"Koncentrovan\u00e1 n\u00edzkotuhn\u00faca chladiaca kvapalina ur\u010den\u00e1 pre najmodernej\u0161ie druhy motorov.DYNAMAX ULTRA G12 je vysoko kvalitn\u00e1 n\u00edzkotuhn\u00faca zmes vyroben\u00e1 z monoetyl\u00e9nglykolu s vysoko progres\u00edvnymi antikor\u00f3znymi pr\u00edsadami, zvl\u00e1\u0161\u0165 vhodn\u00e1 pre chladi\u010de modern\u00fdch hlin\u00edkov\u00fdch a zliatinov\u00fdch chladiacich s\u00fastav spa\u013eovac\u00edch motorov.\" \/>\n<meta property=\"og:url\" content=\"https:\/\/www.loziskaplus.sk\/eshop\/produkt\/dynamax-cool-12-ultra-1l\/\" \/>\n<meta property=\"og:site_name\" content=\"Lo\u017eisk\u00e1 PLUS\" \/>\n<meta property=\"article:modified_time\" content=\"2024-03-05T13:22:28+00:00\" \/>\n<meta property=\"og:image\" content=\"https:\/\/www.loziskaplus.sk\/eshop\/wp-content\/uploads\/2024\/02\/107983-1.jpg?v=1707133710\" \/>\n\t<meta property=\"og:image:width\" content=\"518\" \/>\n\t<meta property=\"og:image:height\" content=\"900\" \/>\n\t<meta property=\"og:image:type\" content=\"image\/jpeg\" \/>\n<meta name=\"twitter:card\" content=\"summary_large_image\" \/>\n<meta name=\"twitter:label1\" content=\"Predpokladan\u00fd \u010das \u010d\u00edtania\" \/>\n\t<meta name=\"twitter:data1\" content=\"1 min\u00fata\" \/>\n<script type=\"application\/ld+json\" class=\"yoast-schema-graph\">{\"@context\":\"https:\\\/\\\/schema.org\",\"@graph\":[{\"@type\":\"WebPage\",\"@id\":\"https:\\\/\\\/www.loziskaplus.sk\\\/eshop\\\/produkt\\\/dynamax-cool-12-ultra-1l\\\/\",\"url\":\"https:\\\/\\\/www.loziskaplus.sk\\\/eshop\\\/produkt\\\/dynamax-cool-12-ultra-1l\\\/\",\"name\":\"DYNAMAX COOL 12 ULTRA 1L - Lo\u017eisk\u00e1 PLUS\",\"isPartOf\":{\"@id\":\"https:\\\/\\\/www.loziskaplus.sk\\\/eshop\\\/#website\"},\"primaryImageOfPage\":{\"@id\":\"https:\\\/\\\/www.loziskaplus.sk\\\/eshop\\\/produkt\\\/dynamax-cool-12-ultra-1l\\\/#primaryimage\"},\"image\":{\"@id\":\"https:\\\/\\\/www.loziskaplus.sk\\\/eshop\\\/produkt\\\/dynamax-cool-12-ultra-1l\\\/#primaryimage\"},\"thumbnailUrl\":\"https:\\\/\\\/www.loziskaplus.sk\\\/eshop\\\/wp-content\\\/uploads\\\/2024\\\/02\\\/107983-1.jpg?v=1707133710\",\"datePublished\":\"2024-02-05T11:48:30+00:00\",\"dateModified\":\"2024-03-05T13:22:28+00:00\",\"breadcrumb\":{\"@id\":\"https:\\\/\\\/www.loziskaplus.sk\\\/eshop\\\/produkt\\\/dynamax-cool-12-ultra-1l\\\/#breadcrumb\"},\"inLanguage\":\"sk-SK\",\"potentialAction\":[{\"@type\":\"ReadAction\",\"target\":[\"https:\\\/\\\/www.loziskaplus.sk\\\/eshop\\\/produkt\\\/dynamax-cool-12-ultra-1l\\\/\"]}]},{\"@type\":\"ImageObject\",\"inLanguage\":\"sk-SK\",\"@id\":\"https:\\\/\\\/www.loziskaplus.sk\\\/eshop\\\/produkt\\\/dynamax-cool-12-ultra-1l\\\/#primaryimage\",\"url\":\"https:\\\/\\\/www.loziskaplus.sk\\\/eshop\\\/wp-content\\\/uploads\\\/2024\\\/02\\\/107983-1.jpg?v=1707133710\",\"contentUrl\":\"https:\\\/\\\/www.loziskaplus.sk\\\/eshop\\\/wp-content\\\/uploads\\\/2024\\\/02\\\/107983-1.jpg?v=1707133710\",\"width\":518,\"height\":900},{\"@type\":\"BreadcrumbList\",\"@id\":\"https:\\\/\\\/www.loziskaplus.sk\\\/eshop\\\/produkt\\\/dynamax-cool-12-ultra-1l\\\/#breadcrumb\",\"itemListElement\":[{\"@type\":\"ListItem\",\"position\":1,\"name\":\"Domov\",\"item\":\"https:\\\/\\\/www.loziskaplus.sk\\\/eshop\\\/\"},{\"@type\":\"ListItem\",\"position\":2,\"name\":\"Obchod\",\"item\":\"https:\\\/\\\/www.loziskaplus.sk\\\/eshop\\\/obchod\\\/\"},{\"@type\":\"ListItem\",\"position\":3,\"name\":\"DYNAMAX COOL 12 ULTRA 1L\"}]},{\"@type\":\"WebSite\",\"@id\":\"https:\\\/\\\/www.loziskaplus.sk\\\/eshop\\\/#website\",\"url\":\"https:\\\/\\\/www.loziskaplus.sk\\\/eshop\\\/\",\"name\":\"Lo\u017eisk\u00e1 PLUS\",\"description\":\"\",\"publisher\":{\"@id\":\"https:\\\/\\\/www.loziskaplus.sk\\\/eshop\\\/#organization\"},\"potentialAction\":[{\"@type\":\"SearchAction\",\"target\":{\"@type\":\"EntryPoint\",\"urlTemplate\":\"https:\\\/\\\/www.loziskaplus.sk\\\/eshop\\\/?s={search_term_string}\"},\"query-input\":{\"@type\":\"PropertyValueSpecification\",\"valueRequired\":true,\"valueName\":\"search_term_string\"}}],\"inLanguage\":\"sk-SK\"},{\"@type\":\"Organization\",\"@id\":\"https:\\\/\\\/www.loziskaplus.sk\\\/eshop\\\/#organization\",\"name\":\"Lo\u017eisk\u00e1 PLUS\",\"url\":\"https:\\\/\\\/www.loziskaplus.sk\\\/eshop\\\/\",\"logo\":{\"@type\":\"ImageObject\",\"inLanguage\":\"sk-SK\",\"@id\":\"https:\\\/\\\/www.loziskaplus.sk\\\/eshop\\\/#\\\/schema\\\/logo\\\/image\\\/\",\"url\":\"https:\\\/\\\/www.loziskaplus.sk\\\/eshop\\\/wp-content\\\/uploads\\\/2024\\\/06\\\/logo-facebuk-1.jpg?v=1718619602\",\"contentUrl\":\"https:\\\/\\\/www.loziskaplus.sk\\\/eshop\\\/wp-content\\\/uploads\\\/2024\\\/06\\\/logo-facebuk-1.jpg?v=1718619602\",\"width\":180,\"height\":179,\"caption\":\"Lo\u017eisk\u00e1 PLUS\"},\"image\":{\"@id\":\"https:\\\/\\\/www.loziskaplus.sk\\\/eshop\\\/#\\\/schema\\\/logo\\\/image\\\/\"}}]}<\/script>\n<!-- \/ Yoast SEO plugin. -->","yoast_head_json":{"title":"DYNAMAX COOL 12 ULTRA 1L - Lo\u017eisk\u00e1 PLUS","robots":{"index":"index","follow":"follow","max-snippet":"max-snippet:-1","max-image-preview":"max-image-preview:large","max-video-preview":"max-video-preview:-1"},"canonical":"https:\/\/www.loziskaplus.sk\/eshop\/produkt\/dynamax-cool-12-ultra-1l\/","og_locale":"sk_SK","og_type":"article","og_title":"DYNAMAX COOL 12 ULTRA 1L - Lo\u017eisk\u00e1 PLUS","og_description":"Koncentrovan\u00e1 n\u00edzkotuhn\u00faca chladiaca kvapalina ur\u010den\u00e1 pre najmodernej\u0161ie druhy motorov.DYNAMAX ULTRA G12 je vysoko kvalitn\u00e1 n\u00edzkotuhn\u00faca zmes vyroben\u00e1 z monoetyl\u00e9nglykolu s vysoko progres\u00edvnymi antikor\u00f3znymi pr\u00edsadami, zvl\u00e1\u0161\u0165 vhodn\u00e1 pre chladi\u010de modern\u00fdch hlin\u00edkov\u00fdch a zliatinov\u00fdch chladiacich s\u00fastav spa\u013eovac\u00edch motorov.","og_url":"https:\/\/www.loziskaplus.sk\/eshop\/produkt\/dynamax-cool-12-ultra-1l\/","og_site_name":"Lo\u017eisk\u00e1 PLUS","article_modified_time":"2024-03-05T13:22:28+00:00","og_image":[{"width":518,"height":900,"url":"https:\/\/www.loziskaplus.sk\/eshop\/wp-content\/uploads\/2024\/02\/107983-1.jpg?v=1707133710","type":"image\/jpeg"}],"twitter_card":"summary_large_image","twitter_misc":{"Predpokladan\u00fd \u010das \u010d\u00edtania":"1 min\u00fata"},"schema":{"@context":"https:\/\/schema.org","@graph":[{"@type":"WebPage","@id":"https:\/\/www.loziskaplus.sk\/eshop\/produkt\/dynamax-cool-12-ultra-1l\/","url":"https:\/\/www.loziskaplus.sk\/eshop\/produkt\/dynamax-cool-12-ultra-1l\/","name":"DYNAMAX COOL 12 ULTRA 1L - Lo\u017eisk\u00e1 PLUS","isPartOf":{"@id":"https:\/\/www.loziskaplus.sk\/eshop\/#website"},"primaryImageOfPage":{"@id":"https:\/\/www.loziskaplus.sk\/eshop\/produkt\/dynamax-cool-12-ultra-1l\/#primaryimage"},"image":{"@id":"https:\/\/www.loziskaplus.sk\/eshop\/produkt\/dynamax-cool-12-ultra-1l\/#primaryimage"},"thumbnailUrl":"https:\/\/www.loziskaplus.sk\/eshop\/wp-content\/uploads\/2024\/02\/107983-1.jpg?v=1707133710","datePublished":"2024-02-05T11:48:30+00:00","dateModified":"2024-03-05T13:22:28+00:00","breadcrumb":{"@id":"https:\/\/www.loziskaplus.sk\/eshop\/produkt\/dynamax-cool-12-ultra-1l\/#breadcrumb"},"inLanguage":"sk-SK","potentialAction":[{"@type":"ReadAction","target":["https:\/\/www.loziskaplus.sk\/eshop\/produkt\/dynamax-cool-12-ultra-1l\/"]}]},{"@type":"ImageObject","inLanguage":"sk-SK","@id":"https:\/\/www.loziskaplus.sk\/eshop\/produkt\/dynamax-cool-12-ultra-1l\/#primaryimage","url":"https:\/\/www.loziskaplus.sk\/eshop\/wp-content\/uploads\/2024\/02\/107983-1.jpg?v=1707133710","contentUrl":"https:\/\/www.loziskaplus.sk\/eshop\/wp-content\/uploads\/2024\/02\/107983-1.jpg?v=1707133710","width":518,"height":900},{"@type":"BreadcrumbList","@id":"https:\/\/www.loziskaplus.sk\/eshop\/produkt\/dynamax-cool-12-ultra-1l\/#breadcrumb","itemListElement":[{"@type":"ListItem","position":1,"name":"Domov","item":"https:\/\/www.loziskaplus.sk\/eshop\/"},{"@type":"ListItem","position":2,"name":"Obchod","item":"https:\/\/www.loziskaplus.sk\/eshop\/obchod\/"},{"@type":"ListItem","position":3,"name":"DYNAMAX COOL 12 ULTRA 1L"}]},{"@type":"WebSite","@id":"https:\/\/www.loziskaplus.sk\/eshop\/#website","url":"https:\/\/www.loziskaplus.sk\/eshop\/","name":"Lo\u017eisk\u00e1 PLUS","description":"","publisher":{"@id":"https:\/\/www.loziskaplus.sk\/eshop\/#organization"},"potentialAction":[{"@type":"SearchAction","target":{"@type":"EntryPoint","urlTemplate":"https:\/\/www.loziskaplus.sk\/eshop\/?s={search_term_string}"},"query-input":{"@type":"PropertyValueSpecification","valueRequired":true,"valueName":"search_term_string"}}],"inLanguage":"sk-SK"},{"@type":"Organization","@id":"https:\/\/www.loziskaplus.sk\/eshop\/#organization","name":"Lo\u017eisk\u00e1 PLUS","url":"https:\/\/www.loziskaplus.sk\/eshop\/","logo":{"@type":"ImageObject","inLanguage":"sk-SK","@id":"https:\/\/www.loziskaplus.sk\/eshop\/#\/schema\/logo\/image\/","url":"https:\/\/www.loziskaplus.sk\/eshop\/wp-content\/uploads\/2024\/06\/logo-facebuk-1.jpg?v=1718619602","contentUrl":"https:\/\/www.loziskaplus.sk\/eshop\/wp-content\/uploads\/2024\/06\/logo-facebuk-1.jpg?v=1718619602","width":180,"height":179,"caption":"Lo\u017eisk\u00e1 PLUS"},"image":{"@id":"https:\/\/www.loziskaplus.sk\/eshop\/#\/schema\/logo\/image\/"}}]}},"jetpack_sharing_enabled":true,"_links":{"self":[{"href":"https:\/\/www.loziskaplus.sk\/eshop\/wp-json\/wp\/v2\/product\/6807","targetHints":{"allow":["GET"]}}],"collection":[{"href":"https:\/\/www.loziskaplus.sk\/eshop\/wp-json\/wp\/v2\/product"}],"about":[{"href":"https:\/\/www.loziskaplus.sk\/eshop\/wp-json\/wp\/v2\/types\/product"}],"wp:featuredmedia":[{"embeddable":true,"href":"https:\/\/www.loziskaplus.sk\/eshop\/wp-json\/wp\/v2\/media\/6806"}],"wp:attachment":[{"href":"https:\/\/www.loziskaplus.sk\/eshop\/wp-json\/wp\/v2\/media?parent=6807"}],"wp:term":[{"taxonomy":"product_brand","embeddable":true,"href":"https:\/\/www.loziskaplus.sk\/eshop\/wp-json\/wp\/v2\/product_brand?post=6807"},{"taxonomy":"product_cat","embeddable":true,"href":"https:\/\/www.loziskaplus.sk\/eshop\/wp-json\/wp\/v2\/product_cat?post=6807"},{"taxonomy":"product_tag","embeddable":true,"href":"https:\/\/www.loziskaplus.sk\/eshop\/wp-json\/wp\/v2\/product_tag?post=6807"}],"curies":[{"name":"wp","href":"https:\/\/api.w.org\/{rel}","templated":true}]}}