{"id":6855,"date":"2024-02-05T12:49:51","date_gmt":"2024-02-05T11:49:51","guid":{"rendered":"https:\/\/www.loziskaplus.sk\/eshop\/produkt\/dynamax-m8ad-4l\/"},"modified":"2024-03-05T12:52:56","modified_gmt":"2024-03-05T11:52:56","slug":"dynamax-m8ad-4l","status":"publish","type":"product","link":"https:\/\/www.loziskaplus.sk\/eshop\/produkt\/dynamax-m8ad-4l\/","title":{"rendered":"DYNAMAX M8AD 4L"},"content":{"rendered":"<p>Motorov\u00fd olej DYNAMAX M8AD je ur\u010den\u00fd pre mazanie benz\u00ednov\u00fdch a dieselov\u00fdch \u0161tvortaktn\u00fdch motorov automobilov. Celoro\u010dn\u00fd motorov\u00fd olej DYNAMAX M8AD je ropn\u00fd olej vyroben\u00fd modernou technol\u00f3giou, obsahuj\u00faci viskozitn\u00e9 v\u00fdkonnostn\u00e9 pr\u00edsady. Olej si po\u010das celej doby pou\u017e\u00edvania zachov\u00e1va svoju v\u00fdkonnostn\u00fa triedu. Je ur\u010den\u00fd na celoro\u010dn\u00e9 mazanie benz\u00ednov\u00fdch a dieselov\u00fdch \u0161tvortaktn\u00fdch motorov automobilov. Umo\u017e\u0148uje ve\u013emi dobr\u00e9 \u0161tartovanie motorov pri n\u00edzkych teplot\u00e1ch a z\u00e1rove\u0148 m\u00e1 zna\u010dn\u00fa rezervu viskozity pre letn\u00e9 obdobie.<\/p>\n","protected":false},"excerpt":{"rendered":"<p>Motorov\u00fd olej DYNAMAX M8AD je ur\u010den\u00fd pre mazanie benz\u00ednov\u00fdch a dieselov\u00fdch \u0161tvortaktn\u00fdch motorov automobilov. Celoro\u010dn\u00fd motorov\u00fd olej DYNAMAX M8AD je ropn\u00fd olej vyroben\u00fd modernou technol\u00f3giou, obsahuj\u00faci viskozitn\u00e9 v\u00fdkonnostn\u00e9 pr\u00edsady.Olej si po\u010das celej doby pou\u017e\u00edvania zachov\u00e1va svoju v\u00fdkonnostn\u00fa triedu.<\/p>\n","protected":false},"featured_media":6854,"template":"","meta":[],"product_brand":[],"product_cat":[29,34,33,35,19],"product_tag":[],"class_list":{"0":"post-6855","1":"product","2":"type-product","3":"status-publish","4":"has-post-thumbnail","6":"product_cat-motorove-oleje","7":"product_cat-olej-nakladne-automobily","8":"product_cat-olej-osobne-automobily","9":"product_cat-olej-polnohospodarska-technika","10":"product_cat-oleje","11":"pa_balenie-4l","12":"pa_viskozita-15w-50","13":"pa_vyrobca-dynamax","15":"first","16":"instock","17":"taxable","18":"shipping-taxable","19":"purchasable","20":"product-type-simple"},"yoast_head":"<!-- This site is optimized with the Yoast SEO plugin v27.4 - https:\/\/yoast.com\/product\/yoast-seo-wordpress\/ -->\n<title>DYNAMAX M8AD 4L - Lo\u017eisk\u00e1 PLUS<\/title>\n<meta name=\"robots\" content=\"index, follow, max-snippet:-1, max-image-preview:large, max-video-preview:-1\" \/>\n<link rel=\"canonical\" href=\"https:\/\/www.loziskaplus.sk\/eshop\/produkt\/dynamax-m8ad-4l\/\" \/>\n<meta property=\"og:locale\" content=\"sk_SK\" \/>\n<meta property=\"og:type\" content=\"article\" \/>\n<meta property=\"og:title\" content=\"DYNAMAX M8AD 4L - Lo\u017eisk\u00e1 PLUS\" \/>\n<meta property=\"og:description\" content=\"Motorov\u00fd olej DYNAMAX M8AD je ur\u010den\u00fd pre mazanie benz\u00ednov\u00fdch a dieselov\u00fdch \u0161tvortaktn\u00fdch motorov automobilov. Celoro\u010dn\u00fd motorov\u00fd olej DYNAMAX M8AD je ropn\u00fd olej vyroben\u00fd modernou technol\u00f3giou, obsahuj\u00faci viskozitn\u00e9 v\u00fdkonnostn\u00e9 pr\u00edsady.Olej si po\u010das celej doby pou\u017e\u00edvania zachov\u00e1va svoju v\u00fdkonnostn\u00fa triedu.\" \/>\n<meta property=\"og:url\" content=\"https:\/\/www.loziskaplus.sk\/eshop\/produkt\/dynamax-m8ad-4l\/\" \/>\n<meta property=\"og:site_name\" content=\"Lo\u017eisk\u00e1 PLUS\" \/>\n<meta property=\"article:modified_time\" content=\"2024-03-05T11:52:56+00:00\" \/>\n<meta property=\"og:image\" content=\"https:\/\/www.loziskaplus.sk\/eshop\/wp-content\/uploads\/2024\/02\/6657-1.jpg?v=1707133791\" \/>\n\t<meta property=\"og:image:width\" content=\"626\" \/>\n\t<meta property=\"og:image:height\" content=\"595\" \/>\n\t<meta property=\"og:image:type\" content=\"image\/jpeg\" \/>\n<meta name=\"twitter:card\" content=\"summary_large_image\" \/>\n<meta name=\"twitter:label1\" content=\"Predpokladan\u00fd \u010das \u010d\u00edtania\" \/>\n\t<meta name=\"twitter:data1\" content=\"1 min\u00fata\" \/>\n<script type=\"application\/ld+json\" class=\"yoast-schema-graph\">{\"@context\":\"https:\\\/\\\/schema.org\",\"@graph\":[{\"@type\":\"WebPage\",\"@id\":\"https:\\\/\\\/www.loziskaplus.sk\\\/eshop\\\/produkt\\\/dynamax-m8ad-4l\\\/\",\"url\":\"https:\\\/\\\/www.loziskaplus.sk\\\/eshop\\\/produkt\\\/dynamax-m8ad-4l\\\/\",\"name\":\"DYNAMAX M8AD 4L - Lo\u017eisk\u00e1 PLUS\",\"isPartOf\":{\"@id\":\"https:\\\/\\\/www.loziskaplus.sk\\\/eshop\\\/#website\"},\"primaryImageOfPage\":{\"@id\":\"https:\\\/\\\/www.loziskaplus.sk\\\/eshop\\\/produkt\\\/dynamax-m8ad-4l\\\/#primaryimage\"},\"image\":{\"@id\":\"https:\\\/\\\/www.loziskaplus.sk\\\/eshop\\\/produkt\\\/dynamax-m8ad-4l\\\/#primaryimage\"},\"thumbnailUrl\":\"https:\\\/\\\/www.loziskaplus.sk\\\/eshop\\\/wp-content\\\/uploads\\\/2024\\\/02\\\/6657-1.jpg?v=1707133791\",\"datePublished\":\"2024-02-05T11:49:51+00:00\",\"dateModified\":\"2024-03-05T11:52:56+00:00\",\"breadcrumb\":{\"@id\":\"https:\\\/\\\/www.loziskaplus.sk\\\/eshop\\\/produkt\\\/dynamax-m8ad-4l\\\/#breadcrumb\"},\"inLanguage\":\"sk-SK\",\"potentialAction\":[{\"@type\":\"ReadAction\",\"target\":[\"https:\\\/\\\/www.loziskaplus.sk\\\/eshop\\\/produkt\\\/dynamax-m8ad-4l\\\/\"]}]},{\"@type\":\"ImageObject\",\"inLanguage\":\"sk-SK\",\"@id\":\"https:\\\/\\\/www.loziskaplus.sk\\\/eshop\\\/produkt\\\/dynamax-m8ad-4l\\\/#primaryimage\",\"url\":\"https:\\\/\\\/www.loziskaplus.sk\\\/eshop\\\/wp-content\\\/uploads\\\/2024\\\/02\\\/6657-1.jpg?v=1707133791\",\"contentUrl\":\"https:\\\/\\\/www.loziskaplus.sk\\\/eshop\\\/wp-content\\\/uploads\\\/2024\\\/02\\\/6657-1.jpg?v=1707133791\",\"width\":626,\"height\":595},{\"@type\":\"BreadcrumbList\",\"@id\":\"https:\\\/\\\/www.loziskaplus.sk\\\/eshop\\\/produkt\\\/dynamax-m8ad-4l\\\/#breadcrumb\",\"itemListElement\":[{\"@type\":\"ListItem\",\"position\":1,\"name\":\"Domov\",\"item\":\"https:\\\/\\\/www.loziskaplus.sk\\\/eshop\\\/\"},{\"@type\":\"ListItem\",\"position\":2,\"name\":\"Obchod\",\"item\":\"https:\\\/\\\/www.loziskaplus.sk\\\/eshop\\\/obchod\\\/\"},{\"@type\":\"ListItem\",\"position\":3,\"name\":\"DYNAMAX M8AD 4L\"}]},{\"@type\":\"WebSite\",\"@id\":\"https:\\\/\\\/www.loziskaplus.sk\\\/eshop\\\/#website\",\"url\":\"https:\\\/\\\/www.loziskaplus.sk\\\/eshop\\\/\",\"name\":\"Lo\u017eisk\u00e1 PLUS\",\"description\":\"\",\"publisher\":{\"@id\":\"https:\\\/\\\/www.loziskaplus.sk\\\/eshop\\\/#organization\"},\"potentialAction\":[{\"@type\":\"SearchAction\",\"target\":{\"@type\":\"EntryPoint\",\"urlTemplate\":\"https:\\\/\\\/www.loziskaplus.sk\\\/eshop\\\/?s={search_term_string}\"},\"query-input\":{\"@type\":\"PropertyValueSpecification\",\"valueRequired\":true,\"valueName\":\"search_term_string\"}}],\"inLanguage\":\"sk-SK\"},{\"@type\":\"Organization\",\"@id\":\"https:\\\/\\\/www.loziskaplus.sk\\\/eshop\\\/#organization\",\"name\":\"Lo\u017eisk\u00e1 PLUS\",\"url\":\"https:\\\/\\\/www.loziskaplus.sk\\\/eshop\\\/\",\"logo\":{\"@type\":\"ImageObject\",\"inLanguage\":\"sk-SK\",\"@id\":\"https:\\\/\\\/www.loziskaplus.sk\\\/eshop\\\/#\\\/schema\\\/logo\\\/image\\\/\",\"url\":\"https:\\\/\\\/www.loziskaplus.sk\\\/eshop\\\/wp-content\\\/uploads\\\/2024\\\/06\\\/logo-facebuk-1.jpg?v=1718619602\",\"contentUrl\":\"https:\\\/\\\/www.loziskaplus.sk\\\/eshop\\\/wp-content\\\/uploads\\\/2024\\\/06\\\/logo-facebuk-1.jpg?v=1718619602\",\"width\":180,\"height\":179,\"caption\":\"Lo\u017eisk\u00e1 PLUS\"},\"image\":{\"@id\":\"https:\\\/\\\/www.loziskaplus.sk\\\/eshop\\\/#\\\/schema\\\/logo\\\/image\\\/\"}}]}<\/script>\n<!-- \/ Yoast SEO plugin. -->","yoast_head_json":{"title":"DYNAMAX M8AD 4L - Lo\u017eisk\u00e1 PLUS","robots":{"index":"index","follow":"follow","max-snippet":"max-snippet:-1","max-image-preview":"max-image-preview:large","max-video-preview":"max-video-preview:-1"},"canonical":"https:\/\/www.loziskaplus.sk\/eshop\/produkt\/dynamax-m8ad-4l\/","og_locale":"sk_SK","og_type":"article","og_title":"DYNAMAX M8AD 4L - Lo\u017eisk\u00e1 PLUS","og_description":"Motorov\u00fd olej DYNAMAX M8AD je ur\u010den\u00fd pre mazanie benz\u00ednov\u00fdch a dieselov\u00fdch \u0161tvortaktn\u00fdch motorov automobilov. Celoro\u010dn\u00fd motorov\u00fd olej DYNAMAX M8AD je ropn\u00fd olej vyroben\u00fd modernou technol\u00f3giou, obsahuj\u00faci viskozitn\u00e9 v\u00fdkonnostn\u00e9 pr\u00edsady.Olej si po\u010das celej doby pou\u017e\u00edvania zachov\u00e1va svoju v\u00fdkonnostn\u00fa triedu.","og_url":"https:\/\/www.loziskaplus.sk\/eshop\/produkt\/dynamax-m8ad-4l\/","og_site_name":"Lo\u017eisk\u00e1 PLUS","article_modified_time":"2024-03-05T11:52:56+00:00","og_image":[{"width":626,"height":595,"url":"https:\/\/www.loziskaplus.sk\/eshop\/wp-content\/uploads\/2024\/02\/6657-1.jpg?v=1707133791","type":"image\/jpeg"}],"twitter_card":"summary_large_image","twitter_misc":{"Predpokladan\u00fd \u010das \u010d\u00edtania":"1 min\u00fata"},"schema":{"@context":"https:\/\/schema.org","@graph":[{"@type":"WebPage","@id":"https:\/\/www.loziskaplus.sk\/eshop\/produkt\/dynamax-m8ad-4l\/","url":"https:\/\/www.loziskaplus.sk\/eshop\/produkt\/dynamax-m8ad-4l\/","name":"DYNAMAX M8AD 4L - Lo\u017eisk\u00e1 PLUS","isPartOf":{"@id":"https:\/\/www.loziskaplus.sk\/eshop\/#website"},"primaryImageOfPage":{"@id":"https:\/\/www.loziskaplus.sk\/eshop\/produkt\/dynamax-m8ad-4l\/#primaryimage"},"image":{"@id":"https:\/\/www.loziskaplus.sk\/eshop\/produkt\/dynamax-m8ad-4l\/#primaryimage"},"thumbnailUrl":"https:\/\/www.loziskaplus.sk\/eshop\/wp-content\/uploads\/2024\/02\/6657-1.jpg?v=1707133791","datePublished":"2024-02-05T11:49:51+00:00","dateModified":"2024-03-05T11:52:56+00:00","breadcrumb":{"@id":"https:\/\/www.loziskaplus.sk\/eshop\/produkt\/dynamax-m8ad-4l\/#breadcrumb"},"inLanguage":"sk-SK","potentialAction":[{"@type":"ReadAction","target":["https:\/\/www.loziskaplus.sk\/eshop\/produkt\/dynamax-m8ad-4l\/"]}]},{"@type":"ImageObject","inLanguage":"sk-SK","@id":"https:\/\/www.loziskaplus.sk\/eshop\/produkt\/dynamax-m8ad-4l\/#primaryimage","url":"https:\/\/www.loziskaplus.sk\/eshop\/wp-content\/uploads\/2024\/02\/6657-1.jpg?v=1707133791","contentUrl":"https:\/\/www.loziskaplus.sk\/eshop\/wp-content\/uploads\/2024\/02\/6657-1.jpg?v=1707133791","width":626,"height":595},{"@type":"BreadcrumbList","@id":"https:\/\/www.loziskaplus.sk\/eshop\/produkt\/dynamax-m8ad-4l\/#breadcrumb","itemListElement":[{"@type":"ListItem","position":1,"name":"Domov","item":"https:\/\/www.loziskaplus.sk\/eshop\/"},{"@type":"ListItem","position":2,"name":"Obchod","item":"https:\/\/www.loziskaplus.sk\/eshop\/obchod\/"},{"@type":"ListItem","position":3,"name":"DYNAMAX M8AD 4L"}]},{"@type":"WebSite","@id":"https:\/\/www.loziskaplus.sk\/eshop\/#website","url":"https:\/\/www.loziskaplus.sk\/eshop\/","name":"Lo\u017eisk\u00e1 PLUS","description":"","publisher":{"@id":"https:\/\/www.loziskaplus.sk\/eshop\/#organization"},"potentialAction":[{"@type":"SearchAction","target":{"@type":"EntryPoint","urlTemplate":"https:\/\/www.loziskaplus.sk\/eshop\/?s={search_term_string}"},"query-input":{"@type":"PropertyValueSpecification","valueRequired":true,"valueName":"search_term_string"}}],"inLanguage":"sk-SK"},{"@type":"Organization","@id":"https:\/\/www.loziskaplus.sk\/eshop\/#organization","name":"Lo\u017eisk\u00e1 PLUS","url":"https:\/\/www.loziskaplus.sk\/eshop\/","logo":{"@type":"ImageObject","inLanguage":"sk-SK","@id":"https:\/\/www.loziskaplus.sk\/eshop\/#\/schema\/logo\/image\/","url":"https:\/\/www.loziskaplus.sk\/eshop\/wp-content\/uploads\/2024\/06\/logo-facebuk-1.jpg?v=1718619602","contentUrl":"https:\/\/www.loziskaplus.sk\/eshop\/wp-content\/uploads\/2024\/06\/logo-facebuk-1.jpg?v=1718619602","width":180,"height":179,"caption":"Lo\u017eisk\u00e1 PLUS"},"image":{"@id":"https:\/\/www.loziskaplus.sk\/eshop\/#\/schema\/logo\/image\/"}}]}},"jetpack_sharing_enabled":true,"_links":{"self":[{"href":"https:\/\/www.loziskaplus.sk\/eshop\/wp-json\/wp\/v2\/product\/6855","targetHints":{"allow":["GET"]}}],"collection":[{"href":"https:\/\/www.loziskaplus.sk\/eshop\/wp-json\/wp\/v2\/product"}],"about":[{"href":"https:\/\/www.loziskaplus.sk\/eshop\/wp-json\/wp\/v2\/types\/product"}],"wp:featuredmedia":[{"embeddable":true,"href":"https:\/\/www.loziskaplus.sk\/eshop\/wp-json\/wp\/v2\/media\/6854"}],"wp:attachment":[{"href":"https:\/\/www.loziskaplus.sk\/eshop\/wp-json\/wp\/v2\/media?parent=6855"}],"wp:term":[{"taxonomy":"product_brand","embeddable":true,"href":"https:\/\/www.loziskaplus.sk\/eshop\/wp-json\/wp\/v2\/product_brand?post=6855"},{"taxonomy":"product_cat","embeddable":true,"href":"https:\/\/www.loziskaplus.sk\/eshop\/wp-json\/wp\/v2\/product_cat?post=6855"},{"taxonomy":"product_tag","embeddable":true,"href":"https:\/\/www.loziskaplus.sk\/eshop\/wp-json\/wp\/v2\/product_tag?post=6855"}],"curies":[{"name":"wp","href":"https:\/\/api.w.org\/{rel}","templated":true}]}}