{"id":6959,"date":"2024-02-05T12:52:26","date_gmt":"2024-02-05T11:52:26","guid":{"rendered":"https:\/\/www.loziskaplus.sk\/eshop\/produkt\/dynamax-tractor-plus-l-15w40-20l\/"},"modified":"2024-03-06T12:33:58","modified_gmt":"2024-03-06T11:33:58","slug":"dynamax-tractor-plus-l-15w40-20l","status":"publish","type":"product","link":"https:\/\/www.loziskaplus.sk\/eshop\/produkt\/dynamax-tractor-plus-l-15w40-20l\/","title":{"rendered":"DYNAMAX TRACTOR PLUS L 15W40 20L"},"content":{"rendered":"<p>Motorov\u00fd olej DYNAMAX TRACTOR PLUS L 15W-40 je predstavite\u013e novej gener\u00e1cie motorov\u00fdch olejov SHPDO, sp\u013a\u0148aj\u00faci po\u017eiadavky najn\u00e1ro\u010dnej\u0161\u00edch naftov\u00fdch motorov. Je to celoro\u010dn\u00fd olej s vysok\u00fdm obsahom v\u00fdkonnostn\u00fdch pr\u00edsad, ktor\u00e9 zabezpe\u010duj\u00fa vynikaj\u00facu ochranu motora aj pri pred\u013a\u017een\u00fdch v\u00fdmenn\u00fdch intervaloch. Je vhodn\u00fd aj na mazanie motorov \u013eahk\u00fdch dod\u00e1vkov\u00fdch automobilov s naftov\u00fdm motorom.<\/p>\n","protected":false},"excerpt":{"rendered":"<p>Motorov\u00fd olej DYNAMAX TRACTOR PLUS L 15W-40 je predstavite\u013e novej gener\u00e1cie motorov\u00fdch olejov SHPDO, sp\u013a\u0148aj\u00faci po\u017eiadavky najn\u00e1ro\u010dnej\u0161\u00edch naftov\u00fdch motorov. Je to celoro\u010dn\u00fd olej s vysok\u00fdm obsahom v\u00fdkonnostn\u00fdch pr\u00edsad, ktor\u00e9 zabezpe\u010duj\u00fa vynikaj\u00facu ochranu motora aj pri pred\u013a\u017een\u00fdch v\u00fdmenn\u00fdch intervaloch. Je vhodn\u00fd aj na mazanie motorov \u013eahk\u00fdch dod\u00e1vkov\u00fdch automobilov s naftov\u00fdm motorom.<\/p>\n","protected":false},"featured_media":6958,"template":"","meta":[],"product_brand":[],"product_cat":[29,34,35,19],"product_tag":[],"class_list":{"0":"post-6959","1":"product","2":"type-product","3":"status-publish","4":"has-post-thumbnail","6":"product_cat-motorove-oleje","7":"product_cat-olej-nakladne-automobily","8":"product_cat-olej-polnohospodarska-technika","9":"product_cat-oleje","10":"pa_balenie-20l","11":"pa_viskozita-15w-40","12":"pa_vyrobca-dynamax","14":"first","15":"instock","16":"taxable","17":"shipping-taxable","18":"purchasable","19":"product-type-simple"},"yoast_head":"<!-- This site is optimized with the Yoast SEO plugin v27.4 - https:\/\/yoast.com\/product\/yoast-seo-wordpress\/ -->\n<title>DYNAMAX TRACTOR PLUS L 15W40 20L - Lo\u017eisk\u00e1 PLUS<\/title>\n<meta name=\"robots\" content=\"index, follow, max-snippet:-1, max-image-preview:large, max-video-preview:-1\" \/>\n<link rel=\"canonical\" href=\"https:\/\/www.loziskaplus.sk\/eshop\/produkt\/dynamax-tractor-plus-l-15w40-20l\/\" \/>\n<meta property=\"og:locale\" content=\"sk_SK\" \/>\n<meta property=\"og:type\" content=\"article\" \/>\n<meta property=\"og:title\" content=\"DYNAMAX TRACTOR PLUS L 15W40 20L - Lo\u017eisk\u00e1 PLUS\" \/>\n<meta property=\"og:description\" content=\"Motorov\u00fd olej DYNAMAX TRACTOR PLUS L 15W-40 je predstavite\u013e novej gener\u00e1cie motorov\u00fdch olejov SHPDO, sp\u013a\u0148aj\u00faci po\u017eiadavky najn\u00e1ro\u010dnej\u0161\u00edch naftov\u00fdch motorov. Je to celoro\u010dn\u00fd olej s vysok\u00fdm obsahom v\u00fdkonnostn\u00fdch pr\u00edsad, ktor\u00e9 zabezpe\u010duj\u00fa vynikaj\u00facu ochranu motora aj pri pred\u013a\u017een\u00fdch v\u00fdmenn\u00fdch intervaloch. Je vhodn\u00fd aj na mazanie motorov \u013eahk\u00fdch dod\u00e1vkov\u00fdch automobilov s naftov\u00fdm motorom.\" \/>\n<meta property=\"og:url\" content=\"https:\/\/www.loziskaplus.sk\/eshop\/produkt\/dynamax-tractor-plus-l-15w40-20l\/\" \/>\n<meta property=\"og:site_name\" content=\"Lo\u017eisk\u00e1 PLUS\" \/>\n<meta property=\"article:modified_time\" content=\"2024-03-06T11:33:58+00:00\" \/>\n<meta property=\"og:image\" content=\"https:\/\/www.loziskaplus.sk\/eshop\/wp-content\/uploads\/2024\/02\/6809-1.jpg?v=1707133946\" \/>\n\t<meta property=\"og:image:width\" content=\"552\" \/>\n\t<meta property=\"og:image:height\" content=\"900\" \/>\n\t<meta property=\"og:image:type\" content=\"image\/jpeg\" \/>\n<meta name=\"twitter:card\" content=\"summary_large_image\" \/>\n<meta name=\"twitter:label1\" content=\"Predpokladan\u00fd \u010das \u010d\u00edtania\" \/>\n\t<meta name=\"twitter:data1\" content=\"1 min\u00fata\" \/>\n<script type=\"application\/ld+json\" class=\"yoast-schema-graph\">{\"@context\":\"https:\\\/\\\/schema.org\",\"@graph\":[{\"@type\":\"WebPage\",\"@id\":\"https:\\\/\\\/www.loziskaplus.sk\\\/eshop\\\/produkt\\\/dynamax-tractor-plus-l-15w40-20l\\\/\",\"url\":\"https:\\\/\\\/www.loziskaplus.sk\\\/eshop\\\/produkt\\\/dynamax-tractor-plus-l-15w40-20l\\\/\",\"name\":\"DYNAMAX TRACTOR PLUS L 15W40 20L - Lo\u017eisk\u00e1 PLUS\",\"isPartOf\":{\"@id\":\"https:\\\/\\\/www.loziskaplus.sk\\\/eshop\\\/#website\"},\"primaryImageOfPage\":{\"@id\":\"https:\\\/\\\/www.loziskaplus.sk\\\/eshop\\\/produkt\\\/dynamax-tractor-plus-l-15w40-20l\\\/#primaryimage\"},\"image\":{\"@id\":\"https:\\\/\\\/www.loziskaplus.sk\\\/eshop\\\/produkt\\\/dynamax-tractor-plus-l-15w40-20l\\\/#primaryimage\"},\"thumbnailUrl\":\"https:\\\/\\\/www.loziskaplus.sk\\\/eshop\\\/wp-content\\\/uploads\\\/2024\\\/02\\\/6809-1.jpg?v=1707133946\",\"datePublished\":\"2024-02-05T11:52:26+00:00\",\"dateModified\":\"2024-03-06T11:33:58+00:00\",\"breadcrumb\":{\"@id\":\"https:\\\/\\\/www.loziskaplus.sk\\\/eshop\\\/produkt\\\/dynamax-tractor-plus-l-15w40-20l\\\/#breadcrumb\"},\"inLanguage\":\"sk-SK\",\"potentialAction\":[{\"@type\":\"ReadAction\",\"target\":[\"https:\\\/\\\/www.loziskaplus.sk\\\/eshop\\\/produkt\\\/dynamax-tractor-plus-l-15w40-20l\\\/\"]}]},{\"@type\":\"ImageObject\",\"inLanguage\":\"sk-SK\",\"@id\":\"https:\\\/\\\/www.loziskaplus.sk\\\/eshop\\\/produkt\\\/dynamax-tractor-plus-l-15w40-20l\\\/#primaryimage\",\"url\":\"https:\\\/\\\/www.loziskaplus.sk\\\/eshop\\\/wp-content\\\/uploads\\\/2024\\\/02\\\/6809-1.jpg?v=1707133946\",\"contentUrl\":\"https:\\\/\\\/www.loziskaplus.sk\\\/eshop\\\/wp-content\\\/uploads\\\/2024\\\/02\\\/6809-1.jpg?v=1707133946\",\"width\":552,\"height\":900},{\"@type\":\"BreadcrumbList\",\"@id\":\"https:\\\/\\\/www.loziskaplus.sk\\\/eshop\\\/produkt\\\/dynamax-tractor-plus-l-15w40-20l\\\/#breadcrumb\",\"itemListElement\":[{\"@type\":\"ListItem\",\"position\":1,\"name\":\"Domov\",\"item\":\"https:\\\/\\\/www.loziskaplus.sk\\\/eshop\\\/\"},{\"@type\":\"ListItem\",\"position\":2,\"name\":\"Obchod\",\"item\":\"https:\\\/\\\/www.loziskaplus.sk\\\/eshop\\\/obchod\\\/\"},{\"@type\":\"ListItem\",\"position\":3,\"name\":\"DYNAMAX TRACTOR PLUS L 15W40 20L\"}]},{\"@type\":\"WebSite\",\"@id\":\"https:\\\/\\\/www.loziskaplus.sk\\\/eshop\\\/#website\",\"url\":\"https:\\\/\\\/www.loziskaplus.sk\\\/eshop\\\/\",\"name\":\"Lo\u017eisk\u00e1 PLUS\",\"description\":\"\",\"publisher\":{\"@id\":\"https:\\\/\\\/www.loziskaplus.sk\\\/eshop\\\/#organization\"},\"potentialAction\":[{\"@type\":\"SearchAction\",\"target\":{\"@type\":\"EntryPoint\",\"urlTemplate\":\"https:\\\/\\\/www.loziskaplus.sk\\\/eshop\\\/?s={search_term_string}\"},\"query-input\":{\"@type\":\"PropertyValueSpecification\",\"valueRequired\":true,\"valueName\":\"search_term_string\"}}],\"inLanguage\":\"sk-SK\"},{\"@type\":\"Organization\",\"@id\":\"https:\\\/\\\/www.loziskaplus.sk\\\/eshop\\\/#organization\",\"name\":\"Lo\u017eisk\u00e1 PLUS\",\"url\":\"https:\\\/\\\/www.loziskaplus.sk\\\/eshop\\\/\",\"logo\":{\"@type\":\"ImageObject\",\"inLanguage\":\"sk-SK\",\"@id\":\"https:\\\/\\\/www.loziskaplus.sk\\\/eshop\\\/#\\\/schema\\\/logo\\\/image\\\/\",\"url\":\"https:\\\/\\\/www.loziskaplus.sk\\\/eshop\\\/wp-content\\\/uploads\\\/2024\\\/06\\\/logo-facebuk-1.jpg?v=1718619602\",\"contentUrl\":\"https:\\\/\\\/www.loziskaplus.sk\\\/eshop\\\/wp-content\\\/uploads\\\/2024\\\/06\\\/logo-facebuk-1.jpg?v=1718619602\",\"width\":180,\"height\":179,\"caption\":\"Lo\u017eisk\u00e1 PLUS\"},\"image\":{\"@id\":\"https:\\\/\\\/www.loziskaplus.sk\\\/eshop\\\/#\\\/schema\\\/logo\\\/image\\\/\"}}]}<\/script>\n<!-- \/ Yoast SEO plugin. -->","yoast_head_json":{"title":"DYNAMAX TRACTOR PLUS L 15W40 20L - Lo\u017eisk\u00e1 PLUS","robots":{"index":"index","follow":"follow","max-snippet":"max-snippet:-1","max-image-preview":"max-image-preview:large","max-video-preview":"max-video-preview:-1"},"canonical":"https:\/\/www.loziskaplus.sk\/eshop\/produkt\/dynamax-tractor-plus-l-15w40-20l\/","og_locale":"sk_SK","og_type":"article","og_title":"DYNAMAX TRACTOR PLUS L 15W40 20L - Lo\u017eisk\u00e1 PLUS","og_description":"Motorov\u00fd olej DYNAMAX TRACTOR PLUS L 15W-40 je predstavite\u013e novej gener\u00e1cie motorov\u00fdch olejov SHPDO, sp\u013a\u0148aj\u00faci po\u017eiadavky najn\u00e1ro\u010dnej\u0161\u00edch naftov\u00fdch motorov. Je to celoro\u010dn\u00fd olej s vysok\u00fdm obsahom v\u00fdkonnostn\u00fdch pr\u00edsad, ktor\u00e9 zabezpe\u010duj\u00fa vynikaj\u00facu ochranu motora aj pri pred\u013a\u017een\u00fdch v\u00fdmenn\u00fdch intervaloch. Je vhodn\u00fd aj na mazanie motorov \u013eahk\u00fdch dod\u00e1vkov\u00fdch automobilov s naftov\u00fdm motorom.","og_url":"https:\/\/www.loziskaplus.sk\/eshop\/produkt\/dynamax-tractor-plus-l-15w40-20l\/","og_site_name":"Lo\u017eisk\u00e1 PLUS","article_modified_time":"2024-03-06T11:33:58+00:00","og_image":[{"width":552,"height":900,"url":"https:\/\/www.loziskaplus.sk\/eshop\/wp-content\/uploads\/2024\/02\/6809-1.jpg?v=1707133946","type":"image\/jpeg"}],"twitter_card":"summary_large_image","twitter_misc":{"Predpokladan\u00fd \u010das \u010d\u00edtania":"1 min\u00fata"},"schema":{"@context":"https:\/\/schema.org","@graph":[{"@type":"WebPage","@id":"https:\/\/www.loziskaplus.sk\/eshop\/produkt\/dynamax-tractor-plus-l-15w40-20l\/","url":"https:\/\/www.loziskaplus.sk\/eshop\/produkt\/dynamax-tractor-plus-l-15w40-20l\/","name":"DYNAMAX TRACTOR PLUS L 15W40 20L - Lo\u017eisk\u00e1 PLUS","isPartOf":{"@id":"https:\/\/www.loziskaplus.sk\/eshop\/#website"},"primaryImageOfPage":{"@id":"https:\/\/www.loziskaplus.sk\/eshop\/produkt\/dynamax-tractor-plus-l-15w40-20l\/#primaryimage"},"image":{"@id":"https:\/\/www.loziskaplus.sk\/eshop\/produkt\/dynamax-tractor-plus-l-15w40-20l\/#primaryimage"},"thumbnailUrl":"https:\/\/www.loziskaplus.sk\/eshop\/wp-content\/uploads\/2024\/02\/6809-1.jpg?v=1707133946","datePublished":"2024-02-05T11:52:26+00:00","dateModified":"2024-03-06T11:33:58+00:00","breadcrumb":{"@id":"https:\/\/www.loziskaplus.sk\/eshop\/produkt\/dynamax-tractor-plus-l-15w40-20l\/#breadcrumb"},"inLanguage":"sk-SK","potentialAction":[{"@type":"ReadAction","target":["https:\/\/www.loziskaplus.sk\/eshop\/produkt\/dynamax-tractor-plus-l-15w40-20l\/"]}]},{"@type":"ImageObject","inLanguage":"sk-SK","@id":"https:\/\/www.loziskaplus.sk\/eshop\/produkt\/dynamax-tractor-plus-l-15w40-20l\/#primaryimage","url":"https:\/\/www.loziskaplus.sk\/eshop\/wp-content\/uploads\/2024\/02\/6809-1.jpg?v=1707133946","contentUrl":"https:\/\/www.loziskaplus.sk\/eshop\/wp-content\/uploads\/2024\/02\/6809-1.jpg?v=1707133946","width":552,"height":900},{"@type":"BreadcrumbList","@id":"https:\/\/www.loziskaplus.sk\/eshop\/produkt\/dynamax-tractor-plus-l-15w40-20l\/#breadcrumb","itemListElement":[{"@type":"ListItem","position":1,"name":"Domov","item":"https:\/\/www.loziskaplus.sk\/eshop\/"},{"@type":"ListItem","position":2,"name":"Obchod","item":"https:\/\/www.loziskaplus.sk\/eshop\/obchod\/"},{"@type":"ListItem","position":3,"name":"DYNAMAX TRACTOR PLUS L 15W40 20L"}]},{"@type":"WebSite","@id":"https:\/\/www.loziskaplus.sk\/eshop\/#website","url":"https:\/\/www.loziskaplus.sk\/eshop\/","name":"Lo\u017eisk\u00e1 PLUS","description":"","publisher":{"@id":"https:\/\/www.loziskaplus.sk\/eshop\/#organization"},"potentialAction":[{"@type":"SearchAction","target":{"@type":"EntryPoint","urlTemplate":"https:\/\/www.loziskaplus.sk\/eshop\/?s={search_term_string}"},"query-input":{"@type":"PropertyValueSpecification","valueRequired":true,"valueName":"search_term_string"}}],"inLanguage":"sk-SK"},{"@type":"Organization","@id":"https:\/\/www.loziskaplus.sk\/eshop\/#organization","name":"Lo\u017eisk\u00e1 PLUS","url":"https:\/\/www.loziskaplus.sk\/eshop\/","logo":{"@type":"ImageObject","inLanguage":"sk-SK","@id":"https:\/\/www.loziskaplus.sk\/eshop\/#\/schema\/logo\/image\/","url":"https:\/\/www.loziskaplus.sk\/eshop\/wp-content\/uploads\/2024\/06\/logo-facebuk-1.jpg?v=1718619602","contentUrl":"https:\/\/www.loziskaplus.sk\/eshop\/wp-content\/uploads\/2024\/06\/logo-facebuk-1.jpg?v=1718619602","width":180,"height":179,"caption":"Lo\u017eisk\u00e1 PLUS"},"image":{"@id":"https:\/\/www.loziskaplus.sk\/eshop\/#\/schema\/logo\/image\/"}}]}},"jetpack_sharing_enabled":true,"_links":{"self":[{"href":"https:\/\/www.loziskaplus.sk\/eshop\/wp-json\/wp\/v2\/product\/6959","targetHints":{"allow":["GET"]}}],"collection":[{"href":"https:\/\/www.loziskaplus.sk\/eshop\/wp-json\/wp\/v2\/product"}],"about":[{"href":"https:\/\/www.loziskaplus.sk\/eshop\/wp-json\/wp\/v2\/types\/product"}],"wp:featuredmedia":[{"embeddable":true,"href":"https:\/\/www.loziskaplus.sk\/eshop\/wp-json\/wp\/v2\/media\/6958"}],"wp:attachment":[{"href":"https:\/\/www.loziskaplus.sk\/eshop\/wp-json\/wp\/v2\/media?parent=6959"}],"wp:term":[{"taxonomy":"product_brand","embeddable":true,"href":"https:\/\/www.loziskaplus.sk\/eshop\/wp-json\/wp\/v2\/product_brand?post=6959"},{"taxonomy":"product_cat","embeddable":true,"href":"https:\/\/www.loziskaplus.sk\/eshop\/wp-json\/wp\/v2\/product_cat?post=6959"},{"taxonomy":"product_tag","embeddable":true,"href":"https:\/\/www.loziskaplus.sk\/eshop\/wp-json\/wp\/v2\/product_tag?post=6959"}],"curies":[{"name":"wp","href":"https:\/\/api.w.org\/{rel}","templated":true}]}}