{"id":6971,"date":"2024-02-05T12:52:45","date_gmt":"2024-02-05T11:52:45","guid":{"rendered":"https:\/\/www.loziskaplus.sk\/eshop\/produkt\/dxg2-tekuty-stierac-500ml\/"},"modified":"2024-02-29T12:39:08","modified_gmt":"2024-02-29T11:39:08","slug":"dxg2-tekuty-stierac-500ml","status":"publish","type":"product","link":"https:\/\/www.loziskaplus.sk\/eshop\/produkt\/dxg2-tekuty-stierac-500ml\/","title":{"rendered":"DXG2 &#8211; TEKUT\u00dd STIERA\u010c 500ML"},"content":{"rendered":"<p>Zlep\u0161uje vidite\u013enos\u0165 v mokrom po\u010das\u00ed, po\u010das hmly a pri sne\u017een\u00ed! DYNAMAX Rain off funguje na b\u00e1ze technol\u00f3gie zlu\u010dovania sa da\u017e\u010fov\u00fdch kvapiek pre zv\u00fd\u0161enie vidite\u013enosti po\u010das jazdy bez pou\u017eitia stiera\u010dov. Odpudzuje d\u00e1\u017e\u010f t\u00fdm, \u017ee sp\u00f4sob\u00ed zl\u00fa\u010denie sa kvapiek. Zni\u017euje pri\u013enavos\u0165 ne\u010dist\u00f4t a hmyzu, napom\u00e1ha k vyh\u013eadeniu mikroskopick\u00fdch \u0161krabancov na skle a zni\u017euje odrazy svetla na t\u00fdchto miestach. Tento antistatick\u00fd prostriedok tie\u017e zni\u017euje tvorbu n\u00e1mrazy a zabra\u0148uje jej op\u00e4tovn\u00e9mu vzniku. Pou\u017eitie: R\u00fdchle a jednoduch\u00e9 pou\u017eitie &#8211; sta\u010d\u00ed nastrieka\u0165 a vyle\u0161ti\u0165. Nastriekajte priamo na o\u010disten\u00fd a such\u00fd povrch skla vozidla a utrie\u0165 do sucha.<\/p>\n","protected":false},"excerpt":{"rendered":"<p>Zlep\u0161uje vidite\u013enos\u0165 v mokrom po\u010das\u00ed, po\u010das hmly a pri sne\u017een\u00ed! DYNAMAX Rain off funguje na b\u00e1ze technol\u00f3gie zlu\u010dovania sa da\u017e\u010fov\u00fdch kvapiek pre zv\u00fd\u0161enie vidite\u013enosti po\u010das jazdy bez pou\u017eitia stiera\u010dov.\u00a0Zni\u017euje pri\u013enavos\u0165 ne\u010dist\u00f4t a hmyzu, napom\u00e1ha k vyh\u013eadeniu mikroskopick\u00fdch \u0161krabancov na skle a zni\u017euje odrazy svetla na t\u00fdchto miestach.<\/p>\n","protected":false},"featured_media":6970,"template":"","meta":[],"product_brand":[],"product_cat":[112,122],"product_tag":[],"class_list":{"0":"post-6971","1":"product","2":"type-product","3":"status-publish","4":"has-post-thumbnail","6":"product_cat-autokozmetika","7":"product_cat-univerzalne-diely-a-prislusenstvo-na-auta","8":"pa_balenie-05l","9":"pa_vyrobca-dynamax","11":"first","12":"instock","13":"taxable","14":"shipping-taxable","15":"purchasable","16":"product-type-simple"},"yoast_head":"<!-- This site is optimized with the Yoast SEO plugin v27.4 - https:\/\/yoast.com\/product\/yoast-seo-wordpress\/ -->\n<title>DXG2 - TEKUT\u00dd STIERA\u010c 500ML - Lo\u017eisk\u00e1 PLUS<\/title>\n<meta name=\"robots\" content=\"index, follow, max-snippet:-1, max-image-preview:large, max-video-preview:-1\" \/>\n<link rel=\"canonical\" href=\"https:\/\/www.loziskaplus.sk\/eshop\/produkt\/dxg2-tekuty-stierac-500ml\/\" \/>\n<meta property=\"og:locale\" content=\"sk_SK\" \/>\n<meta property=\"og:type\" content=\"article\" \/>\n<meta property=\"og:title\" content=\"DXG2 - TEKUT\u00dd STIERA\u010c 500ML - Lo\u017eisk\u00e1 PLUS\" \/>\n<meta property=\"og:description\" content=\"Zlep\u0161uje vidite\u013enos\u0165 v mokrom po\u010das\u00ed, po\u010das hmly a pri sne\u017een\u00ed! DYNAMAX Rain off funguje na b\u00e1ze technol\u00f3gie zlu\u010dovania sa da\u017e\u010fov\u00fdch kvapiek pre zv\u00fd\u0161enie vidite\u013enosti po\u010das jazdy bez pou\u017eitia stiera\u010dov.\u00a0Zni\u017euje pri\u013enavos\u0165 ne\u010dist\u00f4t a hmyzu, napom\u00e1ha k vyh\u013eadeniu mikroskopick\u00fdch \u0161krabancov na skle a zni\u017euje odrazy svetla na t\u00fdchto miestach.\" \/>\n<meta property=\"og:url\" content=\"https:\/\/www.loziskaplus.sk\/eshop\/produkt\/dxg2-tekuty-stierac-500ml\/\" \/>\n<meta property=\"og:site_name\" content=\"Lo\u017eisk\u00e1 PLUS\" \/>\n<meta property=\"article:modified_time\" content=\"2024-02-29T11:39:08+00:00\" \/>\n<meta property=\"og:image\" content=\"https:\/\/www.loziskaplus.sk\/eshop\/wp-content\/uploads\/2024\/02\/108015-1.jpg?v=1707133965\" \/>\n\t<meta property=\"og:image:width\" content=\"483\" \/>\n\t<meta property=\"og:image:height\" content=\"900\" \/>\n\t<meta property=\"og:image:type\" content=\"image\/jpeg\" \/>\n<meta name=\"twitter:card\" content=\"summary_large_image\" \/>\n<meta name=\"twitter:label1\" content=\"Predpokladan\u00fd \u010das \u010d\u00edtania\" \/>\n\t<meta name=\"twitter:data1\" content=\"1 min\u00fata\" \/>\n<script type=\"application\/ld+json\" class=\"yoast-schema-graph\">{\"@context\":\"https:\\\/\\\/schema.org\",\"@graph\":[{\"@type\":\"WebPage\",\"@id\":\"https:\\\/\\\/www.loziskaplus.sk\\\/eshop\\\/produkt\\\/dxg2-tekuty-stierac-500ml\\\/\",\"url\":\"https:\\\/\\\/www.loziskaplus.sk\\\/eshop\\\/produkt\\\/dxg2-tekuty-stierac-500ml\\\/\",\"name\":\"DXG2 - TEKUT\u00dd STIERA\u010c 500ML - Lo\u017eisk\u00e1 PLUS\",\"isPartOf\":{\"@id\":\"https:\\\/\\\/www.loziskaplus.sk\\\/eshop\\\/#website\"},\"primaryImageOfPage\":{\"@id\":\"https:\\\/\\\/www.loziskaplus.sk\\\/eshop\\\/produkt\\\/dxg2-tekuty-stierac-500ml\\\/#primaryimage\"},\"image\":{\"@id\":\"https:\\\/\\\/www.loziskaplus.sk\\\/eshop\\\/produkt\\\/dxg2-tekuty-stierac-500ml\\\/#primaryimage\"},\"thumbnailUrl\":\"https:\\\/\\\/www.loziskaplus.sk\\\/eshop\\\/wp-content\\\/uploads\\\/2024\\\/02\\\/108015-1.jpg?v=1707133965\",\"datePublished\":\"2024-02-05T11:52:45+00:00\",\"dateModified\":\"2024-02-29T11:39:08+00:00\",\"breadcrumb\":{\"@id\":\"https:\\\/\\\/www.loziskaplus.sk\\\/eshop\\\/produkt\\\/dxg2-tekuty-stierac-500ml\\\/#breadcrumb\"},\"inLanguage\":\"sk-SK\",\"potentialAction\":[{\"@type\":\"ReadAction\",\"target\":[\"https:\\\/\\\/www.loziskaplus.sk\\\/eshop\\\/produkt\\\/dxg2-tekuty-stierac-500ml\\\/\"]}]},{\"@type\":\"ImageObject\",\"inLanguage\":\"sk-SK\",\"@id\":\"https:\\\/\\\/www.loziskaplus.sk\\\/eshop\\\/produkt\\\/dxg2-tekuty-stierac-500ml\\\/#primaryimage\",\"url\":\"https:\\\/\\\/www.loziskaplus.sk\\\/eshop\\\/wp-content\\\/uploads\\\/2024\\\/02\\\/108015-1.jpg?v=1707133965\",\"contentUrl\":\"https:\\\/\\\/www.loziskaplus.sk\\\/eshop\\\/wp-content\\\/uploads\\\/2024\\\/02\\\/108015-1.jpg?v=1707133965\",\"width\":483,\"height\":900},{\"@type\":\"BreadcrumbList\",\"@id\":\"https:\\\/\\\/www.loziskaplus.sk\\\/eshop\\\/produkt\\\/dxg2-tekuty-stierac-500ml\\\/#breadcrumb\",\"itemListElement\":[{\"@type\":\"ListItem\",\"position\":1,\"name\":\"Domov\",\"item\":\"https:\\\/\\\/www.loziskaplus.sk\\\/eshop\\\/\"},{\"@type\":\"ListItem\",\"position\":2,\"name\":\"Obchod\",\"item\":\"https:\\\/\\\/www.loziskaplus.sk\\\/eshop\\\/obchod\\\/\"},{\"@type\":\"ListItem\",\"position\":3,\"name\":\"DXG2 &#8211; TEKUT\u00dd STIERA\u010c 500ML\"}]},{\"@type\":\"WebSite\",\"@id\":\"https:\\\/\\\/www.loziskaplus.sk\\\/eshop\\\/#website\",\"url\":\"https:\\\/\\\/www.loziskaplus.sk\\\/eshop\\\/\",\"name\":\"Lo\u017eisk\u00e1 PLUS\",\"description\":\"\",\"publisher\":{\"@id\":\"https:\\\/\\\/www.loziskaplus.sk\\\/eshop\\\/#organization\"},\"potentialAction\":[{\"@type\":\"SearchAction\",\"target\":{\"@type\":\"EntryPoint\",\"urlTemplate\":\"https:\\\/\\\/www.loziskaplus.sk\\\/eshop\\\/?s={search_term_string}\"},\"query-input\":{\"@type\":\"PropertyValueSpecification\",\"valueRequired\":true,\"valueName\":\"search_term_string\"}}],\"inLanguage\":\"sk-SK\"},{\"@type\":\"Organization\",\"@id\":\"https:\\\/\\\/www.loziskaplus.sk\\\/eshop\\\/#organization\",\"name\":\"Lo\u017eisk\u00e1 PLUS\",\"url\":\"https:\\\/\\\/www.loziskaplus.sk\\\/eshop\\\/\",\"logo\":{\"@type\":\"ImageObject\",\"inLanguage\":\"sk-SK\",\"@id\":\"https:\\\/\\\/www.loziskaplus.sk\\\/eshop\\\/#\\\/schema\\\/logo\\\/image\\\/\",\"url\":\"https:\\\/\\\/www.loziskaplus.sk\\\/eshop\\\/wp-content\\\/uploads\\\/2024\\\/06\\\/logo-facebuk-1.jpg?v=1718619602\",\"contentUrl\":\"https:\\\/\\\/www.loziskaplus.sk\\\/eshop\\\/wp-content\\\/uploads\\\/2024\\\/06\\\/logo-facebuk-1.jpg?v=1718619602\",\"width\":180,\"height\":179,\"caption\":\"Lo\u017eisk\u00e1 PLUS\"},\"image\":{\"@id\":\"https:\\\/\\\/www.loziskaplus.sk\\\/eshop\\\/#\\\/schema\\\/logo\\\/image\\\/\"}}]}<\/script>\n<!-- \/ Yoast SEO plugin. -->","yoast_head_json":{"title":"DXG2 - TEKUT\u00dd STIERA\u010c 500ML - Lo\u017eisk\u00e1 PLUS","robots":{"index":"index","follow":"follow","max-snippet":"max-snippet:-1","max-image-preview":"max-image-preview:large","max-video-preview":"max-video-preview:-1"},"canonical":"https:\/\/www.loziskaplus.sk\/eshop\/produkt\/dxg2-tekuty-stierac-500ml\/","og_locale":"sk_SK","og_type":"article","og_title":"DXG2 - TEKUT\u00dd STIERA\u010c 500ML - Lo\u017eisk\u00e1 PLUS","og_description":"Zlep\u0161uje vidite\u013enos\u0165 v mokrom po\u010das\u00ed, po\u010das hmly a pri sne\u017een\u00ed! DYNAMAX Rain off funguje na b\u00e1ze technol\u00f3gie zlu\u010dovania sa da\u017e\u010fov\u00fdch kvapiek pre zv\u00fd\u0161enie vidite\u013enosti po\u010das jazdy bez pou\u017eitia stiera\u010dov.\u00a0Zni\u017euje pri\u013enavos\u0165 ne\u010dist\u00f4t a hmyzu, napom\u00e1ha k vyh\u013eadeniu mikroskopick\u00fdch \u0161krabancov na skle a zni\u017euje odrazy svetla na t\u00fdchto miestach.","og_url":"https:\/\/www.loziskaplus.sk\/eshop\/produkt\/dxg2-tekuty-stierac-500ml\/","og_site_name":"Lo\u017eisk\u00e1 PLUS","article_modified_time":"2024-02-29T11:39:08+00:00","og_image":[{"width":483,"height":900,"url":"https:\/\/www.loziskaplus.sk\/eshop\/wp-content\/uploads\/2024\/02\/108015-1.jpg?v=1707133965","type":"image\/jpeg"}],"twitter_card":"summary_large_image","twitter_misc":{"Predpokladan\u00fd \u010das \u010d\u00edtania":"1 min\u00fata"},"schema":{"@context":"https:\/\/schema.org","@graph":[{"@type":"WebPage","@id":"https:\/\/www.loziskaplus.sk\/eshop\/produkt\/dxg2-tekuty-stierac-500ml\/","url":"https:\/\/www.loziskaplus.sk\/eshop\/produkt\/dxg2-tekuty-stierac-500ml\/","name":"DXG2 - TEKUT\u00dd STIERA\u010c 500ML - Lo\u017eisk\u00e1 PLUS","isPartOf":{"@id":"https:\/\/www.loziskaplus.sk\/eshop\/#website"},"primaryImageOfPage":{"@id":"https:\/\/www.loziskaplus.sk\/eshop\/produkt\/dxg2-tekuty-stierac-500ml\/#primaryimage"},"image":{"@id":"https:\/\/www.loziskaplus.sk\/eshop\/produkt\/dxg2-tekuty-stierac-500ml\/#primaryimage"},"thumbnailUrl":"https:\/\/www.loziskaplus.sk\/eshop\/wp-content\/uploads\/2024\/02\/108015-1.jpg?v=1707133965","datePublished":"2024-02-05T11:52:45+00:00","dateModified":"2024-02-29T11:39:08+00:00","breadcrumb":{"@id":"https:\/\/www.loziskaplus.sk\/eshop\/produkt\/dxg2-tekuty-stierac-500ml\/#breadcrumb"},"inLanguage":"sk-SK","potentialAction":[{"@type":"ReadAction","target":["https:\/\/www.loziskaplus.sk\/eshop\/produkt\/dxg2-tekuty-stierac-500ml\/"]}]},{"@type":"ImageObject","inLanguage":"sk-SK","@id":"https:\/\/www.loziskaplus.sk\/eshop\/produkt\/dxg2-tekuty-stierac-500ml\/#primaryimage","url":"https:\/\/www.loziskaplus.sk\/eshop\/wp-content\/uploads\/2024\/02\/108015-1.jpg?v=1707133965","contentUrl":"https:\/\/www.loziskaplus.sk\/eshop\/wp-content\/uploads\/2024\/02\/108015-1.jpg?v=1707133965","width":483,"height":900},{"@type":"BreadcrumbList","@id":"https:\/\/www.loziskaplus.sk\/eshop\/produkt\/dxg2-tekuty-stierac-500ml\/#breadcrumb","itemListElement":[{"@type":"ListItem","position":1,"name":"Domov","item":"https:\/\/www.loziskaplus.sk\/eshop\/"},{"@type":"ListItem","position":2,"name":"Obchod","item":"https:\/\/www.loziskaplus.sk\/eshop\/obchod\/"},{"@type":"ListItem","position":3,"name":"DXG2 &#8211; TEKUT\u00dd STIERA\u010c 500ML"}]},{"@type":"WebSite","@id":"https:\/\/www.loziskaplus.sk\/eshop\/#website","url":"https:\/\/www.loziskaplus.sk\/eshop\/","name":"Lo\u017eisk\u00e1 PLUS","description":"","publisher":{"@id":"https:\/\/www.loziskaplus.sk\/eshop\/#organization"},"potentialAction":[{"@type":"SearchAction","target":{"@type":"EntryPoint","urlTemplate":"https:\/\/www.loziskaplus.sk\/eshop\/?s={search_term_string}"},"query-input":{"@type":"PropertyValueSpecification","valueRequired":true,"valueName":"search_term_string"}}],"inLanguage":"sk-SK"},{"@type":"Organization","@id":"https:\/\/www.loziskaplus.sk\/eshop\/#organization","name":"Lo\u017eisk\u00e1 PLUS","url":"https:\/\/www.loziskaplus.sk\/eshop\/","logo":{"@type":"ImageObject","inLanguage":"sk-SK","@id":"https:\/\/www.loziskaplus.sk\/eshop\/#\/schema\/logo\/image\/","url":"https:\/\/www.loziskaplus.sk\/eshop\/wp-content\/uploads\/2024\/06\/logo-facebuk-1.jpg?v=1718619602","contentUrl":"https:\/\/www.loziskaplus.sk\/eshop\/wp-content\/uploads\/2024\/06\/logo-facebuk-1.jpg?v=1718619602","width":180,"height":179,"caption":"Lo\u017eisk\u00e1 PLUS"},"image":{"@id":"https:\/\/www.loziskaplus.sk\/eshop\/#\/schema\/logo\/image\/"}}]}},"jetpack_sharing_enabled":true,"_links":{"self":[{"href":"https:\/\/www.loziskaplus.sk\/eshop\/wp-json\/wp\/v2\/product\/6971","targetHints":{"allow":["GET"]}}],"collection":[{"href":"https:\/\/www.loziskaplus.sk\/eshop\/wp-json\/wp\/v2\/product"}],"about":[{"href":"https:\/\/www.loziskaplus.sk\/eshop\/wp-json\/wp\/v2\/types\/product"}],"wp:featuredmedia":[{"embeddable":true,"href":"https:\/\/www.loziskaplus.sk\/eshop\/wp-json\/wp\/v2\/media\/6970"}],"wp:attachment":[{"href":"https:\/\/www.loziskaplus.sk\/eshop\/wp-json\/wp\/v2\/media?parent=6971"}],"wp:term":[{"taxonomy":"product_brand","embeddable":true,"href":"https:\/\/www.loziskaplus.sk\/eshop\/wp-json\/wp\/v2\/product_brand?post=6971"},{"taxonomy":"product_cat","embeddable":true,"href":"https:\/\/www.loziskaplus.sk\/eshop\/wp-json\/wp\/v2\/product_cat?post=6971"},{"taxonomy":"product_tag","embeddable":true,"href":"https:\/\/www.loziskaplus.sk\/eshop\/wp-json\/wp\/v2\/product_tag?post=6971"}],"curies":[{"name":"wp","href":"https:\/\/api.w.org\/{rel}","templated":true}]}}