{"id":6987,"date":"2024-02-05T12:53:12","date_gmt":"2024-02-05T11:53:12","guid":{"rendered":"https:\/\/www.loziskaplus.sk\/eshop\/produkt\/dxe3-ozivovac-a-lesk-na-vonkajsie-plasty-500ml\/"},"modified":"2024-02-29T12:17:32","modified_gmt":"2024-02-29T11:17:32","slug":"dxe3-ozivovac-a-lesk-na-vonkajsie-plasty-500ml","status":"publish","type":"product","link":"https:\/\/www.loziskaplus.sk\/eshop\/produkt\/dxe3-ozivovac-a-lesk-na-vonkajsie-plasty-500ml\/","title":{"rendered":"DXE3-O\u017dIVOVA\u010c A LESK NA VONKAJ\u0160IE  PLASTY 500ML"},"content":{"rendered":"<p>Unik\u00e1tny tekut\u00fd pr\u00edpravok na le\u0161tenie plastov\u00fdch dielov zalo\u017een\u00fd na b\u00e1ze pr\u00edrodn\u00fdch voskov a silik\u00f3nu, ktor\u00e9 vynovuj\u00fa a o\u017eivuj\u00fa materi\u00e1ly z plastu, dreva, gumy, \u010di mramoru. Je antistatick\u00fd a zni\u017euje usadzovanie prachu. S jeho jednoduchou pou\u017eite\u013enos\u0165ou je ide\u00e1lny pre starostlivos\u0165 a kr\u00e1su automobilov, motocyklov, domy, karavany, at\u010f.\u00a0Pou\u017eitie: Nastriekajte na \u010dist\u00fa handri\u010dku a rozotrite.<\/p>\n","protected":false},"excerpt":{"rendered":"<p>Unik\u00e1tny tekut\u00fd pr\u00edpravok na le\u0161tenie plastov\u00fdch dielov zalo\u017een\u00fd na b\u00e1ze pr\u00edrodn\u00fdch voskov a silik\u00f3nu, ktor\u00e9 vynovuj\u00fa a o\u017eivuj\u00fa materi\u00e1ly z plastu, dreva, gumy, \u010di mramoru.<\/p>\n","protected":false},"featured_media":6986,"template":"","meta":[],"product_brand":[],"product_cat":[112,122],"product_tag":[],"class_list":{"0":"post-6987","1":"product","2":"type-product","3":"status-publish","4":"has-post-thumbnail","6":"product_cat-autokozmetika","7":"product_cat-univerzalne-diely-a-prislusenstvo-na-auta","8":"pa_balenie-05l","9":"pa_vyrobca-dynamax","11":"first","12":"instock","13":"taxable","14":"shipping-taxable","15":"purchasable","16":"product-type-simple"},"yoast_head":"<!-- This site is optimized with the Yoast SEO plugin v27.4 - https:\/\/yoast.com\/product\/yoast-seo-wordpress\/ -->\n<title>DXE3-O\u017dIVOVA\u010c A LESK NA VONKAJ\u0160IE PLASTY 500ML - Lo\u017eisk\u00e1 PLUS<\/title>\n<meta name=\"robots\" content=\"index, follow, max-snippet:-1, max-image-preview:large, max-video-preview:-1\" \/>\n<link rel=\"canonical\" href=\"https:\/\/www.loziskaplus.sk\/eshop\/produkt\/dxe3-ozivovac-a-lesk-na-vonkajsie-plasty-500ml\/\" \/>\n<meta property=\"og:locale\" content=\"sk_SK\" \/>\n<meta property=\"og:type\" content=\"article\" \/>\n<meta property=\"og:title\" content=\"DXE3-O\u017dIVOVA\u010c A LESK NA VONKAJ\u0160IE PLASTY 500ML - Lo\u017eisk\u00e1 PLUS\" \/>\n<meta property=\"og:description\" content=\"Unik\u00e1tny tekut\u00fd pr\u00edpravok na le\u0161tenie plastov\u00fdch dielov zalo\u017een\u00fd na b\u00e1ze pr\u00edrodn\u00fdch voskov a silik\u00f3nu, ktor\u00e9 vynovuj\u00fa a o\u017eivuj\u00fa materi\u00e1ly z plastu, dreva, gumy, \u010di mramoru.\" \/>\n<meta property=\"og:url\" content=\"https:\/\/www.loziskaplus.sk\/eshop\/produkt\/dxe3-ozivovac-a-lesk-na-vonkajsie-plasty-500ml\/\" \/>\n<meta property=\"og:site_name\" content=\"Lo\u017eisk\u00e1 PLUS\" \/>\n<meta property=\"article:modified_time\" content=\"2024-02-29T11:17:32+00:00\" \/>\n<meta property=\"og:image\" content=\"https:\/\/www.loziskaplus.sk\/eshop\/wp-content\/uploads\/2024\/02\/6827-1.jpg?v=1707133992\" \/>\n\t<meta property=\"og:image:width\" content=\"626\" \/>\n\t<meta property=\"og:image:height\" content=\"595\" \/>\n\t<meta property=\"og:image:type\" content=\"image\/jpeg\" \/>\n<meta name=\"twitter:card\" content=\"summary_large_image\" \/>\n<meta name=\"twitter:label1\" content=\"Predpokladan\u00fd \u010das \u010d\u00edtania\" \/>\n\t<meta name=\"twitter:data1\" content=\"1 min\u00fata\" \/>\n<script type=\"application\/ld+json\" class=\"yoast-schema-graph\">{\"@context\":\"https:\\\/\\\/schema.org\",\"@graph\":[{\"@type\":\"WebPage\",\"@id\":\"https:\\\/\\\/www.loziskaplus.sk\\\/eshop\\\/produkt\\\/dxe3-ozivovac-a-lesk-na-vonkajsie-plasty-500ml\\\/\",\"url\":\"https:\\\/\\\/www.loziskaplus.sk\\\/eshop\\\/produkt\\\/dxe3-ozivovac-a-lesk-na-vonkajsie-plasty-500ml\\\/\",\"name\":\"DXE3-O\u017dIVOVA\u010c A LESK NA VONKAJ\u0160IE PLASTY 500ML - Lo\u017eisk\u00e1 PLUS\",\"isPartOf\":{\"@id\":\"https:\\\/\\\/www.loziskaplus.sk\\\/eshop\\\/#website\"},\"primaryImageOfPage\":{\"@id\":\"https:\\\/\\\/www.loziskaplus.sk\\\/eshop\\\/produkt\\\/dxe3-ozivovac-a-lesk-na-vonkajsie-plasty-500ml\\\/#primaryimage\"},\"image\":{\"@id\":\"https:\\\/\\\/www.loziskaplus.sk\\\/eshop\\\/produkt\\\/dxe3-ozivovac-a-lesk-na-vonkajsie-plasty-500ml\\\/#primaryimage\"},\"thumbnailUrl\":\"https:\\\/\\\/www.loziskaplus.sk\\\/eshop\\\/wp-content\\\/uploads\\\/2024\\\/02\\\/6827-1.jpg?v=1707133992\",\"datePublished\":\"2024-02-05T11:53:12+00:00\",\"dateModified\":\"2024-02-29T11:17:32+00:00\",\"breadcrumb\":{\"@id\":\"https:\\\/\\\/www.loziskaplus.sk\\\/eshop\\\/produkt\\\/dxe3-ozivovac-a-lesk-na-vonkajsie-plasty-500ml\\\/#breadcrumb\"},\"inLanguage\":\"sk-SK\",\"potentialAction\":[{\"@type\":\"ReadAction\",\"target\":[\"https:\\\/\\\/www.loziskaplus.sk\\\/eshop\\\/produkt\\\/dxe3-ozivovac-a-lesk-na-vonkajsie-plasty-500ml\\\/\"]}]},{\"@type\":\"ImageObject\",\"inLanguage\":\"sk-SK\",\"@id\":\"https:\\\/\\\/www.loziskaplus.sk\\\/eshop\\\/produkt\\\/dxe3-ozivovac-a-lesk-na-vonkajsie-plasty-500ml\\\/#primaryimage\",\"url\":\"https:\\\/\\\/www.loziskaplus.sk\\\/eshop\\\/wp-content\\\/uploads\\\/2024\\\/02\\\/6827-1.jpg?v=1707133992\",\"contentUrl\":\"https:\\\/\\\/www.loziskaplus.sk\\\/eshop\\\/wp-content\\\/uploads\\\/2024\\\/02\\\/6827-1.jpg?v=1707133992\",\"width\":626,\"height\":595},{\"@type\":\"BreadcrumbList\",\"@id\":\"https:\\\/\\\/www.loziskaplus.sk\\\/eshop\\\/produkt\\\/dxe3-ozivovac-a-lesk-na-vonkajsie-plasty-500ml\\\/#breadcrumb\",\"itemListElement\":[{\"@type\":\"ListItem\",\"position\":1,\"name\":\"Domov\",\"item\":\"https:\\\/\\\/www.loziskaplus.sk\\\/eshop\\\/\"},{\"@type\":\"ListItem\",\"position\":2,\"name\":\"Obchod\",\"item\":\"https:\\\/\\\/www.loziskaplus.sk\\\/eshop\\\/obchod\\\/\"},{\"@type\":\"ListItem\",\"position\":3,\"name\":\"DXE3-O\u017dIVOVA\u010c A LESK NA VONKAJ\u0160IE PLASTY 500ML\"}]},{\"@type\":\"WebSite\",\"@id\":\"https:\\\/\\\/www.loziskaplus.sk\\\/eshop\\\/#website\",\"url\":\"https:\\\/\\\/www.loziskaplus.sk\\\/eshop\\\/\",\"name\":\"Lo\u017eisk\u00e1 PLUS\",\"description\":\"\",\"publisher\":{\"@id\":\"https:\\\/\\\/www.loziskaplus.sk\\\/eshop\\\/#organization\"},\"potentialAction\":[{\"@type\":\"SearchAction\",\"target\":{\"@type\":\"EntryPoint\",\"urlTemplate\":\"https:\\\/\\\/www.loziskaplus.sk\\\/eshop\\\/?s={search_term_string}\"},\"query-input\":{\"@type\":\"PropertyValueSpecification\",\"valueRequired\":true,\"valueName\":\"search_term_string\"}}],\"inLanguage\":\"sk-SK\"},{\"@type\":\"Organization\",\"@id\":\"https:\\\/\\\/www.loziskaplus.sk\\\/eshop\\\/#organization\",\"name\":\"Lo\u017eisk\u00e1 PLUS\",\"url\":\"https:\\\/\\\/www.loziskaplus.sk\\\/eshop\\\/\",\"logo\":{\"@type\":\"ImageObject\",\"inLanguage\":\"sk-SK\",\"@id\":\"https:\\\/\\\/www.loziskaplus.sk\\\/eshop\\\/#\\\/schema\\\/logo\\\/image\\\/\",\"url\":\"https:\\\/\\\/www.loziskaplus.sk\\\/eshop\\\/wp-content\\\/uploads\\\/2024\\\/06\\\/logo-facebuk-1.jpg?v=1718619602\",\"contentUrl\":\"https:\\\/\\\/www.loziskaplus.sk\\\/eshop\\\/wp-content\\\/uploads\\\/2024\\\/06\\\/logo-facebuk-1.jpg?v=1718619602\",\"width\":180,\"height\":179,\"caption\":\"Lo\u017eisk\u00e1 PLUS\"},\"image\":{\"@id\":\"https:\\\/\\\/www.loziskaplus.sk\\\/eshop\\\/#\\\/schema\\\/logo\\\/image\\\/\"}}]}<\/script>\n<!-- \/ Yoast SEO plugin. -->","yoast_head_json":{"title":"DXE3-O\u017dIVOVA\u010c A LESK NA VONKAJ\u0160IE PLASTY 500ML - Lo\u017eisk\u00e1 PLUS","robots":{"index":"index","follow":"follow","max-snippet":"max-snippet:-1","max-image-preview":"max-image-preview:large","max-video-preview":"max-video-preview:-1"},"canonical":"https:\/\/www.loziskaplus.sk\/eshop\/produkt\/dxe3-ozivovac-a-lesk-na-vonkajsie-plasty-500ml\/","og_locale":"sk_SK","og_type":"article","og_title":"DXE3-O\u017dIVOVA\u010c A LESK NA VONKAJ\u0160IE PLASTY 500ML - Lo\u017eisk\u00e1 PLUS","og_description":"Unik\u00e1tny tekut\u00fd pr\u00edpravok na le\u0161tenie plastov\u00fdch dielov zalo\u017een\u00fd na b\u00e1ze pr\u00edrodn\u00fdch voskov a silik\u00f3nu, ktor\u00e9 vynovuj\u00fa a o\u017eivuj\u00fa materi\u00e1ly z plastu, dreva, gumy, \u010di mramoru.","og_url":"https:\/\/www.loziskaplus.sk\/eshop\/produkt\/dxe3-ozivovac-a-lesk-na-vonkajsie-plasty-500ml\/","og_site_name":"Lo\u017eisk\u00e1 PLUS","article_modified_time":"2024-02-29T11:17:32+00:00","og_image":[{"width":626,"height":595,"url":"https:\/\/www.loziskaplus.sk\/eshop\/wp-content\/uploads\/2024\/02\/6827-1.jpg?v=1707133992","type":"image\/jpeg"}],"twitter_card":"summary_large_image","twitter_misc":{"Predpokladan\u00fd \u010das \u010d\u00edtania":"1 min\u00fata"},"schema":{"@context":"https:\/\/schema.org","@graph":[{"@type":"WebPage","@id":"https:\/\/www.loziskaplus.sk\/eshop\/produkt\/dxe3-ozivovac-a-lesk-na-vonkajsie-plasty-500ml\/","url":"https:\/\/www.loziskaplus.sk\/eshop\/produkt\/dxe3-ozivovac-a-lesk-na-vonkajsie-plasty-500ml\/","name":"DXE3-O\u017dIVOVA\u010c A LESK NA VONKAJ\u0160IE PLASTY 500ML - Lo\u017eisk\u00e1 PLUS","isPartOf":{"@id":"https:\/\/www.loziskaplus.sk\/eshop\/#website"},"primaryImageOfPage":{"@id":"https:\/\/www.loziskaplus.sk\/eshop\/produkt\/dxe3-ozivovac-a-lesk-na-vonkajsie-plasty-500ml\/#primaryimage"},"image":{"@id":"https:\/\/www.loziskaplus.sk\/eshop\/produkt\/dxe3-ozivovac-a-lesk-na-vonkajsie-plasty-500ml\/#primaryimage"},"thumbnailUrl":"https:\/\/www.loziskaplus.sk\/eshop\/wp-content\/uploads\/2024\/02\/6827-1.jpg?v=1707133992","datePublished":"2024-02-05T11:53:12+00:00","dateModified":"2024-02-29T11:17:32+00:00","breadcrumb":{"@id":"https:\/\/www.loziskaplus.sk\/eshop\/produkt\/dxe3-ozivovac-a-lesk-na-vonkajsie-plasty-500ml\/#breadcrumb"},"inLanguage":"sk-SK","potentialAction":[{"@type":"ReadAction","target":["https:\/\/www.loziskaplus.sk\/eshop\/produkt\/dxe3-ozivovac-a-lesk-na-vonkajsie-plasty-500ml\/"]}]},{"@type":"ImageObject","inLanguage":"sk-SK","@id":"https:\/\/www.loziskaplus.sk\/eshop\/produkt\/dxe3-ozivovac-a-lesk-na-vonkajsie-plasty-500ml\/#primaryimage","url":"https:\/\/www.loziskaplus.sk\/eshop\/wp-content\/uploads\/2024\/02\/6827-1.jpg?v=1707133992","contentUrl":"https:\/\/www.loziskaplus.sk\/eshop\/wp-content\/uploads\/2024\/02\/6827-1.jpg?v=1707133992","width":626,"height":595},{"@type":"BreadcrumbList","@id":"https:\/\/www.loziskaplus.sk\/eshop\/produkt\/dxe3-ozivovac-a-lesk-na-vonkajsie-plasty-500ml\/#breadcrumb","itemListElement":[{"@type":"ListItem","position":1,"name":"Domov","item":"https:\/\/www.loziskaplus.sk\/eshop\/"},{"@type":"ListItem","position":2,"name":"Obchod","item":"https:\/\/www.loziskaplus.sk\/eshop\/obchod\/"},{"@type":"ListItem","position":3,"name":"DXE3-O\u017dIVOVA\u010c A LESK NA VONKAJ\u0160IE PLASTY 500ML"}]},{"@type":"WebSite","@id":"https:\/\/www.loziskaplus.sk\/eshop\/#website","url":"https:\/\/www.loziskaplus.sk\/eshop\/","name":"Lo\u017eisk\u00e1 PLUS","description":"","publisher":{"@id":"https:\/\/www.loziskaplus.sk\/eshop\/#organization"},"potentialAction":[{"@type":"SearchAction","target":{"@type":"EntryPoint","urlTemplate":"https:\/\/www.loziskaplus.sk\/eshop\/?s={search_term_string}"},"query-input":{"@type":"PropertyValueSpecification","valueRequired":true,"valueName":"search_term_string"}}],"inLanguage":"sk-SK"},{"@type":"Organization","@id":"https:\/\/www.loziskaplus.sk\/eshop\/#organization","name":"Lo\u017eisk\u00e1 PLUS","url":"https:\/\/www.loziskaplus.sk\/eshop\/","logo":{"@type":"ImageObject","inLanguage":"sk-SK","@id":"https:\/\/www.loziskaplus.sk\/eshop\/#\/schema\/logo\/image\/","url":"https:\/\/www.loziskaplus.sk\/eshop\/wp-content\/uploads\/2024\/06\/logo-facebuk-1.jpg?v=1718619602","contentUrl":"https:\/\/www.loziskaplus.sk\/eshop\/wp-content\/uploads\/2024\/06\/logo-facebuk-1.jpg?v=1718619602","width":180,"height":179,"caption":"Lo\u017eisk\u00e1 PLUS"},"image":{"@id":"https:\/\/www.loziskaplus.sk\/eshop\/#\/schema\/logo\/image\/"}}]}},"jetpack_sharing_enabled":true,"_links":{"self":[{"href":"https:\/\/www.loziskaplus.sk\/eshop\/wp-json\/wp\/v2\/product\/6987","targetHints":{"allow":["GET"]}}],"collection":[{"href":"https:\/\/www.loziskaplus.sk\/eshop\/wp-json\/wp\/v2\/product"}],"about":[{"href":"https:\/\/www.loziskaplus.sk\/eshop\/wp-json\/wp\/v2\/types\/product"}],"wp:featuredmedia":[{"embeddable":true,"href":"https:\/\/www.loziskaplus.sk\/eshop\/wp-json\/wp\/v2\/media\/6986"}],"wp:attachment":[{"href":"https:\/\/www.loziskaplus.sk\/eshop\/wp-json\/wp\/v2\/media?parent=6987"}],"wp:term":[{"taxonomy":"product_brand","embeddable":true,"href":"https:\/\/www.loziskaplus.sk\/eshop\/wp-json\/wp\/v2\/product_brand?post=6987"},{"taxonomy":"product_cat","embeddable":true,"href":"https:\/\/www.loziskaplus.sk\/eshop\/wp-json\/wp\/v2\/product_cat?post=6987"},{"taxonomy":"product_tag","embeddable":true,"href":"https:\/\/www.loziskaplus.sk\/eshop\/wp-json\/wp\/v2\/product_tag?post=6987"}],"curies":[{"name":"wp","href":"https:\/\/api.w.org\/{rel}","templated":true}]}}