{"id":7015,"date":"2024-02-05T12:53:58","date_gmt":"2024-02-05T11:53:58","guid":{"rendered":"https:\/\/www.loziskaplus.sk\/eshop\/produkt\/dynamax-cistenie-olejoveho-systemu-300ml\/"},"modified":"2024-02-28T14:09:22","modified_gmt":"2024-02-28T13:09:22","slug":"dynamax-cistenie-olejoveho-systemu-300ml","status":"publish","type":"product","link":"https:\/\/www.loziskaplus.sk\/eshop\/produkt\/dynamax-cistenie-olejoveho-systemu-300ml\/","title":{"rendered":"DYNAMAX \u010cISTENIE OLEJOV\u00c9HO SYST\u00c9MU 300ML"},"content":{"rendered":"<p>Rozp\u00fa\u0161\u0165a zne\u010distenia v celom olejovom syst\u00e9me. Zlep\u0161en\u00e1 a stabiln\u00e1 kompresia vo v\u0161etk\u00fdch valcoch. Zabra\u0148uje kontamin\u00e1ci\u00ed \u010derstv\u00e9ho oleja. Pr\u00edpravok sl\u00fa\u017ei na odstra\u0148ovanie\u00a0usaden\u00edn a ne\u010dist\u00f4t usaden\u00fdch v olejovom syst\u00e9me, \u010d\u00edm obnovuje kompresiu piestnych kr\u00fa\u017ekov. Pre\u010dis\u0165uje ventily a t\u00fdm zni\u017euje hlu\u010dnos\u0165 a zvy\u0161uje \u00fa\u010dinnos\u0165 spa\u013eovania. Aplikuje sa naliatim do star\u00e9ho oleja pri vypnutom motore. N\u00e1sledne sa nech\u00e1 vo\u013enobeh po dobu 15\u201320 min. Nakoniec sa olej vypust\u00ed a vymen\u00ed sa olejov\u00fd filter. \u00da\u010dinkuje: pred v\u00fdmenou oleja. Riedenie: 300 ml na 5 l oleja. Odpor\u00fa\u010dan\u00e1 aplik\u00e1cia: pred\u00a0ka\u017edou v\u00fdmenou oleja.<\/p>\n","protected":false},"excerpt":{"rendered":"<p>Rozp\u00fa\u0161\u0165a zne\u010distenia v celom olejovom syst\u00e9me. Zlep\u0161en\u00e1 a stabiln\u00e1 kompresia vo\u00a0v\u0161etk\u00fdch valcoch. Zabra\u0148uje kontamin\u00e1ci\u00ed \u010derstv\u00e9ho oleja. Pr\u00edpravok sl\u00fa\u017ei na odstra\u0148ovanie\u00a0usaden\u00edn a ne\u010dist\u00f4t usaden\u00fdch v olejovom syst\u00e9me, \u010d\u00edm obnovuje kompresiu piestnych\u00a0kr\u00fa\u017ekov.<\/p>\n","protected":false},"featured_media":7014,"template":"","meta":[],"product_brand":[],"product_cat":[114,122],"product_tag":[],"class_list":{"0":"post-7015","1":"product","2":"type-product","3":"status-publish","4":"has-post-thumbnail","6":"product_cat-technicke-spreje-a-pripravky","7":"product_cat-univerzalne-diely-a-prislusenstvo-na-auta","8":"pa_balenie-300ml","9":"pa_vyrobca-dynamax","11":"first","12":"instock","13":"sale","14":"taxable","15":"shipping-taxable","16":"purchasable","17":"product-type-simple"},"yoast_head":"<!-- This site is optimized with the Yoast SEO plugin v27.4 - https:\/\/yoast.com\/product\/yoast-seo-wordpress\/ -->\n<title>DYNAMAX \u010cISTENIE OLEJOV\u00c9HO SYST\u00c9MU 300ML - Lo\u017eisk\u00e1 PLUS<\/title>\n<meta name=\"robots\" content=\"index, follow, max-snippet:-1, max-image-preview:large, max-video-preview:-1\" \/>\n<link rel=\"canonical\" href=\"https:\/\/www.loziskaplus.sk\/eshop\/produkt\/dynamax-cistenie-olejoveho-systemu-300ml\/\" \/>\n<meta property=\"og:locale\" content=\"sk_SK\" \/>\n<meta property=\"og:type\" content=\"article\" \/>\n<meta property=\"og:title\" content=\"DYNAMAX \u010cISTENIE OLEJOV\u00c9HO SYST\u00c9MU 300ML - Lo\u017eisk\u00e1 PLUS\" \/>\n<meta property=\"og:description\" content=\"Rozp\u00fa\u0161\u0165a zne\u010distenia v celom olejovom syst\u00e9me. Zlep\u0161en\u00e1 a stabiln\u00e1 kompresia vo\u00a0v\u0161etk\u00fdch valcoch. Zabra\u0148uje kontamin\u00e1ci\u00ed \u010derstv\u00e9ho oleja. Pr\u00edpravok sl\u00fa\u017ei na odstra\u0148ovanie\u00a0usaden\u00edn a ne\u010dist\u00f4t usaden\u00fdch v olejovom syst\u00e9me, \u010d\u00edm obnovuje kompresiu piestnych\u00a0kr\u00fa\u017ekov.\" \/>\n<meta property=\"og:url\" content=\"https:\/\/www.loziskaplus.sk\/eshop\/produkt\/dynamax-cistenie-olejoveho-systemu-300ml\/\" \/>\n<meta property=\"og:site_name\" content=\"Lo\u017eisk\u00e1 PLUS\" \/>\n<meta property=\"article:modified_time\" content=\"2024-02-28T13:09:22+00:00\" \/>\n<meta property=\"og:image\" content=\"https:\/\/www.loziskaplus.sk\/eshop\/wp-content\/uploads\/2024\/02\/6841-1.jpg?v=1707134038\" \/>\n\t<meta property=\"og:image:width\" content=\"280\" \/>\n\t<meta property=\"og:image:height\" content=\"266\" \/>\n\t<meta property=\"og:image:type\" content=\"image\/jpeg\" \/>\n<meta name=\"twitter:card\" content=\"summary_large_image\" \/>\n<meta name=\"twitter:label1\" content=\"Predpokladan\u00fd \u010das \u010d\u00edtania\" \/>\n\t<meta name=\"twitter:data1\" content=\"1 min\u00fata\" \/>\n<script type=\"application\/ld+json\" class=\"yoast-schema-graph\">{\"@context\":\"https:\\\/\\\/schema.org\",\"@graph\":[{\"@type\":\"WebPage\",\"@id\":\"https:\\\/\\\/www.loziskaplus.sk\\\/eshop\\\/produkt\\\/dynamax-cistenie-olejoveho-systemu-300ml\\\/\",\"url\":\"https:\\\/\\\/www.loziskaplus.sk\\\/eshop\\\/produkt\\\/dynamax-cistenie-olejoveho-systemu-300ml\\\/\",\"name\":\"DYNAMAX \u010cISTENIE OLEJOV\u00c9HO SYST\u00c9MU 300ML - Lo\u017eisk\u00e1 PLUS\",\"isPartOf\":{\"@id\":\"https:\\\/\\\/www.loziskaplus.sk\\\/eshop\\\/#website\"},\"primaryImageOfPage\":{\"@id\":\"https:\\\/\\\/www.loziskaplus.sk\\\/eshop\\\/produkt\\\/dynamax-cistenie-olejoveho-systemu-300ml\\\/#primaryimage\"},\"image\":{\"@id\":\"https:\\\/\\\/www.loziskaplus.sk\\\/eshop\\\/produkt\\\/dynamax-cistenie-olejoveho-systemu-300ml\\\/#primaryimage\"},\"thumbnailUrl\":\"https:\\\/\\\/www.loziskaplus.sk\\\/eshop\\\/wp-content\\\/uploads\\\/2024\\\/02\\\/6841-1.jpg?v=1707134038\",\"datePublished\":\"2024-02-05T11:53:58+00:00\",\"dateModified\":\"2024-02-28T13:09:22+00:00\",\"breadcrumb\":{\"@id\":\"https:\\\/\\\/www.loziskaplus.sk\\\/eshop\\\/produkt\\\/dynamax-cistenie-olejoveho-systemu-300ml\\\/#breadcrumb\"},\"inLanguage\":\"sk-SK\",\"potentialAction\":[{\"@type\":\"ReadAction\",\"target\":[\"https:\\\/\\\/www.loziskaplus.sk\\\/eshop\\\/produkt\\\/dynamax-cistenie-olejoveho-systemu-300ml\\\/\"]}]},{\"@type\":\"ImageObject\",\"inLanguage\":\"sk-SK\",\"@id\":\"https:\\\/\\\/www.loziskaplus.sk\\\/eshop\\\/produkt\\\/dynamax-cistenie-olejoveho-systemu-300ml\\\/#primaryimage\",\"url\":\"https:\\\/\\\/www.loziskaplus.sk\\\/eshop\\\/wp-content\\\/uploads\\\/2024\\\/02\\\/6841-1.jpg?v=1707134038\",\"contentUrl\":\"https:\\\/\\\/www.loziskaplus.sk\\\/eshop\\\/wp-content\\\/uploads\\\/2024\\\/02\\\/6841-1.jpg?v=1707134038\",\"width\":280,\"height\":266},{\"@type\":\"BreadcrumbList\",\"@id\":\"https:\\\/\\\/www.loziskaplus.sk\\\/eshop\\\/produkt\\\/dynamax-cistenie-olejoveho-systemu-300ml\\\/#breadcrumb\",\"itemListElement\":[{\"@type\":\"ListItem\",\"position\":1,\"name\":\"Domov\",\"item\":\"https:\\\/\\\/www.loziskaplus.sk\\\/eshop\\\/\"},{\"@type\":\"ListItem\",\"position\":2,\"name\":\"Obchod\",\"item\":\"https:\\\/\\\/www.loziskaplus.sk\\\/eshop\\\/obchod\\\/\"},{\"@type\":\"ListItem\",\"position\":3,\"name\":\"DYNAMAX \u010cISTENIE OLEJOV\u00c9HO SYST\u00c9MU 300ML\"}]},{\"@type\":\"WebSite\",\"@id\":\"https:\\\/\\\/www.loziskaplus.sk\\\/eshop\\\/#website\",\"url\":\"https:\\\/\\\/www.loziskaplus.sk\\\/eshop\\\/\",\"name\":\"Lo\u017eisk\u00e1 PLUS\",\"description\":\"\",\"publisher\":{\"@id\":\"https:\\\/\\\/www.loziskaplus.sk\\\/eshop\\\/#organization\"},\"potentialAction\":[{\"@type\":\"SearchAction\",\"target\":{\"@type\":\"EntryPoint\",\"urlTemplate\":\"https:\\\/\\\/www.loziskaplus.sk\\\/eshop\\\/?s={search_term_string}\"},\"query-input\":{\"@type\":\"PropertyValueSpecification\",\"valueRequired\":true,\"valueName\":\"search_term_string\"}}],\"inLanguage\":\"sk-SK\"},{\"@type\":\"Organization\",\"@id\":\"https:\\\/\\\/www.loziskaplus.sk\\\/eshop\\\/#organization\",\"name\":\"Lo\u017eisk\u00e1 PLUS\",\"url\":\"https:\\\/\\\/www.loziskaplus.sk\\\/eshop\\\/\",\"logo\":{\"@type\":\"ImageObject\",\"inLanguage\":\"sk-SK\",\"@id\":\"https:\\\/\\\/www.loziskaplus.sk\\\/eshop\\\/#\\\/schema\\\/logo\\\/image\\\/\",\"url\":\"https:\\\/\\\/www.loziskaplus.sk\\\/eshop\\\/wp-content\\\/uploads\\\/2024\\\/06\\\/logo-facebuk-1.jpg?v=1718619602\",\"contentUrl\":\"https:\\\/\\\/www.loziskaplus.sk\\\/eshop\\\/wp-content\\\/uploads\\\/2024\\\/06\\\/logo-facebuk-1.jpg?v=1718619602\",\"width\":180,\"height\":179,\"caption\":\"Lo\u017eisk\u00e1 PLUS\"},\"image\":{\"@id\":\"https:\\\/\\\/www.loziskaplus.sk\\\/eshop\\\/#\\\/schema\\\/logo\\\/image\\\/\"}}]}<\/script>\n<!-- \/ Yoast SEO plugin. -->","yoast_head_json":{"title":"DYNAMAX \u010cISTENIE OLEJOV\u00c9HO SYST\u00c9MU 300ML - Lo\u017eisk\u00e1 PLUS","robots":{"index":"index","follow":"follow","max-snippet":"max-snippet:-1","max-image-preview":"max-image-preview:large","max-video-preview":"max-video-preview:-1"},"canonical":"https:\/\/www.loziskaplus.sk\/eshop\/produkt\/dynamax-cistenie-olejoveho-systemu-300ml\/","og_locale":"sk_SK","og_type":"article","og_title":"DYNAMAX \u010cISTENIE OLEJOV\u00c9HO SYST\u00c9MU 300ML - Lo\u017eisk\u00e1 PLUS","og_description":"Rozp\u00fa\u0161\u0165a zne\u010distenia v celom olejovom syst\u00e9me. Zlep\u0161en\u00e1 a stabiln\u00e1 kompresia vo\u00a0v\u0161etk\u00fdch valcoch. Zabra\u0148uje kontamin\u00e1ci\u00ed \u010derstv\u00e9ho oleja. Pr\u00edpravok sl\u00fa\u017ei na odstra\u0148ovanie\u00a0usaden\u00edn a ne\u010dist\u00f4t usaden\u00fdch v olejovom syst\u00e9me, \u010d\u00edm obnovuje kompresiu piestnych\u00a0kr\u00fa\u017ekov.","og_url":"https:\/\/www.loziskaplus.sk\/eshop\/produkt\/dynamax-cistenie-olejoveho-systemu-300ml\/","og_site_name":"Lo\u017eisk\u00e1 PLUS","article_modified_time":"2024-02-28T13:09:22+00:00","og_image":[{"width":280,"height":266,"url":"https:\/\/www.loziskaplus.sk\/eshop\/wp-content\/uploads\/2024\/02\/6841-1.jpg?v=1707134038","type":"image\/jpeg"}],"twitter_card":"summary_large_image","twitter_misc":{"Predpokladan\u00fd \u010das \u010d\u00edtania":"1 min\u00fata"},"schema":{"@context":"https:\/\/schema.org","@graph":[{"@type":"WebPage","@id":"https:\/\/www.loziskaplus.sk\/eshop\/produkt\/dynamax-cistenie-olejoveho-systemu-300ml\/","url":"https:\/\/www.loziskaplus.sk\/eshop\/produkt\/dynamax-cistenie-olejoveho-systemu-300ml\/","name":"DYNAMAX \u010cISTENIE OLEJOV\u00c9HO SYST\u00c9MU 300ML - Lo\u017eisk\u00e1 PLUS","isPartOf":{"@id":"https:\/\/www.loziskaplus.sk\/eshop\/#website"},"primaryImageOfPage":{"@id":"https:\/\/www.loziskaplus.sk\/eshop\/produkt\/dynamax-cistenie-olejoveho-systemu-300ml\/#primaryimage"},"image":{"@id":"https:\/\/www.loziskaplus.sk\/eshop\/produkt\/dynamax-cistenie-olejoveho-systemu-300ml\/#primaryimage"},"thumbnailUrl":"https:\/\/www.loziskaplus.sk\/eshop\/wp-content\/uploads\/2024\/02\/6841-1.jpg?v=1707134038","datePublished":"2024-02-05T11:53:58+00:00","dateModified":"2024-02-28T13:09:22+00:00","breadcrumb":{"@id":"https:\/\/www.loziskaplus.sk\/eshop\/produkt\/dynamax-cistenie-olejoveho-systemu-300ml\/#breadcrumb"},"inLanguage":"sk-SK","potentialAction":[{"@type":"ReadAction","target":["https:\/\/www.loziskaplus.sk\/eshop\/produkt\/dynamax-cistenie-olejoveho-systemu-300ml\/"]}]},{"@type":"ImageObject","inLanguage":"sk-SK","@id":"https:\/\/www.loziskaplus.sk\/eshop\/produkt\/dynamax-cistenie-olejoveho-systemu-300ml\/#primaryimage","url":"https:\/\/www.loziskaplus.sk\/eshop\/wp-content\/uploads\/2024\/02\/6841-1.jpg?v=1707134038","contentUrl":"https:\/\/www.loziskaplus.sk\/eshop\/wp-content\/uploads\/2024\/02\/6841-1.jpg?v=1707134038","width":280,"height":266},{"@type":"BreadcrumbList","@id":"https:\/\/www.loziskaplus.sk\/eshop\/produkt\/dynamax-cistenie-olejoveho-systemu-300ml\/#breadcrumb","itemListElement":[{"@type":"ListItem","position":1,"name":"Domov","item":"https:\/\/www.loziskaplus.sk\/eshop\/"},{"@type":"ListItem","position":2,"name":"Obchod","item":"https:\/\/www.loziskaplus.sk\/eshop\/obchod\/"},{"@type":"ListItem","position":3,"name":"DYNAMAX \u010cISTENIE OLEJOV\u00c9HO SYST\u00c9MU 300ML"}]},{"@type":"WebSite","@id":"https:\/\/www.loziskaplus.sk\/eshop\/#website","url":"https:\/\/www.loziskaplus.sk\/eshop\/","name":"Lo\u017eisk\u00e1 PLUS","description":"","publisher":{"@id":"https:\/\/www.loziskaplus.sk\/eshop\/#organization"},"potentialAction":[{"@type":"SearchAction","target":{"@type":"EntryPoint","urlTemplate":"https:\/\/www.loziskaplus.sk\/eshop\/?s={search_term_string}"},"query-input":{"@type":"PropertyValueSpecification","valueRequired":true,"valueName":"search_term_string"}}],"inLanguage":"sk-SK"},{"@type":"Organization","@id":"https:\/\/www.loziskaplus.sk\/eshop\/#organization","name":"Lo\u017eisk\u00e1 PLUS","url":"https:\/\/www.loziskaplus.sk\/eshop\/","logo":{"@type":"ImageObject","inLanguage":"sk-SK","@id":"https:\/\/www.loziskaplus.sk\/eshop\/#\/schema\/logo\/image\/","url":"https:\/\/www.loziskaplus.sk\/eshop\/wp-content\/uploads\/2024\/06\/logo-facebuk-1.jpg?v=1718619602","contentUrl":"https:\/\/www.loziskaplus.sk\/eshop\/wp-content\/uploads\/2024\/06\/logo-facebuk-1.jpg?v=1718619602","width":180,"height":179,"caption":"Lo\u017eisk\u00e1 PLUS"},"image":{"@id":"https:\/\/www.loziskaplus.sk\/eshop\/#\/schema\/logo\/image\/"}}]}},"jetpack_sharing_enabled":true,"_links":{"self":[{"href":"https:\/\/www.loziskaplus.sk\/eshop\/wp-json\/wp\/v2\/product\/7015","targetHints":{"allow":["GET"]}}],"collection":[{"href":"https:\/\/www.loziskaplus.sk\/eshop\/wp-json\/wp\/v2\/product"}],"about":[{"href":"https:\/\/www.loziskaplus.sk\/eshop\/wp-json\/wp\/v2\/types\/product"}],"wp:featuredmedia":[{"embeddable":true,"href":"https:\/\/www.loziskaplus.sk\/eshop\/wp-json\/wp\/v2\/media\/7014"}],"wp:attachment":[{"href":"https:\/\/www.loziskaplus.sk\/eshop\/wp-json\/wp\/v2\/media?parent=7015"}],"wp:term":[{"taxonomy":"product_brand","embeddable":true,"href":"https:\/\/www.loziskaplus.sk\/eshop\/wp-json\/wp\/v2\/product_brand?post=7015"},{"taxonomy":"product_cat","embeddable":true,"href":"https:\/\/www.loziskaplus.sk\/eshop\/wp-json\/wp\/v2\/product_cat?post=7015"},{"taxonomy":"product_tag","embeddable":true,"href":"https:\/\/www.loziskaplus.sk\/eshop\/wp-json\/wp\/v2\/product_tag?post=7015"}],"curies":[{"name":"wp","href":"https:\/\/api.w.org\/{rel}","templated":true}]}}