{"id":7065,"date":"2024-02-05T12:55:09","date_gmt":"2024-02-05T11:55:09","guid":{"rendered":"https:\/\/www.loziskaplus.sk\/eshop\/produkt\/dynamax-g-hypol-pp-80w-90-gl5-1l\/"},"modified":"2024-02-26T14:22:43","modified_gmt":"2024-02-26T13:22:43","slug":"dynamax-g-hypol-pp-80w-90-gl5-1l","status":"publish","type":"product","link":"https:\/\/www.loziskaplus.sk\/eshop\/produkt\/dynamax-g-hypol-pp-80w-90-gl5-1l\/","title":{"rendered":"DYNAMAX G- HYPOL PP 80W-90 GL5 1L"},"content":{"rendered":"<p>Automobilov\u00fd prevodov\u00fd olej DYNAMAX HYPOL GL-5 80W-90 je ropn\u00fd olej, ktor\u00fd obsahuje pr\u00edsady na zv\u00fd\u0161enie \u00fanosnosti mazacieho filmu. Miner\u00e1lny olej s ve\u013emi dobr\u00fdmi vlastnos\u0165ami: mazac\u00edmi, protikor\u00f3znymi, antioxida\u010dn\u00fdmi a protipeniacimi.<\/p>\n","protected":false},"excerpt":{"rendered":"<p>Automobilov\u00fd prevodov\u00fd olej DYNAMAX HYPOL GL-5 80W-90 je ropn\u00fd olej, ktor\u00fd obsahuje pr\u00edsady na zv\u00fd\u0161enie \u00fanosnosti mazacieho filmu. Miner\u00e1lny olej s ve\u013emi dobr\u00fdmi vlastnos\u0165ami: mazac\u00edmi, protikor\u00f3znymi, antioxida\u010dn\u00fdmi a protipeniacimi.<\/p>\n","protected":false},"featured_media":7064,"template":"","meta":[],"product_brand":[],"product_cat":[41,19,30],"product_tag":[],"class_list":{"0":"post-7065","1":"product","2":"type-product","3":"status-publish","4":"has-post-thumbnail","6":"product_cat-olej-manualne-prevodovky","7":"product_cat-oleje","8":"product_cat-prevodove-a-servo-oleje","9":"pa_balenie-1l","10":"pa_viskozita-80w-90","11":"pa_vyrobca-dynamax","13":"first","14":"instock","15":"taxable","16":"shipping-taxable","17":"purchasable","18":"product-type-simple"},"yoast_head":"<!-- This site is optimized with the Yoast SEO plugin v27.4 - https:\/\/yoast.com\/product\/yoast-seo-wordpress\/ -->\n<title>DYNAMAX G- HYPOL PP 80W-90 GL5 1L - Lo\u017eisk\u00e1 PLUS<\/title>\n<meta name=\"robots\" content=\"index, follow, max-snippet:-1, max-image-preview:large, max-video-preview:-1\" \/>\n<link rel=\"canonical\" href=\"https:\/\/www.loziskaplus.sk\/eshop\/produkt\/dynamax-g-hypol-pp-80w-90-gl5-1l\/\" \/>\n<meta property=\"og:locale\" content=\"sk_SK\" \/>\n<meta property=\"og:type\" content=\"article\" \/>\n<meta property=\"og:title\" content=\"DYNAMAX G- HYPOL PP 80W-90 GL5 1L - Lo\u017eisk\u00e1 PLUS\" \/>\n<meta property=\"og:description\" content=\"Automobilov\u00fd prevodov\u00fd olej DYNAMAX HYPOL GL-5 80W-90 je ropn\u00fd olej, ktor\u00fd obsahuje pr\u00edsady na zv\u00fd\u0161enie \u00fanosnosti mazacieho filmu. Miner\u00e1lny olej s ve\u013emi dobr\u00fdmi vlastnos\u0165ami: mazac\u00edmi, protikor\u00f3znymi, antioxida\u010dn\u00fdmi a protipeniacimi.\" \/>\n<meta property=\"og:url\" content=\"https:\/\/www.loziskaplus.sk\/eshop\/produkt\/dynamax-g-hypol-pp-80w-90-gl5-1l\/\" \/>\n<meta property=\"og:site_name\" content=\"Lo\u017eisk\u00e1 PLUS\" \/>\n<meta property=\"article:modified_time\" content=\"2024-02-26T13:22:43+00:00\" \/>\n<meta property=\"og:image\" content=\"https:\/\/www.loziskaplus.sk\/eshop\/wp-content\/uploads\/2024\/02\/18947-1.jpg?v=1707134109\" \/>\n\t<meta property=\"og:image:width\" content=\"301\" \/>\n\t<meta property=\"og:image:height\" content=\"400\" \/>\n\t<meta property=\"og:image:type\" content=\"image\/jpeg\" \/>\n<meta name=\"twitter:card\" content=\"summary_large_image\" \/>\n<meta name=\"twitter:label1\" content=\"Predpokladan\u00fd \u010das \u010d\u00edtania\" \/>\n\t<meta name=\"twitter:data1\" content=\"1 min\u00fata\" \/>\n<script type=\"application\/ld+json\" class=\"yoast-schema-graph\">{\"@context\":\"https:\\\/\\\/schema.org\",\"@graph\":[{\"@type\":\"WebPage\",\"@id\":\"https:\\\/\\\/www.loziskaplus.sk\\\/eshop\\\/produkt\\\/dynamax-g-hypol-pp-80w-90-gl5-1l\\\/\",\"url\":\"https:\\\/\\\/www.loziskaplus.sk\\\/eshop\\\/produkt\\\/dynamax-g-hypol-pp-80w-90-gl5-1l\\\/\",\"name\":\"DYNAMAX G- HYPOL PP 80W-90 GL5 1L - Lo\u017eisk\u00e1 PLUS\",\"isPartOf\":{\"@id\":\"https:\\\/\\\/www.loziskaplus.sk\\\/eshop\\\/#website\"},\"primaryImageOfPage\":{\"@id\":\"https:\\\/\\\/www.loziskaplus.sk\\\/eshop\\\/produkt\\\/dynamax-g-hypol-pp-80w-90-gl5-1l\\\/#primaryimage\"},\"image\":{\"@id\":\"https:\\\/\\\/www.loziskaplus.sk\\\/eshop\\\/produkt\\\/dynamax-g-hypol-pp-80w-90-gl5-1l\\\/#primaryimage\"},\"thumbnailUrl\":\"https:\\\/\\\/www.loziskaplus.sk\\\/eshop\\\/wp-content\\\/uploads\\\/2024\\\/02\\\/18947-1.jpg?v=1707134109\",\"datePublished\":\"2024-02-05T11:55:09+00:00\",\"dateModified\":\"2024-02-26T13:22:43+00:00\",\"breadcrumb\":{\"@id\":\"https:\\\/\\\/www.loziskaplus.sk\\\/eshop\\\/produkt\\\/dynamax-g-hypol-pp-80w-90-gl5-1l\\\/#breadcrumb\"},\"inLanguage\":\"sk-SK\",\"potentialAction\":[{\"@type\":\"ReadAction\",\"target\":[\"https:\\\/\\\/www.loziskaplus.sk\\\/eshop\\\/produkt\\\/dynamax-g-hypol-pp-80w-90-gl5-1l\\\/\"]}]},{\"@type\":\"ImageObject\",\"inLanguage\":\"sk-SK\",\"@id\":\"https:\\\/\\\/www.loziskaplus.sk\\\/eshop\\\/produkt\\\/dynamax-g-hypol-pp-80w-90-gl5-1l\\\/#primaryimage\",\"url\":\"https:\\\/\\\/www.loziskaplus.sk\\\/eshop\\\/wp-content\\\/uploads\\\/2024\\\/02\\\/18947-1.jpg?v=1707134109\",\"contentUrl\":\"https:\\\/\\\/www.loziskaplus.sk\\\/eshop\\\/wp-content\\\/uploads\\\/2024\\\/02\\\/18947-1.jpg?v=1707134109\",\"width\":301,\"height\":400},{\"@type\":\"BreadcrumbList\",\"@id\":\"https:\\\/\\\/www.loziskaplus.sk\\\/eshop\\\/produkt\\\/dynamax-g-hypol-pp-80w-90-gl5-1l\\\/#breadcrumb\",\"itemListElement\":[{\"@type\":\"ListItem\",\"position\":1,\"name\":\"Domov\",\"item\":\"https:\\\/\\\/www.loziskaplus.sk\\\/eshop\\\/\"},{\"@type\":\"ListItem\",\"position\":2,\"name\":\"Obchod\",\"item\":\"https:\\\/\\\/www.loziskaplus.sk\\\/eshop\\\/obchod\\\/\"},{\"@type\":\"ListItem\",\"position\":3,\"name\":\"DYNAMAX G- HYPOL PP 80W-90 GL5 1L\"}]},{\"@type\":\"WebSite\",\"@id\":\"https:\\\/\\\/www.loziskaplus.sk\\\/eshop\\\/#website\",\"url\":\"https:\\\/\\\/www.loziskaplus.sk\\\/eshop\\\/\",\"name\":\"Lo\u017eisk\u00e1 PLUS\",\"description\":\"\",\"publisher\":{\"@id\":\"https:\\\/\\\/www.loziskaplus.sk\\\/eshop\\\/#organization\"},\"potentialAction\":[{\"@type\":\"SearchAction\",\"target\":{\"@type\":\"EntryPoint\",\"urlTemplate\":\"https:\\\/\\\/www.loziskaplus.sk\\\/eshop\\\/?s={search_term_string}\"},\"query-input\":{\"@type\":\"PropertyValueSpecification\",\"valueRequired\":true,\"valueName\":\"search_term_string\"}}],\"inLanguage\":\"sk-SK\"},{\"@type\":\"Organization\",\"@id\":\"https:\\\/\\\/www.loziskaplus.sk\\\/eshop\\\/#organization\",\"name\":\"Lo\u017eisk\u00e1 PLUS\",\"url\":\"https:\\\/\\\/www.loziskaplus.sk\\\/eshop\\\/\",\"logo\":{\"@type\":\"ImageObject\",\"inLanguage\":\"sk-SK\",\"@id\":\"https:\\\/\\\/www.loziskaplus.sk\\\/eshop\\\/#\\\/schema\\\/logo\\\/image\\\/\",\"url\":\"https:\\\/\\\/www.loziskaplus.sk\\\/eshop\\\/wp-content\\\/uploads\\\/2024\\\/06\\\/logo-facebuk-1.jpg?v=1718619602\",\"contentUrl\":\"https:\\\/\\\/www.loziskaplus.sk\\\/eshop\\\/wp-content\\\/uploads\\\/2024\\\/06\\\/logo-facebuk-1.jpg?v=1718619602\",\"width\":180,\"height\":179,\"caption\":\"Lo\u017eisk\u00e1 PLUS\"},\"image\":{\"@id\":\"https:\\\/\\\/www.loziskaplus.sk\\\/eshop\\\/#\\\/schema\\\/logo\\\/image\\\/\"}}]}<\/script>\n<!-- \/ Yoast SEO plugin. -->","yoast_head_json":{"title":"DYNAMAX G- HYPOL PP 80W-90 GL5 1L - Lo\u017eisk\u00e1 PLUS","robots":{"index":"index","follow":"follow","max-snippet":"max-snippet:-1","max-image-preview":"max-image-preview:large","max-video-preview":"max-video-preview:-1"},"canonical":"https:\/\/www.loziskaplus.sk\/eshop\/produkt\/dynamax-g-hypol-pp-80w-90-gl5-1l\/","og_locale":"sk_SK","og_type":"article","og_title":"DYNAMAX G- HYPOL PP 80W-90 GL5 1L - Lo\u017eisk\u00e1 PLUS","og_description":"Automobilov\u00fd prevodov\u00fd olej DYNAMAX HYPOL GL-5 80W-90 je ropn\u00fd olej, ktor\u00fd obsahuje pr\u00edsady na zv\u00fd\u0161enie \u00fanosnosti mazacieho filmu. Miner\u00e1lny olej s ve\u013emi dobr\u00fdmi vlastnos\u0165ami: mazac\u00edmi, protikor\u00f3znymi, antioxida\u010dn\u00fdmi a protipeniacimi.","og_url":"https:\/\/www.loziskaplus.sk\/eshop\/produkt\/dynamax-g-hypol-pp-80w-90-gl5-1l\/","og_site_name":"Lo\u017eisk\u00e1 PLUS","article_modified_time":"2024-02-26T13:22:43+00:00","og_image":[{"width":301,"height":400,"url":"https:\/\/www.loziskaplus.sk\/eshop\/wp-content\/uploads\/2024\/02\/18947-1.jpg?v=1707134109","type":"image\/jpeg"}],"twitter_card":"summary_large_image","twitter_misc":{"Predpokladan\u00fd \u010das \u010d\u00edtania":"1 min\u00fata"},"schema":{"@context":"https:\/\/schema.org","@graph":[{"@type":"WebPage","@id":"https:\/\/www.loziskaplus.sk\/eshop\/produkt\/dynamax-g-hypol-pp-80w-90-gl5-1l\/","url":"https:\/\/www.loziskaplus.sk\/eshop\/produkt\/dynamax-g-hypol-pp-80w-90-gl5-1l\/","name":"DYNAMAX G- HYPOL PP 80W-90 GL5 1L - Lo\u017eisk\u00e1 PLUS","isPartOf":{"@id":"https:\/\/www.loziskaplus.sk\/eshop\/#website"},"primaryImageOfPage":{"@id":"https:\/\/www.loziskaplus.sk\/eshop\/produkt\/dynamax-g-hypol-pp-80w-90-gl5-1l\/#primaryimage"},"image":{"@id":"https:\/\/www.loziskaplus.sk\/eshop\/produkt\/dynamax-g-hypol-pp-80w-90-gl5-1l\/#primaryimage"},"thumbnailUrl":"https:\/\/www.loziskaplus.sk\/eshop\/wp-content\/uploads\/2024\/02\/18947-1.jpg?v=1707134109","datePublished":"2024-02-05T11:55:09+00:00","dateModified":"2024-02-26T13:22:43+00:00","breadcrumb":{"@id":"https:\/\/www.loziskaplus.sk\/eshop\/produkt\/dynamax-g-hypol-pp-80w-90-gl5-1l\/#breadcrumb"},"inLanguage":"sk-SK","potentialAction":[{"@type":"ReadAction","target":["https:\/\/www.loziskaplus.sk\/eshop\/produkt\/dynamax-g-hypol-pp-80w-90-gl5-1l\/"]}]},{"@type":"ImageObject","inLanguage":"sk-SK","@id":"https:\/\/www.loziskaplus.sk\/eshop\/produkt\/dynamax-g-hypol-pp-80w-90-gl5-1l\/#primaryimage","url":"https:\/\/www.loziskaplus.sk\/eshop\/wp-content\/uploads\/2024\/02\/18947-1.jpg?v=1707134109","contentUrl":"https:\/\/www.loziskaplus.sk\/eshop\/wp-content\/uploads\/2024\/02\/18947-1.jpg?v=1707134109","width":301,"height":400},{"@type":"BreadcrumbList","@id":"https:\/\/www.loziskaplus.sk\/eshop\/produkt\/dynamax-g-hypol-pp-80w-90-gl5-1l\/#breadcrumb","itemListElement":[{"@type":"ListItem","position":1,"name":"Domov","item":"https:\/\/www.loziskaplus.sk\/eshop\/"},{"@type":"ListItem","position":2,"name":"Obchod","item":"https:\/\/www.loziskaplus.sk\/eshop\/obchod\/"},{"@type":"ListItem","position":3,"name":"DYNAMAX G- HYPOL PP 80W-90 GL5 1L"}]},{"@type":"WebSite","@id":"https:\/\/www.loziskaplus.sk\/eshop\/#website","url":"https:\/\/www.loziskaplus.sk\/eshop\/","name":"Lo\u017eisk\u00e1 PLUS","description":"","publisher":{"@id":"https:\/\/www.loziskaplus.sk\/eshop\/#organization"},"potentialAction":[{"@type":"SearchAction","target":{"@type":"EntryPoint","urlTemplate":"https:\/\/www.loziskaplus.sk\/eshop\/?s={search_term_string}"},"query-input":{"@type":"PropertyValueSpecification","valueRequired":true,"valueName":"search_term_string"}}],"inLanguage":"sk-SK"},{"@type":"Organization","@id":"https:\/\/www.loziskaplus.sk\/eshop\/#organization","name":"Lo\u017eisk\u00e1 PLUS","url":"https:\/\/www.loziskaplus.sk\/eshop\/","logo":{"@type":"ImageObject","inLanguage":"sk-SK","@id":"https:\/\/www.loziskaplus.sk\/eshop\/#\/schema\/logo\/image\/","url":"https:\/\/www.loziskaplus.sk\/eshop\/wp-content\/uploads\/2024\/06\/logo-facebuk-1.jpg?v=1718619602","contentUrl":"https:\/\/www.loziskaplus.sk\/eshop\/wp-content\/uploads\/2024\/06\/logo-facebuk-1.jpg?v=1718619602","width":180,"height":179,"caption":"Lo\u017eisk\u00e1 PLUS"},"image":{"@id":"https:\/\/www.loziskaplus.sk\/eshop\/#\/schema\/logo\/image\/"}}]}},"jetpack_sharing_enabled":true,"_links":{"self":[{"href":"https:\/\/www.loziskaplus.sk\/eshop\/wp-json\/wp\/v2\/product\/7065","targetHints":{"allow":["GET"]}}],"collection":[{"href":"https:\/\/www.loziskaplus.sk\/eshop\/wp-json\/wp\/v2\/product"}],"about":[{"href":"https:\/\/www.loziskaplus.sk\/eshop\/wp-json\/wp\/v2\/types\/product"}],"wp:featuredmedia":[{"embeddable":true,"href":"https:\/\/www.loziskaplus.sk\/eshop\/wp-json\/wp\/v2\/media\/7064"}],"wp:attachment":[{"href":"https:\/\/www.loziskaplus.sk\/eshop\/wp-json\/wp\/v2\/media?parent=7065"}],"wp:term":[{"taxonomy":"product_brand","embeddable":true,"href":"https:\/\/www.loziskaplus.sk\/eshop\/wp-json\/wp\/v2\/product_brand?post=7065"},{"taxonomy":"product_cat","embeddable":true,"href":"https:\/\/www.loziskaplus.sk\/eshop\/wp-json\/wp\/v2\/product_cat?post=7065"},{"taxonomy":"product_tag","embeddable":true,"href":"https:\/\/www.loziskaplus.sk\/eshop\/wp-json\/wp\/v2\/product_tag?post=7065"}],"curies":[{"name":"wp","href":"https:\/\/api.w.org\/{rel}","templated":true}]}}