{"id":7201,"date":"2024-02-05T12:58:26","date_gmt":"2024-02-05T11:58:26","guid":{"rendered":"https:\/\/www.loziskaplus.sk\/eshop\/produkt\/dynamax-nano-ostrekovac-25l\/"},"modified":"2024-02-22T13:37:19","modified_gmt":"2024-02-22T12:37:19","slug":"dynamax-nano-ostrekovac-25l","status":"publish","type":"product","link":"https:\/\/www.loziskaplus.sk\/eshop\/produkt\/dynamax-nano-ostrekovac-25l\/","title":{"rendered":"DYNAMAX NANO OSTREKOVA\u010c 25L"},"content":{"rendered":"<p>DYNAMAX NANO SCREENWASH je vysokokvalitn\u00e1 letn\u00e1 zmes do ostrekova\u010dov vyroben\u00e1 na b\u00e1ze NANO technol\u00f3gie s pr\u00edjemnou zmesou v\u00f4n\u00ed mel\u00f3nu a kiwi. Vytv\u00e1ra na skle \u00fa\u010dinn\u00fa ochrann\u00fa vrstvu, ktorej hlavnou \u00falohou je minimalizova\u0165 usadzovanie ne\u010dist\u00f4t a t\u00fdm zlep\u0161i\u0165 vidite\u013enos\u0165 na va\u0161ich cest\u00e1ch. Zmes z\u00e1rove\u0148 napom\u00e1ha k odstra\u0148ovaniu da\u017e\u010fovej vody a je \u0161etrn\u00e1 k va\u0161im svetlometom.<\/p>\n","protected":false},"excerpt":{"rendered":"<p>DYNAMAX NANO SCREENWASH je vysokokvalitn\u00e1 letn\u00e1 zmes do ostrekova\u010dov vyroben\u00e1 na b\u00e1ze NANO technol\u00f3gie s pr\u00edjemnou zmesou v\u00f4n\u00ed mel\u00f3nu a kiwi. Vytv\u00e1ra na skle \u00fa\u010dinn\u00fa ochrann\u00fa vrstvu, ktorej hlavnou \u00falohou je minimalizova\u0165 usadzovanie ne\u010dist\u00f4t a t\u00fdm zlep\u0161i\u0165 vidite\u013enos\u0165 na va\u0161ich cest\u00e1ch. Zmes z\u00e1rove\u0148 napom\u00e1ha k odstra\u0148ovaniu da\u017e\u010fovej vody a je \u0161etrn\u00e1 k va\u0161im svetlometom.<\/p>\n","protected":false},"featured_media":7200,"template":"","meta":[],"product_brand":[],"product_cat":[119,113,122],"product_tag":[],"class_list":{"0":"post-7201","1":"product","2":"type-product","3":"status-publish","4":"has-post-thumbnail","6":"product_cat-ostrekovace-letne","7":"product_cat-prevadzkove-kvapaliny","8":"product_cat-univerzalne-diely-a-prislusenstvo-na-auta","9":"pa_balenie-25l","10":"pa_vyrobca-dynamax","12":"first","13":"instock","14":"taxable","15":"shipping-taxable","16":"purchasable","17":"product-type-simple"},"yoast_head":"<!-- This site is optimized with the Yoast SEO plugin v27.4 - https:\/\/yoast.com\/product\/yoast-seo-wordpress\/ -->\n<title>DYNAMAX NANO OSTREKOVA\u010c 25L - Lo\u017eisk\u00e1 PLUS<\/title>\n<meta name=\"robots\" content=\"index, follow, max-snippet:-1, max-image-preview:large, max-video-preview:-1\" \/>\n<link rel=\"canonical\" href=\"https:\/\/www.loziskaplus.sk\/eshop\/produkt\/dynamax-nano-ostrekovac-25l\/\" \/>\n<meta property=\"og:locale\" content=\"sk_SK\" \/>\n<meta property=\"og:type\" content=\"article\" \/>\n<meta property=\"og:title\" content=\"DYNAMAX NANO OSTREKOVA\u010c 25L - Lo\u017eisk\u00e1 PLUS\" \/>\n<meta property=\"og:description\" content=\"DYNAMAX NANO SCREENWASH je vysokokvalitn\u00e1 letn\u00e1 zmes do ostrekova\u010dov vyroben\u00e1 na b\u00e1ze NANO technol\u00f3gie s pr\u00edjemnou zmesou v\u00f4n\u00ed mel\u00f3nu a kiwi. Vytv\u00e1ra na skle \u00fa\u010dinn\u00fa ochrann\u00fa vrstvu, ktorej hlavnou \u00falohou je minimalizova\u0165 usadzovanie ne\u010dist\u00f4t a t\u00fdm zlep\u0161i\u0165 vidite\u013enos\u0165 na va\u0161ich cest\u00e1ch. Zmes z\u00e1rove\u0148 napom\u00e1ha k odstra\u0148ovaniu da\u017e\u010fovej vody a je \u0161etrn\u00e1 k va\u0161im svetlometom.\" \/>\n<meta property=\"og:url\" content=\"https:\/\/www.loziskaplus.sk\/eshop\/produkt\/dynamax-nano-ostrekovac-25l\/\" \/>\n<meta property=\"og:site_name\" content=\"Lo\u017eisk\u00e1 PLUS\" \/>\n<meta property=\"article:modified_time\" content=\"2024-02-22T12:37:19+00:00\" \/>\n<meta property=\"og:image\" content=\"https:\/\/www.loziskaplus.sk\/eshop\/wp-content\/uploads\/2024\/02\/11012-1.jpg?v=1707134306\" \/>\n\t<meta property=\"og:image:width\" content=\"582\" \/>\n\t<meta property=\"og:image:height\" content=\"900\" \/>\n\t<meta property=\"og:image:type\" content=\"image\/jpeg\" \/>\n<meta name=\"twitter:card\" content=\"summary_large_image\" \/>\n<meta name=\"twitter:label1\" content=\"Predpokladan\u00fd \u010das \u010d\u00edtania\" \/>\n\t<meta name=\"twitter:data1\" content=\"1 min\u00fata\" \/>\n<script type=\"application\/ld+json\" class=\"yoast-schema-graph\">{\"@context\":\"https:\\\/\\\/schema.org\",\"@graph\":[{\"@type\":\"WebPage\",\"@id\":\"https:\\\/\\\/www.loziskaplus.sk\\\/eshop\\\/produkt\\\/dynamax-nano-ostrekovac-25l\\\/\",\"url\":\"https:\\\/\\\/www.loziskaplus.sk\\\/eshop\\\/produkt\\\/dynamax-nano-ostrekovac-25l\\\/\",\"name\":\"DYNAMAX NANO OSTREKOVA\u010c 25L - Lo\u017eisk\u00e1 PLUS\",\"isPartOf\":{\"@id\":\"https:\\\/\\\/www.loziskaplus.sk\\\/eshop\\\/#website\"},\"primaryImageOfPage\":{\"@id\":\"https:\\\/\\\/www.loziskaplus.sk\\\/eshop\\\/produkt\\\/dynamax-nano-ostrekovac-25l\\\/#primaryimage\"},\"image\":{\"@id\":\"https:\\\/\\\/www.loziskaplus.sk\\\/eshop\\\/produkt\\\/dynamax-nano-ostrekovac-25l\\\/#primaryimage\"},\"thumbnailUrl\":\"https:\\\/\\\/www.loziskaplus.sk\\\/eshop\\\/wp-content\\\/uploads\\\/2024\\\/02\\\/11012-1.jpg?v=1707134306\",\"datePublished\":\"2024-02-05T11:58:26+00:00\",\"dateModified\":\"2024-02-22T12:37:19+00:00\",\"breadcrumb\":{\"@id\":\"https:\\\/\\\/www.loziskaplus.sk\\\/eshop\\\/produkt\\\/dynamax-nano-ostrekovac-25l\\\/#breadcrumb\"},\"inLanguage\":\"sk-SK\",\"potentialAction\":[{\"@type\":\"ReadAction\",\"target\":[\"https:\\\/\\\/www.loziskaplus.sk\\\/eshop\\\/produkt\\\/dynamax-nano-ostrekovac-25l\\\/\"]}]},{\"@type\":\"ImageObject\",\"inLanguage\":\"sk-SK\",\"@id\":\"https:\\\/\\\/www.loziskaplus.sk\\\/eshop\\\/produkt\\\/dynamax-nano-ostrekovac-25l\\\/#primaryimage\",\"url\":\"https:\\\/\\\/www.loziskaplus.sk\\\/eshop\\\/wp-content\\\/uploads\\\/2024\\\/02\\\/11012-1.jpg?v=1707134306\",\"contentUrl\":\"https:\\\/\\\/www.loziskaplus.sk\\\/eshop\\\/wp-content\\\/uploads\\\/2024\\\/02\\\/11012-1.jpg?v=1707134306\",\"width\":582,\"height\":900},{\"@type\":\"BreadcrumbList\",\"@id\":\"https:\\\/\\\/www.loziskaplus.sk\\\/eshop\\\/produkt\\\/dynamax-nano-ostrekovac-25l\\\/#breadcrumb\",\"itemListElement\":[{\"@type\":\"ListItem\",\"position\":1,\"name\":\"Domov\",\"item\":\"https:\\\/\\\/www.loziskaplus.sk\\\/eshop\\\/\"},{\"@type\":\"ListItem\",\"position\":2,\"name\":\"Obchod\",\"item\":\"https:\\\/\\\/www.loziskaplus.sk\\\/eshop\\\/obchod\\\/\"},{\"@type\":\"ListItem\",\"position\":3,\"name\":\"DYNAMAX NANO OSTREKOVA\u010c 25L\"}]},{\"@type\":\"WebSite\",\"@id\":\"https:\\\/\\\/www.loziskaplus.sk\\\/eshop\\\/#website\",\"url\":\"https:\\\/\\\/www.loziskaplus.sk\\\/eshop\\\/\",\"name\":\"Lo\u017eisk\u00e1 PLUS\",\"description\":\"\",\"publisher\":{\"@id\":\"https:\\\/\\\/www.loziskaplus.sk\\\/eshop\\\/#organization\"},\"potentialAction\":[{\"@type\":\"SearchAction\",\"target\":{\"@type\":\"EntryPoint\",\"urlTemplate\":\"https:\\\/\\\/www.loziskaplus.sk\\\/eshop\\\/?s={search_term_string}\"},\"query-input\":{\"@type\":\"PropertyValueSpecification\",\"valueRequired\":true,\"valueName\":\"search_term_string\"}}],\"inLanguage\":\"sk-SK\"},{\"@type\":\"Organization\",\"@id\":\"https:\\\/\\\/www.loziskaplus.sk\\\/eshop\\\/#organization\",\"name\":\"Lo\u017eisk\u00e1 PLUS\",\"url\":\"https:\\\/\\\/www.loziskaplus.sk\\\/eshop\\\/\",\"logo\":{\"@type\":\"ImageObject\",\"inLanguage\":\"sk-SK\",\"@id\":\"https:\\\/\\\/www.loziskaplus.sk\\\/eshop\\\/#\\\/schema\\\/logo\\\/image\\\/\",\"url\":\"https:\\\/\\\/www.loziskaplus.sk\\\/eshop\\\/wp-content\\\/uploads\\\/2024\\\/06\\\/logo-facebuk-1.jpg?v=1718619602\",\"contentUrl\":\"https:\\\/\\\/www.loziskaplus.sk\\\/eshop\\\/wp-content\\\/uploads\\\/2024\\\/06\\\/logo-facebuk-1.jpg?v=1718619602\",\"width\":180,\"height\":179,\"caption\":\"Lo\u017eisk\u00e1 PLUS\"},\"image\":{\"@id\":\"https:\\\/\\\/www.loziskaplus.sk\\\/eshop\\\/#\\\/schema\\\/logo\\\/image\\\/\"}}]}<\/script>\n<!-- \/ Yoast SEO plugin. -->","yoast_head_json":{"title":"DYNAMAX NANO OSTREKOVA\u010c 25L - Lo\u017eisk\u00e1 PLUS","robots":{"index":"index","follow":"follow","max-snippet":"max-snippet:-1","max-image-preview":"max-image-preview:large","max-video-preview":"max-video-preview:-1"},"canonical":"https:\/\/www.loziskaplus.sk\/eshop\/produkt\/dynamax-nano-ostrekovac-25l\/","og_locale":"sk_SK","og_type":"article","og_title":"DYNAMAX NANO OSTREKOVA\u010c 25L - Lo\u017eisk\u00e1 PLUS","og_description":"DYNAMAX NANO SCREENWASH je vysokokvalitn\u00e1 letn\u00e1 zmes do ostrekova\u010dov vyroben\u00e1 na b\u00e1ze NANO technol\u00f3gie s pr\u00edjemnou zmesou v\u00f4n\u00ed mel\u00f3nu a kiwi. Vytv\u00e1ra na skle \u00fa\u010dinn\u00fa ochrann\u00fa vrstvu, ktorej hlavnou \u00falohou je minimalizova\u0165 usadzovanie ne\u010dist\u00f4t a t\u00fdm zlep\u0161i\u0165 vidite\u013enos\u0165 na va\u0161ich cest\u00e1ch. Zmes z\u00e1rove\u0148 napom\u00e1ha k odstra\u0148ovaniu da\u017e\u010fovej vody a je \u0161etrn\u00e1 k va\u0161im svetlometom.","og_url":"https:\/\/www.loziskaplus.sk\/eshop\/produkt\/dynamax-nano-ostrekovac-25l\/","og_site_name":"Lo\u017eisk\u00e1 PLUS","article_modified_time":"2024-02-22T12:37:19+00:00","og_image":[{"width":582,"height":900,"url":"https:\/\/www.loziskaplus.sk\/eshop\/wp-content\/uploads\/2024\/02\/11012-1.jpg?v=1707134306","type":"image\/jpeg"}],"twitter_card":"summary_large_image","twitter_misc":{"Predpokladan\u00fd \u010das \u010d\u00edtania":"1 min\u00fata"},"schema":{"@context":"https:\/\/schema.org","@graph":[{"@type":"WebPage","@id":"https:\/\/www.loziskaplus.sk\/eshop\/produkt\/dynamax-nano-ostrekovac-25l\/","url":"https:\/\/www.loziskaplus.sk\/eshop\/produkt\/dynamax-nano-ostrekovac-25l\/","name":"DYNAMAX NANO OSTREKOVA\u010c 25L - Lo\u017eisk\u00e1 PLUS","isPartOf":{"@id":"https:\/\/www.loziskaplus.sk\/eshop\/#website"},"primaryImageOfPage":{"@id":"https:\/\/www.loziskaplus.sk\/eshop\/produkt\/dynamax-nano-ostrekovac-25l\/#primaryimage"},"image":{"@id":"https:\/\/www.loziskaplus.sk\/eshop\/produkt\/dynamax-nano-ostrekovac-25l\/#primaryimage"},"thumbnailUrl":"https:\/\/www.loziskaplus.sk\/eshop\/wp-content\/uploads\/2024\/02\/11012-1.jpg?v=1707134306","datePublished":"2024-02-05T11:58:26+00:00","dateModified":"2024-02-22T12:37:19+00:00","breadcrumb":{"@id":"https:\/\/www.loziskaplus.sk\/eshop\/produkt\/dynamax-nano-ostrekovac-25l\/#breadcrumb"},"inLanguage":"sk-SK","potentialAction":[{"@type":"ReadAction","target":["https:\/\/www.loziskaplus.sk\/eshop\/produkt\/dynamax-nano-ostrekovac-25l\/"]}]},{"@type":"ImageObject","inLanguage":"sk-SK","@id":"https:\/\/www.loziskaplus.sk\/eshop\/produkt\/dynamax-nano-ostrekovac-25l\/#primaryimage","url":"https:\/\/www.loziskaplus.sk\/eshop\/wp-content\/uploads\/2024\/02\/11012-1.jpg?v=1707134306","contentUrl":"https:\/\/www.loziskaplus.sk\/eshop\/wp-content\/uploads\/2024\/02\/11012-1.jpg?v=1707134306","width":582,"height":900},{"@type":"BreadcrumbList","@id":"https:\/\/www.loziskaplus.sk\/eshop\/produkt\/dynamax-nano-ostrekovac-25l\/#breadcrumb","itemListElement":[{"@type":"ListItem","position":1,"name":"Domov","item":"https:\/\/www.loziskaplus.sk\/eshop\/"},{"@type":"ListItem","position":2,"name":"Obchod","item":"https:\/\/www.loziskaplus.sk\/eshop\/obchod\/"},{"@type":"ListItem","position":3,"name":"DYNAMAX NANO OSTREKOVA\u010c 25L"}]},{"@type":"WebSite","@id":"https:\/\/www.loziskaplus.sk\/eshop\/#website","url":"https:\/\/www.loziskaplus.sk\/eshop\/","name":"Lo\u017eisk\u00e1 PLUS","description":"","publisher":{"@id":"https:\/\/www.loziskaplus.sk\/eshop\/#organization"},"potentialAction":[{"@type":"SearchAction","target":{"@type":"EntryPoint","urlTemplate":"https:\/\/www.loziskaplus.sk\/eshop\/?s={search_term_string}"},"query-input":{"@type":"PropertyValueSpecification","valueRequired":true,"valueName":"search_term_string"}}],"inLanguage":"sk-SK"},{"@type":"Organization","@id":"https:\/\/www.loziskaplus.sk\/eshop\/#organization","name":"Lo\u017eisk\u00e1 PLUS","url":"https:\/\/www.loziskaplus.sk\/eshop\/","logo":{"@type":"ImageObject","inLanguage":"sk-SK","@id":"https:\/\/www.loziskaplus.sk\/eshop\/#\/schema\/logo\/image\/","url":"https:\/\/www.loziskaplus.sk\/eshop\/wp-content\/uploads\/2024\/06\/logo-facebuk-1.jpg?v=1718619602","contentUrl":"https:\/\/www.loziskaplus.sk\/eshop\/wp-content\/uploads\/2024\/06\/logo-facebuk-1.jpg?v=1718619602","width":180,"height":179,"caption":"Lo\u017eisk\u00e1 PLUS"},"image":{"@id":"https:\/\/www.loziskaplus.sk\/eshop\/#\/schema\/logo\/image\/"}}]}},"jetpack_sharing_enabled":true,"_links":{"self":[{"href":"https:\/\/www.loziskaplus.sk\/eshop\/wp-json\/wp\/v2\/product\/7201","targetHints":{"allow":["GET"]}}],"collection":[{"href":"https:\/\/www.loziskaplus.sk\/eshop\/wp-json\/wp\/v2\/product"}],"about":[{"href":"https:\/\/www.loziskaplus.sk\/eshop\/wp-json\/wp\/v2\/types\/product"}],"wp:featuredmedia":[{"embeddable":true,"href":"https:\/\/www.loziskaplus.sk\/eshop\/wp-json\/wp\/v2\/media\/7200"}],"wp:attachment":[{"href":"https:\/\/www.loziskaplus.sk\/eshop\/wp-json\/wp\/v2\/media?parent=7201"}],"wp:term":[{"taxonomy":"product_brand","embeddable":true,"href":"https:\/\/www.loziskaplus.sk\/eshop\/wp-json\/wp\/v2\/product_brand?post=7201"},{"taxonomy":"product_cat","embeddable":true,"href":"https:\/\/www.loziskaplus.sk\/eshop\/wp-json\/wp\/v2\/product_cat?post=7201"},{"taxonomy":"product_tag","embeddable":true,"href":"https:\/\/www.loziskaplus.sk\/eshop\/wp-json\/wp\/v2\/product_tag?post=7201"}],"curies":[{"name":"wp","href":"https:\/\/api.w.org\/{rel}","templated":true}]}}