{"id":7338,"date":"2024-02-05T13:01:46","date_gmt":"2024-02-05T12:01:46","guid":{"rendered":"https:\/\/www.loziskaplus.sk\/eshop\/produkt\/dynamax-dpf-cistiaca-kvapalina-1l\/"},"modified":"2024-02-21T07:33:35","modified_gmt":"2024-02-21T06:33:35","slug":"dynamax-dpf-cistiaca-kvapalina-1l","status":"publish","type":"product","link":"https:\/\/www.loziskaplus.sk\/eshop\/produkt\/dynamax-dpf-cistiaca-kvapalina-1l\/","title":{"rendered":"DYNAMAX DPF \u010cISTIACA KVAPALINA 1L"},"content":{"rendered":"<p>Vysoko \u00fa\u010dinn\u00e1 pr\u00edsada pre \u010distenie demontovan\u00e9ho filtra pevn\u00fdch \u010dast\u00edc (DPF). Rozp\u00fa\u0161\u0165a zne\u010distenie vo filtri a\u00a0regeneruje jeho pln\u00fa funk\u010dnos\u0165. Pou\u017eitie: vhodn\u00e9 pre v\u0161etky DPF.\u00a0 1. Zrie\u010fte pr\u00edpravok s\u00a0vodou v\u00a0pomere 1:4 (v pr\u00edpade siln\u00e9ho zne\u010distenia 1:1). 2. Odmontujte DPF a\u00a0napl\u0148te ho pr\u00edpravkom od 3 do 5 litrov (v z\u00e1vislosti od ve\u013ekosti DPF). 3. Nechajte pr\u00edpravok \u00fa\u010dinkova\u0165 pribli\u017ene 8-10 hod\u00edn.\u00a0 4. Pravidelne kontrolujte stav naplnenia a\u00a0v\u00a0pr\u00edpade potreby dopl\u0148te hladinu. 5. Vypr\u00e1zdnite DPF 6. D\u00f4kladne opl\u00e1chnite DPF \u010distou vodou. 7. Namontujte DPF a\u00a0vykonajte sk\u00fa\u0161obn\u00fa jazdu po dobu aspo\u0148 15 min\u00fat.<\/p>\n","protected":false},"excerpt":{"rendered":"<p>Rozp\u00fa\u0161\u0165a usadeniny a ne\u010distoty. Regeneruje pln\u00fa funk\u010dnos\u0165 DPF. Vysoko \u00fa\u010dinn\u00e1 pr\u00edsada pre \u010distenie demontovan\u00e9ho filtra pevn\u00fdch \u010dast\u00edc (DPF). Rozp\u00fa\u0161\u0165a zne\u010distenie vo filtri a regeneruje jeho pln\u00fa funk\u010dnos\u0165. Pou\u017eitie: vhodn\u00e9 pre v\u0161etky DPF.<\/p>\n","protected":false},"featured_media":7337,"template":"","meta":[],"product_brand":[],"product_cat":[109,114,122],"product_tag":[],"class_list":{"0":"post-7338","1":"product","2":"type-product","3":"status-publish","4":"has-post-thumbnail","6":"product_cat-aditiva","7":"product_cat-technicke-spreje-a-pripravky","8":"product_cat-univerzalne-diely-a-prislusenstvo-na-auta","9":"pa_balenie-1l","10":"pa_vyrobca-dynamax","12":"first","13":"instock","14":"taxable","15":"shipping-taxable","16":"purchasable","17":"product-type-simple"},"yoast_head":"<!-- This site is optimized with the Yoast SEO plugin v27.4 - https:\/\/yoast.com\/product\/yoast-seo-wordpress\/ -->\n<title>DYNAMAX DPF \u010cISTIACA KVAPALINA 1L - Lo\u017eisk\u00e1 PLUS<\/title>\n<meta name=\"robots\" content=\"index, follow, max-snippet:-1, max-image-preview:large, max-video-preview:-1\" \/>\n<link rel=\"canonical\" href=\"https:\/\/www.loziskaplus.sk\/eshop\/produkt\/dynamax-dpf-cistiaca-kvapalina-1l\/\" \/>\n<meta property=\"og:locale\" content=\"sk_SK\" \/>\n<meta property=\"og:type\" content=\"article\" \/>\n<meta property=\"og:title\" content=\"DYNAMAX DPF \u010cISTIACA KVAPALINA 1L - Lo\u017eisk\u00e1 PLUS\" \/>\n<meta property=\"og:description\" content=\"Rozp\u00fa\u0161\u0165a usadeniny a ne\u010distoty. Regeneruje pln\u00fa funk\u010dnos\u0165 DPF. Vysoko \u00fa\u010dinn\u00e1 pr\u00edsada pre \u010distenie demontovan\u00e9ho filtra pevn\u00fdch \u010dast\u00edc (DPF). Rozp\u00fa\u0161\u0165a zne\u010distenie vo filtri a regeneruje jeho pln\u00fa funk\u010dnos\u0165. Pou\u017eitie: vhodn\u00e9 pre v\u0161etky DPF.\" \/>\n<meta property=\"og:url\" content=\"https:\/\/www.loziskaplus.sk\/eshop\/produkt\/dynamax-dpf-cistiaca-kvapalina-1l\/\" \/>\n<meta property=\"og:site_name\" content=\"Lo\u017eisk\u00e1 PLUS\" \/>\n<meta property=\"article:modified_time\" content=\"2024-02-21T06:33:35+00:00\" \/>\n<meta property=\"og:image\" content=\"https:\/\/www.loziskaplus.sk\/eshop\/wp-content\/uploads\/2024\/02\/6909-1.jpg?v=1707134506\" \/>\n\t<meta property=\"og:image:width\" content=\"464\" \/>\n\t<meta property=\"og:image:height\" content=\"900\" \/>\n\t<meta property=\"og:image:type\" content=\"image\/jpeg\" \/>\n<meta name=\"twitter:card\" content=\"summary_large_image\" \/>\n<meta name=\"twitter:label1\" content=\"Predpokladan\u00fd \u010das \u010d\u00edtania\" \/>\n\t<meta name=\"twitter:data1\" content=\"1 min\u00fata\" \/>\n<script type=\"application\/ld+json\" class=\"yoast-schema-graph\">{\"@context\":\"https:\\\/\\\/schema.org\",\"@graph\":[{\"@type\":\"WebPage\",\"@id\":\"https:\\\/\\\/www.loziskaplus.sk\\\/eshop\\\/produkt\\\/dynamax-dpf-cistiaca-kvapalina-1l\\\/\",\"url\":\"https:\\\/\\\/www.loziskaplus.sk\\\/eshop\\\/produkt\\\/dynamax-dpf-cistiaca-kvapalina-1l\\\/\",\"name\":\"DYNAMAX DPF \u010cISTIACA KVAPALINA 1L - Lo\u017eisk\u00e1 PLUS\",\"isPartOf\":{\"@id\":\"https:\\\/\\\/www.loziskaplus.sk\\\/eshop\\\/#website\"},\"primaryImageOfPage\":{\"@id\":\"https:\\\/\\\/www.loziskaplus.sk\\\/eshop\\\/produkt\\\/dynamax-dpf-cistiaca-kvapalina-1l\\\/#primaryimage\"},\"image\":{\"@id\":\"https:\\\/\\\/www.loziskaplus.sk\\\/eshop\\\/produkt\\\/dynamax-dpf-cistiaca-kvapalina-1l\\\/#primaryimage\"},\"thumbnailUrl\":\"https:\\\/\\\/www.loziskaplus.sk\\\/eshop\\\/wp-content\\\/uploads\\\/2024\\\/02\\\/6909-1.jpg?v=1707134506\",\"datePublished\":\"2024-02-05T12:01:46+00:00\",\"dateModified\":\"2024-02-21T06:33:35+00:00\",\"breadcrumb\":{\"@id\":\"https:\\\/\\\/www.loziskaplus.sk\\\/eshop\\\/produkt\\\/dynamax-dpf-cistiaca-kvapalina-1l\\\/#breadcrumb\"},\"inLanguage\":\"sk-SK\",\"potentialAction\":[{\"@type\":\"ReadAction\",\"target\":[\"https:\\\/\\\/www.loziskaplus.sk\\\/eshop\\\/produkt\\\/dynamax-dpf-cistiaca-kvapalina-1l\\\/\"]}]},{\"@type\":\"ImageObject\",\"inLanguage\":\"sk-SK\",\"@id\":\"https:\\\/\\\/www.loziskaplus.sk\\\/eshop\\\/produkt\\\/dynamax-dpf-cistiaca-kvapalina-1l\\\/#primaryimage\",\"url\":\"https:\\\/\\\/www.loziskaplus.sk\\\/eshop\\\/wp-content\\\/uploads\\\/2024\\\/02\\\/6909-1.jpg?v=1707134506\",\"contentUrl\":\"https:\\\/\\\/www.loziskaplus.sk\\\/eshop\\\/wp-content\\\/uploads\\\/2024\\\/02\\\/6909-1.jpg?v=1707134506\",\"width\":464,\"height\":900},{\"@type\":\"BreadcrumbList\",\"@id\":\"https:\\\/\\\/www.loziskaplus.sk\\\/eshop\\\/produkt\\\/dynamax-dpf-cistiaca-kvapalina-1l\\\/#breadcrumb\",\"itemListElement\":[{\"@type\":\"ListItem\",\"position\":1,\"name\":\"Domov\",\"item\":\"https:\\\/\\\/www.loziskaplus.sk\\\/eshop\\\/\"},{\"@type\":\"ListItem\",\"position\":2,\"name\":\"Obchod\",\"item\":\"https:\\\/\\\/www.loziskaplus.sk\\\/eshop\\\/obchod\\\/\"},{\"@type\":\"ListItem\",\"position\":3,\"name\":\"DYNAMAX DPF \u010cISTIACA KVAPALINA 1L\"}]},{\"@type\":\"WebSite\",\"@id\":\"https:\\\/\\\/www.loziskaplus.sk\\\/eshop\\\/#website\",\"url\":\"https:\\\/\\\/www.loziskaplus.sk\\\/eshop\\\/\",\"name\":\"Lo\u017eisk\u00e1 PLUS\",\"description\":\"\",\"publisher\":{\"@id\":\"https:\\\/\\\/www.loziskaplus.sk\\\/eshop\\\/#organization\"},\"potentialAction\":[{\"@type\":\"SearchAction\",\"target\":{\"@type\":\"EntryPoint\",\"urlTemplate\":\"https:\\\/\\\/www.loziskaplus.sk\\\/eshop\\\/?s={search_term_string}\"},\"query-input\":{\"@type\":\"PropertyValueSpecification\",\"valueRequired\":true,\"valueName\":\"search_term_string\"}}],\"inLanguage\":\"sk-SK\"},{\"@type\":\"Organization\",\"@id\":\"https:\\\/\\\/www.loziskaplus.sk\\\/eshop\\\/#organization\",\"name\":\"Lo\u017eisk\u00e1 PLUS\",\"url\":\"https:\\\/\\\/www.loziskaplus.sk\\\/eshop\\\/\",\"logo\":{\"@type\":\"ImageObject\",\"inLanguage\":\"sk-SK\",\"@id\":\"https:\\\/\\\/www.loziskaplus.sk\\\/eshop\\\/#\\\/schema\\\/logo\\\/image\\\/\",\"url\":\"https:\\\/\\\/www.loziskaplus.sk\\\/eshop\\\/wp-content\\\/uploads\\\/2024\\\/06\\\/logo-facebuk-1.jpg?v=1718619602\",\"contentUrl\":\"https:\\\/\\\/www.loziskaplus.sk\\\/eshop\\\/wp-content\\\/uploads\\\/2024\\\/06\\\/logo-facebuk-1.jpg?v=1718619602\",\"width\":180,\"height\":179,\"caption\":\"Lo\u017eisk\u00e1 PLUS\"},\"image\":{\"@id\":\"https:\\\/\\\/www.loziskaplus.sk\\\/eshop\\\/#\\\/schema\\\/logo\\\/image\\\/\"}}]}<\/script>\n<!-- \/ Yoast SEO plugin. -->","yoast_head_json":{"title":"DYNAMAX DPF \u010cISTIACA KVAPALINA 1L - Lo\u017eisk\u00e1 PLUS","robots":{"index":"index","follow":"follow","max-snippet":"max-snippet:-1","max-image-preview":"max-image-preview:large","max-video-preview":"max-video-preview:-1"},"canonical":"https:\/\/www.loziskaplus.sk\/eshop\/produkt\/dynamax-dpf-cistiaca-kvapalina-1l\/","og_locale":"sk_SK","og_type":"article","og_title":"DYNAMAX DPF \u010cISTIACA KVAPALINA 1L - Lo\u017eisk\u00e1 PLUS","og_description":"Rozp\u00fa\u0161\u0165a usadeniny a ne\u010distoty. Regeneruje pln\u00fa funk\u010dnos\u0165 DPF. Vysoko \u00fa\u010dinn\u00e1 pr\u00edsada pre \u010distenie demontovan\u00e9ho filtra pevn\u00fdch \u010dast\u00edc (DPF). Rozp\u00fa\u0161\u0165a zne\u010distenie vo filtri a regeneruje jeho pln\u00fa funk\u010dnos\u0165. Pou\u017eitie: vhodn\u00e9 pre v\u0161etky DPF.","og_url":"https:\/\/www.loziskaplus.sk\/eshop\/produkt\/dynamax-dpf-cistiaca-kvapalina-1l\/","og_site_name":"Lo\u017eisk\u00e1 PLUS","article_modified_time":"2024-02-21T06:33:35+00:00","og_image":[{"width":464,"height":900,"url":"https:\/\/www.loziskaplus.sk\/eshop\/wp-content\/uploads\/2024\/02\/6909-1.jpg?v=1707134506","type":"image\/jpeg"}],"twitter_card":"summary_large_image","twitter_misc":{"Predpokladan\u00fd \u010das \u010d\u00edtania":"1 min\u00fata"},"schema":{"@context":"https:\/\/schema.org","@graph":[{"@type":"WebPage","@id":"https:\/\/www.loziskaplus.sk\/eshop\/produkt\/dynamax-dpf-cistiaca-kvapalina-1l\/","url":"https:\/\/www.loziskaplus.sk\/eshop\/produkt\/dynamax-dpf-cistiaca-kvapalina-1l\/","name":"DYNAMAX DPF \u010cISTIACA KVAPALINA 1L - Lo\u017eisk\u00e1 PLUS","isPartOf":{"@id":"https:\/\/www.loziskaplus.sk\/eshop\/#website"},"primaryImageOfPage":{"@id":"https:\/\/www.loziskaplus.sk\/eshop\/produkt\/dynamax-dpf-cistiaca-kvapalina-1l\/#primaryimage"},"image":{"@id":"https:\/\/www.loziskaplus.sk\/eshop\/produkt\/dynamax-dpf-cistiaca-kvapalina-1l\/#primaryimage"},"thumbnailUrl":"https:\/\/www.loziskaplus.sk\/eshop\/wp-content\/uploads\/2024\/02\/6909-1.jpg?v=1707134506","datePublished":"2024-02-05T12:01:46+00:00","dateModified":"2024-02-21T06:33:35+00:00","breadcrumb":{"@id":"https:\/\/www.loziskaplus.sk\/eshop\/produkt\/dynamax-dpf-cistiaca-kvapalina-1l\/#breadcrumb"},"inLanguage":"sk-SK","potentialAction":[{"@type":"ReadAction","target":["https:\/\/www.loziskaplus.sk\/eshop\/produkt\/dynamax-dpf-cistiaca-kvapalina-1l\/"]}]},{"@type":"ImageObject","inLanguage":"sk-SK","@id":"https:\/\/www.loziskaplus.sk\/eshop\/produkt\/dynamax-dpf-cistiaca-kvapalina-1l\/#primaryimage","url":"https:\/\/www.loziskaplus.sk\/eshop\/wp-content\/uploads\/2024\/02\/6909-1.jpg?v=1707134506","contentUrl":"https:\/\/www.loziskaplus.sk\/eshop\/wp-content\/uploads\/2024\/02\/6909-1.jpg?v=1707134506","width":464,"height":900},{"@type":"BreadcrumbList","@id":"https:\/\/www.loziskaplus.sk\/eshop\/produkt\/dynamax-dpf-cistiaca-kvapalina-1l\/#breadcrumb","itemListElement":[{"@type":"ListItem","position":1,"name":"Domov","item":"https:\/\/www.loziskaplus.sk\/eshop\/"},{"@type":"ListItem","position":2,"name":"Obchod","item":"https:\/\/www.loziskaplus.sk\/eshop\/obchod\/"},{"@type":"ListItem","position":3,"name":"DYNAMAX DPF \u010cISTIACA KVAPALINA 1L"}]},{"@type":"WebSite","@id":"https:\/\/www.loziskaplus.sk\/eshop\/#website","url":"https:\/\/www.loziskaplus.sk\/eshop\/","name":"Lo\u017eisk\u00e1 PLUS","description":"","publisher":{"@id":"https:\/\/www.loziskaplus.sk\/eshop\/#organization"},"potentialAction":[{"@type":"SearchAction","target":{"@type":"EntryPoint","urlTemplate":"https:\/\/www.loziskaplus.sk\/eshop\/?s={search_term_string}"},"query-input":{"@type":"PropertyValueSpecification","valueRequired":true,"valueName":"search_term_string"}}],"inLanguage":"sk-SK"},{"@type":"Organization","@id":"https:\/\/www.loziskaplus.sk\/eshop\/#organization","name":"Lo\u017eisk\u00e1 PLUS","url":"https:\/\/www.loziskaplus.sk\/eshop\/","logo":{"@type":"ImageObject","inLanguage":"sk-SK","@id":"https:\/\/www.loziskaplus.sk\/eshop\/#\/schema\/logo\/image\/","url":"https:\/\/www.loziskaplus.sk\/eshop\/wp-content\/uploads\/2024\/06\/logo-facebuk-1.jpg?v=1718619602","contentUrl":"https:\/\/www.loziskaplus.sk\/eshop\/wp-content\/uploads\/2024\/06\/logo-facebuk-1.jpg?v=1718619602","width":180,"height":179,"caption":"Lo\u017eisk\u00e1 PLUS"},"image":{"@id":"https:\/\/www.loziskaplus.sk\/eshop\/#\/schema\/logo\/image\/"}}]}},"jetpack_sharing_enabled":true,"_links":{"self":[{"href":"https:\/\/www.loziskaplus.sk\/eshop\/wp-json\/wp\/v2\/product\/7338","targetHints":{"allow":["GET"]}}],"collection":[{"href":"https:\/\/www.loziskaplus.sk\/eshop\/wp-json\/wp\/v2\/product"}],"about":[{"href":"https:\/\/www.loziskaplus.sk\/eshop\/wp-json\/wp\/v2\/types\/product"}],"wp:featuredmedia":[{"embeddable":true,"href":"https:\/\/www.loziskaplus.sk\/eshop\/wp-json\/wp\/v2\/media\/7337"}],"wp:attachment":[{"href":"https:\/\/www.loziskaplus.sk\/eshop\/wp-json\/wp\/v2\/media?parent=7338"}],"wp:term":[{"taxonomy":"product_brand","embeddable":true,"href":"https:\/\/www.loziskaplus.sk\/eshop\/wp-json\/wp\/v2\/product_brand?post=7338"},{"taxonomy":"product_cat","embeddable":true,"href":"https:\/\/www.loziskaplus.sk\/eshop\/wp-json\/wp\/v2\/product_cat?post=7338"},{"taxonomy":"product_tag","embeddable":true,"href":"https:\/\/www.loziskaplus.sk\/eshop\/wp-json\/wp\/v2\/product_tag?post=7338"}],"curies":[{"name":"wp","href":"https:\/\/api.w.org\/{rel}","templated":true}]}}