{"id":7344,"date":"2024-02-05T13:01:51","date_gmt":"2024-02-05T12:01:51","guid":{"rendered":"https:\/\/www.loziskaplus.sk\/eshop\/produkt\/dynamax-jednorazova-zimna-starostlivost-o-naftu-150ml\/"},"modified":"2024-02-20T13:55:26","modified_gmt":"2024-02-20T12:55:26","slug":"dynamax-jednorazova-zimna-starostlivost-o-naftu-150ml","status":"publish","type":"product","link":"https:\/\/www.loziskaplus.sk\/eshop\/produkt\/dynamax-jednorazova-zimna-starostlivost-o-naftu-150ml\/","title":{"rendered":"DYNAMAX  JEDNOR\u00c1ZOV\u00c1 ZIMN\u00c1 STAROSTLIVOS\u0164 O NAFTU 150ML"},"content":{"rendered":"<p>Je tu zimn\u00e9 obdobie a s n\u00edm spojen\u00e9 komplik\u00e1cie najm\u00e4 u naftov\u00fdch motorov. Funkcie adit\u00edv dok\u00e1\u017eu eliminova\u0165 negat\u00edvny dopad n\u00edzkych tepl\u00f4t na palivov\u00fd syst\u00e9m a \u010dasto tak u\u0161etri\u0165 pe\u0148a\u017eenku od ne\u010dakan\u00fdch invest\u00edci\u00ed. Zabra\u0148uje kor\u00f3zii. Modern\u00e9 palivov\u00e9 syst\u00e9my s\u00fa omnoho menej tolerantn\u00e9 ku ak\u00fdmko\u013evek form\u00e1m kor\u00f3zie, ne\u017e u ich predchodcov. Tieto syst\u00e9my vybaven\u00e9 pumpami, ci vstrekova\u010dmi pracuj\u00facimi pod extr\u00e9mnymi tlakmi s\u00fa omnoho n\u00e1chylnej\u0161ie na poruchy pr\u00e1ve v zimnom obdob\u00ed, kedy v\u00fdskyt kor\u00f3zie v palivov\u00fdch syst\u00e9moch je zapr\u00ed\u010dinen\u00fd pr\u00edtomnos\u0165ou vody. Ka\u017ed\u00e9 palivo obsahuje mal\u00e9 percento vody, no probl\u00e9m nastane a\u017e vtedy, ke\u010f sa toto percento nadmerne zv\u00e4\u010d\u0161\u00ed a voda tzv. emulguje. Emulg\u00e1ciou sa vytvor\u00ed samostatn\u00e1 zlo\u017eka (vid obr\u00e1zok dole), ktor\u00fa u\u017e samotn\u00e9 palivo bez pomoci adit\u00edva nedok\u00e1\u017ee absorbova\u0165. Voda sa do syst\u00e9mu vie dosta\u0165 mnoh\u00fdmi sp\u00f4sobmi a pr\u00e1ve v zime je to naj\u010dastej\u0161ie kondenz\u00e1ciou, kedy poklesom teploty sa molekuly vody premie\u0148aj\u00fa z plynn\u00e9ho skupenstva na kvapaln\u00e9. \u010eal\u0161\u00edmi \u010dast\u00fdmi sp\u00f4sobmi s\u00fa d\u00e1\u017e\u010f, vysokotlakov\u00e9 um\u00fdvanie, ci \u00fanikom z atmosf\u00e9ry (vlhkos\u0165). Emulgovan\u00e1 voda m\u00e1 ni\u017e\u0161iu viskozitu ne\u017e nafta, a preto poskytuje ten\u0161iu mazaciu vrstvu medzi dvoma pohybuj\u00facimi sa kovov\u00fdmi dielmi. Vytv\u00e1ra sa tzv. abraz\u00edvny efekt, ktor\u00fd z t\u00fdchto dielov odstr\u00e1ni ochrann\u00fa vrstvu, bez ktorej v\u0161etky typy \u017eelezn\u00fdch\u00a0 i ne\u017eelezn\u00fdch kovov v spojen\u00ed s emulgovanou vodou automaticky koroduj\u00fa. Kor\u00f3zia sa naj\u010dastej\u0161ie vyskytuje pr\u00e1ve pri vstrekova\u010doch, kedy v pr\u00edpade ich v\u00fdmeny sa invest\u00edcia pohybuje na \u00farovni nieko\u013ek\u00fdch stoviek eur. Zimn\u00e9 adit\u00edvum do nafty je overen\u00e1 prevencia vo\u010di poruch\u00e1m tohto typu a to v\u010faka obsahu lubrika\u010dnej zlo\u017eky, ktor\u00e1 vytvor\u00ed ochrann\u00fd film na povrchu v\u0161etk\u00fdch komponentov v palivovom syst\u00e9me. Zamedz\u00ed tak abraz\u00edvnemu efektu a kovov\u00e9 \u010dasti zostan\u00fa na\u010falej chr\u00e1nen\u00e9 pred mo\u017en\u00fdm vznikom kor\u00f3zie.<\/p>\n<div class=\"fusion-text\">\n<h4><span style=\"color: #cc0000;\">Lep\u0161\u00ed studen\u00fd \u0161tart<\/span><\/h4>\n<p>V zimnom obdob\u00ed s\u00fa studen\u00e9 \u0161tarty komplik\u00e1ciou pre v\u0161etky naftov\u00e9 automobily. Za studen\u00fd \u0161tart sa pova\u017euje ka\u017ed\u00fd, pri ktorom motor nie je zahriaty na prev\u00e1dzkov\u00fa teplotu, teda pred cestou do pr\u00e1ce, z pr\u00e1ce, ale aj medzi n\u00e1kupmi, ci in\u00fdmi prest\u00e1vkami medzi jazdami. Aj v tomto pr\u00edpade stoj\u00ed za n\u00e1ro\u010dn\u00fdm rann\u00fdm \u0161tartovan\u00edm voda. Nie je v tom v\u0161ak jedin\u00e1. Okrem nej na n\u00edzke zimn\u00e9 teploty negat\u00edvne reaguj\u00fa aj uh\u013eovod\u00edky, ktor\u00e9 tvoria z\u00e1klad ka\u017ed\u00e9ho paliva. V\u00fdrobcovia na z\u00e1klade zmie\u0161ania r\u00f4znych druhov uh\u013eovod\u00edkov vedia ovplyvni\u0165 ich bod mrazu, no m\u00e1 to vplyv na cenu paliva. <span style=\"color: #cc0000; font-size: xx-large;\">\u00bb<span style=\"font-size: x-large;\">Zlep\u0161uje filtrovate\u013enos\u0165 nafty a\u017e o -13\u00b0C Voda po\u010das tuhej zimy v palive zmrzne a jej kry\u0161t\u00e1liky ladu sa v palivovom syst\u00e9me spr\u00e1vaj\u00fa, ako ka\u017ed\u00e9 in\u00e9 pevn\u00e9 teleso. Palivov\u00fd filter chr\u00e1niaci vstrekova\u010de a motor tieto teles\u00e1 cez seba jednoducho nepust\u00ed, co vo v\u00e4\u010d\u0161om mno\u017estve m\u00f4\u017ee Uh\u013eovod\u00edky maj\u00fa takisto svoj bod tuhnutia, no na rozdiel od vody nevytv\u00e1raj\u00fa lad, ale hust\u00fa g\u00e9lov\u00fa hmotu tzv. paraf\u00edn. Ten m\u00f4\u017ee vo v\u00e4\u010d\u0161om mno\u017estve takisto zamedzi\u0165 prietok paliva cez filter, alebo zn\u00ed\u017ei\u0165 v\u00fdbu\u0161nos\u0165 nafty. Uveden\u00e9 pr\u00edklady nepriazniv\u00e9ho p\u00f4sobenia zimy na palivo s\u00fa pr\u00ed\u010dinou toho, ke\u010f r\u00e1no nena\u0161tartujete, alebo na\u0161tartujete, no po chv\u00edli motor auta zhasne. Zimn\u00e9 adit\u00edvum do nafty dok\u00e1\u017ee \u00fa\u010dinne potla\u010di\u0165 tvorbu paraf\u00ednu a zlep\u0161uje filtrovate\u013enos\u0165 paliva a\u017e o \u2013 13 \u00b0C v z\u00e1vislosti od kvality paliva. Takisto dok\u00e1\u017ee naviaza\u0165 vodu s palivom a vytvor\u00ed tak hmotu, ktor\u00fa je motor schopn\u00fd sp\u00e1li\u0165 bez \u010fal\u0161\u00edch negat\u00edvnych dopadov na proces. <\/span><\/span><\/p>\n<\/div>\n<div class=\"imageframe-align-center\">\n<div class=\"imageframe-liftup\"><span class=\"fusion-imageframe imageframe-none imageframe-2\"><a class=\"fusion-lightbox\" title=\"Image (53)\" href=\"https:\/\/www.dynamaxoil.com\/wp-content\/uploads\/2018\/04\/Image-53.jpg\"><img fetchpriority=\"high\" decoding=\"async\" class=\"img-responsive wp-image-3286\" src=\"https:\/\/www.dynamaxoil.com\/wp-content\/uploads\/2018\/04\/Image-53.jpg\" alt=\"\" width=\"931\" height=\"682\" \/><\/a><\/span><\/div>\n<\/div>\n<div class=\"fusion-text\">\n<p style=\"text-align: left;\"><em>V sk\u00famavke v\u013eavo m\u00f4\u017eete vidie\u0165 pr\u00edklad emulgovanej vody, ktor\u00e1 klesne na dno a vytvor\u00ed v nafte samostatn\u00fa zlo\u017eku.\u00a0<\/em><\/p>\n<\/div>\n","protected":false},"excerpt":{"rendered":"<p>Zlep\u0161en\u00e9 prietokov\u00e9 a mazacie vlastnosti. Prevencia vo\u010di paraf\u00ednov\u00fdm kri\u0161t\u00e1\u013eom a\u017e do &#8211; 28\u00b0C. Zais\u0165uje zlep\u0161enie prietokov\u00fdch vlastnost\u00ed motorovej nafty. Je vhodn\u00fd pre pou\u017eitie vo v\u0161etk\u00fdch dieselov\u00fdch agreg\u00e1toch s alebo bez DPF. Balenie obsahuje d\u00e1vkova\u010d. Riedenie: 500 ml na 500 l nafty. Odpor\u00fa\u010dan\u00e1 aplik\u00e1cia: po\u010das zimn\u00e9ho obdobia pred tankovan\u00edm.<\/p>\n","protected":false},"featured_media":7343,"template":"","meta":[],"product_brand":[],"product_cat":[109,114,122],"product_tag":[],"class_list":{"0":"post-7344","1":"product","2":"type-product","3":"status-publish","4":"has-post-thumbnail","6":"product_cat-aditiva","7":"product_cat-technicke-spreje-a-pripravky","8":"product_cat-univerzalne-diely-a-prislusenstvo-na-auta","9":"pa_balenie-150ml","10":"pa_vyrobca-dynamax","12":"first","13":"instock","14":"taxable","15":"shipping-taxable","16":"purchasable","17":"product-type-simple"},"yoast_head":"<!-- This site is optimized with the Yoast SEO plugin v27.4 - https:\/\/yoast.com\/product\/yoast-seo-wordpress\/ -->\n<title>DYNAMAX JEDNOR\u00c1ZOV\u00c1 ZIMN\u00c1 STAROSTLIVOS\u0164 O NAFTU 150ML - Lo\u017eisk\u00e1 PLUS<\/title>\n<meta name=\"robots\" content=\"index, follow, max-snippet:-1, max-image-preview:large, max-video-preview:-1\" \/>\n<link rel=\"canonical\" href=\"https:\/\/www.loziskaplus.sk\/eshop\/produkt\/dynamax-jednorazova-zimna-starostlivost-o-naftu-150ml\/\" \/>\n<meta property=\"og:locale\" content=\"sk_SK\" \/>\n<meta property=\"og:type\" content=\"article\" \/>\n<meta property=\"og:title\" content=\"DYNAMAX JEDNOR\u00c1ZOV\u00c1 ZIMN\u00c1 STAROSTLIVOS\u0164 O NAFTU 150ML - Lo\u017eisk\u00e1 PLUS\" \/>\n<meta property=\"og:description\" content=\"Zlep\u0161en\u00e9 prietokov\u00e9 a mazacie vlastnosti. Prevencia vo\u010di paraf\u00ednov\u00fdm kri\u0161t\u00e1\u013eom a\u017e do - 28\u00b0C. Zais\u0165uje zlep\u0161enie prietokov\u00fdch vlastnost\u00ed motorovej nafty. Je vhodn\u00fd pre pou\u017eitie vo v\u0161etk\u00fdch dieselov\u00fdch agreg\u00e1toch s alebo bez DPF. Balenie obsahuje d\u00e1vkova\u010d. Riedenie: 500 ml na 500 l nafty. Odpor\u00fa\u010dan\u00e1 aplik\u00e1cia: po\u010das zimn\u00e9ho obdobia pred tankovan\u00edm.\" \/>\n<meta property=\"og:url\" content=\"https:\/\/www.loziskaplus.sk\/eshop\/produkt\/dynamax-jednorazova-zimna-starostlivost-o-naftu-150ml\/\" \/>\n<meta property=\"og:site_name\" content=\"Lo\u017eisk\u00e1 PLUS\" \/>\n<meta property=\"article:modified_time\" content=\"2024-02-20T12:55:26+00:00\" \/>\n<meta property=\"og:image\" content=\"https:\/\/www.loziskaplus.sk\/eshop\/wp-content\/uploads\/2024\/02\/6912-1.jpg?v=1707134511\" \/>\n\t<meta property=\"og:image:width\" content=\"464\" \/>\n\t<meta property=\"og:image:height\" content=\"900\" \/>\n\t<meta property=\"og:image:type\" content=\"image\/jpeg\" \/>\n<meta name=\"twitter:card\" content=\"summary_large_image\" \/>\n<meta name=\"twitter:label1\" content=\"Predpokladan\u00fd \u010das \u010d\u00edtania\" \/>\n\t<meta name=\"twitter:data1\" content=\"4 min\u00faty\" \/>\n<script type=\"application\/ld+json\" class=\"yoast-schema-graph\">{\"@context\":\"https:\\\/\\\/schema.org\",\"@graph\":[{\"@type\":\"WebPage\",\"@id\":\"https:\\\/\\\/www.loziskaplus.sk\\\/eshop\\\/produkt\\\/dynamax-jednorazova-zimna-starostlivost-o-naftu-150ml\\\/\",\"url\":\"https:\\\/\\\/www.loziskaplus.sk\\\/eshop\\\/produkt\\\/dynamax-jednorazova-zimna-starostlivost-o-naftu-150ml\\\/\",\"name\":\"DYNAMAX JEDNOR\u00c1ZOV\u00c1 ZIMN\u00c1 STAROSTLIVOS\u0164 O NAFTU 150ML - Lo\u017eisk\u00e1 PLUS\",\"isPartOf\":{\"@id\":\"https:\\\/\\\/www.loziskaplus.sk\\\/eshop\\\/#website\"},\"primaryImageOfPage\":{\"@id\":\"https:\\\/\\\/www.loziskaplus.sk\\\/eshop\\\/produkt\\\/dynamax-jednorazova-zimna-starostlivost-o-naftu-150ml\\\/#primaryimage\"},\"image\":{\"@id\":\"https:\\\/\\\/www.loziskaplus.sk\\\/eshop\\\/produkt\\\/dynamax-jednorazova-zimna-starostlivost-o-naftu-150ml\\\/#primaryimage\"},\"thumbnailUrl\":\"https:\\\/\\\/www.loziskaplus.sk\\\/eshop\\\/wp-content\\\/uploads\\\/2024\\\/02\\\/6912-1.jpg?v=1707134511\",\"datePublished\":\"2024-02-05T12:01:51+00:00\",\"dateModified\":\"2024-02-20T12:55:26+00:00\",\"breadcrumb\":{\"@id\":\"https:\\\/\\\/www.loziskaplus.sk\\\/eshop\\\/produkt\\\/dynamax-jednorazova-zimna-starostlivost-o-naftu-150ml\\\/#breadcrumb\"},\"inLanguage\":\"sk-SK\",\"potentialAction\":[{\"@type\":\"ReadAction\",\"target\":[\"https:\\\/\\\/www.loziskaplus.sk\\\/eshop\\\/produkt\\\/dynamax-jednorazova-zimna-starostlivost-o-naftu-150ml\\\/\"]}]},{\"@type\":\"ImageObject\",\"inLanguage\":\"sk-SK\",\"@id\":\"https:\\\/\\\/www.loziskaplus.sk\\\/eshop\\\/produkt\\\/dynamax-jednorazova-zimna-starostlivost-o-naftu-150ml\\\/#primaryimage\",\"url\":\"https:\\\/\\\/www.loziskaplus.sk\\\/eshop\\\/wp-content\\\/uploads\\\/2024\\\/02\\\/6912-1.jpg?v=1707134511\",\"contentUrl\":\"https:\\\/\\\/www.loziskaplus.sk\\\/eshop\\\/wp-content\\\/uploads\\\/2024\\\/02\\\/6912-1.jpg?v=1707134511\",\"width\":464,\"height\":900},{\"@type\":\"BreadcrumbList\",\"@id\":\"https:\\\/\\\/www.loziskaplus.sk\\\/eshop\\\/produkt\\\/dynamax-jednorazova-zimna-starostlivost-o-naftu-150ml\\\/#breadcrumb\",\"itemListElement\":[{\"@type\":\"ListItem\",\"position\":1,\"name\":\"Domov\",\"item\":\"https:\\\/\\\/www.loziskaplus.sk\\\/eshop\\\/\"},{\"@type\":\"ListItem\",\"position\":2,\"name\":\"Obchod\",\"item\":\"https:\\\/\\\/www.loziskaplus.sk\\\/eshop\\\/obchod\\\/\"},{\"@type\":\"ListItem\",\"position\":3,\"name\":\"DYNAMAX JEDNOR\u00c1ZOV\u00c1 ZIMN\u00c1 STAROSTLIVOS\u0164 O NAFTU 150ML\"}]},{\"@type\":\"WebSite\",\"@id\":\"https:\\\/\\\/www.loziskaplus.sk\\\/eshop\\\/#website\",\"url\":\"https:\\\/\\\/www.loziskaplus.sk\\\/eshop\\\/\",\"name\":\"Lo\u017eisk\u00e1 PLUS\",\"description\":\"\",\"publisher\":{\"@id\":\"https:\\\/\\\/www.loziskaplus.sk\\\/eshop\\\/#organization\"},\"potentialAction\":[{\"@type\":\"SearchAction\",\"target\":{\"@type\":\"EntryPoint\",\"urlTemplate\":\"https:\\\/\\\/www.loziskaplus.sk\\\/eshop\\\/?s={search_term_string}\"},\"query-input\":{\"@type\":\"PropertyValueSpecification\",\"valueRequired\":true,\"valueName\":\"search_term_string\"}}],\"inLanguage\":\"sk-SK\"},{\"@type\":\"Organization\",\"@id\":\"https:\\\/\\\/www.loziskaplus.sk\\\/eshop\\\/#organization\",\"name\":\"Lo\u017eisk\u00e1 PLUS\",\"url\":\"https:\\\/\\\/www.loziskaplus.sk\\\/eshop\\\/\",\"logo\":{\"@type\":\"ImageObject\",\"inLanguage\":\"sk-SK\",\"@id\":\"https:\\\/\\\/www.loziskaplus.sk\\\/eshop\\\/#\\\/schema\\\/logo\\\/image\\\/\",\"url\":\"https:\\\/\\\/www.loziskaplus.sk\\\/eshop\\\/wp-content\\\/uploads\\\/2024\\\/06\\\/logo-facebuk-1.jpg?v=1718619602\",\"contentUrl\":\"https:\\\/\\\/www.loziskaplus.sk\\\/eshop\\\/wp-content\\\/uploads\\\/2024\\\/06\\\/logo-facebuk-1.jpg?v=1718619602\",\"width\":180,\"height\":179,\"caption\":\"Lo\u017eisk\u00e1 PLUS\"},\"image\":{\"@id\":\"https:\\\/\\\/www.loziskaplus.sk\\\/eshop\\\/#\\\/schema\\\/logo\\\/image\\\/\"}}]}<\/script>\n<!-- \/ Yoast SEO plugin. -->","yoast_head_json":{"title":"DYNAMAX JEDNOR\u00c1ZOV\u00c1 ZIMN\u00c1 STAROSTLIVOS\u0164 O NAFTU 150ML - Lo\u017eisk\u00e1 PLUS","robots":{"index":"index","follow":"follow","max-snippet":"max-snippet:-1","max-image-preview":"max-image-preview:large","max-video-preview":"max-video-preview:-1"},"canonical":"https:\/\/www.loziskaplus.sk\/eshop\/produkt\/dynamax-jednorazova-zimna-starostlivost-o-naftu-150ml\/","og_locale":"sk_SK","og_type":"article","og_title":"DYNAMAX JEDNOR\u00c1ZOV\u00c1 ZIMN\u00c1 STAROSTLIVOS\u0164 O NAFTU 150ML - Lo\u017eisk\u00e1 PLUS","og_description":"Zlep\u0161en\u00e9 prietokov\u00e9 a mazacie vlastnosti. Prevencia vo\u010di paraf\u00ednov\u00fdm kri\u0161t\u00e1\u013eom a\u017e do - 28\u00b0C. Zais\u0165uje zlep\u0161enie prietokov\u00fdch vlastnost\u00ed motorovej nafty. Je vhodn\u00fd pre pou\u017eitie vo v\u0161etk\u00fdch dieselov\u00fdch agreg\u00e1toch s alebo bez DPF. Balenie obsahuje d\u00e1vkova\u010d. Riedenie: 500 ml na 500 l nafty. Odpor\u00fa\u010dan\u00e1 aplik\u00e1cia: po\u010das zimn\u00e9ho obdobia pred tankovan\u00edm.","og_url":"https:\/\/www.loziskaplus.sk\/eshop\/produkt\/dynamax-jednorazova-zimna-starostlivost-o-naftu-150ml\/","og_site_name":"Lo\u017eisk\u00e1 PLUS","article_modified_time":"2024-02-20T12:55:26+00:00","og_image":[{"width":464,"height":900,"url":"https:\/\/www.loziskaplus.sk\/eshop\/wp-content\/uploads\/2024\/02\/6912-1.jpg?v=1707134511","type":"image\/jpeg"}],"twitter_card":"summary_large_image","twitter_misc":{"Predpokladan\u00fd \u010das \u010d\u00edtania":"4 min\u00faty"},"schema":{"@context":"https:\/\/schema.org","@graph":[{"@type":"WebPage","@id":"https:\/\/www.loziskaplus.sk\/eshop\/produkt\/dynamax-jednorazova-zimna-starostlivost-o-naftu-150ml\/","url":"https:\/\/www.loziskaplus.sk\/eshop\/produkt\/dynamax-jednorazova-zimna-starostlivost-o-naftu-150ml\/","name":"DYNAMAX JEDNOR\u00c1ZOV\u00c1 ZIMN\u00c1 STAROSTLIVOS\u0164 O NAFTU 150ML - Lo\u017eisk\u00e1 PLUS","isPartOf":{"@id":"https:\/\/www.loziskaplus.sk\/eshop\/#website"},"primaryImageOfPage":{"@id":"https:\/\/www.loziskaplus.sk\/eshop\/produkt\/dynamax-jednorazova-zimna-starostlivost-o-naftu-150ml\/#primaryimage"},"image":{"@id":"https:\/\/www.loziskaplus.sk\/eshop\/produkt\/dynamax-jednorazova-zimna-starostlivost-o-naftu-150ml\/#primaryimage"},"thumbnailUrl":"https:\/\/www.loziskaplus.sk\/eshop\/wp-content\/uploads\/2024\/02\/6912-1.jpg?v=1707134511","datePublished":"2024-02-05T12:01:51+00:00","dateModified":"2024-02-20T12:55:26+00:00","breadcrumb":{"@id":"https:\/\/www.loziskaplus.sk\/eshop\/produkt\/dynamax-jednorazova-zimna-starostlivost-o-naftu-150ml\/#breadcrumb"},"inLanguage":"sk-SK","potentialAction":[{"@type":"ReadAction","target":["https:\/\/www.loziskaplus.sk\/eshop\/produkt\/dynamax-jednorazova-zimna-starostlivost-o-naftu-150ml\/"]}]},{"@type":"ImageObject","inLanguage":"sk-SK","@id":"https:\/\/www.loziskaplus.sk\/eshop\/produkt\/dynamax-jednorazova-zimna-starostlivost-o-naftu-150ml\/#primaryimage","url":"https:\/\/www.loziskaplus.sk\/eshop\/wp-content\/uploads\/2024\/02\/6912-1.jpg?v=1707134511","contentUrl":"https:\/\/www.loziskaplus.sk\/eshop\/wp-content\/uploads\/2024\/02\/6912-1.jpg?v=1707134511","width":464,"height":900},{"@type":"BreadcrumbList","@id":"https:\/\/www.loziskaplus.sk\/eshop\/produkt\/dynamax-jednorazova-zimna-starostlivost-o-naftu-150ml\/#breadcrumb","itemListElement":[{"@type":"ListItem","position":1,"name":"Domov","item":"https:\/\/www.loziskaplus.sk\/eshop\/"},{"@type":"ListItem","position":2,"name":"Obchod","item":"https:\/\/www.loziskaplus.sk\/eshop\/obchod\/"},{"@type":"ListItem","position":3,"name":"DYNAMAX JEDNOR\u00c1ZOV\u00c1 ZIMN\u00c1 STAROSTLIVOS\u0164 O NAFTU 150ML"}]},{"@type":"WebSite","@id":"https:\/\/www.loziskaplus.sk\/eshop\/#website","url":"https:\/\/www.loziskaplus.sk\/eshop\/","name":"Lo\u017eisk\u00e1 PLUS","description":"","publisher":{"@id":"https:\/\/www.loziskaplus.sk\/eshop\/#organization"},"potentialAction":[{"@type":"SearchAction","target":{"@type":"EntryPoint","urlTemplate":"https:\/\/www.loziskaplus.sk\/eshop\/?s={search_term_string}"},"query-input":{"@type":"PropertyValueSpecification","valueRequired":true,"valueName":"search_term_string"}}],"inLanguage":"sk-SK"},{"@type":"Organization","@id":"https:\/\/www.loziskaplus.sk\/eshop\/#organization","name":"Lo\u017eisk\u00e1 PLUS","url":"https:\/\/www.loziskaplus.sk\/eshop\/","logo":{"@type":"ImageObject","inLanguage":"sk-SK","@id":"https:\/\/www.loziskaplus.sk\/eshop\/#\/schema\/logo\/image\/","url":"https:\/\/www.loziskaplus.sk\/eshop\/wp-content\/uploads\/2024\/06\/logo-facebuk-1.jpg?v=1718619602","contentUrl":"https:\/\/www.loziskaplus.sk\/eshop\/wp-content\/uploads\/2024\/06\/logo-facebuk-1.jpg?v=1718619602","width":180,"height":179,"caption":"Lo\u017eisk\u00e1 PLUS"},"image":{"@id":"https:\/\/www.loziskaplus.sk\/eshop\/#\/schema\/logo\/image\/"}}]}},"jetpack_sharing_enabled":true,"_links":{"self":[{"href":"https:\/\/www.loziskaplus.sk\/eshop\/wp-json\/wp\/v2\/product\/7344","targetHints":{"allow":["GET"]}}],"collection":[{"href":"https:\/\/www.loziskaplus.sk\/eshop\/wp-json\/wp\/v2\/product"}],"about":[{"href":"https:\/\/www.loziskaplus.sk\/eshop\/wp-json\/wp\/v2\/types\/product"}],"wp:featuredmedia":[{"embeddable":true,"href":"https:\/\/www.loziskaplus.sk\/eshop\/wp-json\/wp\/v2\/media\/7343"}],"wp:attachment":[{"href":"https:\/\/www.loziskaplus.sk\/eshop\/wp-json\/wp\/v2\/media?parent=7344"}],"wp:term":[{"taxonomy":"product_brand","embeddable":true,"href":"https:\/\/www.loziskaplus.sk\/eshop\/wp-json\/wp\/v2\/product_brand?post=7344"},{"taxonomy":"product_cat","embeddable":true,"href":"https:\/\/www.loziskaplus.sk\/eshop\/wp-json\/wp\/v2\/product_cat?post=7344"},{"taxonomy":"product_tag","embeddable":true,"href":"https:\/\/www.loziskaplus.sk\/eshop\/wp-json\/wp\/v2\/product_tag?post=7344"}],"curies":[{"name":"wp","href":"https:\/\/api.w.org\/{rel}","templated":true}]}}