{"id":7412,"date":"2024-02-05T13:03:40","date_gmt":"2024-02-05T12:03:40","guid":{"rendered":"https:\/\/www.loziskaplus.sk\/eshop\/produkt\/dynamax-dxe7-politura-a-vosk-500-ml\/"},"modified":"2024-02-20T07:49:20","modified_gmt":"2024-02-20T06:49:20","slug":"dynamax-dxe7-politura-a-vosk-500-ml","status":"publish","type":"product","link":"https:\/\/www.loziskaplus.sk\/eshop\/produkt\/dynamax-dxe7-politura-a-vosk-500-ml\/","title":{"rendered":"DYNAMAX DXE7 POLIT\u00daRA A VOSK 500 ML"},"content":{"rendered":"<p>Polish and wax je kombin\u00e1cia le\u0161tiacej pasty s vysok\u00fdm le\u0161tiacim \u00fa\u010dinkom a vynikaj\u00facou ochranou laku bez \u0161m\u00fah. Polish and wax je mo\u017en\u00e9 pou\u017ei\u0165 na v\u0161etky typy laku. Odstra\u0148uje mal\u00e9 a stredn\u00e9 \u0161krabance a ochra\u0148uje farbu bez \u0161m\u00fah po dobu nieko\u013ek\u00fdch t\u00fd\u017ed\u0148ov. Polish and wax je mo\u017en\u00e9 pou\u017ei\u0165 ve\u013emi jednoducho, r\u00fdchlo a \u013eahko ru\u010dne alebo le\u0161ti\u010dkou na auto. Pou\u017eitie: Vozidlo mus\u00ed by\u0165 umyt\u00e9 a z laku odstr\u00e1nen\u00e9 v\u0161etky ne\u010distoty. Aplik\u00e1ciu je mo\u017en\u00e9 vykona\u0165 na such\u00e9 alebo mierne vlhk\u00e9 vozidlo. Nepou\u017e\u00edva\u0165 na hor\u00face povrchy a auto by nemalo st\u00e1\u0165 v p\u00e1liacom slnku. Polish and wax nanesieme na \u0161pongiu alebo le\u0161tiacu handri\u010dku a le\u0161t\u00edme v kr\u00fa\u017eiv\u00fdch pohyboch na \u010diasto\u010dn\u00fdch ploch\u00e1ch, cca. 0,5 &#8211; 1 m\u00b2. Potom ich vyle\u0161t\u00edme s \u010distou a suchou utierkou. Opakujeme tento postup, k\u00fdm nevyle\u0161t\u00edme cel\u00fa plochu auta. Min. doba trvanlivosti: 2 roky od d\u00e1tumu v\u00fdroby.<\/p>\n","protected":false},"excerpt":{"rendered":"<p>Polish and wax je kombin\u00e1cia le\u0161tiacej pasty s vysok\u00fdm le\u0161tiacim \u00fa\u010dinkom a vynikaj\u00facou ochranou laku bez \u0161m\u00fah. Polish and wax je mo\u017en\u00e9 pou\u017ei\u0165 na v\u0161etky typy laku. Odstra\u0148uje mal\u00e9 a stredn\u00e9 \u0161krabance a ochra\u0148uje farbu bez \u0161m\u00fah po dobu nieko\u013ek\u00fdch t\u00fd\u017ed\u0148ov.<\/p>\n","protected":false},"featured_media":7411,"template":"","meta":[],"product_brand":[],"product_cat":[112,122],"product_tag":[],"class_list":{"0":"post-7412","1":"product","2":"type-product","3":"status-publish","4":"has-post-thumbnail","6":"product_cat-autokozmetika","7":"product_cat-univerzalne-diely-a-prislusenstvo-na-auta","8":"pa_balenie-05l","9":"pa_vyrobca-dynamax","11":"first","12":"instock","13":"taxable","14":"shipping-taxable","15":"purchasable","16":"product-type-simple"},"yoast_head":"<!-- This site is optimized with the Yoast SEO plugin v27.4 - https:\/\/yoast.com\/product\/yoast-seo-wordpress\/ -->\n<title>DYNAMAX DXE7 POLIT\u00daRA A VOSK 500 ML - Lo\u017eisk\u00e1 PLUS<\/title>\n<meta name=\"robots\" content=\"index, follow, max-snippet:-1, max-image-preview:large, max-video-preview:-1\" \/>\n<link rel=\"canonical\" href=\"https:\/\/www.loziskaplus.sk\/eshop\/produkt\/dynamax-dxe7-politura-a-vosk-500-ml\/\" \/>\n<meta property=\"og:locale\" content=\"sk_SK\" \/>\n<meta property=\"og:type\" content=\"article\" \/>\n<meta property=\"og:title\" content=\"DYNAMAX DXE7 POLIT\u00daRA A VOSK 500 ML - Lo\u017eisk\u00e1 PLUS\" \/>\n<meta property=\"og:description\" content=\"Polish and wax je kombin\u00e1cia le\u0161tiacej pasty s vysok\u00fdm le\u0161tiacim \u00fa\u010dinkom a vynikaj\u00facou ochranou laku bez \u0161m\u00fah. Polish and wax je mo\u017en\u00e9 pou\u017ei\u0165 na v\u0161etky typy laku. Odstra\u0148uje mal\u00e9 a stredn\u00e9 \u0161krabance a ochra\u0148uje farbu bez \u0161m\u00fah po dobu nieko\u013ek\u00fdch t\u00fd\u017ed\u0148ov.\" \/>\n<meta property=\"og:url\" content=\"https:\/\/www.loziskaplus.sk\/eshop\/produkt\/dynamax-dxe7-politura-a-vosk-500-ml\/\" \/>\n<meta property=\"og:site_name\" content=\"Lo\u017eisk\u00e1 PLUS\" \/>\n<meta property=\"article:modified_time\" content=\"2024-02-20T06:49:20+00:00\" \/>\n<meta property=\"og:image\" content=\"https:\/\/www.loziskaplus.sk\/eshop\/wp-content\/uploads\/2024\/02\/59288-1.jpg?v=1707134620\" \/>\n\t<meta property=\"og:image:width\" content=\"1808\" \/>\n\t<meta property=\"og:image:height\" content=\"2386\" \/>\n\t<meta property=\"og:image:type\" content=\"image\/jpeg\" \/>\n<meta name=\"twitter:card\" content=\"summary_large_image\" \/>\n<meta name=\"twitter:label1\" content=\"Predpokladan\u00fd \u010das \u010d\u00edtania\" \/>\n\t<meta name=\"twitter:data1\" content=\"1 min\u00fata\" \/>\n<script type=\"application\/ld+json\" class=\"yoast-schema-graph\">{\"@context\":\"https:\\\/\\\/schema.org\",\"@graph\":[{\"@type\":\"WebPage\",\"@id\":\"https:\\\/\\\/www.loziskaplus.sk\\\/eshop\\\/produkt\\\/dynamax-dxe7-politura-a-vosk-500-ml\\\/\",\"url\":\"https:\\\/\\\/www.loziskaplus.sk\\\/eshop\\\/produkt\\\/dynamax-dxe7-politura-a-vosk-500-ml\\\/\",\"name\":\"DYNAMAX DXE7 POLIT\u00daRA A VOSK 500 ML - Lo\u017eisk\u00e1 PLUS\",\"isPartOf\":{\"@id\":\"https:\\\/\\\/www.loziskaplus.sk\\\/eshop\\\/#website\"},\"primaryImageOfPage\":{\"@id\":\"https:\\\/\\\/www.loziskaplus.sk\\\/eshop\\\/produkt\\\/dynamax-dxe7-politura-a-vosk-500-ml\\\/#primaryimage\"},\"image\":{\"@id\":\"https:\\\/\\\/www.loziskaplus.sk\\\/eshop\\\/produkt\\\/dynamax-dxe7-politura-a-vosk-500-ml\\\/#primaryimage\"},\"thumbnailUrl\":\"https:\\\/\\\/www.loziskaplus.sk\\\/eshop\\\/wp-content\\\/uploads\\\/2024\\\/02\\\/59288-1.jpg?v=1707134620\",\"datePublished\":\"2024-02-05T12:03:40+00:00\",\"dateModified\":\"2024-02-20T06:49:20+00:00\",\"breadcrumb\":{\"@id\":\"https:\\\/\\\/www.loziskaplus.sk\\\/eshop\\\/produkt\\\/dynamax-dxe7-politura-a-vosk-500-ml\\\/#breadcrumb\"},\"inLanguage\":\"sk-SK\",\"potentialAction\":[{\"@type\":\"ReadAction\",\"target\":[\"https:\\\/\\\/www.loziskaplus.sk\\\/eshop\\\/produkt\\\/dynamax-dxe7-politura-a-vosk-500-ml\\\/\"]}]},{\"@type\":\"ImageObject\",\"inLanguage\":\"sk-SK\",\"@id\":\"https:\\\/\\\/www.loziskaplus.sk\\\/eshop\\\/produkt\\\/dynamax-dxe7-politura-a-vosk-500-ml\\\/#primaryimage\",\"url\":\"https:\\\/\\\/www.loziskaplus.sk\\\/eshop\\\/wp-content\\\/uploads\\\/2024\\\/02\\\/59288-1.jpg?v=1707134620\",\"contentUrl\":\"https:\\\/\\\/www.loziskaplus.sk\\\/eshop\\\/wp-content\\\/uploads\\\/2024\\\/02\\\/59288-1.jpg?v=1707134620\",\"width\":1808,\"height\":2386},{\"@type\":\"BreadcrumbList\",\"@id\":\"https:\\\/\\\/www.loziskaplus.sk\\\/eshop\\\/produkt\\\/dynamax-dxe7-politura-a-vosk-500-ml\\\/#breadcrumb\",\"itemListElement\":[{\"@type\":\"ListItem\",\"position\":1,\"name\":\"Domov\",\"item\":\"https:\\\/\\\/www.loziskaplus.sk\\\/eshop\\\/\"},{\"@type\":\"ListItem\",\"position\":2,\"name\":\"Obchod\",\"item\":\"https:\\\/\\\/www.loziskaplus.sk\\\/eshop\\\/obchod\\\/\"},{\"@type\":\"ListItem\",\"position\":3,\"name\":\"DYNAMAX DXE7 POLIT\u00daRA A VOSK 500 ML\"}]},{\"@type\":\"WebSite\",\"@id\":\"https:\\\/\\\/www.loziskaplus.sk\\\/eshop\\\/#website\",\"url\":\"https:\\\/\\\/www.loziskaplus.sk\\\/eshop\\\/\",\"name\":\"Lo\u017eisk\u00e1 PLUS\",\"description\":\"\",\"publisher\":{\"@id\":\"https:\\\/\\\/www.loziskaplus.sk\\\/eshop\\\/#organization\"},\"potentialAction\":[{\"@type\":\"SearchAction\",\"target\":{\"@type\":\"EntryPoint\",\"urlTemplate\":\"https:\\\/\\\/www.loziskaplus.sk\\\/eshop\\\/?s={search_term_string}\"},\"query-input\":{\"@type\":\"PropertyValueSpecification\",\"valueRequired\":true,\"valueName\":\"search_term_string\"}}],\"inLanguage\":\"sk-SK\"},{\"@type\":\"Organization\",\"@id\":\"https:\\\/\\\/www.loziskaplus.sk\\\/eshop\\\/#organization\",\"name\":\"Lo\u017eisk\u00e1 PLUS\",\"url\":\"https:\\\/\\\/www.loziskaplus.sk\\\/eshop\\\/\",\"logo\":{\"@type\":\"ImageObject\",\"inLanguage\":\"sk-SK\",\"@id\":\"https:\\\/\\\/www.loziskaplus.sk\\\/eshop\\\/#\\\/schema\\\/logo\\\/image\\\/\",\"url\":\"https:\\\/\\\/www.loziskaplus.sk\\\/eshop\\\/wp-content\\\/uploads\\\/2024\\\/06\\\/logo-facebuk-1.jpg?v=1718619602\",\"contentUrl\":\"https:\\\/\\\/www.loziskaplus.sk\\\/eshop\\\/wp-content\\\/uploads\\\/2024\\\/06\\\/logo-facebuk-1.jpg?v=1718619602\",\"width\":180,\"height\":179,\"caption\":\"Lo\u017eisk\u00e1 PLUS\"},\"image\":{\"@id\":\"https:\\\/\\\/www.loziskaplus.sk\\\/eshop\\\/#\\\/schema\\\/logo\\\/image\\\/\"}}]}<\/script>\n<!-- \/ Yoast SEO plugin. -->","yoast_head_json":{"title":"DYNAMAX DXE7 POLIT\u00daRA A VOSK 500 ML - Lo\u017eisk\u00e1 PLUS","robots":{"index":"index","follow":"follow","max-snippet":"max-snippet:-1","max-image-preview":"max-image-preview:large","max-video-preview":"max-video-preview:-1"},"canonical":"https:\/\/www.loziskaplus.sk\/eshop\/produkt\/dynamax-dxe7-politura-a-vosk-500-ml\/","og_locale":"sk_SK","og_type":"article","og_title":"DYNAMAX DXE7 POLIT\u00daRA A VOSK 500 ML - Lo\u017eisk\u00e1 PLUS","og_description":"Polish and wax je kombin\u00e1cia le\u0161tiacej pasty s vysok\u00fdm le\u0161tiacim \u00fa\u010dinkom a vynikaj\u00facou ochranou laku bez \u0161m\u00fah. Polish and wax je mo\u017en\u00e9 pou\u017ei\u0165 na v\u0161etky typy laku. Odstra\u0148uje mal\u00e9 a stredn\u00e9 \u0161krabance a ochra\u0148uje farbu bez \u0161m\u00fah po dobu nieko\u013ek\u00fdch t\u00fd\u017ed\u0148ov.","og_url":"https:\/\/www.loziskaplus.sk\/eshop\/produkt\/dynamax-dxe7-politura-a-vosk-500-ml\/","og_site_name":"Lo\u017eisk\u00e1 PLUS","article_modified_time":"2024-02-20T06:49:20+00:00","og_image":[{"width":1808,"height":2386,"url":"https:\/\/www.loziskaplus.sk\/eshop\/wp-content\/uploads\/2024\/02\/59288-1.jpg?v=1707134620","type":"image\/jpeg"}],"twitter_card":"summary_large_image","twitter_misc":{"Predpokladan\u00fd \u010das \u010d\u00edtania":"1 min\u00fata"},"schema":{"@context":"https:\/\/schema.org","@graph":[{"@type":"WebPage","@id":"https:\/\/www.loziskaplus.sk\/eshop\/produkt\/dynamax-dxe7-politura-a-vosk-500-ml\/","url":"https:\/\/www.loziskaplus.sk\/eshop\/produkt\/dynamax-dxe7-politura-a-vosk-500-ml\/","name":"DYNAMAX DXE7 POLIT\u00daRA A VOSK 500 ML - Lo\u017eisk\u00e1 PLUS","isPartOf":{"@id":"https:\/\/www.loziskaplus.sk\/eshop\/#website"},"primaryImageOfPage":{"@id":"https:\/\/www.loziskaplus.sk\/eshop\/produkt\/dynamax-dxe7-politura-a-vosk-500-ml\/#primaryimage"},"image":{"@id":"https:\/\/www.loziskaplus.sk\/eshop\/produkt\/dynamax-dxe7-politura-a-vosk-500-ml\/#primaryimage"},"thumbnailUrl":"https:\/\/www.loziskaplus.sk\/eshop\/wp-content\/uploads\/2024\/02\/59288-1.jpg?v=1707134620","datePublished":"2024-02-05T12:03:40+00:00","dateModified":"2024-02-20T06:49:20+00:00","breadcrumb":{"@id":"https:\/\/www.loziskaplus.sk\/eshop\/produkt\/dynamax-dxe7-politura-a-vosk-500-ml\/#breadcrumb"},"inLanguage":"sk-SK","potentialAction":[{"@type":"ReadAction","target":["https:\/\/www.loziskaplus.sk\/eshop\/produkt\/dynamax-dxe7-politura-a-vosk-500-ml\/"]}]},{"@type":"ImageObject","inLanguage":"sk-SK","@id":"https:\/\/www.loziskaplus.sk\/eshop\/produkt\/dynamax-dxe7-politura-a-vosk-500-ml\/#primaryimage","url":"https:\/\/www.loziskaplus.sk\/eshop\/wp-content\/uploads\/2024\/02\/59288-1.jpg?v=1707134620","contentUrl":"https:\/\/www.loziskaplus.sk\/eshop\/wp-content\/uploads\/2024\/02\/59288-1.jpg?v=1707134620","width":1808,"height":2386},{"@type":"BreadcrumbList","@id":"https:\/\/www.loziskaplus.sk\/eshop\/produkt\/dynamax-dxe7-politura-a-vosk-500-ml\/#breadcrumb","itemListElement":[{"@type":"ListItem","position":1,"name":"Domov","item":"https:\/\/www.loziskaplus.sk\/eshop\/"},{"@type":"ListItem","position":2,"name":"Obchod","item":"https:\/\/www.loziskaplus.sk\/eshop\/obchod\/"},{"@type":"ListItem","position":3,"name":"DYNAMAX DXE7 POLIT\u00daRA A VOSK 500 ML"}]},{"@type":"WebSite","@id":"https:\/\/www.loziskaplus.sk\/eshop\/#website","url":"https:\/\/www.loziskaplus.sk\/eshop\/","name":"Lo\u017eisk\u00e1 PLUS","description":"","publisher":{"@id":"https:\/\/www.loziskaplus.sk\/eshop\/#organization"},"potentialAction":[{"@type":"SearchAction","target":{"@type":"EntryPoint","urlTemplate":"https:\/\/www.loziskaplus.sk\/eshop\/?s={search_term_string}"},"query-input":{"@type":"PropertyValueSpecification","valueRequired":true,"valueName":"search_term_string"}}],"inLanguage":"sk-SK"},{"@type":"Organization","@id":"https:\/\/www.loziskaplus.sk\/eshop\/#organization","name":"Lo\u017eisk\u00e1 PLUS","url":"https:\/\/www.loziskaplus.sk\/eshop\/","logo":{"@type":"ImageObject","inLanguage":"sk-SK","@id":"https:\/\/www.loziskaplus.sk\/eshop\/#\/schema\/logo\/image\/","url":"https:\/\/www.loziskaplus.sk\/eshop\/wp-content\/uploads\/2024\/06\/logo-facebuk-1.jpg?v=1718619602","contentUrl":"https:\/\/www.loziskaplus.sk\/eshop\/wp-content\/uploads\/2024\/06\/logo-facebuk-1.jpg?v=1718619602","width":180,"height":179,"caption":"Lo\u017eisk\u00e1 PLUS"},"image":{"@id":"https:\/\/www.loziskaplus.sk\/eshop\/#\/schema\/logo\/image\/"}}]}},"jetpack_sharing_enabled":true,"_links":{"self":[{"href":"https:\/\/www.loziskaplus.sk\/eshop\/wp-json\/wp\/v2\/product\/7412","targetHints":{"allow":["GET"]}}],"collection":[{"href":"https:\/\/www.loziskaplus.sk\/eshop\/wp-json\/wp\/v2\/product"}],"about":[{"href":"https:\/\/www.loziskaplus.sk\/eshop\/wp-json\/wp\/v2\/types\/product"}],"wp:featuredmedia":[{"embeddable":true,"href":"https:\/\/www.loziskaplus.sk\/eshop\/wp-json\/wp\/v2\/media\/7411"}],"wp:attachment":[{"href":"https:\/\/www.loziskaplus.sk\/eshop\/wp-json\/wp\/v2\/media?parent=7412"}],"wp:term":[{"taxonomy":"product_brand","embeddable":true,"href":"https:\/\/www.loziskaplus.sk\/eshop\/wp-json\/wp\/v2\/product_brand?post=7412"},{"taxonomy":"product_cat","embeddable":true,"href":"https:\/\/www.loziskaplus.sk\/eshop\/wp-json\/wp\/v2\/product_cat?post=7412"},{"taxonomy":"product_tag","embeddable":true,"href":"https:\/\/www.loziskaplus.sk\/eshop\/wp-json\/wp\/v2\/product_tag?post=7412"}],"curies":[{"name":"wp","href":"https:\/\/api.w.org\/{rel}","templated":true}]}}