{"id":7522,"date":"2024-02-05T13:07:16","date_gmt":"2024-02-05T12:07:16","guid":{"rendered":"https:\/\/www.loziskaplus.sk\/eshop\/produkt\/dxm5-dx-motor-cleaner-rozprasovac-500-ml\/"},"modified":"2024-02-13T08:15:41","modified_gmt":"2024-02-13T07:15:41","slug":"dxm5-dx-motor-cleaner-rozprasovac-500-ml","status":"publish","type":"product","link":"https:\/\/www.loziskaplus.sk\/eshop\/produkt\/dxm5-dx-motor-cleaner-rozprasovac-500-ml\/","title":{"rendered":"DXM5 DX MOTOR CLEANER &#8211; ROZPRA\u0160OVA\u010c 500 ML"},"content":{"rendered":"<p>Univerz\u00e1lny \u010disti\u010d bez rozp\u00fa\u0161\u0165adiel. Dynamax motor cleaner \u010dist\u00ed motory, prevodovky, plachty pre n\u00e1kladn\u00e9 automobily, aut\u00e1 a \u010dlny, podlahy v\u00a0diel\u0148ach a in\u00e9 plochy zne\u010disten\u00e9 olejom, ktor\u00fd nezanech\u00e1va \u017eiadne zvy\u0161ky. Pou\u017eitie: Pr\u00edpravok nastriekajte na zne\u010disten\u00fd povrch. Po nanesen\u00ed nechajte pr\u00edpravok p\u00f4sobi\u0165 5-10 min\u00fat a potom dokonale opl\u00e1chnite vodou. Nenan\u00e1\u0161ajte na roz\u017eeraven\u00e9 predmety, na elektrick\u00e9 \u010dasti auta alebo in\u00e9ho zariadenia. NEBEZPE\u010cENSTVO. Obsahuje izotridekanol etoxylovan\u00fd; C1 2-14 alkylalkoholy, etoxylovan\u00e9, sulf\u00e1ty, sodn\u00e9 soli. H318 Sp\u00f4sobuje v\u00e1\u017ene po\u0161kodenie o\u010d\u00ed. P101 Ak je potrebn\u00e1 lek\u00e1rska pomoc, majte k dispoz\u00edcii obal alebo etiketu v\u00fdrobku. P102 Uchov\u00e1vajte mimo dosahu det\u00ed. P280 Noste ochrann\u00e9 rukavice\/ochrann\u00fd od ev\/ochrann\u00e9 okuliare\/ochranu tv\u00e1re. P305+P351+P338 PO ZASIAHNUT\u00cd O\u010c\u00cd: Nieko\u013eko min\u00fat ich opatrne vyplachujte vodou. Ak pou\u017e\u00edvate kontaktn\u00e9 \u0161o\u0161ovky a ak je to mo\u017en\u00e9, odstr\u00e1\u0148te ich. Pokra\u010dujte vo vyplachovan\u00ed. P310 Okam\u017eite volajte TOXIKOLOGICK\u00c9 INFOR MA\u010cN\u00c9 CENTRUM\/ lek\u00e1ra\/. P501 Zne\u0161kodnite obsah\/n\u00e1dobu ako nebezpe\u010dn\u00fd odpad pod\u013ea platn\u00fdch pr\u00e1vnych predpisov. Zlo\u017eenie (Nariadenie 648\/2004\/E\u00da): nei\u00f3nov\u00e9 povrchovo akt\u00edvne l\u00e1tky 5% &#8211; 15%, ani\u00f3nov\u00e9 povrchovo akt\u00edvne l\u00e1tky, METHYLISOTHIAZOLINONE, BE NZISOTHIAZOLINONE menej ako 5%. Ostatn\u00e9 zlo\u017eky: parfum. N\u00fadzov\u00e9 telef\u00f3nne \u010d\u00edslo: N\u00e1rodn\u00e9 toxikologick\u00e9 informa\u010dn\u00e9 centrum, Limbov\u00e1 5, 833 05 Bratislava, tel. 02\/54 77 41 66. SKLADOVANIE: Skladujte v origin\u00e1lnom balen\u00ed na dobre vetran\u00fdch miestach pri teplote do 40 \u00b0C v suchej miestnosti. Minim\u00e1lna trvanlivos\u0165: 3 roky od d\u00e1tumu v\u00fdroby<\/p>\n","protected":false},"excerpt":{"rendered":"<p>Univerz\u00e1lny \u010disti\u010d bez rozp\u00fa\u0161\u0165adiel. Dynamax motor cleaner \u010dist\u00ed motory, prevodovky, plachty pre n\u00e1kladn\u00e9 automobily, aut\u00e1 a \u010dlny, podlahy v\u00a0diel\u0148ach a in\u00e9 plochy zne\u010disten\u00e9 olejom, ktor\u00fd nezanech\u00e1va \u017eiadne zvy\u0161ky.<\/p>\n","protected":false},"featured_media":7521,"template":"","meta":[],"product_brand":[],"product_cat":[114,122],"product_tag":[],"class_list":{"0":"post-7522","1":"product","2":"type-product","3":"status-publish","4":"has-post-thumbnail","6":"product_cat-technicke-spreje-a-pripravky","7":"product_cat-univerzalne-diely-a-prislusenstvo-na-auta","9":"first","10":"instock","11":"taxable","12":"shipping-taxable","13":"purchasable","14":"product-type-simple"},"yoast_head":"<!-- This site is optimized with the Yoast SEO plugin v27.4 - https:\/\/yoast.com\/product\/yoast-seo-wordpress\/ -->\n<title>DXM5 DX MOTOR CLEANER - ROZPRA\u0160OVA\u010c 500 ML - Lo\u017eisk\u00e1 PLUS<\/title>\n<meta name=\"robots\" content=\"index, follow, max-snippet:-1, max-image-preview:large, max-video-preview:-1\" \/>\n<link rel=\"canonical\" href=\"https:\/\/www.loziskaplus.sk\/eshop\/produkt\/dxm5-dx-motor-cleaner-rozprasovac-500-ml\/\" \/>\n<meta property=\"og:locale\" content=\"sk_SK\" \/>\n<meta property=\"og:type\" content=\"article\" \/>\n<meta property=\"og:title\" content=\"DXM5 DX MOTOR CLEANER - ROZPRA\u0160OVA\u010c 500 ML - Lo\u017eisk\u00e1 PLUS\" \/>\n<meta property=\"og:description\" content=\"Univerz\u00e1lny \u010disti\u010d bez rozp\u00fa\u0161\u0165adiel. Dynamax motor cleaner \u010dist\u00ed motory, prevodovky, plachty pre n\u00e1kladn\u00e9 automobily, aut\u00e1 a \u010dlny, podlahy v\u00a0diel\u0148ach a in\u00e9 plochy zne\u010disten\u00e9 olejom, ktor\u00fd nezanech\u00e1va \u017eiadne zvy\u0161ky.\" \/>\n<meta property=\"og:url\" content=\"https:\/\/www.loziskaplus.sk\/eshop\/produkt\/dxm5-dx-motor-cleaner-rozprasovac-500-ml\/\" \/>\n<meta property=\"og:site_name\" content=\"Lo\u017eisk\u00e1 PLUS\" \/>\n<meta property=\"article:modified_time\" content=\"2024-02-13T07:15:41+00:00\" \/>\n<meta property=\"og:image\" content=\"https:\/\/www.loziskaplus.sk\/eshop\/wp-content\/uploads\/2024\/02\/81490-1-scaled.jpg?v=1707134836\" \/>\n\t<meta property=\"og:image:width\" content=\"1535\" \/>\n\t<meta property=\"og:image:height\" content=\"2560\" \/>\n\t<meta property=\"og:image:type\" content=\"image\/jpeg\" \/>\n<meta name=\"twitter:card\" content=\"summary_large_image\" \/>\n<meta name=\"twitter:label1\" content=\"Predpokladan\u00fd \u010das \u010d\u00edtania\" \/>\n\t<meta name=\"twitter:data1\" content=\"2 min\u00faty\" \/>\n<script type=\"application\/ld+json\" class=\"yoast-schema-graph\">{\"@context\":\"https:\\\/\\\/schema.org\",\"@graph\":[{\"@type\":\"WebPage\",\"@id\":\"https:\\\/\\\/www.loziskaplus.sk\\\/eshop\\\/produkt\\\/dxm5-dx-motor-cleaner-rozprasovac-500-ml\\\/\",\"url\":\"https:\\\/\\\/www.loziskaplus.sk\\\/eshop\\\/produkt\\\/dxm5-dx-motor-cleaner-rozprasovac-500-ml\\\/\",\"name\":\"DXM5 DX MOTOR CLEANER - ROZPRA\u0160OVA\u010c 500 ML - Lo\u017eisk\u00e1 PLUS\",\"isPartOf\":{\"@id\":\"https:\\\/\\\/www.loziskaplus.sk\\\/eshop\\\/#website\"},\"primaryImageOfPage\":{\"@id\":\"https:\\\/\\\/www.loziskaplus.sk\\\/eshop\\\/produkt\\\/dxm5-dx-motor-cleaner-rozprasovac-500-ml\\\/#primaryimage\"},\"image\":{\"@id\":\"https:\\\/\\\/www.loziskaplus.sk\\\/eshop\\\/produkt\\\/dxm5-dx-motor-cleaner-rozprasovac-500-ml\\\/#primaryimage\"},\"thumbnailUrl\":\"https:\\\/\\\/www.loziskaplus.sk\\\/eshop\\\/wp-content\\\/uploads\\\/2024\\\/02\\\/81490-1-scaled.jpg?v=1707134836\",\"datePublished\":\"2024-02-05T12:07:16+00:00\",\"dateModified\":\"2024-02-13T07:15:41+00:00\",\"breadcrumb\":{\"@id\":\"https:\\\/\\\/www.loziskaplus.sk\\\/eshop\\\/produkt\\\/dxm5-dx-motor-cleaner-rozprasovac-500-ml\\\/#breadcrumb\"},\"inLanguage\":\"sk-SK\",\"potentialAction\":[{\"@type\":\"ReadAction\",\"target\":[\"https:\\\/\\\/www.loziskaplus.sk\\\/eshop\\\/produkt\\\/dxm5-dx-motor-cleaner-rozprasovac-500-ml\\\/\"]}]},{\"@type\":\"ImageObject\",\"inLanguage\":\"sk-SK\",\"@id\":\"https:\\\/\\\/www.loziskaplus.sk\\\/eshop\\\/produkt\\\/dxm5-dx-motor-cleaner-rozprasovac-500-ml\\\/#primaryimage\",\"url\":\"https:\\\/\\\/www.loziskaplus.sk\\\/eshop\\\/wp-content\\\/uploads\\\/2024\\\/02\\\/81490-1-scaled.jpg?v=1707134836\",\"contentUrl\":\"https:\\\/\\\/www.loziskaplus.sk\\\/eshop\\\/wp-content\\\/uploads\\\/2024\\\/02\\\/81490-1-scaled.jpg?v=1707134836\",\"width\":1535,\"height\":2560},{\"@type\":\"BreadcrumbList\",\"@id\":\"https:\\\/\\\/www.loziskaplus.sk\\\/eshop\\\/produkt\\\/dxm5-dx-motor-cleaner-rozprasovac-500-ml\\\/#breadcrumb\",\"itemListElement\":[{\"@type\":\"ListItem\",\"position\":1,\"name\":\"Domov\",\"item\":\"https:\\\/\\\/www.loziskaplus.sk\\\/eshop\\\/\"},{\"@type\":\"ListItem\",\"position\":2,\"name\":\"Obchod\",\"item\":\"https:\\\/\\\/www.loziskaplus.sk\\\/eshop\\\/obchod\\\/\"},{\"@type\":\"ListItem\",\"position\":3,\"name\":\"DXM5 DX MOTOR CLEANER &#8211; ROZPRA\u0160OVA\u010c 500 ML\"}]},{\"@type\":\"WebSite\",\"@id\":\"https:\\\/\\\/www.loziskaplus.sk\\\/eshop\\\/#website\",\"url\":\"https:\\\/\\\/www.loziskaplus.sk\\\/eshop\\\/\",\"name\":\"Lo\u017eisk\u00e1 PLUS\",\"description\":\"\",\"publisher\":{\"@id\":\"https:\\\/\\\/www.loziskaplus.sk\\\/eshop\\\/#organization\"},\"potentialAction\":[{\"@type\":\"SearchAction\",\"target\":{\"@type\":\"EntryPoint\",\"urlTemplate\":\"https:\\\/\\\/www.loziskaplus.sk\\\/eshop\\\/?s={search_term_string}\"},\"query-input\":{\"@type\":\"PropertyValueSpecification\",\"valueRequired\":true,\"valueName\":\"search_term_string\"}}],\"inLanguage\":\"sk-SK\"},{\"@type\":\"Organization\",\"@id\":\"https:\\\/\\\/www.loziskaplus.sk\\\/eshop\\\/#organization\",\"name\":\"Lo\u017eisk\u00e1 PLUS\",\"url\":\"https:\\\/\\\/www.loziskaplus.sk\\\/eshop\\\/\",\"logo\":{\"@type\":\"ImageObject\",\"inLanguage\":\"sk-SK\",\"@id\":\"https:\\\/\\\/www.loziskaplus.sk\\\/eshop\\\/#\\\/schema\\\/logo\\\/image\\\/\",\"url\":\"https:\\\/\\\/www.loziskaplus.sk\\\/eshop\\\/wp-content\\\/uploads\\\/2024\\\/06\\\/logo-facebuk-1.jpg?v=1718619602\",\"contentUrl\":\"https:\\\/\\\/www.loziskaplus.sk\\\/eshop\\\/wp-content\\\/uploads\\\/2024\\\/06\\\/logo-facebuk-1.jpg?v=1718619602\",\"width\":180,\"height\":179,\"caption\":\"Lo\u017eisk\u00e1 PLUS\"},\"image\":{\"@id\":\"https:\\\/\\\/www.loziskaplus.sk\\\/eshop\\\/#\\\/schema\\\/logo\\\/image\\\/\"}}]}<\/script>\n<!-- \/ Yoast SEO plugin. -->","yoast_head_json":{"title":"DXM5 DX MOTOR CLEANER - ROZPRA\u0160OVA\u010c 500 ML - Lo\u017eisk\u00e1 PLUS","robots":{"index":"index","follow":"follow","max-snippet":"max-snippet:-1","max-image-preview":"max-image-preview:large","max-video-preview":"max-video-preview:-1"},"canonical":"https:\/\/www.loziskaplus.sk\/eshop\/produkt\/dxm5-dx-motor-cleaner-rozprasovac-500-ml\/","og_locale":"sk_SK","og_type":"article","og_title":"DXM5 DX MOTOR CLEANER - ROZPRA\u0160OVA\u010c 500 ML - Lo\u017eisk\u00e1 PLUS","og_description":"Univerz\u00e1lny \u010disti\u010d bez rozp\u00fa\u0161\u0165adiel. Dynamax motor cleaner \u010dist\u00ed motory, prevodovky, plachty pre n\u00e1kladn\u00e9 automobily, aut\u00e1 a \u010dlny, podlahy v\u00a0diel\u0148ach a in\u00e9 plochy zne\u010disten\u00e9 olejom, ktor\u00fd nezanech\u00e1va \u017eiadne zvy\u0161ky.","og_url":"https:\/\/www.loziskaplus.sk\/eshop\/produkt\/dxm5-dx-motor-cleaner-rozprasovac-500-ml\/","og_site_name":"Lo\u017eisk\u00e1 PLUS","article_modified_time":"2024-02-13T07:15:41+00:00","og_image":[{"width":1535,"height":2560,"url":"https:\/\/www.loziskaplus.sk\/eshop\/wp-content\/uploads\/2024\/02\/81490-1-scaled.jpg?v=1707134836","type":"image\/jpeg"}],"twitter_card":"summary_large_image","twitter_misc":{"Predpokladan\u00fd \u010das \u010d\u00edtania":"2 min\u00faty"},"schema":{"@context":"https:\/\/schema.org","@graph":[{"@type":"WebPage","@id":"https:\/\/www.loziskaplus.sk\/eshop\/produkt\/dxm5-dx-motor-cleaner-rozprasovac-500-ml\/","url":"https:\/\/www.loziskaplus.sk\/eshop\/produkt\/dxm5-dx-motor-cleaner-rozprasovac-500-ml\/","name":"DXM5 DX MOTOR CLEANER - ROZPRA\u0160OVA\u010c 500 ML - Lo\u017eisk\u00e1 PLUS","isPartOf":{"@id":"https:\/\/www.loziskaplus.sk\/eshop\/#website"},"primaryImageOfPage":{"@id":"https:\/\/www.loziskaplus.sk\/eshop\/produkt\/dxm5-dx-motor-cleaner-rozprasovac-500-ml\/#primaryimage"},"image":{"@id":"https:\/\/www.loziskaplus.sk\/eshop\/produkt\/dxm5-dx-motor-cleaner-rozprasovac-500-ml\/#primaryimage"},"thumbnailUrl":"https:\/\/www.loziskaplus.sk\/eshop\/wp-content\/uploads\/2024\/02\/81490-1-scaled.jpg?v=1707134836","datePublished":"2024-02-05T12:07:16+00:00","dateModified":"2024-02-13T07:15:41+00:00","breadcrumb":{"@id":"https:\/\/www.loziskaplus.sk\/eshop\/produkt\/dxm5-dx-motor-cleaner-rozprasovac-500-ml\/#breadcrumb"},"inLanguage":"sk-SK","potentialAction":[{"@type":"ReadAction","target":["https:\/\/www.loziskaplus.sk\/eshop\/produkt\/dxm5-dx-motor-cleaner-rozprasovac-500-ml\/"]}]},{"@type":"ImageObject","inLanguage":"sk-SK","@id":"https:\/\/www.loziskaplus.sk\/eshop\/produkt\/dxm5-dx-motor-cleaner-rozprasovac-500-ml\/#primaryimage","url":"https:\/\/www.loziskaplus.sk\/eshop\/wp-content\/uploads\/2024\/02\/81490-1-scaled.jpg?v=1707134836","contentUrl":"https:\/\/www.loziskaplus.sk\/eshop\/wp-content\/uploads\/2024\/02\/81490-1-scaled.jpg?v=1707134836","width":1535,"height":2560},{"@type":"BreadcrumbList","@id":"https:\/\/www.loziskaplus.sk\/eshop\/produkt\/dxm5-dx-motor-cleaner-rozprasovac-500-ml\/#breadcrumb","itemListElement":[{"@type":"ListItem","position":1,"name":"Domov","item":"https:\/\/www.loziskaplus.sk\/eshop\/"},{"@type":"ListItem","position":2,"name":"Obchod","item":"https:\/\/www.loziskaplus.sk\/eshop\/obchod\/"},{"@type":"ListItem","position":3,"name":"DXM5 DX MOTOR CLEANER &#8211; ROZPRA\u0160OVA\u010c 500 ML"}]},{"@type":"WebSite","@id":"https:\/\/www.loziskaplus.sk\/eshop\/#website","url":"https:\/\/www.loziskaplus.sk\/eshop\/","name":"Lo\u017eisk\u00e1 PLUS","description":"","publisher":{"@id":"https:\/\/www.loziskaplus.sk\/eshop\/#organization"},"potentialAction":[{"@type":"SearchAction","target":{"@type":"EntryPoint","urlTemplate":"https:\/\/www.loziskaplus.sk\/eshop\/?s={search_term_string}"},"query-input":{"@type":"PropertyValueSpecification","valueRequired":true,"valueName":"search_term_string"}}],"inLanguage":"sk-SK"},{"@type":"Organization","@id":"https:\/\/www.loziskaplus.sk\/eshop\/#organization","name":"Lo\u017eisk\u00e1 PLUS","url":"https:\/\/www.loziskaplus.sk\/eshop\/","logo":{"@type":"ImageObject","inLanguage":"sk-SK","@id":"https:\/\/www.loziskaplus.sk\/eshop\/#\/schema\/logo\/image\/","url":"https:\/\/www.loziskaplus.sk\/eshop\/wp-content\/uploads\/2024\/06\/logo-facebuk-1.jpg?v=1718619602","contentUrl":"https:\/\/www.loziskaplus.sk\/eshop\/wp-content\/uploads\/2024\/06\/logo-facebuk-1.jpg?v=1718619602","width":180,"height":179,"caption":"Lo\u017eisk\u00e1 PLUS"},"image":{"@id":"https:\/\/www.loziskaplus.sk\/eshop\/#\/schema\/logo\/image\/"}}]}},"jetpack_sharing_enabled":true,"_links":{"self":[{"href":"https:\/\/www.loziskaplus.sk\/eshop\/wp-json\/wp\/v2\/product\/7522","targetHints":{"allow":["GET"]}}],"collection":[{"href":"https:\/\/www.loziskaplus.sk\/eshop\/wp-json\/wp\/v2\/product"}],"about":[{"href":"https:\/\/www.loziskaplus.sk\/eshop\/wp-json\/wp\/v2\/types\/product"}],"wp:featuredmedia":[{"embeddable":true,"href":"https:\/\/www.loziskaplus.sk\/eshop\/wp-json\/wp\/v2\/media\/7521"}],"wp:attachment":[{"href":"https:\/\/www.loziskaplus.sk\/eshop\/wp-json\/wp\/v2\/media?parent=7522"}],"wp:term":[{"taxonomy":"product_brand","embeddable":true,"href":"https:\/\/www.loziskaplus.sk\/eshop\/wp-json\/wp\/v2\/product_brand?post=7522"},{"taxonomy":"product_cat","embeddable":true,"href":"https:\/\/www.loziskaplus.sk\/eshop\/wp-json\/wp\/v2\/product_cat?post=7522"},{"taxonomy":"product_tag","embeddable":true,"href":"https:\/\/www.loziskaplus.sk\/eshop\/wp-json\/wp\/v2\/product_tag?post=7522"}],"curies":[{"name":"wp","href":"https:\/\/api.w.org\/{rel}","templated":true}]}}