{"id":7564,"date":"2024-02-05T13:08:36","date_gmt":"2024-02-05T12:08:36","guid":{"rendered":"https:\/\/www.loziskaplus.sk\/eshop\/produkt\/dynamax-zimne-aditivum-do-benzinu-300ml\/"},"modified":"2024-02-09T09:19:17","modified_gmt":"2024-02-09T08:19:17","slug":"dynamax-zimne-aditivum-do-benzinu-300ml","status":"publish","type":"product","link":"https:\/\/www.loziskaplus.sk\/eshop\/produkt\/dynamax-zimne-aditivum-do-benzinu-300ml\/","title":{"rendered":"DYNAMAX ZIMN\u00c9 ADIT\u00cdVUM DO BENZ\u00cdNU 300ML"},"content":{"rendered":"<p>Pred zimou ur\u010dite z\u00a0ka\u017edej strany po\u010d\u00favate o\u00a0dobr\u00fdch vlastnostiach adit\u00edv do naftov\u00fdch motorov. Ale \u010do tie benz\u00ednov\u00e9? Nezasl\u00fa\u017eia si tie\u017e nejak\u00e9 lep\u0161ie palivo, pr\u00edpadne vylep\u0161en\u00e9 vlastnosti, ktor\u00fdmi m\u00f4\u017eete motoru dopom\u00f4c\u0165 k\u00a0lep\u0161iemu spa\u013eovaniu? Ur\u010dite. Zimn\u00e9 adit\u00edvum do benz\u00ednu m\u00f4\u017eu prospie\u0165 nielen v\u00e1\u0161mu motoru, ale v\u00a0kone\u010dnom d\u00f4sledku aj pe\u0148a\u017eenke. N\u00e1sledn\u00e1\u00a0oprava palivov\u00e9ho syst\u00e9mu toti\u017e m\u00f4\u017ee v\u00fdrazne za\u0165a\u017ei\u0165 rodinn\u00fd rozpo\u010det. Z\u00e1\u017eihov\u00fd (benz\u00ednov\u00fd) motor v\u00a0zime nie je\u00a0na studen\u00fd \u0161tart\u00a0tak\u00fd n\u00e1ro\u010dn\u00fd. Okrem \u201c\u017ehavi\u010dov\u201d tie\u017e nepotrebuje prekona\u0165 tak\u00fa vysok\u00fa kompresiu. Benz\u00ednov\u00fd motor tak m\u00e1 omnoho \u013eah\u0161ie \u0161tartovanie, av\u0161ak pre\u010do mu s\u00a0t\u00fdm e\u0161te nepom\u00f4c\u0165? Minim\u00e1lne napr\u00edklad zn\u00ed\u017een\u00edm obsahu vody v\u00a0palive. <img fetchpriority=\"high\" decoding=\"async\" class=\"alignnone size-large wp-image-4957\" src=\"https:\/\/www.dynamaxoil.com\/wp-content\/uploads\/2018\/11\/1542569156-2018.dynamax.gasoline.winter.aditive.00-1-1024x768.jpg\" alt=\"\" width=\"1024\" height=\"768\" \/> Pr\u00e1ve\u00a0<a href=\"https:\/\/www.dynamaxoil.com\/produkt\/dynamax-zimne-aditivum-do-benzinu\/\">zimn\u00e9 adit\u00edvum DYNAMAX\u00a0do benz\u00ednu<\/a>\u00a0ktor\u00e9 komer\u010dne pred\u00e1vaj\u00fa pod anglick\u00fdm ozna\u010den\u00edm Gasoline Winter Additive zamedzuje tvorbe mikrokry\u0161t\u00e1lov \u013eadu. Sl\u00fa\u017ei tak na prevenciu pred usadzovan\u00edm vody v\u00a0palivovom syst\u00e9me, \u010do je pr\u00edzna\u010dn\u00e9 pre zimn\u00e9 obdobie a\u00a0kr\u00e1tke trasy. \u010ealej tie\u017e zni\u017euje kor\u00f3ziu cel\u00e9ho syst\u00e9mu a\u00a0kyslos\u0165 vzniknut\u00fa oxid\u00e1ciou. Pr\u00e1ve voda je najv\u00e4\u010d\u0161\u00edm stra\u0161iakom benz\u00ednov\u00fdch motorov v\u00a0zime. <img decoding=\"async\" class=\"alignnone size-large wp-image-4959\" src=\"https:\/\/www.dynamaxoil.com\/wp-content\/uploads\/2018\/11\/1542569174-2018.dynamax.gasoline.winter.aditive.06-1-1024x768.jpg\" alt=\"\" width=\"1024\" height=\"768\" \/><\/p>\n<h4>Benz\u00edn u n\u00e1s nezamrzne, voda \u00e1no<\/h4>\n<p>Samotn\u00fd benz\u00edn toti\u017e v\u00a0na\u0161ich podmienkach nezam\u0155za. To by museli teploty klesa\u0165 pod -45 \u00b0C, \u010do je v\u00a0na\u0161ich podmienkach nere\u00e1lne a\u00a0vplyvom st\u00e1le teplej\u0161ieho po\u010dasia u\u017e skoro \u00faplne vyl\u00fa\u010den\u00e9. Probl\u00e9mom je tak spom\u00ednan\u00e1 voda, ktor\u00e1 sa v\u00a0palive m\u00f4\u017ee objavi\u0165 najprv natankovan\u00edm z\u00a0n\u00e1dr\u017e\u00ed\u00a0alebo aj kondenz\u00e1ciou, ke\u010f\u00a0poklesom teploty samotn\u00e9 molekuly vody prech\u00e1dzaj\u00fa z\u00a0plynn\u00e9ho na kvapaln\u00e9 skupenstvo. <a class=\"fusion-no-lightbox\" href=\"https:\/\/www.dynamaxoil.com\/produkt\/dynamax-zimne-aditivum-do-benzinu\/\"><img decoding=\"async\" class=\"size-full wp-image-4960 aligncenter\" src=\"https:\/\/www.dynamaxoil.com\/wp-content\/uploads\/2018\/11\/1542215162-dynamax.1-1.jpg\" alt=\"\" width=\"583\" height=\"557\" \/><\/a><\/p>\n<div class=\"clearfix editor adblock\">\n<div class=\"c_image_wide\">\n<p class=\"image_text\">Zimn\u00e9 adit\u00edvum do benz\u00ednu od DYNAMAX\u00a0chr\u00e1ni pred kor\u00f3ziou a zabra\u0148uje tvorbe mikrokry\u0161t\u00e1lov \u013eadu.<\/p>\n<\/div>\n<\/div>\n<div class=\"clearfix editor block adblock\">Prid\u00e1van\u00edm adit\u00edva aj do benz\u00ednov\u00e9ho motora tak prospievate jeho dlh\u0161ej \u017eivotnosti a\u00a0m\u00f4\u017eete zlep\u0161i\u0165 jeho vlastnosti. Okrem adit\u00edv do benz\u00ednu pre zimn\u00e9 obdobie pon\u00faka DYNAMAX\u00a0aj adit\u00edva do benz\u00ednu na \u010distenie vstrekova\u010dov, na \u010distenie palivov\u00e9ho syst\u00e9mu alebo na zv\u00fd\u0161enie okt\u00e1nov\u00e9ho \u010d\u00edsla.<\/div>\n","protected":false},"excerpt":{"rendered":"<p>Sl\u00fa\u017ei ako prevencia usadzovania vody v palivovom syst\u00e9me benz\u00ednov\u00fdch motorov\u00fdch vozidiel a n\u00e1sledn\u00e9mu zamedzeniu tvorby mikrokry\u0161t\u00e1lov \u013eadu. V\u010faka svojmu zlo\u017eeniu zni\u017euje kor\u00f3ziu a kyslos\u0165 vzniknut\u00fa oxid\u00e1ciou.<\/p>\n","protected":false},"featured_media":7563,"template":"","meta":[],"product_brand":[],"product_cat":[109,122,107],"product_tag":[],"class_list":{"0":"post-7564","1":"product","2":"type-product","3":"status-publish","4":"has-post-thumbnail","6":"product_cat-aditiva","7":"product_cat-univerzalne-diely-a-prislusenstvo-na-auta","8":"product_cat-zimna-sezona","10":"first","11":"instock","12":"taxable","13":"shipping-taxable","14":"purchasable","15":"product-type-simple"},"yoast_head":"<!-- This site is optimized with the Yoast SEO plugin v27.4 - https:\/\/yoast.com\/product\/yoast-seo-wordpress\/ -->\n<title>DYNAMAX ZIMN\u00c9 ADIT\u00cdVUM DO BENZ\u00cdNU 300ML - Lo\u017eisk\u00e1 PLUS<\/title>\n<meta name=\"robots\" content=\"index, follow, max-snippet:-1, max-image-preview:large, max-video-preview:-1\" \/>\n<link rel=\"canonical\" href=\"https:\/\/www.loziskaplus.sk\/eshop\/produkt\/dynamax-zimne-aditivum-do-benzinu-300ml\/\" \/>\n<meta property=\"og:locale\" content=\"sk_SK\" \/>\n<meta property=\"og:type\" content=\"article\" \/>\n<meta property=\"og:title\" content=\"DYNAMAX ZIMN\u00c9 ADIT\u00cdVUM DO BENZ\u00cdNU 300ML - Lo\u017eisk\u00e1 PLUS\" \/>\n<meta property=\"og:description\" content=\"Sl\u00fa\u017ei ako prevencia usadzovania vody v palivovom syst\u00e9me benz\u00ednov\u00fdch motorov\u00fdch vozidiel a n\u00e1sledn\u00e9mu zamedzeniu tvorby mikrokry\u0161t\u00e1lov \u013eadu. V\u010faka svojmu zlo\u017eeniu zni\u017euje kor\u00f3ziu a kyslos\u0165 vzniknut\u00fa oxid\u00e1ciou.\" \/>\n<meta property=\"og:url\" content=\"https:\/\/www.loziskaplus.sk\/eshop\/produkt\/dynamax-zimne-aditivum-do-benzinu-300ml\/\" \/>\n<meta property=\"og:site_name\" content=\"Lo\u017eisk\u00e1 PLUS\" \/>\n<meta property=\"article:modified_time\" content=\"2024-02-09T08:19:17+00:00\" \/>\n<meta property=\"og:image\" content=\"https:\/\/www.loziskaplus.sk\/eshop\/wp-content\/uploads\/2024\/02\/81853-1.jpg?v=1707134916\" \/>\n\t<meta property=\"og:image:width\" content=\"626\" \/>\n\t<meta property=\"og:image:height\" content=\"595\" \/>\n\t<meta property=\"og:image:type\" content=\"image\/jpeg\" \/>\n<meta name=\"twitter:card\" content=\"summary_large_image\" \/>\n<meta name=\"twitter:label1\" content=\"Predpokladan\u00fd \u010das \u010d\u00edtania\" \/>\n\t<meta name=\"twitter:data1\" content=\"3 min\u00faty\" \/>\n<script type=\"application\/ld+json\" class=\"yoast-schema-graph\">{\"@context\":\"https:\\\/\\\/schema.org\",\"@graph\":[{\"@type\":\"WebPage\",\"@id\":\"https:\\\/\\\/www.loziskaplus.sk\\\/eshop\\\/produkt\\\/dynamax-zimne-aditivum-do-benzinu-300ml\\\/\",\"url\":\"https:\\\/\\\/www.loziskaplus.sk\\\/eshop\\\/produkt\\\/dynamax-zimne-aditivum-do-benzinu-300ml\\\/\",\"name\":\"DYNAMAX ZIMN\u00c9 ADIT\u00cdVUM DO BENZ\u00cdNU 300ML - Lo\u017eisk\u00e1 PLUS\",\"isPartOf\":{\"@id\":\"https:\\\/\\\/www.loziskaplus.sk\\\/eshop\\\/#website\"},\"primaryImageOfPage\":{\"@id\":\"https:\\\/\\\/www.loziskaplus.sk\\\/eshop\\\/produkt\\\/dynamax-zimne-aditivum-do-benzinu-300ml\\\/#primaryimage\"},\"image\":{\"@id\":\"https:\\\/\\\/www.loziskaplus.sk\\\/eshop\\\/produkt\\\/dynamax-zimne-aditivum-do-benzinu-300ml\\\/#primaryimage\"},\"thumbnailUrl\":\"https:\\\/\\\/www.loziskaplus.sk\\\/eshop\\\/wp-content\\\/uploads\\\/2024\\\/02\\\/81853-1.jpg?v=1707134916\",\"datePublished\":\"2024-02-05T12:08:36+00:00\",\"dateModified\":\"2024-02-09T08:19:17+00:00\",\"breadcrumb\":{\"@id\":\"https:\\\/\\\/www.loziskaplus.sk\\\/eshop\\\/produkt\\\/dynamax-zimne-aditivum-do-benzinu-300ml\\\/#breadcrumb\"},\"inLanguage\":\"sk-SK\",\"potentialAction\":[{\"@type\":\"ReadAction\",\"target\":[\"https:\\\/\\\/www.loziskaplus.sk\\\/eshop\\\/produkt\\\/dynamax-zimne-aditivum-do-benzinu-300ml\\\/\"]}]},{\"@type\":\"ImageObject\",\"inLanguage\":\"sk-SK\",\"@id\":\"https:\\\/\\\/www.loziskaplus.sk\\\/eshop\\\/produkt\\\/dynamax-zimne-aditivum-do-benzinu-300ml\\\/#primaryimage\",\"url\":\"https:\\\/\\\/www.loziskaplus.sk\\\/eshop\\\/wp-content\\\/uploads\\\/2024\\\/02\\\/81853-1.jpg?v=1707134916\",\"contentUrl\":\"https:\\\/\\\/www.loziskaplus.sk\\\/eshop\\\/wp-content\\\/uploads\\\/2024\\\/02\\\/81853-1.jpg?v=1707134916\",\"width\":626,\"height\":595},{\"@type\":\"BreadcrumbList\",\"@id\":\"https:\\\/\\\/www.loziskaplus.sk\\\/eshop\\\/produkt\\\/dynamax-zimne-aditivum-do-benzinu-300ml\\\/#breadcrumb\",\"itemListElement\":[{\"@type\":\"ListItem\",\"position\":1,\"name\":\"Domov\",\"item\":\"https:\\\/\\\/www.loziskaplus.sk\\\/eshop\\\/\"},{\"@type\":\"ListItem\",\"position\":2,\"name\":\"Obchod\",\"item\":\"https:\\\/\\\/www.loziskaplus.sk\\\/eshop\\\/obchod\\\/\"},{\"@type\":\"ListItem\",\"position\":3,\"name\":\"DYNAMAX ZIMN\u00c9 ADIT\u00cdVUM DO BENZ\u00cdNU 300ML\"}]},{\"@type\":\"WebSite\",\"@id\":\"https:\\\/\\\/www.loziskaplus.sk\\\/eshop\\\/#website\",\"url\":\"https:\\\/\\\/www.loziskaplus.sk\\\/eshop\\\/\",\"name\":\"Lo\u017eisk\u00e1 PLUS\",\"description\":\"\",\"publisher\":{\"@id\":\"https:\\\/\\\/www.loziskaplus.sk\\\/eshop\\\/#organization\"},\"potentialAction\":[{\"@type\":\"SearchAction\",\"target\":{\"@type\":\"EntryPoint\",\"urlTemplate\":\"https:\\\/\\\/www.loziskaplus.sk\\\/eshop\\\/?s={search_term_string}\"},\"query-input\":{\"@type\":\"PropertyValueSpecification\",\"valueRequired\":true,\"valueName\":\"search_term_string\"}}],\"inLanguage\":\"sk-SK\"},{\"@type\":\"Organization\",\"@id\":\"https:\\\/\\\/www.loziskaplus.sk\\\/eshop\\\/#organization\",\"name\":\"Lo\u017eisk\u00e1 PLUS\",\"url\":\"https:\\\/\\\/www.loziskaplus.sk\\\/eshop\\\/\",\"logo\":{\"@type\":\"ImageObject\",\"inLanguage\":\"sk-SK\",\"@id\":\"https:\\\/\\\/www.loziskaplus.sk\\\/eshop\\\/#\\\/schema\\\/logo\\\/image\\\/\",\"url\":\"https:\\\/\\\/www.loziskaplus.sk\\\/eshop\\\/wp-content\\\/uploads\\\/2024\\\/06\\\/logo-facebuk-1.jpg?v=1718619602\",\"contentUrl\":\"https:\\\/\\\/www.loziskaplus.sk\\\/eshop\\\/wp-content\\\/uploads\\\/2024\\\/06\\\/logo-facebuk-1.jpg?v=1718619602\",\"width\":180,\"height\":179,\"caption\":\"Lo\u017eisk\u00e1 PLUS\"},\"image\":{\"@id\":\"https:\\\/\\\/www.loziskaplus.sk\\\/eshop\\\/#\\\/schema\\\/logo\\\/image\\\/\"}}]}<\/script>\n<!-- \/ Yoast SEO plugin. -->","yoast_head_json":{"title":"DYNAMAX ZIMN\u00c9 ADIT\u00cdVUM DO BENZ\u00cdNU 300ML - Lo\u017eisk\u00e1 PLUS","robots":{"index":"index","follow":"follow","max-snippet":"max-snippet:-1","max-image-preview":"max-image-preview:large","max-video-preview":"max-video-preview:-1"},"canonical":"https:\/\/www.loziskaplus.sk\/eshop\/produkt\/dynamax-zimne-aditivum-do-benzinu-300ml\/","og_locale":"sk_SK","og_type":"article","og_title":"DYNAMAX ZIMN\u00c9 ADIT\u00cdVUM DO BENZ\u00cdNU 300ML - Lo\u017eisk\u00e1 PLUS","og_description":"Sl\u00fa\u017ei ako prevencia usadzovania vody v palivovom syst\u00e9me benz\u00ednov\u00fdch motorov\u00fdch vozidiel a n\u00e1sledn\u00e9mu zamedzeniu tvorby mikrokry\u0161t\u00e1lov \u013eadu. V\u010faka svojmu zlo\u017eeniu zni\u017euje kor\u00f3ziu a kyslos\u0165 vzniknut\u00fa oxid\u00e1ciou.","og_url":"https:\/\/www.loziskaplus.sk\/eshop\/produkt\/dynamax-zimne-aditivum-do-benzinu-300ml\/","og_site_name":"Lo\u017eisk\u00e1 PLUS","article_modified_time":"2024-02-09T08:19:17+00:00","og_image":[{"width":626,"height":595,"url":"https:\/\/www.loziskaplus.sk\/eshop\/wp-content\/uploads\/2024\/02\/81853-1.jpg?v=1707134916","type":"image\/jpeg"}],"twitter_card":"summary_large_image","twitter_misc":{"Predpokladan\u00fd \u010das \u010d\u00edtania":"3 min\u00faty"},"schema":{"@context":"https:\/\/schema.org","@graph":[{"@type":"WebPage","@id":"https:\/\/www.loziskaplus.sk\/eshop\/produkt\/dynamax-zimne-aditivum-do-benzinu-300ml\/","url":"https:\/\/www.loziskaplus.sk\/eshop\/produkt\/dynamax-zimne-aditivum-do-benzinu-300ml\/","name":"DYNAMAX ZIMN\u00c9 ADIT\u00cdVUM DO BENZ\u00cdNU 300ML - Lo\u017eisk\u00e1 PLUS","isPartOf":{"@id":"https:\/\/www.loziskaplus.sk\/eshop\/#website"},"primaryImageOfPage":{"@id":"https:\/\/www.loziskaplus.sk\/eshop\/produkt\/dynamax-zimne-aditivum-do-benzinu-300ml\/#primaryimage"},"image":{"@id":"https:\/\/www.loziskaplus.sk\/eshop\/produkt\/dynamax-zimne-aditivum-do-benzinu-300ml\/#primaryimage"},"thumbnailUrl":"https:\/\/www.loziskaplus.sk\/eshop\/wp-content\/uploads\/2024\/02\/81853-1.jpg?v=1707134916","datePublished":"2024-02-05T12:08:36+00:00","dateModified":"2024-02-09T08:19:17+00:00","breadcrumb":{"@id":"https:\/\/www.loziskaplus.sk\/eshop\/produkt\/dynamax-zimne-aditivum-do-benzinu-300ml\/#breadcrumb"},"inLanguage":"sk-SK","potentialAction":[{"@type":"ReadAction","target":["https:\/\/www.loziskaplus.sk\/eshop\/produkt\/dynamax-zimne-aditivum-do-benzinu-300ml\/"]}]},{"@type":"ImageObject","inLanguage":"sk-SK","@id":"https:\/\/www.loziskaplus.sk\/eshop\/produkt\/dynamax-zimne-aditivum-do-benzinu-300ml\/#primaryimage","url":"https:\/\/www.loziskaplus.sk\/eshop\/wp-content\/uploads\/2024\/02\/81853-1.jpg?v=1707134916","contentUrl":"https:\/\/www.loziskaplus.sk\/eshop\/wp-content\/uploads\/2024\/02\/81853-1.jpg?v=1707134916","width":626,"height":595},{"@type":"BreadcrumbList","@id":"https:\/\/www.loziskaplus.sk\/eshop\/produkt\/dynamax-zimne-aditivum-do-benzinu-300ml\/#breadcrumb","itemListElement":[{"@type":"ListItem","position":1,"name":"Domov","item":"https:\/\/www.loziskaplus.sk\/eshop\/"},{"@type":"ListItem","position":2,"name":"Obchod","item":"https:\/\/www.loziskaplus.sk\/eshop\/obchod\/"},{"@type":"ListItem","position":3,"name":"DYNAMAX ZIMN\u00c9 ADIT\u00cdVUM DO BENZ\u00cdNU 300ML"}]},{"@type":"WebSite","@id":"https:\/\/www.loziskaplus.sk\/eshop\/#website","url":"https:\/\/www.loziskaplus.sk\/eshop\/","name":"Lo\u017eisk\u00e1 PLUS","description":"","publisher":{"@id":"https:\/\/www.loziskaplus.sk\/eshop\/#organization"},"potentialAction":[{"@type":"SearchAction","target":{"@type":"EntryPoint","urlTemplate":"https:\/\/www.loziskaplus.sk\/eshop\/?s={search_term_string}"},"query-input":{"@type":"PropertyValueSpecification","valueRequired":true,"valueName":"search_term_string"}}],"inLanguage":"sk-SK"},{"@type":"Organization","@id":"https:\/\/www.loziskaplus.sk\/eshop\/#organization","name":"Lo\u017eisk\u00e1 PLUS","url":"https:\/\/www.loziskaplus.sk\/eshop\/","logo":{"@type":"ImageObject","inLanguage":"sk-SK","@id":"https:\/\/www.loziskaplus.sk\/eshop\/#\/schema\/logo\/image\/","url":"https:\/\/www.loziskaplus.sk\/eshop\/wp-content\/uploads\/2024\/06\/logo-facebuk-1.jpg?v=1718619602","contentUrl":"https:\/\/www.loziskaplus.sk\/eshop\/wp-content\/uploads\/2024\/06\/logo-facebuk-1.jpg?v=1718619602","width":180,"height":179,"caption":"Lo\u017eisk\u00e1 PLUS"},"image":{"@id":"https:\/\/www.loziskaplus.sk\/eshop\/#\/schema\/logo\/image\/"}}]}},"jetpack_sharing_enabled":true,"_links":{"self":[{"href":"https:\/\/www.loziskaplus.sk\/eshop\/wp-json\/wp\/v2\/product\/7564","targetHints":{"allow":["GET"]}}],"collection":[{"href":"https:\/\/www.loziskaplus.sk\/eshop\/wp-json\/wp\/v2\/product"}],"about":[{"href":"https:\/\/www.loziskaplus.sk\/eshop\/wp-json\/wp\/v2\/types\/product"}],"wp:featuredmedia":[{"embeddable":true,"href":"https:\/\/www.loziskaplus.sk\/eshop\/wp-json\/wp\/v2\/media\/7563"}],"wp:attachment":[{"href":"https:\/\/www.loziskaplus.sk\/eshop\/wp-json\/wp\/v2\/media?parent=7564"}],"wp:term":[{"taxonomy":"product_brand","embeddable":true,"href":"https:\/\/www.loziskaplus.sk\/eshop\/wp-json\/wp\/v2\/product_brand?post=7564"},{"taxonomy":"product_cat","embeddable":true,"href":"https:\/\/www.loziskaplus.sk\/eshop\/wp-json\/wp\/v2\/product_cat?post=7564"},{"taxonomy":"product_tag","embeddable":true,"href":"https:\/\/www.loziskaplus.sk\/eshop\/wp-json\/wp\/v2\/product_tag?post=7564"}],"curies":[{"name":"wp","href":"https:\/\/api.w.org\/{rel}","templated":true}]}}