{"id":7568,"date":"2024-02-05T13:08:50","date_gmt":"2024-02-05T12:08:50","guid":{"rendered":"https:\/\/www.loziskaplus.sk\/eshop\/produkt\/dynamax-goldline-fuel-eco-0w-16-4l\/"},"modified":"2024-02-12T07:57:53","modified_gmt":"2024-02-12T06:57:53","slug":"dynamax-goldline-fuel-eco-0w-16-4l","status":"publish","type":"product","link":"https:\/\/www.loziskaplus.sk\/eshop\/produkt\/dynamax-goldline-fuel-eco-0w-16-4l\/","title":{"rendered":"DYNAMAX GOLDLINE FUEL ECO 0W-16 4L"},"content":{"rendered":"<p>Vysoko kvalitn\u00fd plnesyntetick\u00fd motorov\u00fd olej ur\u010den\u00fd na pou\u017eitie v benz\u00ednov\u00fdch a dieselov\u00fdch motoroch osobn\u00fdch automobilov vybaven\u00fdch s alebo bez turboprepl\u0148ovania a priameho vstrekovania. Olej je \u0161peci\u00e1lne vyvinut\u00fd pre hybridn\u00e9 motory. Vyzna\u010duje sa vynikaj\u00facim \u0161tartom za studena a minimaliz\u00e1ciou spotreby paliva, trenia a opotrebenia.<\/p>\n","protected":false},"excerpt":{"rendered":"<p>Vysoko kvalitn\u00fd plnesyntetick\u00fd motorov\u00fd olej ur\u010den\u00fd na pou\u017eitie v benz\u00ednov\u00fdch a dieselov\u00fdch motoroch osobn\u00fdch automobilov vybaven\u00fdch s alebo bez turboprepl\u0148ovania a priameho vstrekovania.<\/p>\n","protected":false},"featured_media":7567,"template":"","meta":[],"product_brand":[],"product_cat":[29,33,19],"product_tag":[],"class_list":{"0":"post-7568","1":"product","2":"type-product","3":"status-publish","4":"has-post-thumbnail","6":"product_cat-motorove-oleje","7":"product_cat-olej-osobne-automobily","8":"product_cat-oleje","9":"pa_balenie-4l","10":"pa_viskozita-0w-16","12":"first","13":"instock","14":"taxable","15":"shipping-taxable","16":"purchasable","17":"product-type-simple"},"yoast_head":"<!-- This site is optimized with the Yoast SEO plugin v27.4 - https:\/\/yoast.com\/product\/yoast-seo-wordpress\/ -->\n<title>DYNAMAX GOLDLINE FUEL ECO 0W-16 4L - Lo\u017eisk\u00e1 PLUS<\/title>\n<meta name=\"robots\" content=\"index, follow, max-snippet:-1, max-image-preview:large, max-video-preview:-1\" \/>\n<link rel=\"canonical\" href=\"https:\/\/www.loziskaplus.sk\/eshop\/produkt\/dynamax-goldline-fuel-eco-0w-16-4l\/\" \/>\n<meta property=\"og:locale\" content=\"sk_SK\" \/>\n<meta property=\"og:type\" content=\"article\" \/>\n<meta property=\"og:title\" content=\"DYNAMAX GOLDLINE FUEL ECO 0W-16 4L - Lo\u017eisk\u00e1 PLUS\" \/>\n<meta property=\"og:description\" content=\"Vysoko kvalitn\u00fd plnesyntetick\u00fd motorov\u00fd olej ur\u010den\u00fd na pou\u017eitie v benz\u00ednov\u00fdch a dieselov\u00fdch motoroch osobn\u00fdch automobilov vybaven\u00fdch s alebo bez turboprepl\u0148ovania a priameho vstrekovania.\" \/>\n<meta property=\"og:url\" content=\"https:\/\/www.loziskaplus.sk\/eshop\/produkt\/dynamax-goldline-fuel-eco-0w-16-4l\/\" \/>\n<meta property=\"og:site_name\" content=\"Lo\u017eisk\u00e1 PLUS\" \/>\n<meta property=\"article:modified_time\" content=\"2024-02-12T06:57:53+00:00\" \/>\n<meta property=\"og:image\" content=\"https:\/\/www.loziskaplus.sk\/eshop\/wp-content\/uploads\/2024\/02\/107998-1.jpg?v=1707134930\" \/>\n\t<meta property=\"og:image:width\" content=\"707\" \/>\n\t<meta property=\"og:image:height\" content=\"900\" \/>\n\t<meta property=\"og:image:type\" content=\"image\/jpeg\" \/>\n<meta name=\"twitter:card\" content=\"summary_large_image\" \/>\n<meta name=\"twitter:label1\" content=\"Predpokladan\u00fd \u010das \u010d\u00edtania\" \/>\n\t<meta name=\"twitter:data1\" content=\"1 min\u00fata\" \/>\n<script type=\"application\/ld+json\" class=\"yoast-schema-graph\">{\"@context\":\"https:\\\/\\\/schema.org\",\"@graph\":[{\"@type\":\"WebPage\",\"@id\":\"https:\\\/\\\/www.loziskaplus.sk\\\/eshop\\\/produkt\\\/dynamax-goldline-fuel-eco-0w-16-4l\\\/\",\"url\":\"https:\\\/\\\/www.loziskaplus.sk\\\/eshop\\\/produkt\\\/dynamax-goldline-fuel-eco-0w-16-4l\\\/\",\"name\":\"DYNAMAX GOLDLINE FUEL ECO 0W-16 4L - Lo\u017eisk\u00e1 PLUS\",\"isPartOf\":{\"@id\":\"https:\\\/\\\/www.loziskaplus.sk\\\/eshop\\\/#website\"},\"primaryImageOfPage\":{\"@id\":\"https:\\\/\\\/www.loziskaplus.sk\\\/eshop\\\/produkt\\\/dynamax-goldline-fuel-eco-0w-16-4l\\\/#primaryimage\"},\"image\":{\"@id\":\"https:\\\/\\\/www.loziskaplus.sk\\\/eshop\\\/produkt\\\/dynamax-goldline-fuel-eco-0w-16-4l\\\/#primaryimage\"},\"thumbnailUrl\":\"https:\\\/\\\/www.loziskaplus.sk\\\/eshop\\\/wp-content\\\/uploads\\\/2024\\\/02\\\/107998-1.jpg?v=1707134930\",\"datePublished\":\"2024-02-05T12:08:50+00:00\",\"dateModified\":\"2024-02-12T06:57:53+00:00\",\"breadcrumb\":{\"@id\":\"https:\\\/\\\/www.loziskaplus.sk\\\/eshop\\\/produkt\\\/dynamax-goldline-fuel-eco-0w-16-4l\\\/#breadcrumb\"},\"inLanguage\":\"sk-SK\",\"potentialAction\":[{\"@type\":\"ReadAction\",\"target\":[\"https:\\\/\\\/www.loziskaplus.sk\\\/eshop\\\/produkt\\\/dynamax-goldline-fuel-eco-0w-16-4l\\\/\"]}]},{\"@type\":\"ImageObject\",\"inLanguage\":\"sk-SK\",\"@id\":\"https:\\\/\\\/www.loziskaplus.sk\\\/eshop\\\/produkt\\\/dynamax-goldline-fuel-eco-0w-16-4l\\\/#primaryimage\",\"url\":\"https:\\\/\\\/www.loziskaplus.sk\\\/eshop\\\/wp-content\\\/uploads\\\/2024\\\/02\\\/107998-1.jpg?v=1707134930\",\"contentUrl\":\"https:\\\/\\\/www.loziskaplus.sk\\\/eshop\\\/wp-content\\\/uploads\\\/2024\\\/02\\\/107998-1.jpg?v=1707134930\",\"width\":707,\"height\":900},{\"@type\":\"BreadcrumbList\",\"@id\":\"https:\\\/\\\/www.loziskaplus.sk\\\/eshop\\\/produkt\\\/dynamax-goldline-fuel-eco-0w-16-4l\\\/#breadcrumb\",\"itemListElement\":[{\"@type\":\"ListItem\",\"position\":1,\"name\":\"Domov\",\"item\":\"https:\\\/\\\/www.loziskaplus.sk\\\/eshop\\\/\"},{\"@type\":\"ListItem\",\"position\":2,\"name\":\"Obchod\",\"item\":\"https:\\\/\\\/www.loziskaplus.sk\\\/eshop\\\/obchod\\\/\"},{\"@type\":\"ListItem\",\"position\":3,\"name\":\"DYNAMAX GOLDLINE FUEL ECO 0W-16 4L\"}]},{\"@type\":\"WebSite\",\"@id\":\"https:\\\/\\\/www.loziskaplus.sk\\\/eshop\\\/#website\",\"url\":\"https:\\\/\\\/www.loziskaplus.sk\\\/eshop\\\/\",\"name\":\"Lo\u017eisk\u00e1 PLUS\",\"description\":\"\",\"publisher\":{\"@id\":\"https:\\\/\\\/www.loziskaplus.sk\\\/eshop\\\/#organization\"},\"potentialAction\":[{\"@type\":\"SearchAction\",\"target\":{\"@type\":\"EntryPoint\",\"urlTemplate\":\"https:\\\/\\\/www.loziskaplus.sk\\\/eshop\\\/?s={search_term_string}\"},\"query-input\":{\"@type\":\"PropertyValueSpecification\",\"valueRequired\":true,\"valueName\":\"search_term_string\"}}],\"inLanguage\":\"sk-SK\"},{\"@type\":\"Organization\",\"@id\":\"https:\\\/\\\/www.loziskaplus.sk\\\/eshop\\\/#organization\",\"name\":\"Lo\u017eisk\u00e1 PLUS\",\"url\":\"https:\\\/\\\/www.loziskaplus.sk\\\/eshop\\\/\",\"logo\":{\"@type\":\"ImageObject\",\"inLanguage\":\"sk-SK\",\"@id\":\"https:\\\/\\\/www.loziskaplus.sk\\\/eshop\\\/#\\\/schema\\\/logo\\\/image\\\/\",\"url\":\"https:\\\/\\\/www.loziskaplus.sk\\\/eshop\\\/wp-content\\\/uploads\\\/2024\\\/06\\\/logo-facebuk-1.jpg?v=1718619602\",\"contentUrl\":\"https:\\\/\\\/www.loziskaplus.sk\\\/eshop\\\/wp-content\\\/uploads\\\/2024\\\/06\\\/logo-facebuk-1.jpg?v=1718619602\",\"width\":180,\"height\":179,\"caption\":\"Lo\u017eisk\u00e1 PLUS\"},\"image\":{\"@id\":\"https:\\\/\\\/www.loziskaplus.sk\\\/eshop\\\/#\\\/schema\\\/logo\\\/image\\\/\"}}]}<\/script>\n<!-- \/ Yoast SEO plugin. -->","yoast_head_json":{"title":"DYNAMAX GOLDLINE FUEL ECO 0W-16 4L - Lo\u017eisk\u00e1 PLUS","robots":{"index":"index","follow":"follow","max-snippet":"max-snippet:-1","max-image-preview":"max-image-preview:large","max-video-preview":"max-video-preview:-1"},"canonical":"https:\/\/www.loziskaplus.sk\/eshop\/produkt\/dynamax-goldline-fuel-eco-0w-16-4l\/","og_locale":"sk_SK","og_type":"article","og_title":"DYNAMAX GOLDLINE FUEL ECO 0W-16 4L - Lo\u017eisk\u00e1 PLUS","og_description":"Vysoko kvalitn\u00fd plnesyntetick\u00fd motorov\u00fd olej ur\u010den\u00fd na pou\u017eitie v benz\u00ednov\u00fdch a dieselov\u00fdch motoroch osobn\u00fdch automobilov vybaven\u00fdch s alebo bez turboprepl\u0148ovania a priameho vstrekovania.","og_url":"https:\/\/www.loziskaplus.sk\/eshop\/produkt\/dynamax-goldline-fuel-eco-0w-16-4l\/","og_site_name":"Lo\u017eisk\u00e1 PLUS","article_modified_time":"2024-02-12T06:57:53+00:00","og_image":[{"width":707,"height":900,"url":"https:\/\/www.loziskaplus.sk\/eshop\/wp-content\/uploads\/2024\/02\/107998-1.jpg?v=1707134930","type":"image\/jpeg"}],"twitter_card":"summary_large_image","twitter_misc":{"Predpokladan\u00fd \u010das \u010d\u00edtania":"1 min\u00fata"},"schema":{"@context":"https:\/\/schema.org","@graph":[{"@type":"WebPage","@id":"https:\/\/www.loziskaplus.sk\/eshop\/produkt\/dynamax-goldline-fuel-eco-0w-16-4l\/","url":"https:\/\/www.loziskaplus.sk\/eshop\/produkt\/dynamax-goldline-fuel-eco-0w-16-4l\/","name":"DYNAMAX GOLDLINE FUEL ECO 0W-16 4L - Lo\u017eisk\u00e1 PLUS","isPartOf":{"@id":"https:\/\/www.loziskaplus.sk\/eshop\/#website"},"primaryImageOfPage":{"@id":"https:\/\/www.loziskaplus.sk\/eshop\/produkt\/dynamax-goldline-fuel-eco-0w-16-4l\/#primaryimage"},"image":{"@id":"https:\/\/www.loziskaplus.sk\/eshop\/produkt\/dynamax-goldline-fuel-eco-0w-16-4l\/#primaryimage"},"thumbnailUrl":"https:\/\/www.loziskaplus.sk\/eshop\/wp-content\/uploads\/2024\/02\/107998-1.jpg?v=1707134930","datePublished":"2024-02-05T12:08:50+00:00","dateModified":"2024-02-12T06:57:53+00:00","breadcrumb":{"@id":"https:\/\/www.loziskaplus.sk\/eshop\/produkt\/dynamax-goldline-fuel-eco-0w-16-4l\/#breadcrumb"},"inLanguage":"sk-SK","potentialAction":[{"@type":"ReadAction","target":["https:\/\/www.loziskaplus.sk\/eshop\/produkt\/dynamax-goldline-fuel-eco-0w-16-4l\/"]}]},{"@type":"ImageObject","inLanguage":"sk-SK","@id":"https:\/\/www.loziskaplus.sk\/eshop\/produkt\/dynamax-goldline-fuel-eco-0w-16-4l\/#primaryimage","url":"https:\/\/www.loziskaplus.sk\/eshop\/wp-content\/uploads\/2024\/02\/107998-1.jpg?v=1707134930","contentUrl":"https:\/\/www.loziskaplus.sk\/eshop\/wp-content\/uploads\/2024\/02\/107998-1.jpg?v=1707134930","width":707,"height":900},{"@type":"BreadcrumbList","@id":"https:\/\/www.loziskaplus.sk\/eshop\/produkt\/dynamax-goldline-fuel-eco-0w-16-4l\/#breadcrumb","itemListElement":[{"@type":"ListItem","position":1,"name":"Domov","item":"https:\/\/www.loziskaplus.sk\/eshop\/"},{"@type":"ListItem","position":2,"name":"Obchod","item":"https:\/\/www.loziskaplus.sk\/eshop\/obchod\/"},{"@type":"ListItem","position":3,"name":"DYNAMAX GOLDLINE FUEL ECO 0W-16 4L"}]},{"@type":"WebSite","@id":"https:\/\/www.loziskaplus.sk\/eshop\/#website","url":"https:\/\/www.loziskaplus.sk\/eshop\/","name":"Lo\u017eisk\u00e1 PLUS","description":"","publisher":{"@id":"https:\/\/www.loziskaplus.sk\/eshop\/#organization"},"potentialAction":[{"@type":"SearchAction","target":{"@type":"EntryPoint","urlTemplate":"https:\/\/www.loziskaplus.sk\/eshop\/?s={search_term_string}"},"query-input":{"@type":"PropertyValueSpecification","valueRequired":true,"valueName":"search_term_string"}}],"inLanguage":"sk-SK"},{"@type":"Organization","@id":"https:\/\/www.loziskaplus.sk\/eshop\/#organization","name":"Lo\u017eisk\u00e1 PLUS","url":"https:\/\/www.loziskaplus.sk\/eshop\/","logo":{"@type":"ImageObject","inLanguage":"sk-SK","@id":"https:\/\/www.loziskaplus.sk\/eshop\/#\/schema\/logo\/image\/","url":"https:\/\/www.loziskaplus.sk\/eshop\/wp-content\/uploads\/2024\/06\/logo-facebuk-1.jpg?v=1718619602","contentUrl":"https:\/\/www.loziskaplus.sk\/eshop\/wp-content\/uploads\/2024\/06\/logo-facebuk-1.jpg?v=1718619602","width":180,"height":179,"caption":"Lo\u017eisk\u00e1 PLUS"},"image":{"@id":"https:\/\/www.loziskaplus.sk\/eshop\/#\/schema\/logo\/image\/"}}]}},"jetpack_sharing_enabled":true,"_links":{"self":[{"href":"https:\/\/www.loziskaplus.sk\/eshop\/wp-json\/wp\/v2\/product\/7568","targetHints":{"allow":["GET"]}}],"collection":[{"href":"https:\/\/www.loziskaplus.sk\/eshop\/wp-json\/wp\/v2\/product"}],"about":[{"href":"https:\/\/www.loziskaplus.sk\/eshop\/wp-json\/wp\/v2\/types\/product"}],"wp:featuredmedia":[{"embeddable":true,"href":"https:\/\/www.loziskaplus.sk\/eshop\/wp-json\/wp\/v2\/media\/7567"}],"wp:attachment":[{"href":"https:\/\/www.loziskaplus.sk\/eshop\/wp-json\/wp\/v2\/media?parent=7568"}],"wp:term":[{"taxonomy":"product_brand","embeddable":true,"href":"https:\/\/www.loziskaplus.sk\/eshop\/wp-json\/wp\/v2\/product_brand?post=7568"},{"taxonomy":"product_cat","embeddable":true,"href":"https:\/\/www.loziskaplus.sk\/eshop\/wp-json\/wp\/v2\/product_cat?post=7568"},{"taxonomy":"product_tag","embeddable":true,"href":"https:\/\/www.loziskaplus.sk\/eshop\/wp-json\/wp\/v2\/product_tag?post=7568"}],"curies":[{"name":"wp","href":"https:\/\/api.w.org\/{rel}","templated":true}]}}