{"id":7678,"date":"2024-02-05T13:11:29","date_gmt":"2024-02-05T12:11:29","guid":{"rendered":"https:\/\/www.loziskaplus.sk\/eshop\/produkt\/dxt8-cistic-klimatizacie-400ml\/"},"modified":"2024-02-08T12:13:11","modified_gmt":"2024-02-08T11:13:11","slug":"dxt8-cistic-klimatizacie-400ml","status":"publish","type":"product","link":"https:\/\/www.loziskaplus.sk\/eshop\/produkt\/dxt8-cistic-klimatizacie-400ml\/","title":{"rendered":"DXT8 \u010cISTI\u010c KLIMATIZ\u00c1CIE 400ML"},"content":{"rendered":"<p>\u00da\u010dinn\u00e1 pena na \u010distenie klimatiz\u00e1cie v motorov\u00fdch vozidl\u00e1ch. Neutralizuje z\u00e1pach od stojacej vody v syst\u00e9me. Obzvl\u00e1\u0161\u0165 jednoduch\u00e9 a r\u00fdchle pou\u017eitie, auto m\u00f4\u017ee by\u0165 po p\u00e1r min\u00fatach op\u00e4\u0165 schopn\u00e9 prev\u00e1dzky. Sp\u00f4sob pou\u017eitia: Pred o\u0161etrovan\u00edm elektroin\u0161tal\u00e1ciu vypnite. Pred pou\u017eit\u00edm potraste. Aplikujte na kondenz\u00e1tor klimatiz\u00e1cie. Vsu\u0148te adapt\u00e9r do pr\u00edvodu vzduchu na klimatiz\u00e1cii a plechovku \u00faplne vypr\u00e1zdnite. Poloha pr\u00edvodu vzduchu sa l\u00ed\u0161i pod\u013ea zna\u010dky, pora\u010fte sa s predajcom. Po nanesen\u00ed motor ani elektroin\u0161tal\u00e1ciu aspo\u0148 polhodinu nezap\u00ednajte. Pena za t\u00fato polhodinu klesne a opust\u00ed syst\u00e9m ako kvapalina cez v\u00fdtok pre kondenzovan\u00fa vodu.<\/p>\n","protected":false},"excerpt":{"rendered":"<p>\u00da\u010dinn\u00e1 pena na \u010distenie klimatiz\u00e1cie v motorov\u00fdch vozidl\u00e1ch. Neutralizuje z\u00e1pach od stojacej vody v syst\u00e9me. Obzvl\u00e1\u0161\u0165 jednoduch\u00e9 a r\u00fdchle pou\u017eitie, auto m\u00f4\u017ee by\u0165 po p\u00e1r min\u00fatach op\u00e4\u0165 schopn\u00e9 prev\u00e1dzky.<\/p>\n","protected":false},"featured_media":7677,"template":"","meta":[],"product_brand":[],"product_cat":[114,122],"product_tag":[],"class_list":{"0":"post-7678","1":"product","2":"type-product","3":"status-publish","4":"has-post-thumbnail","6":"product_cat-technicke-spreje-a-pripravky","7":"product_cat-univerzalne-diely-a-prislusenstvo-na-auta","9":"first","10":"instock","11":"taxable","12":"shipping-taxable","13":"purchasable","14":"product-type-simple"},"yoast_head":"<!-- This site is optimized with the Yoast SEO plugin v27.4 - https:\/\/yoast.com\/product\/yoast-seo-wordpress\/ -->\n<title>DXT8 \u010cISTI\u010c KLIMATIZ\u00c1CIE 400ML - Lo\u017eisk\u00e1 PLUS<\/title>\n<meta name=\"robots\" content=\"index, follow, max-snippet:-1, max-image-preview:large, max-video-preview:-1\" \/>\n<link rel=\"canonical\" href=\"https:\/\/www.loziskaplus.sk\/eshop\/produkt\/dxt8-cistic-klimatizacie-400ml\/\" \/>\n<meta property=\"og:locale\" content=\"sk_SK\" \/>\n<meta property=\"og:type\" content=\"article\" \/>\n<meta property=\"og:title\" content=\"DXT8 \u010cISTI\u010c KLIMATIZ\u00c1CIE 400ML - Lo\u017eisk\u00e1 PLUS\" \/>\n<meta property=\"og:description\" content=\"\u00da\u010dinn\u00e1 pena na \u010distenie klimatiz\u00e1cie v motorov\u00fdch vozidl\u00e1ch. Neutralizuje z\u00e1pach od stojacej vody v syst\u00e9me. Obzvl\u00e1\u0161\u0165 jednoduch\u00e9 a r\u00fdchle pou\u017eitie, auto m\u00f4\u017ee by\u0165 po p\u00e1r min\u00fatach op\u00e4\u0165 schopn\u00e9 prev\u00e1dzky.\" \/>\n<meta property=\"og:url\" content=\"https:\/\/www.loziskaplus.sk\/eshop\/produkt\/dxt8-cistic-klimatizacie-400ml\/\" \/>\n<meta property=\"og:site_name\" content=\"Lo\u017eisk\u00e1 PLUS\" \/>\n<meta property=\"article:modified_time\" content=\"2024-02-08T11:13:11+00:00\" \/>\n<meta property=\"og:image\" content=\"https:\/\/www.loziskaplus.sk\/eshop\/wp-content\/uploads\/2024\/02\/32932.png?v=1707135089\" \/>\n\t<meta property=\"og:image:width\" content=\"795\" \/>\n\t<meta property=\"og:image:height\" content=\"901\" \/>\n\t<meta property=\"og:image:type\" content=\"image\/png\" \/>\n<meta name=\"twitter:card\" content=\"summary_large_image\" \/>\n<meta name=\"twitter:label1\" content=\"Predpokladan\u00fd \u010das \u010d\u00edtania\" \/>\n\t<meta name=\"twitter:data1\" content=\"1 min\u00fata\" \/>\n<script type=\"application\/ld+json\" class=\"yoast-schema-graph\">{\"@context\":\"https:\\\/\\\/schema.org\",\"@graph\":[{\"@type\":\"WebPage\",\"@id\":\"https:\\\/\\\/www.loziskaplus.sk\\\/eshop\\\/produkt\\\/dxt8-cistic-klimatizacie-400ml\\\/\",\"url\":\"https:\\\/\\\/www.loziskaplus.sk\\\/eshop\\\/produkt\\\/dxt8-cistic-klimatizacie-400ml\\\/\",\"name\":\"DXT8 \u010cISTI\u010c KLIMATIZ\u00c1CIE 400ML - Lo\u017eisk\u00e1 PLUS\",\"isPartOf\":{\"@id\":\"https:\\\/\\\/www.loziskaplus.sk\\\/eshop\\\/#website\"},\"primaryImageOfPage\":{\"@id\":\"https:\\\/\\\/www.loziskaplus.sk\\\/eshop\\\/produkt\\\/dxt8-cistic-klimatizacie-400ml\\\/#primaryimage\"},\"image\":{\"@id\":\"https:\\\/\\\/www.loziskaplus.sk\\\/eshop\\\/produkt\\\/dxt8-cistic-klimatizacie-400ml\\\/#primaryimage\"},\"thumbnailUrl\":\"https:\\\/\\\/www.loziskaplus.sk\\\/eshop\\\/wp-content\\\/uploads\\\/2024\\\/02\\\/32932.png?v=1707135089\",\"datePublished\":\"2024-02-05T12:11:29+00:00\",\"dateModified\":\"2024-02-08T11:13:11+00:00\",\"breadcrumb\":{\"@id\":\"https:\\\/\\\/www.loziskaplus.sk\\\/eshop\\\/produkt\\\/dxt8-cistic-klimatizacie-400ml\\\/#breadcrumb\"},\"inLanguage\":\"sk-SK\",\"potentialAction\":[{\"@type\":\"ReadAction\",\"target\":[\"https:\\\/\\\/www.loziskaplus.sk\\\/eshop\\\/produkt\\\/dxt8-cistic-klimatizacie-400ml\\\/\"]}]},{\"@type\":\"ImageObject\",\"inLanguage\":\"sk-SK\",\"@id\":\"https:\\\/\\\/www.loziskaplus.sk\\\/eshop\\\/produkt\\\/dxt8-cistic-klimatizacie-400ml\\\/#primaryimage\",\"url\":\"https:\\\/\\\/www.loziskaplus.sk\\\/eshop\\\/wp-content\\\/uploads\\\/2024\\\/02\\\/32932.png?v=1707135089\",\"contentUrl\":\"https:\\\/\\\/www.loziskaplus.sk\\\/eshop\\\/wp-content\\\/uploads\\\/2024\\\/02\\\/32932.png?v=1707135089\",\"width\":795,\"height\":901},{\"@type\":\"BreadcrumbList\",\"@id\":\"https:\\\/\\\/www.loziskaplus.sk\\\/eshop\\\/produkt\\\/dxt8-cistic-klimatizacie-400ml\\\/#breadcrumb\",\"itemListElement\":[{\"@type\":\"ListItem\",\"position\":1,\"name\":\"Domov\",\"item\":\"https:\\\/\\\/www.loziskaplus.sk\\\/eshop\\\/\"},{\"@type\":\"ListItem\",\"position\":2,\"name\":\"Obchod\",\"item\":\"https:\\\/\\\/www.loziskaplus.sk\\\/eshop\\\/obchod\\\/\"},{\"@type\":\"ListItem\",\"position\":3,\"name\":\"DXT8 \u010cISTI\u010c KLIMATIZ\u00c1CIE 400ML\"}]},{\"@type\":\"WebSite\",\"@id\":\"https:\\\/\\\/www.loziskaplus.sk\\\/eshop\\\/#website\",\"url\":\"https:\\\/\\\/www.loziskaplus.sk\\\/eshop\\\/\",\"name\":\"Lo\u017eisk\u00e1 PLUS\",\"description\":\"\",\"publisher\":{\"@id\":\"https:\\\/\\\/www.loziskaplus.sk\\\/eshop\\\/#organization\"},\"potentialAction\":[{\"@type\":\"SearchAction\",\"target\":{\"@type\":\"EntryPoint\",\"urlTemplate\":\"https:\\\/\\\/www.loziskaplus.sk\\\/eshop\\\/?s={search_term_string}\"},\"query-input\":{\"@type\":\"PropertyValueSpecification\",\"valueRequired\":true,\"valueName\":\"search_term_string\"}}],\"inLanguage\":\"sk-SK\"},{\"@type\":\"Organization\",\"@id\":\"https:\\\/\\\/www.loziskaplus.sk\\\/eshop\\\/#organization\",\"name\":\"Lo\u017eisk\u00e1 PLUS\",\"url\":\"https:\\\/\\\/www.loziskaplus.sk\\\/eshop\\\/\",\"logo\":{\"@type\":\"ImageObject\",\"inLanguage\":\"sk-SK\",\"@id\":\"https:\\\/\\\/www.loziskaplus.sk\\\/eshop\\\/#\\\/schema\\\/logo\\\/image\\\/\",\"url\":\"https:\\\/\\\/www.loziskaplus.sk\\\/eshop\\\/wp-content\\\/uploads\\\/2024\\\/06\\\/logo-facebuk-1.jpg?v=1718619602\",\"contentUrl\":\"https:\\\/\\\/www.loziskaplus.sk\\\/eshop\\\/wp-content\\\/uploads\\\/2024\\\/06\\\/logo-facebuk-1.jpg?v=1718619602\",\"width\":180,\"height\":179,\"caption\":\"Lo\u017eisk\u00e1 PLUS\"},\"image\":{\"@id\":\"https:\\\/\\\/www.loziskaplus.sk\\\/eshop\\\/#\\\/schema\\\/logo\\\/image\\\/\"}}]}<\/script>\n<!-- \/ Yoast SEO plugin. -->","yoast_head_json":{"title":"DXT8 \u010cISTI\u010c KLIMATIZ\u00c1CIE 400ML - Lo\u017eisk\u00e1 PLUS","robots":{"index":"index","follow":"follow","max-snippet":"max-snippet:-1","max-image-preview":"max-image-preview:large","max-video-preview":"max-video-preview:-1"},"canonical":"https:\/\/www.loziskaplus.sk\/eshop\/produkt\/dxt8-cistic-klimatizacie-400ml\/","og_locale":"sk_SK","og_type":"article","og_title":"DXT8 \u010cISTI\u010c KLIMATIZ\u00c1CIE 400ML - Lo\u017eisk\u00e1 PLUS","og_description":"\u00da\u010dinn\u00e1 pena na \u010distenie klimatiz\u00e1cie v motorov\u00fdch vozidl\u00e1ch. Neutralizuje z\u00e1pach od stojacej vody v syst\u00e9me. Obzvl\u00e1\u0161\u0165 jednoduch\u00e9 a r\u00fdchle pou\u017eitie, auto m\u00f4\u017ee by\u0165 po p\u00e1r min\u00fatach op\u00e4\u0165 schopn\u00e9 prev\u00e1dzky.","og_url":"https:\/\/www.loziskaplus.sk\/eshop\/produkt\/dxt8-cistic-klimatizacie-400ml\/","og_site_name":"Lo\u017eisk\u00e1 PLUS","article_modified_time":"2024-02-08T11:13:11+00:00","og_image":[{"width":795,"height":901,"url":"https:\/\/www.loziskaplus.sk\/eshop\/wp-content\/uploads\/2024\/02\/32932.png?v=1707135089","type":"image\/png"}],"twitter_card":"summary_large_image","twitter_misc":{"Predpokladan\u00fd \u010das \u010d\u00edtania":"1 min\u00fata"},"schema":{"@context":"https:\/\/schema.org","@graph":[{"@type":"WebPage","@id":"https:\/\/www.loziskaplus.sk\/eshop\/produkt\/dxt8-cistic-klimatizacie-400ml\/","url":"https:\/\/www.loziskaplus.sk\/eshop\/produkt\/dxt8-cistic-klimatizacie-400ml\/","name":"DXT8 \u010cISTI\u010c KLIMATIZ\u00c1CIE 400ML - Lo\u017eisk\u00e1 PLUS","isPartOf":{"@id":"https:\/\/www.loziskaplus.sk\/eshop\/#website"},"primaryImageOfPage":{"@id":"https:\/\/www.loziskaplus.sk\/eshop\/produkt\/dxt8-cistic-klimatizacie-400ml\/#primaryimage"},"image":{"@id":"https:\/\/www.loziskaplus.sk\/eshop\/produkt\/dxt8-cistic-klimatizacie-400ml\/#primaryimage"},"thumbnailUrl":"https:\/\/www.loziskaplus.sk\/eshop\/wp-content\/uploads\/2024\/02\/32932.png?v=1707135089","datePublished":"2024-02-05T12:11:29+00:00","dateModified":"2024-02-08T11:13:11+00:00","breadcrumb":{"@id":"https:\/\/www.loziskaplus.sk\/eshop\/produkt\/dxt8-cistic-klimatizacie-400ml\/#breadcrumb"},"inLanguage":"sk-SK","potentialAction":[{"@type":"ReadAction","target":["https:\/\/www.loziskaplus.sk\/eshop\/produkt\/dxt8-cistic-klimatizacie-400ml\/"]}]},{"@type":"ImageObject","inLanguage":"sk-SK","@id":"https:\/\/www.loziskaplus.sk\/eshop\/produkt\/dxt8-cistic-klimatizacie-400ml\/#primaryimage","url":"https:\/\/www.loziskaplus.sk\/eshop\/wp-content\/uploads\/2024\/02\/32932.png?v=1707135089","contentUrl":"https:\/\/www.loziskaplus.sk\/eshop\/wp-content\/uploads\/2024\/02\/32932.png?v=1707135089","width":795,"height":901},{"@type":"BreadcrumbList","@id":"https:\/\/www.loziskaplus.sk\/eshop\/produkt\/dxt8-cistic-klimatizacie-400ml\/#breadcrumb","itemListElement":[{"@type":"ListItem","position":1,"name":"Domov","item":"https:\/\/www.loziskaplus.sk\/eshop\/"},{"@type":"ListItem","position":2,"name":"Obchod","item":"https:\/\/www.loziskaplus.sk\/eshop\/obchod\/"},{"@type":"ListItem","position":3,"name":"DXT8 \u010cISTI\u010c KLIMATIZ\u00c1CIE 400ML"}]},{"@type":"WebSite","@id":"https:\/\/www.loziskaplus.sk\/eshop\/#website","url":"https:\/\/www.loziskaplus.sk\/eshop\/","name":"Lo\u017eisk\u00e1 PLUS","description":"","publisher":{"@id":"https:\/\/www.loziskaplus.sk\/eshop\/#organization"},"potentialAction":[{"@type":"SearchAction","target":{"@type":"EntryPoint","urlTemplate":"https:\/\/www.loziskaplus.sk\/eshop\/?s={search_term_string}"},"query-input":{"@type":"PropertyValueSpecification","valueRequired":true,"valueName":"search_term_string"}}],"inLanguage":"sk-SK"},{"@type":"Organization","@id":"https:\/\/www.loziskaplus.sk\/eshop\/#organization","name":"Lo\u017eisk\u00e1 PLUS","url":"https:\/\/www.loziskaplus.sk\/eshop\/","logo":{"@type":"ImageObject","inLanguage":"sk-SK","@id":"https:\/\/www.loziskaplus.sk\/eshop\/#\/schema\/logo\/image\/","url":"https:\/\/www.loziskaplus.sk\/eshop\/wp-content\/uploads\/2024\/06\/logo-facebuk-1.jpg?v=1718619602","contentUrl":"https:\/\/www.loziskaplus.sk\/eshop\/wp-content\/uploads\/2024\/06\/logo-facebuk-1.jpg?v=1718619602","width":180,"height":179,"caption":"Lo\u017eisk\u00e1 PLUS"},"image":{"@id":"https:\/\/www.loziskaplus.sk\/eshop\/#\/schema\/logo\/image\/"}}]}},"jetpack_sharing_enabled":true,"_links":{"self":[{"href":"https:\/\/www.loziskaplus.sk\/eshop\/wp-json\/wp\/v2\/product\/7678","targetHints":{"allow":["GET"]}}],"collection":[{"href":"https:\/\/www.loziskaplus.sk\/eshop\/wp-json\/wp\/v2\/product"}],"about":[{"href":"https:\/\/www.loziskaplus.sk\/eshop\/wp-json\/wp\/v2\/types\/product"}],"wp:featuredmedia":[{"embeddable":true,"href":"https:\/\/www.loziskaplus.sk\/eshop\/wp-json\/wp\/v2\/media\/7677"}],"wp:attachment":[{"href":"https:\/\/www.loziskaplus.sk\/eshop\/wp-json\/wp\/v2\/media?parent=7678"}],"wp:term":[{"taxonomy":"product_brand","embeddable":true,"href":"https:\/\/www.loziskaplus.sk\/eshop\/wp-json\/wp\/v2\/product_brand?post=7678"},{"taxonomy":"product_cat","embeddable":true,"href":"https:\/\/www.loziskaplus.sk\/eshop\/wp-json\/wp\/v2\/product_cat?post=7678"},{"taxonomy":"product_tag","embeddable":true,"href":"https:\/\/www.loziskaplus.sk\/eshop\/wp-json\/wp\/v2\/product_tag?post=7678"}],"curies":[{"name":"wp","href":"https:\/\/api.w.org\/{rel}","templated":true}]}}