{"id":7684,"date":"2024-02-05T13:11:48","date_gmt":"2024-02-05T12:11:48","guid":{"rendered":"https:\/\/www.loziskaplus.sk\/eshop\/produkt\/dxi5-vlhcene-utierky-na-interier-24ks\/"},"modified":"2024-02-08T12:58:29","modified_gmt":"2024-02-08T11:58:29","slug":"dxi5-vlhcene-utierky-na-interier-24ks","status":"publish","type":"product","link":"https:\/\/www.loziskaplus.sk\/eshop\/produkt\/dxi5-vlhcene-utierky-na-interier-24ks\/","title":{"rendered":"DXI5 VLH\u010cEN\u00c9  UTIERKY NA INTERI\u00c9R 24KS"},"content":{"rendered":"<p>Vysoko \u00fa\u010dinn\u00e9 univerz\u00e1lne \u010distiace utierky, ktor\u00e9 bezpe\u010dne odmas\u0165uj\u00fa a odstra\u0148uj\u00fa ne\u010distoty z plastov\u00fdch a gumen\u00fdch povrchov, skla, kovu, imit\u00e1cie ko\u017ee, mechanick\u00fdch dielov, smaltovan\u00e9ho, \u010di lakovan\u00e9ho povrchu a in\u00fdch materi\u00e1lov. V\u00fdborn\u00e9 na \u010distenie textiln\u00fdch \u010dast\u00ed interi\u00e9ru, nezanech\u00e1vaj\u00fa f\u013eaky. Pr\u00edjemne parfumovan\u00e9. Nepou\u017e\u00edva\u0165 na volant alebo riadiacu p\u00e1ku.<\/p>\n","protected":false},"excerpt":{"rendered":"<p>Vysoko \u00fa\u010dinn\u00e9 univerz\u00e1lne \u010distiace utierky, ktor\u00e9 bezpe\u010dne odmas\u0165uj\u00fa a odstra\u0148uj\u00fa ne\u010distoty z plastov\u00fdch a gumen\u00fdch povrchov, skla, kovu, imit\u00e1cie ko\u017ee, mechanick\u00fdch dielov, smaltovan\u00e9ho, \u010di lakovan\u00e9ho povrchu a in\u00fdch materi\u00e1lov. V\u00fdborn\u00e9 na \u010distenie textiln\u00fdch \u010dast\u00ed interi\u00e9ru, nezanech\u00e1vaj\u00fa f\u013eaky. Pr\u00edjemne parfumovan\u00e9.<\/p>\n","protected":false},"featured_media":7683,"template":"","meta":[],"product_brand":[],"product_cat":[112,122],"product_tag":[],"class_list":{"0":"post-7684","1":"product","2":"type-product","3":"status-publish","4":"has-post-thumbnail","6":"product_cat-autokozmetika","7":"product_cat-univerzalne-diely-a-prislusenstvo-na-auta","9":"first","10":"instock","11":"taxable","12":"shipping-taxable","13":"purchasable","14":"product-type-simple"},"yoast_head":"<!-- This site is optimized with the Yoast SEO plugin v27.4 - https:\/\/yoast.com\/product\/yoast-seo-wordpress\/ -->\n<title>DXI5 VLH\u010cEN\u00c9 UTIERKY NA INTERI\u00c9R 24KS - Lo\u017eisk\u00e1 PLUS<\/title>\n<meta name=\"robots\" content=\"index, follow, max-snippet:-1, max-image-preview:large, max-video-preview:-1\" \/>\n<link rel=\"canonical\" href=\"https:\/\/www.loziskaplus.sk\/eshop\/produkt\/dxi5-vlhcene-utierky-na-interier-24ks\/\" \/>\n<meta property=\"og:locale\" content=\"sk_SK\" \/>\n<meta property=\"og:type\" content=\"article\" \/>\n<meta property=\"og:title\" content=\"DXI5 VLH\u010cEN\u00c9 UTIERKY NA INTERI\u00c9R 24KS - Lo\u017eisk\u00e1 PLUS\" \/>\n<meta property=\"og:description\" content=\"Vysoko \u00fa\u010dinn\u00e9 univerz\u00e1lne \u010distiace utierky, ktor\u00e9 bezpe\u010dne odmas\u0165uj\u00fa a odstra\u0148uj\u00fa ne\u010distoty z plastov\u00fdch a gumen\u00fdch povrchov, skla, kovu, imit\u00e1cie ko\u017ee, mechanick\u00fdch dielov, smaltovan\u00e9ho, \u010di lakovan\u00e9ho povrchu a in\u00fdch materi\u00e1lov. V\u00fdborn\u00e9 na \u010distenie textiln\u00fdch \u010dast\u00ed interi\u00e9ru, nezanech\u00e1vaj\u00fa f\u013eaky. Pr\u00edjemne parfumovan\u00e9.\" \/>\n<meta property=\"og:url\" content=\"https:\/\/www.loziskaplus.sk\/eshop\/produkt\/dxi5-vlhcene-utierky-na-interier-24ks\/\" \/>\n<meta property=\"og:site_name\" content=\"Lo\u017eisk\u00e1 PLUS\" \/>\n<meta property=\"article:modified_time\" content=\"2024-02-08T11:58:29+00:00\" \/>\n<meta property=\"og:image\" content=\"https:\/\/www.loziskaplus.sk\/eshop\/wp-content\/uploads\/2024\/02\/68853-1.jpg?v=1707135108\" \/>\n\t<meta property=\"og:image:width\" content=\"1500\" \/>\n\t<meta property=\"og:image:height\" content=\"1800\" \/>\n\t<meta property=\"og:image:type\" content=\"image\/jpeg\" \/>\n<meta name=\"twitter:card\" content=\"summary_large_image\" \/>\n<meta name=\"twitter:label1\" content=\"Predpokladan\u00fd \u010das \u010d\u00edtania\" \/>\n\t<meta name=\"twitter:data1\" content=\"1 min\u00fata\" \/>\n<script type=\"application\/ld+json\" class=\"yoast-schema-graph\">{\"@context\":\"https:\\\/\\\/schema.org\",\"@graph\":[{\"@type\":\"WebPage\",\"@id\":\"https:\\\/\\\/www.loziskaplus.sk\\\/eshop\\\/produkt\\\/dxi5-vlhcene-utierky-na-interier-24ks\\\/\",\"url\":\"https:\\\/\\\/www.loziskaplus.sk\\\/eshop\\\/produkt\\\/dxi5-vlhcene-utierky-na-interier-24ks\\\/\",\"name\":\"DXI5 VLH\u010cEN\u00c9 UTIERKY NA INTERI\u00c9R 24KS - Lo\u017eisk\u00e1 PLUS\",\"isPartOf\":{\"@id\":\"https:\\\/\\\/www.loziskaplus.sk\\\/eshop\\\/#website\"},\"primaryImageOfPage\":{\"@id\":\"https:\\\/\\\/www.loziskaplus.sk\\\/eshop\\\/produkt\\\/dxi5-vlhcene-utierky-na-interier-24ks\\\/#primaryimage\"},\"image\":{\"@id\":\"https:\\\/\\\/www.loziskaplus.sk\\\/eshop\\\/produkt\\\/dxi5-vlhcene-utierky-na-interier-24ks\\\/#primaryimage\"},\"thumbnailUrl\":\"https:\\\/\\\/www.loziskaplus.sk\\\/eshop\\\/wp-content\\\/uploads\\\/2024\\\/02\\\/68853-1.jpg?v=1707135108\",\"datePublished\":\"2024-02-05T12:11:48+00:00\",\"dateModified\":\"2024-02-08T11:58:29+00:00\",\"breadcrumb\":{\"@id\":\"https:\\\/\\\/www.loziskaplus.sk\\\/eshop\\\/produkt\\\/dxi5-vlhcene-utierky-na-interier-24ks\\\/#breadcrumb\"},\"inLanguage\":\"sk-SK\",\"potentialAction\":[{\"@type\":\"ReadAction\",\"target\":[\"https:\\\/\\\/www.loziskaplus.sk\\\/eshop\\\/produkt\\\/dxi5-vlhcene-utierky-na-interier-24ks\\\/\"]}]},{\"@type\":\"ImageObject\",\"inLanguage\":\"sk-SK\",\"@id\":\"https:\\\/\\\/www.loziskaplus.sk\\\/eshop\\\/produkt\\\/dxi5-vlhcene-utierky-na-interier-24ks\\\/#primaryimage\",\"url\":\"https:\\\/\\\/www.loziskaplus.sk\\\/eshop\\\/wp-content\\\/uploads\\\/2024\\\/02\\\/68853-1.jpg?v=1707135108\",\"contentUrl\":\"https:\\\/\\\/www.loziskaplus.sk\\\/eshop\\\/wp-content\\\/uploads\\\/2024\\\/02\\\/68853-1.jpg?v=1707135108\",\"width\":1500,\"height\":1800},{\"@type\":\"BreadcrumbList\",\"@id\":\"https:\\\/\\\/www.loziskaplus.sk\\\/eshop\\\/produkt\\\/dxi5-vlhcene-utierky-na-interier-24ks\\\/#breadcrumb\",\"itemListElement\":[{\"@type\":\"ListItem\",\"position\":1,\"name\":\"Domov\",\"item\":\"https:\\\/\\\/www.loziskaplus.sk\\\/eshop\\\/\"},{\"@type\":\"ListItem\",\"position\":2,\"name\":\"Obchod\",\"item\":\"https:\\\/\\\/www.loziskaplus.sk\\\/eshop\\\/obchod\\\/\"},{\"@type\":\"ListItem\",\"position\":3,\"name\":\"DXI5 VLH\u010cEN\u00c9 UTIERKY NA INTERI\u00c9R 24KS\"}]},{\"@type\":\"WebSite\",\"@id\":\"https:\\\/\\\/www.loziskaplus.sk\\\/eshop\\\/#website\",\"url\":\"https:\\\/\\\/www.loziskaplus.sk\\\/eshop\\\/\",\"name\":\"Lo\u017eisk\u00e1 PLUS\",\"description\":\"\",\"publisher\":{\"@id\":\"https:\\\/\\\/www.loziskaplus.sk\\\/eshop\\\/#organization\"},\"potentialAction\":[{\"@type\":\"SearchAction\",\"target\":{\"@type\":\"EntryPoint\",\"urlTemplate\":\"https:\\\/\\\/www.loziskaplus.sk\\\/eshop\\\/?s={search_term_string}\"},\"query-input\":{\"@type\":\"PropertyValueSpecification\",\"valueRequired\":true,\"valueName\":\"search_term_string\"}}],\"inLanguage\":\"sk-SK\"},{\"@type\":\"Organization\",\"@id\":\"https:\\\/\\\/www.loziskaplus.sk\\\/eshop\\\/#organization\",\"name\":\"Lo\u017eisk\u00e1 PLUS\",\"url\":\"https:\\\/\\\/www.loziskaplus.sk\\\/eshop\\\/\",\"logo\":{\"@type\":\"ImageObject\",\"inLanguage\":\"sk-SK\",\"@id\":\"https:\\\/\\\/www.loziskaplus.sk\\\/eshop\\\/#\\\/schema\\\/logo\\\/image\\\/\",\"url\":\"https:\\\/\\\/www.loziskaplus.sk\\\/eshop\\\/wp-content\\\/uploads\\\/2024\\\/06\\\/logo-facebuk-1.jpg?v=1718619602\",\"contentUrl\":\"https:\\\/\\\/www.loziskaplus.sk\\\/eshop\\\/wp-content\\\/uploads\\\/2024\\\/06\\\/logo-facebuk-1.jpg?v=1718619602\",\"width\":180,\"height\":179,\"caption\":\"Lo\u017eisk\u00e1 PLUS\"},\"image\":{\"@id\":\"https:\\\/\\\/www.loziskaplus.sk\\\/eshop\\\/#\\\/schema\\\/logo\\\/image\\\/\"}}]}<\/script>\n<!-- \/ Yoast SEO plugin. -->","yoast_head_json":{"title":"DXI5 VLH\u010cEN\u00c9 UTIERKY NA INTERI\u00c9R 24KS - Lo\u017eisk\u00e1 PLUS","robots":{"index":"index","follow":"follow","max-snippet":"max-snippet:-1","max-image-preview":"max-image-preview:large","max-video-preview":"max-video-preview:-1"},"canonical":"https:\/\/www.loziskaplus.sk\/eshop\/produkt\/dxi5-vlhcene-utierky-na-interier-24ks\/","og_locale":"sk_SK","og_type":"article","og_title":"DXI5 VLH\u010cEN\u00c9 UTIERKY NA INTERI\u00c9R 24KS - Lo\u017eisk\u00e1 PLUS","og_description":"Vysoko \u00fa\u010dinn\u00e9 univerz\u00e1lne \u010distiace utierky, ktor\u00e9 bezpe\u010dne odmas\u0165uj\u00fa a odstra\u0148uj\u00fa ne\u010distoty z plastov\u00fdch a gumen\u00fdch povrchov, skla, kovu, imit\u00e1cie ko\u017ee, mechanick\u00fdch dielov, smaltovan\u00e9ho, \u010di lakovan\u00e9ho povrchu a in\u00fdch materi\u00e1lov. V\u00fdborn\u00e9 na \u010distenie textiln\u00fdch \u010dast\u00ed interi\u00e9ru, nezanech\u00e1vaj\u00fa f\u013eaky. Pr\u00edjemne parfumovan\u00e9.","og_url":"https:\/\/www.loziskaplus.sk\/eshop\/produkt\/dxi5-vlhcene-utierky-na-interier-24ks\/","og_site_name":"Lo\u017eisk\u00e1 PLUS","article_modified_time":"2024-02-08T11:58:29+00:00","og_image":[{"width":1500,"height":1800,"url":"https:\/\/www.loziskaplus.sk\/eshop\/wp-content\/uploads\/2024\/02\/68853-1.jpg?v=1707135108","type":"image\/jpeg"}],"twitter_card":"summary_large_image","twitter_misc":{"Predpokladan\u00fd \u010das \u010d\u00edtania":"1 min\u00fata"},"schema":{"@context":"https:\/\/schema.org","@graph":[{"@type":"WebPage","@id":"https:\/\/www.loziskaplus.sk\/eshop\/produkt\/dxi5-vlhcene-utierky-na-interier-24ks\/","url":"https:\/\/www.loziskaplus.sk\/eshop\/produkt\/dxi5-vlhcene-utierky-na-interier-24ks\/","name":"DXI5 VLH\u010cEN\u00c9 UTIERKY NA INTERI\u00c9R 24KS - Lo\u017eisk\u00e1 PLUS","isPartOf":{"@id":"https:\/\/www.loziskaplus.sk\/eshop\/#website"},"primaryImageOfPage":{"@id":"https:\/\/www.loziskaplus.sk\/eshop\/produkt\/dxi5-vlhcene-utierky-na-interier-24ks\/#primaryimage"},"image":{"@id":"https:\/\/www.loziskaplus.sk\/eshop\/produkt\/dxi5-vlhcene-utierky-na-interier-24ks\/#primaryimage"},"thumbnailUrl":"https:\/\/www.loziskaplus.sk\/eshop\/wp-content\/uploads\/2024\/02\/68853-1.jpg?v=1707135108","datePublished":"2024-02-05T12:11:48+00:00","dateModified":"2024-02-08T11:58:29+00:00","breadcrumb":{"@id":"https:\/\/www.loziskaplus.sk\/eshop\/produkt\/dxi5-vlhcene-utierky-na-interier-24ks\/#breadcrumb"},"inLanguage":"sk-SK","potentialAction":[{"@type":"ReadAction","target":["https:\/\/www.loziskaplus.sk\/eshop\/produkt\/dxi5-vlhcene-utierky-na-interier-24ks\/"]}]},{"@type":"ImageObject","inLanguage":"sk-SK","@id":"https:\/\/www.loziskaplus.sk\/eshop\/produkt\/dxi5-vlhcene-utierky-na-interier-24ks\/#primaryimage","url":"https:\/\/www.loziskaplus.sk\/eshop\/wp-content\/uploads\/2024\/02\/68853-1.jpg?v=1707135108","contentUrl":"https:\/\/www.loziskaplus.sk\/eshop\/wp-content\/uploads\/2024\/02\/68853-1.jpg?v=1707135108","width":1500,"height":1800},{"@type":"BreadcrumbList","@id":"https:\/\/www.loziskaplus.sk\/eshop\/produkt\/dxi5-vlhcene-utierky-na-interier-24ks\/#breadcrumb","itemListElement":[{"@type":"ListItem","position":1,"name":"Domov","item":"https:\/\/www.loziskaplus.sk\/eshop\/"},{"@type":"ListItem","position":2,"name":"Obchod","item":"https:\/\/www.loziskaplus.sk\/eshop\/obchod\/"},{"@type":"ListItem","position":3,"name":"DXI5 VLH\u010cEN\u00c9 UTIERKY NA INTERI\u00c9R 24KS"}]},{"@type":"WebSite","@id":"https:\/\/www.loziskaplus.sk\/eshop\/#website","url":"https:\/\/www.loziskaplus.sk\/eshop\/","name":"Lo\u017eisk\u00e1 PLUS","description":"","publisher":{"@id":"https:\/\/www.loziskaplus.sk\/eshop\/#organization"},"potentialAction":[{"@type":"SearchAction","target":{"@type":"EntryPoint","urlTemplate":"https:\/\/www.loziskaplus.sk\/eshop\/?s={search_term_string}"},"query-input":{"@type":"PropertyValueSpecification","valueRequired":true,"valueName":"search_term_string"}}],"inLanguage":"sk-SK"},{"@type":"Organization","@id":"https:\/\/www.loziskaplus.sk\/eshop\/#organization","name":"Lo\u017eisk\u00e1 PLUS","url":"https:\/\/www.loziskaplus.sk\/eshop\/","logo":{"@type":"ImageObject","inLanguage":"sk-SK","@id":"https:\/\/www.loziskaplus.sk\/eshop\/#\/schema\/logo\/image\/","url":"https:\/\/www.loziskaplus.sk\/eshop\/wp-content\/uploads\/2024\/06\/logo-facebuk-1.jpg?v=1718619602","contentUrl":"https:\/\/www.loziskaplus.sk\/eshop\/wp-content\/uploads\/2024\/06\/logo-facebuk-1.jpg?v=1718619602","width":180,"height":179,"caption":"Lo\u017eisk\u00e1 PLUS"},"image":{"@id":"https:\/\/www.loziskaplus.sk\/eshop\/#\/schema\/logo\/image\/"}}]}},"jetpack_sharing_enabled":true,"_links":{"self":[{"href":"https:\/\/www.loziskaplus.sk\/eshop\/wp-json\/wp\/v2\/product\/7684","targetHints":{"allow":["GET"]}}],"collection":[{"href":"https:\/\/www.loziskaplus.sk\/eshop\/wp-json\/wp\/v2\/product"}],"about":[{"href":"https:\/\/www.loziskaplus.sk\/eshop\/wp-json\/wp\/v2\/types\/product"}],"wp:featuredmedia":[{"embeddable":true,"href":"https:\/\/www.loziskaplus.sk\/eshop\/wp-json\/wp\/v2\/media\/7683"}],"wp:attachment":[{"href":"https:\/\/www.loziskaplus.sk\/eshop\/wp-json\/wp\/v2\/media?parent=7684"}],"wp:term":[{"taxonomy":"product_brand","embeddable":true,"href":"https:\/\/www.loziskaplus.sk\/eshop\/wp-json\/wp\/v2\/product_brand?post=7684"},{"taxonomy":"product_cat","embeddable":true,"href":"https:\/\/www.loziskaplus.sk\/eshop\/wp-json\/wp\/v2\/product_cat?post=7684"},{"taxonomy":"product_tag","embeddable":true,"href":"https:\/\/www.loziskaplus.sk\/eshop\/wp-json\/wp\/v2\/product_tag?post=7684"}],"curies":[{"name":"wp","href":"https:\/\/api.w.org\/{rel}","templated":true}]}}