{"id":7763,"date":"2024-02-05T13:14:36","date_gmt":"2024-02-05T12:14:36","guid":{"rendered":"https:\/\/www.loziskaplus.sk\/eshop\/produkt\/dynamax-gear-75w-80-trx-gl-4-1l\/"},"modified":"2024-02-09T11:06:12","modified_gmt":"2024-02-09T10:06:12","slug":"dynamax-gear-75w-80-trx-gl-4-1l","status":"publish","type":"product","link":"https:\/\/www.loziskaplus.sk\/eshop\/produkt\/dynamax-gear-75w-80-trx-gl-4-1l\/","title":{"rendered":"DYNAMAX GEAR 75W-80 TRX GL-4 1L"},"content":{"rendered":"<p>Nie je vhodn\u00fd pre diferenci\u00e1ly a in\u00e9 vy\u017eaduj\u00face API GL-5. Je na b\u00e1ze vysokokvalitn\u00e9ho z\u00e1kladov\u00e9ho oleja vyroben\u00e9ho syntetickou technol\u00f3giou so \u0161peci\u00e1lnym bal\u00edkom adit\u00edv na zv\u00fd\u0161enie termo-oxida\u010dnej stability, zn\u00ed\u017eenie spotreby paliva, ochranu pred kor\u00f3ziou, zlep\u0161enie tekutosti pri n\u00edzkych teplot\u00e1ch, \u010do napom\u00e1ha pri raden\u00ed prevodov\u00fdch stup\u0148ov. Vhodn\u00fd pre r\u00f4zne typy materi\u00e1lov pou\u017e\u00edvan\u00fdch na synchr\u00f3noch vr\u00e1tane mosadze, uhl\u00edka, bronzu a molybd\u00e9nu. <b>SCHV\u00c1LENIA:<\/b> BMW MTF LT-2, BMW MTF LT-3, BMW MTF LT-4, Ford WSD-M2C200-C, GM 1940182, GM 1940764, GM 1940768, GM 1940004, GM 19259104, Ford WSS-M2C200-D2, MB 235.10, PSA B71 2330, MTF 94, Honda MTF, Honda MTF II\/III, Nissan MT-XZ, Nissan MT-XZ TL, Volvo 97308, Volvo 97309, VW G 009 317, VW G 052 171, VW G 052 178, VW G 052 512, VW G 052 527, VW G 052 726, VW G 060 726, VW G 070 726, VW G50, Renault (NFJ\/NFP\/TRJ\/TRT\/TRZ)<\/p>\n","protected":false},"excerpt":{"rendered":"<p>Vysoko kvalitn\u00fd olej do manu\u00e1lnych prevodoviek osobn\u00fdch a \u013eahk\u00fdch \u00fa\u017eitkov\u00fdch vozidiel, ktor\u00e9 pou\u017e\u00edvaj\u00fa manu\u00e1lnu prevodovku a manu\u00e1lnu prevodovku s diferenci\u00e1lom.<\/p>\n","protected":false},"featured_media":7762,"template":"","meta":[],"product_brand":[],"product_cat":[41,19,30],"product_tag":[],"class_list":{"0":"post-7763","1":"product","2":"type-product","3":"status-publish","4":"has-post-thumbnail","6":"product_cat-olej-manualne-prevodovky","7":"product_cat-oleje","8":"product_cat-prevodove-a-servo-oleje","9":"pa_balenie-1l","10":"pa_viskozita-75w-80","12":"first","13":"instock","14":"taxable","15":"shipping-taxable","16":"purchasable","17":"product-type-simple"},"yoast_head":"<!-- This site is optimized with the Yoast SEO plugin v27.4 - https:\/\/yoast.com\/product\/yoast-seo-wordpress\/ -->\n<title>DYNAMAX GEAR 75W-80 TRX GL-4 1L - Lo\u017eisk\u00e1 PLUS<\/title>\n<meta name=\"robots\" content=\"index, follow, max-snippet:-1, max-image-preview:large, max-video-preview:-1\" \/>\n<link rel=\"canonical\" href=\"https:\/\/www.loziskaplus.sk\/eshop\/produkt\/dynamax-gear-75w-80-trx-gl-4-1l\/\" \/>\n<meta property=\"og:locale\" content=\"sk_SK\" \/>\n<meta property=\"og:type\" content=\"article\" \/>\n<meta property=\"og:title\" content=\"DYNAMAX GEAR 75W-80 TRX GL-4 1L - Lo\u017eisk\u00e1 PLUS\" \/>\n<meta property=\"og:description\" content=\"Vysoko kvalitn\u00fd olej do manu\u00e1lnych prevodoviek osobn\u00fdch a \u013eahk\u00fdch \u00fa\u017eitkov\u00fdch vozidiel, ktor\u00e9 pou\u017e\u00edvaj\u00fa manu\u00e1lnu prevodovku a manu\u00e1lnu prevodovku s diferenci\u00e1lom.\" \/>\n<meta property=\"og:url\" content=\"https:\/\/www.loziskaplus.sk\/eshop\/produkt\/dynamax-gear-75w-80-trx-gl-4-1l\/\" \/>\n<meta property=\"og:site_name\" content=\"Lo\u017eisk\u00e1 PLUS\" \/>\n<meta property=\"article:modified_time\" content=\"2024-02-09T10:06:12+00:00\" \/>\n<meta property=\"og:image\" content=\"https:\/\/www.loziskaplus.sk\/eshop\/wp-content\/uploads\/2024\/02\/108305.jpg?v=1707135276\" \/>\n\t<meta property=\"og:image:width\" content=\"534\" \/>\n\t<meta property=\"og:image:height\" content=\"900\" \/>\n\t<meta property=\"og:image:type\" content=\"image\/jpeg\" \/>\n<meta name=\"twitter:card\" content=\"summary_large_image\" \/>\n<meta name=\"twitter:label1\" content=\"Predpokladan\u00fd \u010das \u010d\u00edtania\" \/>\n\t<meta name=\"twitter:data1\" content=\"1 min\u00fata\" \/>\n<script type=\"application\/ld+json\" class=\"yoast-schema-graph\">{\"@context\":\"https:\\\/\\\/schema.org\",\"@graph\":[{\"@type\":\"WebPage\",\"@id\":\"https:\\\/\\\/www.loziskaplus.sk\\\/eshop\\\/produkt\\\/dynamax-gear-75w-80-trx-gl-4-1l\\\/\",\"url\":\"https:\\\/\\\/www.loziskaplus.sk\\\/eshop\\\/produkt\\\/dynamax-gear-75w-80-trx-gl-4-1l\\\/\",\"name\":\"DYNAMAX GEAR 75W-80 TRX GL-4 1L - Lo\u017eisk\u00e1 PLUS\",\"isPartOf\":{\"@id\":\"https:\\\/\\\/www.loziskaplus.sk\\\/eshop\\\/#website\"},\"primaryImageOfPage\":{\"@id\":\"https:\\\/\\\/www.loziskaplus.sk\\\/eshop\\\/produkt\\\/dynamax-gear-75w-80-trx-gl-4-1l\\\/#primaryimage\"},\"image\":{\"@id\":\"https:\\\/\\\/www.loziskaplus.sk\\\/eshop\\\/produkt\\\/dynamax-gear-75w-80-trx-gl-4-1l\\\/#primaryimage\"},\"thumbnailUrl\":\"https:\\\/\\\/www.loziskaplus.sk\\\/eshop\\\/wp-content\\\/uploads\\\/2024\\\/02\\\/108305.jpg?v=1707135276\",\"datePublished\":\"2024-02-05T12:14:36+00:00\",\"dateModified\":\"2024-02-09T10:06:12+00:00\",\"breadcrumb\":{\"@id\":\"https:\\\/\\\/www.loziskaplus.sk\\\/eshop\\\/produkt\\\/dynamax-gear-75w-80-trx-gl-4-1l\\\/#breadcrumb\"},\"inLanguage\":\"sk-SK\",\"potentialAction\":[{\"@type\":\"ReadAction\",\"target\":[\"https:\\\/\\\/www.loziskaplus.sk\\\/eshop\\\/produkt\\\/dynamax-gear-75w-80-trx-gl-4-1l\\\/\"]}]},{\"@type\":\"ImageObject\",\"inLanguage\":\"sk-SK\",\"@id\":\"https:\\\/\\\/www.loziskaplus.sk\\\/eshop\\\/produkt\\\/dynamax-gear-75w-80-trx-gl-4-1l\\\/#primaryimage\",\"url\":\"https:\\\/\\\/www.loziskaplus.sk\\\/eshop\\\/wp-content\\\/uploads\\\/2024\\\/02\\\/108305.jpg?v=1707135276\",\"contentUrl\":\"https:\\\/\\\/www.loziskaplus.sk\\\/eshop\\\/wp-content\\\/uploads\\\/2024\\\/02\\\/108305.jpg?v=1707135276\",\"width\":534,\"height\":900},{\"@type\":\"BreadcrumbList\",\"@id\":\"https:\\\/\\\/www.loziskaplus.sk\\\/eshop\\\/produkt\\\/dynamax-gear-75w-80-trx-gl-4-1l\\\/#breadcrumb\",\"itemListElement\":[{\"@type\":\"ListItem\",\"position\":1,\"name\":\"Domov\",\"item\":\"https:\\\/\\\/www.loziskaplus.sk\\\/eshop\\\/\"},{\"@type\":\"ListItem\",\"position\":2,\"name\":\"Obchod\",\"item\":\"https:\\\/\\\/www.loziskaplus.sk\\\/eshop\\\/obchod\\\/\"},{\"@type\":\"ListItem\",\"position\":3,\"name\":\"DYNAMAX GEAR 75W-80 TRX GL-4 1L\"}]},{\"@type\":\"WebSite\",\"@id\":\"https:\\\/\\\/www.loziskaplus.sk\\\/eshop\\\/#website\",\"url\":\"https:\\\/\\\/www.loziskaplus.sk\\\/eshop\\\/\",\"name\":\"Lo\u017eisk\u00e1 PLUS\",\"description\":\"\",\"publisher\":{\"@id\":\"https:\\\/\\\/www.loziskaplus.sk\\\/eshop\\\/#organization\"},\"potentialAction\":[{\"@type\":\"SearchAction\",\"target\":{\"@type\":\"EntryPoint\",\"urlTemplate\":\"https:\\\/\\\/www.loziskaplus.sk\\\/eshop\\\/?s={search_term_string}\"},\"query-input\":{\"@type\":\"PropertyValueSpecification\",\"valueRequired\":true,\"valueName\":\"search_term_string\"}}],\"inLanguage\":\"sk-SK\"},{\"@type\":\"Organization\",\"@id\":\"https:\\\/\\\/www.loziskaplus.sk\\\/eshop\\\/#organization\",\"name\":\"Lo\u017eisk\u00e1 PLUS\",\"url\":\"https:\\\/\\\/www.loziskaplus.sk\\\/eshop\\\/\",\"logo\":{\"@type\":\"ImageObject\",\"inLanguage\":\"sk-SK\",\"@id\":\"https:\\\/\\\/www.loziskaplus.sk\\\/eshop\\\/#\\\/schema\\\/logo\\\/image\\\/\",\"url\":\"https:\\\/\\\/www.loziskaplus.sk\\\/eshop\\\/wp-content\\\/uploads\\\/2024\\\/06\\\/logo-facebuk-1.jpg?v=1718619602\",\"contentUrl\":\"https:\\\/\\\/www.loziskaplus.sk\\\/eshop\\\/wp-content\\\/uploads\\\/2024\\\/06\\\/logo-facebuk-1.jpg?v=1718619602\",\"width\":180,\"height\":179,\"caption\":\"Lo\u017eisk\u00e1 PLUS\"},\"image\":{\"@id\":\"https:\\\/\\\/www.loziskaplus.sk\\\/eshop\\\/#\\\/schema\\\/logo\\\/image\\\/\"}}]}<\/script>\n<!-- \/ Yoast SEO plugin. -->","yoast_head_json":{"title":"DYNAMAX GEAR 75W-80 TRX GL-4 1L - Lo\u017eisk\u00e1 PLUS","robots":{"index":"index","follow":"follow","max-snippet":"max-snippet:-1","max-image-preview":"max-image-preview:large","max-video-preview":"max-video-preview:-1"},"canonical":"https:\/\/www.loziskaplus.sk\/eshop\/produkt\/dynamax-gear-75w-80-trx-gl-4-1l\/","og_locale":"sk_SK","og_type":"article","og_title":"DYNAMAX GEAR 75W-80 TRX GL-4 1L - Lo\u017eisk\u00e1 PLUS","og_description":"Vysoko kvalitn\u00fd olej do manu\u00e1lnych prevodoviek osobn\u00fdch a \u013eahk\u00fdch \u00fa\u017eitkov\u00fdch vozidiel, ktor\u00e9 pou\u017e\u00edvaj\u00fa manu\u00e1lnu prevodovku a manu\u00e1lnu prevodovku s diferenci\u00e1lom.","og_url":"https:\/\/www.loziskaplus.sk\/eshop\/produkt\/dynamax-gear-75w-80-trx-gl-4-1l\/","og_site_name":"Lo\u017eisk\u00e1 PLUS","article_modified_time":"2024-02-09T10:06:12+00:00","og_image":[{"width":534,"height":900,"url":"https:\/\/www.loziskaplus.sk\/eshop\/wp-content\/uploads\/2024\/02\/108305.jpg?v=1707135276","type":"image\/jpeg"}],"twitter_card":"summary_large_image","twitter_misc":{"Predpokladan\u00fd \u010das \u010d\u00edtania":"1 min\u00fata"},"schema":{"@context":"https:\/\/schema.org","@graph":[{"@type":"WebPage","@id":"https:\/\/www.loziskaplus.sk\/eshop\/produkt\/dynamax-gear-75w-80-trx-gl-4-1l\/","url":"https:\/\/www.loziskaplus.sk\/eshop\/produkt\/dynamax-gear-75w-80-trx-gl-4-1l\/","name":"DYNAMAX GEAR 75W-80 TRX GL-4 1L - Lo\u017eisk\u00e1 PLUS","isPartOf":{"@id":"https:\/\/www.loziskaplus.sk\/eshop\/#website"},"primaryImageOfPage":{"@id":"https:\/\/www.loziskaplus.sk\/eshop\/produkt\/dynamax-gear-75w-80-trx-gl-4-1l\/#primaryimage"},"image":{"@id":"https:\/\/www.loziskaplus.sk\/eshop\/produkt\/dynamax-gear-75w-80-trx-gl-4-1l\/#primaryimage"},"thumbnailUrl":"https:\/\/www.loziskaplus.sk\/eshop\/wp-content\/uploads\/2024\/02\/108305.jpg?v=1707135276","datePublished":"2024-02-05T12:14:36+00:00","dateModified":"2024-02-09T10:06:12+00:00","breadcrumb":{"@id":"https:\/\/www.loziskaplus.sk\/eshop\/produkt\/dynamax-gear-75w-80-trx-gl-4-1l\/#breadcrumb"},"inLanguage":"sk-SK","potentialAction":[{"@type":"ReadAction","target":["https:\/\/www.loziskaplus.sk\/eshop\/produkt\/dynamax-gear-75w-80-trx-gl-4-1l\/"]}]},{"@type":"ImageObject","inLanguage":"sk-SK","@id":"https:\/\/www.loziskaplus.sk\/eshop\/produkt\/dynamax-gear-75w-80-trx-gl-4-1l\/#primaryimage","url":"https:\/\/www.loziskaplus.sk\/eshop\/wp-content\/uploads\/2024\/02\/108305.jpg?v=1707135276","contentUrl":"https:\/\/www.loziskaplus.sk\/eshop\/wp-content\/uploads\/2024\/02\/108305.jpg?v=1707135276","width":534,"height":900},{"@type":"BreadcrumbList","@id":"https:\/\/www.loziskaplus.sk\/eshop\/produkt\/dynamax-gear-75w-80-trx-gl-4-1l\/#breadcrumb","itemListElement":[{"@type":"ListItem","position":1,"name":"Domov","item":"https:\/\/www.loziskaplus.sk\/eshop\/"},{"@type":"ListItem","position":2,"name":"Obchod","item":"https:\/\/www.loziskaplus.sk\/eshop\/obchod\/"},{"@type":"ListItem","position":3,"name":"DYNAMAX GEAR 75W-80 TRX GL-4 1L"}]},{"@type":"WebSite","@id":"https:\/\/www.loziskaplus.sk\/eshop\/#website","url":"https:\/\/www.loziskaplus.sk\/eshop\/","name":"Lo\u017eisk\u00e1 PLUS","description":"","publisher":{"@id":"https:\/\/www.loziskaplus.sk\/eshop\/#organization"},"potentialAction":[{"@type":"SearchAction","target":{"@type":"EntryPoint","urlTemplate":"https:\/\/www.loziskaplus.sk\/eshop\/?s={search_term_string}"},"query-input":{"@type":"PropertyValueSpecification","valueRequired":true,"valueName":"search_term_string"}}],"inLanguage":"sk-SK"},{"@type":"Organization","@id":"https:\/\/www.loziskaplus.sk\/eshop\/#organization","name":"Lo\u017eisk\u00e1 PLUS","url":"https:\/\/www.loziskaplus.sk\/eshop\/","logo":{"@type":"ImageObject","inLanguage":"sk-SK","@id":"https:\/\/www.loziskaplus.sk\/eshop\/#\/schema\/logo\/image\/","url":"https:\/\/www.loziskaplus.sk\/eshop\/wp-content\/uploads\/2024\/06\/logo-facebuk-1.jpg?v=1718619602","contentUrl":"https:\/\/www.loziskaplus.sk\/eshop\/wp-content\/uploads\/2024\/06\/logo-facebuk-1.jpg?v=1718619602","width":180,"height":179,"caption":"Lo\u017eisk\u00e1 PLUS"},"image":{"@id":"https:\/\/www.loziskaplus.sk\/eshop\/#\/schema\/logo\/image\/"}}]}},"jetpack_sharing_enabled":true,"_links":{"self":[{"href":"https:\/\/www.loziskaplus.sk\/eshop\/wp-json\/wp\/v2\/product\/7763","targetHints":{"allow":["GET"]}}],"collection":[{"href":"https:\/\/www.loziskaplus.sk\/eshop\/wp-json\/wp\/v2\/product"}],"about":[{"href":"https:\/\/www.loziskaplus.sk\/eshop\/wp-json\/wp\/v2\/types\/product"}],"wp:featuredmedia":[{"embeddable":true,"href":"https:\/\/www.loziskaplus.sk\/eshop\/wp-json\/wp\/v2\/media\/7762"}],"wp:attachment":[{"href":"https:\/\/www.loziskaplus.sk\/eshop\/wp-json\/wp\/v2\/media?parent=7763"}],"wp:term":[{"taxonomy":"product_brand","embeddable":true,"href":"https:\/\/www.loziskaplus.sk\/eshop\/wp-json\/wp\/v2\/product_brand?post=7763"},{"taxonomy":"product_cat","embeddable":true,"href":"https:\/\/www.loziskaplus.sk\/eshop\/wp-json\/wp\/v2\/product_cat?post=7763"},{"taxonomy":"product_tag","embeddable":true,"href":"https:\/\/www.loziskaplus.sk\/eshop\/wp-json\/wp\/v2\/product_tag?post=7763"}],"curies":[{"name":"wp","href":"https:\/\/api.w.org\/{rel}","templated":true}]}}