{"id":7791,"date":"2024-02-13T11:23:37","date_gmt":"2024-02-13T10:23:37","guid":{"rendered":"https:\/\/www.loziskaplus.sk\/eshop\/?post_type=product&#038;p=7791"},"modified":"2024-02-13T12:35:38","modified_gmt":"2024-02-13T11:35:38","slug":"shell-helix-hx7-10w-40-4l-2","status":"publish","type":"product","link":"https:\/\/www.loziskaplus.sk\/eshop\/produkt\/shell-helix-hx7-10w-40-4l-2\/","title":{"rendered":"SHELL Helix HX7 10W-40 4L"},"content":{"rendered":"<div id=\"short_description_block\">\n<div id=\"short_description_content\" class=\"rte align_justify\">\n<p>Motorov\u00fd olej na syntetickej b\u00e1ze &#8211;\u00a0udr\u017euje motor v\u00a0\u010distote a\u00a0zabezpe\u010duje jeho efekt\u00edvnu prev\u00e1dzku. Shell Helix HX7 br\u00e1ni tvorbe usaden\u00edn a\u00a0kalov v\u00a0motore, \u010d\u00edm zais\u0165uje jeho \u010distotu a\u00a0efekt\u00edvnu prev\u00e1dzku. Je vhodn\u00fd pre pou\u017eitie v\u00a0\u0161irokom rozsahu modern\u00fdch vozidiel prev\u00e1dzkovan\u00fdch v\u00a0n\u00e1ro\u010dn\u00fdch podmienkach.<\/p>\n<\/div>\n<\/div>\n<p class=\"features_block\"><b>SAE<\/b> 10W-40<br \/>\n<b>ACEA<\/b> A3\/B4<br \/>\n<b>API<\/b> SP<br \/>\n<b>VW<\/b> 501.01\/505.00<br \/>\n<b>MB<\/b> 229.3<br \/>\n<b>Renault<\/b> RN0710\/RN0700<\/p>\n","protected":false},"excerpt":{"rendered":"<p>Motorov\u00fd olej na syntetickej b\u00e1ze. Chr\u00e1ni motory modern\u00fdch vozidiel proti opotrebovaniu v n\u00e1ro\u010dn\u00fdch podmienkach ka\u017edodennej prev\u00e1dzky, a t\u00fdm pom\u00e1ha pred\u013a\u017ei\u0165 ich \u017eivotnos\u0165. M\u00f4\u017ee by\u0165 pou\u017eit\u00fd v benz\u00ednov\u00fdch, dieselov\u00fdch (bez filtra pevn\u00fdch \u010dast\u00edc) a plynov\u00fdch motoroch. Je tie\u017e vhodn\u00fd pre motory pou\u017e\u00edvaj\u00face ako palivo bionaftu alebo zmes benz\u00edn\/etanol. Schv\u00e1lenie: API SN, ACEA A3\/B3, A3\/B4, MB 229.3, VW 501.01\/505.00, Renault RN 0700\/0712<\/p>\n","protected":false},"featured_media":7793,"template":"","meta":[],"product_brand":[],"product_cat":[29,33,19],"product_tag":[],"class_list":{"0":"post-7791","1":"product","2":"type-product","3":"status-publish","4":"has-post-thumbnail","6":"product_cat-motorove-oleje","7":"product_cat-olej-osobne-automobily","8":"product_cat-oleje","9":"pa_balenie-4l","10":"pa_viskozita-10w-40","11":"pa_vyrobca-shell","13":"first","14":"instock","15":"taxable","16":"shipping-taxable","17":"purchasable","18":"product-type-simple"},"yoast_head":"<!-- This site is optimized with the Yoast SEO plugin v27.4 - https:\/\/yoast.com\/product\/yoast-seo-wordpress\/ -->\n<title>SHELL Helix HX7 10W-40 4L - Lo\u017eisk\u00e1 PLUS<\/title>\n<meta name=\"robots\" content=\"index, follow, max-snippet:-1, max-image-preview:large, max-video-preview:-1\" \/>\n<link rel=\"canonical\" href=\"https:\/\/www.loziskaplus.sk\/eshop\/produkt\/shell-helix-hx7-10w-40-4l-2\/\" \/>\n<meta property=\"og:locale\" content=\"sk_SK\" \/>\n<meta property=\"og:type\" content=\"article\" \/>\n<meta property=\"og:title\" content=\"SHELL Helix HX7 10W-40 4L - Lo\u017eisk\u00e1 PLUS\" \/>\n<meta property=\"og:description\" content=\"Motorov\u00fd olej na syntetickej b\u00e1ze. Chr\u00e1ni motory modern\u00fdch vozidiel proti opotrebovaniu v n\u00e1ro\u010dn\u00fdch podmienkach ka\u017edodennej prev\u00e1dzky, a t\u00fdm pom\u00e1ha pred\u013a\u017ei\u0165 ich \u017eivotnos\u0165. M\u00f4\u017ee by\u0165 pou\u017eit\u00fd v benz\u00ednov\u00fdch, dieselov\u00fdch (bez filtra pevn\u00fdch \u010dast\u00edc) a plynov\u00fdch motoroch. Je tie\u017e vhodn\u00fd pre motory pou\u017e\u00edvaj\u00face ako palivo bionaftu alebo zmes benz\u00edn\/etanol. Schv\u00e1lenie: API SN, ACEA A3\/B3, A3\/B4, MB 229.3, VW 501.01\/505.00, Renault RN 0700\/0712\" \/>\n<meta property=\"og:url\" content=\"https:\/\/www.loziskaplus.sk\/eshop\/produkt\/shell-helix-hx7-10w-40-4l-2\/\" \/>\n<meta property=\"og:site_name\" content=\"Lo\u017eisk\u00e1 PLUS\" \/>\n<meta property=\"article:modified_time\" content=\"2024-02-13T11:35:38+00:00\" \/>\n<meta property=\"og:image\" content=\"https:\/\/www.loziskaplus.sk\/eshop\/wp-content\/uploads\/2024\/02\/shell-helix-hx7-10w-40-4l-1.jpg\" \/>\n\t<meta property=\"og:image:width\" content=\"800\" \/>\n\t<meta property=\"og:image:height\" content=\"800\" \/>\n\t<meta property=\"og:image:type\" content=\"image\/jpeg\" \/>\n<meta name=\"twitter:card\" content=\"summary_large_image\" \/>\n<meta name=\"twitter:label1\" content=\"Predpokladan\u00fd \u010das \u010d\u00edtania\" \/>\n\t<meta name=\"twitter:data1\" content=\"1 min\u00fata\" \/>\n<script type=\"application\/ld+json\" class=\"yoast-schema-graph\">{\"@context\":\"https:\\\/\\\/schema.org\",\"@graph\":[{\"@type\":\"WebPage\",\"@id\":\"https:\\\/\\\/www.loziskaplus.sk\\\/eshop\\\/produkt\\\/shell-helix-hx7-10w-40-4l-2\\\/\",\"url\":\"https:\\\/\\\/www.loziskaplus.sk\\\/eshop\\\/produkt\\\/shell-helix-hx7-10w-40-4l-2\\\/\",\"name\":\"SHELL Helix HX7 10W-40 4L - Lo\u017eisk\u00e1 PLUS\",\"isPartOf\":{\"@id\":\"https:\\\/\\\/www.loziskaplus.sk\\\/eshop\\\/#website\"},\"primaryImageOfPage\":{\"@id\":\"https:\\\/\\\/www.loziskaplus.sk\\\/eshop\\\/produkt\\\/shell-helix-hx7-10w-40-4l-2\\\/#primaryimage\"},\"image\":{\"@id\":\"https:\\\/\\\/www.loziskaplus.sk\\\/eshop\\\/produkt\\\/shell-helix-hx7-10w-40-4l-2\\\/#primaryimage\"},\"thumbnailUrl\":\"https:\\\/\\\/www.loziskaplus.sk\\\/eshop\\\/wp-content\\\/uploads\\\/2024\\\/02\\\/shell-helix-hx7-10w-40-4l-1.jpg\",\"datePublished\":\"2024-02-13T10:23:37+00:00\",\"dateModified\":\"2024-02-13T11:35:38+00:00\",\"breadcrumb\":{\"@id\":\"https:\\\/\\\/www.loziskaplus.sk\\\/eshop\\\/produkt\\\/shell-helix-hx7-10w-40-4l-2\\\/#breadcrumb\"},\"inLanguage\":\"sk-SK\",\"potentialAction\":[{\"@type\":\"ReadAction\",\"target\":[\"https:\\\/\\\/www.loziskaplus.sk\\\/eshop\\\/produkt\\\/shell-helix-hx7-10w-40-4l-2\\\/\"]}]},{\"@type\":\"ImageObject\",\"inLanguage\":\"sk-SK\",\"@id\":\"https:\\\/\\\/www.loziskaplus.sk\\\/eshop\\\/produkt\\\/shell-helix-hx7-10w-40-4l-2\\\/#primaryimage\",\"url\":\"https:\\\/\\\/www.loziskaplus.sk\\\/eshop\\\/wp-content\\\/uploads\\\/2024\\\/02\\\/shell-helix-hx7-10w-40-4l-1.jpg\",\"contentUrl\":\"https:\\\/\\\/www.loziskaplus.sk\\\/eshop\\\/wp-content\\\/uploads\\\/2024\\\/02\\\/shell-helix-hx7-10w-40-4l-1.jpg\",\"width\":800,\"height\":800},{\"@type\":\"BreadcrumbList\",\"@id\":\"https:\\\/\\\/www.loziskaplus.sk\\\/eshop\\\/produkt\\\/shell-helix-hx7-10w-40-4l-2\\\/#breadcrumb\",\"itemListElement\":[{\"@type\":\"ListItem\",\"position\":1,\"name\":\"Domov\",\"item\":\"https:\\\/\\\/www.loziskaplus.sk\\\/eshop\\\/\"},{\"@type\":\"ListItem\",\"position\":2,\"name\":\"Obchod\",\"item\":\"https:\\\/\\\/www.loziskaplus.sk\\\/eshop\\\/obchod\\\/\"},{\"@type\":\"ListItem\",\"position\":3,\"name\":\"SHELL Helix HX7 10W-40 4L\"}]},{\"@type\":\"WebSite\",\"@id\":\"https:\\\/\\\/www.loziskaplus.sk\\\/eshop\\\/#website\",\"url\":\"https:\\\/\\\/www.loziskaplus.sk\\\/eshop\\\/\",\"name\":\"Lo\u017eisk\u00e1 PLUS\",\"description\":\"\",\"publisher\":{\"@id\":\"https:\\\/\\\/www.loziskaplus.sk\\\/eshop\\\/#organization\"},\"potentialAction\":[{\"@type\":\"SearchAction\",\"target\":{\"@type\":\"EntryPoint\",\"urlTemplate\":\"https:\\\/\\\/www.loziskaplus.sk\\\/eshop\\\/?s={search_term_string}\"},\"query-input\":{\"@type\":\"PropertyValueSpecification\",\"valueRequired\":true,\"valueName\":\"search_term_string\"}}],\"inLanguage\":\"sk-SK\"},{\"@type\":\"Organization\",\"@id\":\"https:\\\/\\\/www.loziskaplus.sk\\\/eshop\\\/#organization\",\"name\":\"Lo\u017eisk\u00e1 PLUS\",\"url\":\"https:\\\/\\\/www.loziskaplus.sk\\\/eshop\\\/\",\"logo\":{\"@type\":\"ImageObject\",\"inLanguage\":\"sk-SK\",\"@id\":\"https:\\\/\\\/www.loziskaplus.sk\\\/eshop\\\/#\\\/schema\\\/logo\\\/image\\\/\",\"url\":\"https:\\\/\\\/www.loziskaplus.sk\\\/eshop\\\/wp-content\\\/uploads\\\/2024\\\/06\\\/logo-facebuk-1.jpg?v=1718619602\",\"contentUrl\":\"https:\\\/\\\/www.loziskaplus.sk\\\/eshop\\\/wp-content\\\/uploads\\\/2024\\\/06\\\/logo-facebuk-1.jpg?v=1718619602\",\"width\":180,\"height\":179,\"caption\":\"Lo\u017eisk\u00e1 PLUS\"},\"image\":{\"@id\":\"https:\\\/\\\/www.loziskaplus.sk\\\/eshop\\\/#\\\/schema\\\/logo\\\/image\\\/\"}}]}<\/script>\n<!-- \/ Yoast SEO plugin. -->","yoast_head_json":{"title":"SHELL Helix HX7 10W-40 4L - Lo\u017eisk\u00e1 PLUS","robots":{"index":"index","follow":"follow","max-snippet":"max-snippet:-1","max-image-preview":"max-image-preview:large","max-video-preview":"max-video-preview:-1"},"canonical":"https:\/\/www.loziskaplus.sk\/eshop\/produkt\/shell-helix-hx7-10w-40-4l-2\/","og_locale":"sk_SK","og_type":"article","og_title":"SHELL Helix HX7 10W-40 4L - Lo\u017eisk\u00e1 PLUS","og_description":"Motorov\u00fd olej na syntetickej b\u00e1ze. Chr\u00e1ni motory modern\u00fdch vozidiel proti opotrebovaniu v n\u00e1ro\u010dn\u00fdch podmienkach ka\u017edodennej prev\u00e1dzky, a t\u00fdm pom\u00e1ha pred\u013a\u017ei\u0165 ich \u017eivotnos\u0165. M\u00f4\u017ee by\u0165 pou\u017eit\u00fd v benz\u00ednov\u00fdch, dieselov\u00fdch (bez filtra pevn\u00fdch \u010dast\u00edc) a plynov\u00fdch motoroch. Je tie\u017e vhodn\u00fd pre motory pou\u017e\u00edvaj\u00face ako palivo bionaftu alebo zmes benz\u00edn\/etanol. Schv\u00e1lenie: API SN, ACEA A3\/B3, A3\/B4, MB 229.3, VW 501.01\/505.00, Renault RN 0700\/0712","og_url":"https:\/\/www.loziskaplus.sk\/eshop\/produkt\/shell-helix-hx7-10w-40-4l-2\/","og_site_name":"Lo\u017eisk\u00e1 PLUS","article_modified_time":"2024-02-13T11:35:38+00:00","og_image":[{"width":800,"height":800,"url":"https:\/\/www.loziskaplus.sk\/eshop\/wp-content\/uploads\/2024\/02\/shell-helix-hx7-10w-40-4l-1.jpg","type":"image\/jpeg"}],"twitter_card":"summary_large_image","twitter_misc":{"Predpokladan\u00fd \u010das \u010d\u00edtania":"1 min\u00fata"},"schema":{"@context":"https:\/\/schema.org","@graph":[{"@type":"WebPage","@id":"https:\/\/www.loziskaplus.sk\/eshop\/produkt\/shell-helix-hx7-10w-40-4l-2\/","url":"https:\/\/www.loziskaplus.sk\/eshop\/produkt\/shell-helix-hx7-10w-40-4l-2\/","name":"SHELL Helix HX7 10W-40 4L - Lo\u017eisk\u00e1 PLUS","isPartOf":{"@id":"https:\/\/www.loziskaplus.sk\/eshop\/#website"},"primaryImageOfPage":{"@id":"https:\/\/www.loziskaplus.sk\/eshop\/produkt\/shell-helix-hx7-10w-40-4l-2\/#primaryimage"},"image":{"@id":"https:\/\/www.loziskaplus.sk\/eshop\/produkt\/shell-helix-hx7-10w-40-4l-2\/#primaryimage"},"thumbnailUrl":"https:\/\/www.loziskaplus.sk\/eshop\/wp-content\/uploads\/2024\/02\/shell-helix-hx7-10w-40-4l-1.jpg","datePublished":"2024-02-13T10:23:37+00:00","dateModified":"2024-02-13T11:35:38+00:00","breadcrumb":{"@id":"https:\/\/www.loziskaplus.sk\/eshop\/produkt\/shell-helix-hx7-10w-40-4l-2\/#breadcrumb"},"inLanguage":"sk-SK","potentialAction":[{"@type":"ReadAction","target":["https:\/\/www.loziskaplus.sk\/eshop\/produkt\/shell-helix-hx7-10w-40-4l-2\/"]}]},{"@type":"ImageObject","inLanguage":"sk-SK","@id":"https:\/\/www.loziskaplus.sk\/eshop\/produkt\/shell-helix-hx7-10w-40-4l-2\/#primaryimage","url":"https:\/\/www.loziskaplus.sk\/eshop\/wp-content\/uploads\/2024\/02\/shell-helix-hx7-10w-40-4l-1.jpg","contentUrl":"https:\/\/www.loziskaplus.sk\/eshop\/wp-content\/uploads\/2024\/02\/shell-helix-hx7-10w-40-4l-1.jpg","width":800,"height":800},{"@type":"BreadcrumbList","@id":"https:\/\/www.loziskaplus.sk\/eshop\/produkt\/shell-helix-hx7-10w-40-4l-2\/#breadcrumb","itemListElement":[{"@type":"ListItem","position":1,"name":"Domov","item":"https:\/\/www.loziskaplus.sk\/eshop\/"},{"@type":"ListItem","position":2,"name":"Obchod","item":"https:\/\/www.loziskaplus.sk\/eshop\/obchod\/"},{"@type":"ListItem","position":3,"name":"SHELL Helix HX7 10W-40 4L"}]},{"@type":"WebSite","@id":"https:\/\/www.loziskaplus.sk\/eshop\/#website","url":"https:\/\/www.loziskaplus.sk\/eshop\/","name":"Lo\u017eisk\u00e1 PLUS","description":"","publisher":{"@id":"https:\/\/www.loziskaplus.sk\/eshop\/#organization"},"potentialAction":[{"@type":"SearchAction","target":{"@type":"EntryPoint","urlTemplate":"https:\/\/www.loziskaplus.sk\/eshop\/?s={search_term_string}"},"query-input":{"@type":"PropertyValueSpecification","valueRequired":true,"valueName":"search_term_string"}}],"inLanguage":"sk-SK"},{"@type":"Organization","@id":"https:\/\/www.loziskaplus.sk\/eshop\/#organization","name":"Lo\u017eisk\u00e1 PLUS","url":"https:\/\/www.loziskaplus.sk\/eshop\/","logo":{"@type":"ImageObject","inLanguage":"sk-SK","@id":"https:\/\/www.loziskaplus.sk\/eshop\/#\/schema\/logo\/image\/","url":"https:\/\/www.loziskaplus.sk\/eshop\/wp-content\/uploads\/2024\/06\/logo-facebuk-1.jpg?v=1718619602","contentUrl":"https:\/\/www.loziskaplus.sk\/eshop\/wp-content\/uploads\/2024\/06\/logo-facebuk-1.jpg?v=1718619602","width":180,"height":179,"caption":"Lo\u017eisk\u00e1 PLUS"},"image":{"@id":"https:\/\/www.loziskaplus.sk\/eshop\/#\/schema\/logo\/image\/"}}]}},"jetpack_sharing_enabled":true,"_links":{"self":[{"href":"https:\/\/www.loziskaplus.sk\/eshop\/wp-json\/wp\/v2\/product\/7791","targetHints":{"allow":["GET"]}}],"collection":[{"href":"https:\/\/www.loziskaplus.sk\/eshop\/wp-json\/wp\/v2\/product"}],"about":[{"href":"https:\/\/www.loziskaplus.sk\/eshop\/wp-json\/wp\/v2\/types\/product"}],"wp:featuredmedia":[{"embeddable":true,"href":"https:\/\/www.loziskaplus.sk\/eshop\/wp-json\/wp\/v2\/media\/7793"}],"wp:attachment":[{"href":"https:\/\/www.loziskaplus.sk\/eshop\/wp-json\/wp\/v2\/media?parent=7791"}],"wp:term":[{"taxonomy":"product_brand","embeddable":true,"href":"https:\/\/www.loziskaplus.sk\/eshop\/wp-json\/wp\/v2\/product_brand?post=7791"},{"taxonomy":"product_cat","embeddable":true,"href":"https:\/\/www.loziskaplus.sk\/eshop\/wp-json\/wp\/v2\/product_cat?post=7791"},{"taxonomy":"product_tag","embeddable":true,"href":"https:\/\/www.loziskaplus.sk\/eshop\/wp-json\/wp\/v2\/product_tag?post=7791"}],"curies":[{"name":"wp","href":"https:\/\/api.w.org\/{rel}","templated":true}]}}