{"id":7802,"date":"2024-02-13T13:10:41","date_gmt":"2024-02-13T12:10:41","guid":{"rendered":"https:\/\/www.loziskaplus.sk\/eshop\/?post_type=product&#038;p=7802"},"modified":"2026-03-20T12:34:27","modified_gmt":"2026-03-20T11:34:27","slug":"shell-rimula-r5-e-10w-40-20l","status":"publish","type":"product","link":"https:\/\/www.loziskaplus.sk\/eshop\/produkt\/shell-rimula-r5-e-10w-40-20l\/","title":{"rendered":"Shell Rimula R5 E 10W-40 20L"},"content":{"rendered":"<p>Olej SHELL RIMULA R5 E 10W-40 je syntetick\u00fd motorov\u00fd olej ur\u010den\u00fd pre n\u00e1kladn\u00e9 automobily .Obsahuje adit\u00edva na dosiahnutie \u00faspory paliva a na ochranu v celom rozsahu tlakov a tepl\u00f4t ak\u00e9 sa m\u00f4\u017eu vyskytn\u00fa\u0165 v modern\u00fdch motoroch, \u010d\u00edm sp\u013a\u0148aj\u00fa potreby prev\u00e1dzkovate\u013eov n\u00e1kladn\u00fdch automobilov pozost\u00e1vaj\u00facich z vysoko za\u0165a\u017eovan\u00fdch vozidiel a autobusov.Taktie\u017e vytv\u00e1ra predpoklady pre zn\u00ed\u017eenie spotreby paliva a priamo t\u00fdm prispieva k zni\u017eovaniu prev\u00e1dzkov\u00fdch n\u00e1kladov. Je vhodn\u00fd na pou\u017e\u00edvanie v motoroch s emisn\u00fdmi limitmi Euro 2, 3 a v niektor\u00fdch motoroch Euro 4. \u0160pecifik\u00e1cie: API: CI -4, CH-4, CG -4, CF-4 ACEA: E7, E5, E3 Global: DHD-1 Cummins: CES 20078, 77, 76, 72, 71 Mack: EO -M, EO -M+ MAN: 3275 MB Approval: 228.3 Renault Trucks: RLD-2 Volvo: VDS-3<\/p>\n","protected":false},"excerpt":{"rendered":"<div id=\"short_description_block\">\n<div id=\"short_description_content\" class=\"rte align_justify\">\n<p>Shell Rimula R5 E\u00a0je olej\u00a0na syntetickej b\u00e1ze pre ve\u013ek\u00e9 dieselov\u00e9 motory. Vyu\u017e\u00edva najmodernej\u0161iu kombin\u00e1ciu vysoko v\u00fdkonn\u00fdch pr\u00edsad, ktor\u00e9 zabezpe\u010duj\u00fa ochranu motora v\u00a0\u0161irokom rozsahu jeho prev\u00e1dzkov\u00fdch tlakov a\u00a0tepl\u00f4t.<\/p>\n<\/div>\n<\/div>\n<p class=\"features_block\"><b>SAE<\/b> 10W-40<br \/>\n<b>ACEA<\/b> E7, E5, E3<br \/>\n<b>API<\/b> CI-4, CH-4<br \/>\n<b>MB<\/b> 228.3<br \/>\n<b>MAN<\/b> M 3275-1<br \/>\n<b>Renault<\/b> Trucks RLD-2<br \/>\n<b>Volvo<\/b> VDS-3<br \/>\n<b>Cummins<\/b> CES 20078, 20077, 20076, 20072, 20071<br \/>\n<b>Mack<\/b> EO-M, EO-M+<\/p>\n","protected":false},"featured_media":7814,"template":"","meta":[],"product_brand":[],"product_cat":[29,34,35,19],"product_tag":[],"class_list":{"0":"post-7802","1":"product","2":"type-product","3":"status-publish","4":"has-post-thumbnail","6":"product_cat-motorove-oleje","7":"product_cat-olej-nakladne-automobily","8":"product_cat-olej-polnohospodarska-technika","9":"product_cat-oleje","10":"pa_balenie-20l","11":"pa_viskozita-10w-40","12":"pa_vyrobca-shell","14":"first","15":"onbackorder","16":"taxable","17":"shipping-taxable","18":"purchasable","19":"product-type-simple"},"yoast_head":"<!-- This site is optimized with the Yoast SEO plugin v27.4 - https:\/\/yoast.com\/product\/yoast-seo-wordpress\/ -->\n<title>Shell Rimula R5 E 10W-40 20L - Lo\u017eisk\u00e1 PLUS<\/title>\n<meta name=\"robots\" content=\"index, follow, max-snippet:-1, max-image-preview:large, max-video-preview:-1\" \/>\n<link rel=\"canonical\" href=\"https:\/\/www.loziskaplus.sk\/eshop\/produkt\/shell-rimula-r5-e-10w-40-20l\/\" \/>\n<meta property=\"og:locale\" content=\"sk_SK\" \/>\n<meta property=\"og:type\" content=\"article\" \/>\n<meta property=\"og:title\" content=\"Shell Rimula R5 E 10W-40 20L - Lo\u017eisk\u00e1 PLUS\" \/>\n<meta property=\"og:description\" content=\"Shell Rimula R5 E\u00a0je olej\u00a0na syntetickej b\u00e1ze pre ve\u013ek\u00e9 dieselov\u00e9 motory. Vyu\u017e\u00edva najmodernej\u0161iu kombin\u00e1ciu vysoko v\u00fdkonn\u00fdch pr\u00edsad, ktor\u00e9 zabezpe\u010duj\u00fa ochranu motora v\u00a0\u0161irokom rozsahu jeho prev\u00e1dzkov\u00fdch tlakov a\u00a0tepl\u00f4t.    SAE 10W-40 ACEA E7, E5, E3 API CI-4, CH-4 MB 228.3 MAN M 3275-1 Renault Trucks RLD-2 Volvo VDS-3 Cummins CES 20078, 20077, 20076, 20072, 20071 Mack EO-M, EO-M+\" \/>\n<meta property=\"og:url\" content=\"https:\/\/www.loziskaplus.sk\/eshop\/produkt\/shell-rimula-r5-e-10w-40-20l\/\" \/>\n<meta property=\"og:site_name\" content=\"Lo\u017eisk\u00e1 PLUS\" \/>\n<meta property=\"article:modified_time\" content=\"2026-03-20T11:34:27+00:00\" \/>\n<meta property=\"og:image\" content=\"https:\/\/www.loziskaplus.sk\/eshop\/wp-content\/uploads\/2024\/02\/shell-rimula-r5-e-10w-40-20L.jpg\" \/>\n\t<meta property=\"og:image:width\" content=\"800\" \/>\n\t<meta property=\"og:image:height\" content=\"800\" \/>\n\t<meta property=\"og:image:type\" content=\"image\/jpeg\" \/>\n<meta name=\"twitter:card\" content=\"summary_large_image\" \/>\n<meta name=\"twitter:label1\" content=\"Predpokladan\u00fd \u010das \u010d\u00edtania\" \/>\n\t<meta name=\"twitter:data1\" content=\"1 min\u00fata\" \/>\n<script type=\"application\/ld+json\" class=\"yoast-schema-graph\">{\"@context\":\"https:\\\/\\\/schema.org\",\"@graph\":[{\"@type\":\"WebPage\",\"@id\":\"https:\\\/\\\/www.loziskaplus.sk\\\/eshop\\\/produkt\\\/shell-rimula-r5-e-10w-40-20l\\\/\",\"url\":\"https:\\\/\\\/www.loziskaplus.sk\\\/eshop\\\/produkt\\\/shell-rimula-r5-e-10w-40-20l\\\/\",\"name\":\"Shell Rimula R5 E 10W-40 20L - Lo\u017eisk\u00e1 PLUS\",\"isPartOf\":{\"@id\":\"https:\\\/\\\/www.loziskaplus.sk\\\/eshop\\\/#website\"},\"primaryImageOfPage\":{\"@id\":\"https:\\\/\\\/www.loziskaplus.sk\\\/eshop\\\/produkt\\\/shell-rimula-r5-e-10w-40-20l\\\/#primaryimage\"},\"image\":{\"@id\":\"https:\\\/\\\/www.loziskaplus.sk\\\/eshop\\\/produkt\\\/shell-rimula-r5-e-10w-40-20l\\\/#primaryimage\"},\"thumbnailUrl\":\"https:\\\/\\\/www.loziskaplus.sk\\\/eshop\\\/wp-content\\\/uploads\\\/2024\\\/02\\\/shell-rimula-r5-e-10w-40-20L.jpg\",\"datePublished\":\"2024-02-13T12:10:41+00:00\",\"dateModified\":\"2026-03-20T11:34:27+00:00\",\"breadcrumb\":{\"@id\":\"https:\\\/\\\/www.loziskaplus.sk\\\/eshop\\\/produkt\\\/shell-rimula-r5-e-10w-40-20l\\\/#breadcrumb\"},\"inLanguage\":\"sk-SK\",\"potentialAction\":[{\"@type\":\"ReadAction\",\"target\":[\"https:\\\/\\\/www.loziskaplus.sk\\\/eshop\\\/produkt\\\/shell-rimula-r5-e-10w-40-20l\\\/\"]}]},{\"@type\":\"ImageObject\",\"inLanguage\":\"sk-SK\",\"@id\":\"https:\\\/\\\/www.loziskaplus.sk\\\/eshop\\\/produkt\\\/shell-rimula-r5-e-10w-40-20l\\\/#primaryimage\",\"url\":\"https:\\\/\\\/www.loziskaplus.sk\\\/eshop\\\/wp-content\\\/uploads\\\/2024\\\/02\\\/shell-rimula-r5-e-10w-40-20L.jpg\",\"contentUrl\":\"https:\\\/\\\/www.loziskaplus.sk\\\/eshop\\\/wp-content\\\/uploads\\\/2024\\\/02\\\/shell-rimula-r5-e-10w-40-20L.jpg\",\"width\":800,\"height\":800},{\"@type\":\"BreadcrumbList\",\"@id\":\"https:\\\/\\\/www.loziskaplus.sk\\\/eshop\\\/produkt\\\/shell-rimula-r5-e-10w-40-20l\\\/#breadcrumb\",\"itemListElement\":[{\"@type\":\"ListItem\",\"position\":1,\"name\":\"Domov\",\"item\":\"https:\\\/\\\/www.loziskaplus.sk\\\/eshop\\\/\"},{\"@type\":\"ListItem\",\"position\":2,\"name\":\"Obchod\",\"item\":\"https:\\\/\\\/www.loziskaplus.sk\\\/eshop\\\/obchod\\\/\"},{\"@type\":\"ListItem\",\"position\":3,\"name\":\"Shell Rimula R5 E 10W-40 20L\"}]},{\"@type\":\"WebSite\",\"@id\":\"https:\\\/\\\/www.loziskaplus.sk\\\/eshop\\\/#website\",\"url\":\"https:\\\/\\\/www.loziskaplus.sk\\\/eshop\\\/\",\"name\":\"Lo\u017eisk\u00e1 PLUS\",\"description\":\"\",\"publisher\":{\"@id\":\"https:\\\/\\\/www.loziskaplus.sk\\\/eshop\\\/#organization\"},\"potentialAction\":[{\"@type\":\"SearchAction\",\"target\":{\"@type\":\"EntryPoint\",\"urlTemplate\":\"https:\\\/\\\/www.loziskaplus.sk\\\/eshop\\\/?s={search_term_string}\"},\"query-input\":{\"@type\":\"PropertyValueSpecification\",\"valueRequired\":true,\"valueName\":\"search_term_string\"}}],\"inLanguage\":\"sk-SK\"},{\"@type\":\"Organization\",\"@id\":\"https:\\\/\\\/www.loziskaplus.sk\\\/eshop\\\/#organization\",\"name\":\"Lo\u017eisk\u00e1 PLUS\",\"url\":\"https:\\\/\\\/www.loziskaplus.sk\\\/eshop\\\/\",\"logo\":{\"@type\":\"ImageObject\",\"inLanguage\":\"sk-SK\",\"@id\":\"https:\\\/\\\/www.loziskaplus.sk\\\/eshop\\\/#\\\/schema\\\/logo\\\/image\\\/\",\"url\":\"https:\\\/\\\/www.loziskaplus.sk\\\/eshop\\\/wp-content\\\/uploads\\\/2024\\\/06\\\/logo-facebuk-1.jpg?v=1718619602\",\"contentUrl\":\"https:\\\/\\\/www.loziskaplus.sk\\\/eshop\\\/wp-content\\\/uploads\\\/2024\\\/06\\\/logo-facebuk-1.jpg?v=1718619602\",\"width\":180,\"height\":179,\"caption\":\"Lo\u017eisk\u00e1 PLUS\"},\"image\":{\"@id\":\"https:\\\/\\\/www.loziskaplus.sk\\\/eshop\\\/#\\\/schema\\\/logo\\\/image\\\/\"}}]}<\/script>\n<!-- \/ Yoast SEO plugin. -->","yoast_head_json":{"title":"Shell Rimula R5 E 10W-40 20L - Lo\u017eisk\u00e1 PLUS","robots":{"index":"index","follow":"follow","max-snippet":"max-snippet:-1","max-image-preview":"max-image-preview:large","max-video-preview":"max-video-preview:-1"},"canonical":"https:\/\/www.loziskaplus.sk\/eshop\/produkt\/shell-rimula-r5-e-10w-40-20l\/","og_locale":"sk_SK","og_type":"article","og_title":"Shell Rimula R5 E 10W-40 20L - Lo\u017eisk\u00e1 PLUS","og_description":"Shell Rimula R5 E\u00a0je olej\u00a0na syntetickej b\u00e1ze pre ve\u013ek\u00e9 dieselov\u00e9 motory. Vyu\u017e\u00edva najmodernej\u0161iu kombin\u00e1ciu vysoko v\u00fdkonn\u00fdch pr\u00edsad, ktor\u00e9 zabezpe\u010duj\u00fa ochranu motora v\u00a0\u0161irokom rozsahu jeho prev\u00e1dzkov\u00fdch tlakov a\u00a0tepl\u00f4t.    SAE 10W-40 ACEA E7, E5, E3 API CI-4, CH-4 MB 228.3 MAN M 3275-1 Renault Trucks RLD-2 Volvo VDS-3 Cummins CES 20078, 20077, 20076, 20072, 20071 Mack EO-M, EO-M+","og_url":"https:\/\/www.loziskaplus.sk\/eshop\/produkt\/shell-rimula-r5-e-10w-40-20l\/","og_site_name":"Lo\u017eisk\u00e1 PLUS","article_modified_time":"2026-03-20T11:34:27+00:00","og_image":[{"width":800,"height":800,"url":"https:\/\/www.loziskaplus.sk\/eshop\/wp-content\/uploads\/2024\/02\/shell-rimula-r5-e-10w-40-20L.jpg","type":"image\/jpeg"}],"twitter_card":"summary_large_image","twitter_misc":{"Predpokladan\u00fd \u010das \u010d\u00edtania":"1 min\u00fata"},"schema":{"@context":"https:\/\/schema.org","@graph":[{"@type":"WebPage","@id":"https:\/\/www.loziskaplus.sk\/eshop\/produkt\/shell-rimula-r5-e-10w-40-20l\/","url":"https:\/\/www.loziskaplus.sk\/eshop\/produkt\/shell-rimula-r5-e-10w-40-20l\/","name":"Shell Rimula R5 E 10W-40 20L - Lo\u017eisk\u00e1 PLUS","isPartOf":{"@id":"https:\/\/www.loziskaplus.sk\/eshop\/#website"},"primaryImageOfPage":{"@id":"https:\/\/www.loziskaplus.sk\/eshop\/produkt\/shell-rimula-r5-e-10w-40-20l\/#primaryimage"},"image":{"@id":"https:\/\/www.loziskaplus.sk\/eshop\/produkt\/shell-rimula-r5-e-10w-40-20l\/#primaryimage"},"thumbnailUrl":"https:\/\/www.loziskaplus.sk\/eshop\/wp-content\/uploads\/2024\/02\/shell-rimula-r5-e-10w-40-20L.jpg","datePublished":"2024-02-13T12:10:41+00:00","dateModified":"2026-03-20T11:34:27+00:00","breadcrumb":{"@id":"https:\/\/www.loziskaplus.sk\/eshop\/produkt\/shell-rimula-r5-e-10w-40-20l\/#breadcrumb"},"inLanguage":"sk-SK","potentialAction":[{"@type":"ReadAction","target":["https:\/\/www.loziskaplus.sk\/eshop\/produkt\/shell-rimula-r5-e-10w-40-20l\/"]}]},{"@type":"ImageObject","inLanguage":"sk-SK","@id":"https:\/\/www.loziskaplus.sk\/eshop\/produkt\/shell-rimula-r5-e-10w-40-20l\/#primaryimage","url":"https:\/\/www.loziskaplus.sk\/eshop\/wp-content\/uploads\/2024\/02\/shell-rimula-r5-e-10w-40-20L.jpg","contentUrl":"https:\/\/www.loziskaplus.sk\/eshop\/wp-content\/uploads\/2024\/02\/shell-rimula-r5-e-10w-40-20L.jpg","width":800,"height":800},{"@type":"BreadcrumbList","@id":"https:\/\/www.loziskaplus.sk\/eshop\/produkt\/shell-rimula-r5-e-10w-40-20l\/#breadcrumb","itemListElement":[{"@type":"ListItem","position":1,"name":"Domov","item":"https:\/\/www.loziskaplus.sk\/eshop\/"},{"@type":"ListItem","position":2,"name":"Obchod","item":"https:\/\/www.loziskaplus.sk\/eshop\/obchod\/"},{"@type":"ListItem","position":3,"name":"Shell Rimula R5 E 10W-40 20L"}]},{"@type":"WebSite","@id":"https:\/\/www.loziskaplus.sk\/eshop\/#website","url":"https:\/\/www.loziskaplus.sk\/eshop\/","name":"Lo\u017eisk\u00e1 PLUS","description":"","publisher":{"@id":"https:\/\/www.loziskaplus.sk\/eshop\/#organization"},"potentialAction":[{"@type":"SearchAction","target":{"@type":"EntryPoint","urlTemplate":"https:\/\/www.loziskaplus.sk\/eshop\/?s={search_term_string}"},"query-input":{"@type":"PropertyValueSpecification","valueRequired":true,"valueName":"search_term_string"}}],"inLanguage":"sk-SK"},{"@type":"Organization","@id":"https:\/\/www.loziskaplus.sk\/eshop\/#organization","name":"Lo\u017eisk\u00e1 PLUS","url":"https:\/\/www.loziskaplus.sk\/eshop\/","logo":{"@type":"ImageObject","inLanguage":"sk-SK","@id":"https:\/\/www.loziskaplus.sk\/eshop\/#\/schema\/logo\/image\/","url":"https:\/\/www.loziskaplus.sk\/eshop\/wp-content\/uploads\/2024\/06\/logo-facebuk-1.jpg?v=1718619602","contentUrl":"https:\/\/www.loziskaplus.sk\/eshop\/wp-content\/uploads\/2024\/06\/logo-facebuk-1.jpg?v=1718619602","width":180,"height":179,"caption":"Lo\u017eisk\u00e1 PLUS"},"image":{"@id":"https:\/\/www.loziskaplus.sk\/eshop\/#\/schema\/logo\/image\/"}}]}},"jetpack_sharing_enabled":true,"_links":{"self":[{"href":"https:\/\/www.loziskaplus.sk\/eshop\/wp-json\/wp\/v2\/product\/7802","targetHints":{"allow":["GET"]}}],"collection":[{"href":"https:\/\/www.loziskaplus.sk\/eshop\/wp-json\/wp\/v2\/product"}],"about":[{"href":"https:\/\/www.loziskaplus.sk\/eshop\/wp-json\/wp\/v2\/types\/product"}],"wp:featuredmedia":[{"embeddable":true,"href":"https:\/\/www.loziskaplus.sk\/eshop\/wp-json\/wp\/v2\/media\/7814"}],"wp:attachment":[{"href":"https:\/\/www.loziskaplus.sk\/eshop\/wp-json\/wp\/v2\/media?parent=7802"}],"wp:term":[{"taxonomy":"product_brand","embeddable":true,"href":"https:\/\/www.loziskaplus.sk\/eshop\/wp-json\/wp\/v2\/product_brand?post=7802"},{"taxonomy":"product_cat","embeddable":true,"href":"https:\/\/www.loziskaplus.sk\/eshop\/wp-json\/wp\/v2\/product_cat?post=7802"},{"taxonomy":"product_tag","embeddable":true,"href":"https:\/\/www.loziskaplus.sk\/eshop\/wp-json\/wp\/v2\/product_tag?post=7802"}],"curies":[{"name":"wp","href":"https:\/\/api.w.org\/{rel}","templated":true}]}}