{"id":7803,"date":"2024-02-13T13:17:20","date_gmt":"2024-02-13T12:17:20","guid":{"rendered":"https:\/\/www.loziskaplus.sk\/eshop\/?post_type=product&#038;p=7803"},"modified":"2026-03-20T12:33:16","modified_gmt":"2026-03-20T11:33:16","slug":"shell-rimula-r3-sae-10w-20l","status":"publish","type":"product","link":"https:\/\/www.loziskaplus.sk\/eshop\/produkt\/shell-rimula-r3-sae-10w-20l\/","title":{"rendered":"Shell Rimula R3 SAE 10W 20L"},"content":{"rendered":"<div id=\"short_description_block\">\n<div id=\"short_description_content\" class=\"rte align_justify\">\n<p>Shell Rimula R3 SAE 10W \u00a0je jednostup\u0148ov\u00fd miner\u00e1lny olej pre ve\u013ek\u00e9 dieselov\u00e9 motory. Formulovan\u00fd pre poskytnutie vysok\u00e9ho stup\u0148a zodpovedaj\u00facej ochrany ve\u013ek\u00fdm dieselov\u00fdm motorom, a\u00a0to ako v\u00a0mimocestn\u00fdch aplik\u00e1ci\u00e1ch, tak aj v\u00a0star\u0161\u00edch cestn\u00fdch vozidl\u00e1ch. V\u00a0niektor\u00fdch pr\u00edpadoch vy\u017eadovan\u00fd pre pou\u017eitie v\u00a0prevodov\u00fdch a\u00a0hydraulick\u00fdch aplik\u00e1ci\u00e1ch.<\/p>\n<\/div>\n<\/div>\n<p class=\"features_block\"><b>SAE<\/b> 10W<br \/>\n<b>API<\/b> CF<\/p>\n","protected":false},"excerpt":{"rendered":"<p>Olej SHELL RIMULA R3 10W 20L je miner\u00e1lny jednostup\u0148ov\u00fd olej. Je schv\u00e1len\u00fd pre pou\u017eitie v motoroch popredn\u00fdch v\u00fdrobcov. Vysok\u00e1 termick\u00e1 a oxida\u010dn\u00e1 stabilita poskytuje vysok\u00fd \u0161tandard \u010distoty piestu. Celkov\u00e1 \u010distota motora prispieva k n\u00edzkemu opotrebeniu motora, dlhej \u017eivotnosti jednotliv\u00fdch dielov a ni\u017e\u0161\u00edch servisn\u00fdch n\u00e1kladov. V\u00fdkonn\u00e9 motorov\u00e9 jednostup\u0148ov\u00e9 oleje SHELL RIMULA R3 boli formulovan\u00e9 na poskytnutie primeranej ochrany ve\u013ek\u00fdm dieselov\u00fdm motorom a to ako v mimo-cestn\u00fdch aplik\u00e1ci\u00e1ch tak v star\u0161\u00edch cestn\u00fdch vozidl\u00e1ch. SHELL RIMULA R3 10W n\u00e1jde svoje uplatnenie pre pou\u017eitie v stavebnej mechaniz\u00e1cii kde je niekedy vy\u017eadovan\u00fd do aplik\u00e1ci\u00ed ako s\u00fa hydraulick\u00e9 syst\u00e9my a prevodovky. \u0160pecifik\u00e1cie a schv\u00e1lenia: SAE 10W, API CF<\/p>\n","protected":false},"featured_media":7804,"template":"","meta":[],"product_brand":[],"product_cat":[29,34,35,19],"product_tag":[],"class_list":{"0":"post-7803","1":"product","2":"type-product","3":"status-publish","4":"has-post-thumbnail","6":"product_cat-motorove-oleje","7":"product_cat-olej-nakladne-automobily","8":"product_cat-olej-polnohospodarska-technika","9":"product_cat-oleje","10":"pa_balenie-20l","11":"pa_viskozita-10w","12":"pa_vyrobca-shell","14":"first","15":"onbackorder","16":"taxable","17":"shipping-taxable","18":"purchasable","19":"product-type-simple"},"yoast_head":"<!-- This site is optimized with the Yoast SEO plugin v27.4 - https:\/\/yoast.com\/product\/yoast-seo-wordpress\/ -->\n<title>Shell Rimula R3 SAE 10W 20L - Lo\u017eisk\u00e1 PLUS<\/title>\n<meta name=\"robots\" content=\"index, follow, max-snippet:-1, max-image-preview:large, max-video-preview:-1\" \/>\n<link rel=\"canonical\" href=\"https:\/\/www.loziskaplus.sk\/eshop\/produkt\/shell-rimula-r3-sae-10w-20l\/\" \/>\n<meta property=\"og:locale\" content=\"sk_SK\" \/>\n<meta property=\"og:type\" content=\"article\" \/>\n<meta property=\"og:title\" content=\"Shell Rimula R3 SAE 10W 20L - Lo\u017eisk\u00e1 PLUS\" \/>\n<meta property=\"og:description\" content=\"Olej SHELL RIMULA R3 10W 20L je miner\u00e1lny jednostup\u0148ov\u00fd olej. Je schv\u00e1len\u00fd pre pou\u017eitie v motoroch popredn\u00fdch v\u00fdrobcov. Vysok\u00e1 termick\u00e1 a oxida\u010dn\u00e1 stabilita poskytuje vysok\u00fd \u0161tandard \u010distoty piestu. Celkov\u00e1 \u010distota motora prispieva k n\u00edzkemu opotrebeniu motora, dlhej \u017eivotnosti jednotliv\u00fdch dielov a ni\u017e\u0161\u00edch servisn\u00fdch n\u00e1kladov. V\u00fdkonn\u00e9 motorov\u00e9 jednostup\u0148ov\u00e9 oleje SHELL RIMULA R3 boli formulovan\u00e9 na poskytnutie primeranej ochrany ve\u013ek\u00fdm dieselov\u00fdm motorom a to ako v mimo-cestn\u00fdch aplik\u00e1ci\u00e1ch tak v star\u0161\u00edch cestn\u00fdch vozidl\u00e1ch. SHELL RIMULA R3 10W n\u00e1jde svoje uplatnenie pre pou\u017eitie v stavebnej mechaniz\u00e1cii kde je niekedy vy\u017eadovan\u00fd do aplik\u00e1ci\u00ed ako s\u00fa hydraulick\u00e9 syst\u00e9my a prevodovky. \u0160pecifik\u00e1cie a schv\u00e1lenia: SAE 10W, API CF\" \/>\n<meta property=\"og:url\" content=\"https:\/\/www.loziskaplus.sk\/eshop\/produkt\/shell-rimula-r3-sae-10w-20l\/\" \/>\n<meta property=\"og:site_name\" content=\"Lo\u017eisk\u00e1 PLUS\" \/>\n<meta property=\"article:modified_time\" content=\"2026-03-20T11:33:16+00:00\" \/>\n<meta property=\"og:image\" content=\"https:\/\/www.loziskaplus.sk\/eshop\/wp-content\/uploads\/2024\/02\/shell-rimula-r3-sae-10w-20L.jpg\" \/>\n\t<meta property=\"og:image:width\" content=\"800\" \/>\n\t<meta property=\"og:image:height\" content=\"800\" \/>\n\t<meta property=\"og:image:type\" content=\"image\/jpeg\" \/>\n<meta name=\"twitter:card\" content=\"summary_large_image\" \/>\n<meta name=\"twitter:label1\" content=\"Predpokladan\u00fd \u010das \u010d\u00edtania\" \/>\n\t<meta name=\"twitter:data1\" content=\"1 min\u00fata\" \/>\n<script type=\"application\/ld+json\" class=\"yoast-schema-graph\">{\"@context\":\"https:\\\/\\\/schema.org\",\"@graph\":[{\"@type\":\"WebPage\",\"@id\":\"https:\\\/\\\/www.loziskaplus.sk\\\/eshop\\\/produkt\\\/shell-rimula-r3-sae-10w-20l\\\/\",\"url\":\"https:\\\/\\\/www.loziskaplus.sk\\\/eshop\\\/produkt\\\/shell-rimula-r3-sae-10w-20l\\\/\",\"name\":\"Shell Rimula R3 SAE 10W 20L - Lo\u017eisk\u00e1 PLUS\",\"isPartOf\":{\"@id\":\"https:\\\/\\\/www.loziskaplus.sk\\\/eshop\\\/#website\"},\"primaryImageOfPage\":{\"@id\":\"https:\\\/\\\/www.loziskaplus.sk\\\/eshop\\\/produkt\\\/shell-rimula-r3-sae-10w-20l\\\/#primaryimage\"},\"image\":{\"@id\":\"https:\\\/\\\/www.loziskaplus.sk\\\/eshop\\\/produkt\\\/shell-rimula-r3-sae-10w-20l\\\/#primaryimage\"},\"thumbnailUrl\":\"https:\\\/\\\/www.loziskaplus.sk\\\/eshop\\\/wp-content\\\/uploads\\\/2024\\\/02\\\/shell-rimula-r3-sae-10w-20L.jpg\",\"datePublished\":\"2024-02-13T12:17:20+00:00\",\"dateModified\":\"2026-03-20T11:33:16+00:00\",\"breadcrumb\":{\"@id\":\"https:\\\/\\\/www.loziskaplus.sk\\\/eshop\\\/produkt\\\/shell-rimula-r3-sae-10w-20l\\\/#breadcrumb\"},\"inLanguage\":\"sk-SK\",\"potentialAction\":[{\"@type\":\"ReadAction\",\"target\":[\"https:\\\/\\\/www.loziskaplus.sk\\\/eshop\\\/produkt\\\/shell-rimula-r3-sae-10w-20l\\\/\"]}]},{\"@type\":\"ImageObject\",\"inLanguage\":\"sk-SK\",\"@id\":\"https:\\\/\\\/www.loziskaplus.sk\\\/eshop\\\/produkt\\\/shell-rimula-r3-sae-10w-20l\\\/#primaryimage\",\"url\":\"https:\\\/\\\/www.loziskaplus.sk\\\/eshop\\\/wp-content\\\/uploads\\\/2024\\\/02\\\/shell-rimula-r3-sae-10w-20L.jpg\",\"contentUrl\":\"https:\\\/\\\/www.loziskaplus.sk\\\/eshop\\\/wp-content\\\/uploads\\\/2024\\\/02\\\/shell-rimula-r3-sae-10w-20L.jpg\",\"width\":800,\"height\":800},{\"@type\":\"BreadcrumbList\",\"@id\":\"https:\\\/\\\/www.loziskaplus.sk\\\/eshop\\\/produkt\\\/shell-rimula-r3-sae-10w-20l\\\/#breadcrumb\",\"itemListElement\":[{\"@type\":\"ListItem\",\"position\":1,\"name\":\"Domov\",\"item\":\"https:\\\/\\\/www.loziskaplus.sk\\\/eshop\\\/\"},{\"@type\":\"ListItem\",\"position\":2,\"name\":\"Obchod\",\"item\":\"https:\\\/\\\/www.loziskaplus.sk\\\/eshop\\\/obchod\\\/\"},{\"@type\":\"ListItem\",\"position\":3,\"name\":\"Shell Rimula R3 SAE 10W 20L\"}]},{\"@type\":\"WebSite\",\"@id\":\"https:\\\/\\\/www.loziskaplus.sk\\\/eshop\\\/#website\",\"url\":\"https:\\\/\\\/www.loziskaplus.sk\\\/eshop\\\/\",\"name\":\"Lo\u017eisk\u00e1 PLUS\",\"description\":\"\",\"publisher\":{\"@id\":\"https:\\\/\\\/www.loziskaplus.sk\\\/eshop\\\/#organization\"},\"potentialAction\":[{\"@type\":\"SearchAction\",\"target\":{\"@type\":\"EntryPoint\",\"urlTemplate\":\"https:\\\/\\\/www.loziskaplus.sk\\\/eshop\\\/?s={search_term_string}\"},\"query-input\":{\"@type\":\"PropertyValueSpecification\",\"valueRequired\":true,\"valueName\":\"search_term_string\"}}],\"inLanguage\":\"sk-SK\"},{\"@type\":\"Organization\",\"@id\":\"https:\\\/\\\/www.loziskaplus.sk\\\/eshop\\\/#organization\",\"name\":\"Lo\u017eisk\u00e1 PLUS\",\"url\":\"https:\\\/\\\/www.loziskaplus.sk\\\/eshop\\\/\",\"logo\":{\"@type\":\"ImageObject\",\"inLanguage\":\"sk-SK\",\"@id\":\"https:\\\/\\\/www.loziskaplus.sk\\\/eshop\\\/#\\\/schema\\\/logo\\\/image\\\/\",\"url\":\"https:\\\/\\\/www.loziskaplus.sk\\\/eshop\\\/wp-content\\\/uploads\\\/2024\\\/06\\\/logo-facebuk-1.jpg?v=1718619602\",\"contentUrl\":\"https:\\\/\\\/www.loziskaplus.sk\\\/eshop\\\/wp-content\\\/uploads\\\/2024\\\/06\\\/logo-facebuk-1.jpg?v=1718619602\",\"width\":180,\"height\":179,\"caption\":\"Lo\u017eisk\u00e1 PLUS\"},\"image\":{\"@id\":\"https:\\\/\\\/www.loziskaplus.sk\\\/eshop\\\/#\\\/schema\\\/logo\\\/image\\\/\"}}]}<\/script>\n<!-- \/ Yoast SEO plugin. -->","yoast_head_json":{"title":"Shell Rimula R3 SAE 10W 20L - Lo\u017eisk\u00e1 PLUS","robots":{"index":"index","follow":"follow","max-snippet":"max-snippet:-1","max-image-preview":"max-image-preview:large","max-video-preview":"max-video-preview:-1"},"canonical":"https:\/\/www.loziskaplus.sk\/eshop\/produkt\/shell-rimula-r3-sae-10w-20l\/","og_locale":"sk_SK","og_type":"article","og_title":"Shell Rimula R3 SAE 10W 20L - Lo\u017eisk\u00e1 PLUS","og_description":"Olej SHELL RIMULA R3 10W 20L je miner\u00e1lny jednostup\u0148ov\u00fd olej. Je schv\u00e1len\u00fd pre pou\u017eitie v motoroch popredn\u00fdch v\u00fdrobcov. Vysok\u00e1 termick\u00e1 a oxida\u010dn\u00e1 stabilita poskytuje vysok\u00fd \u0161tandard \u010distoty piestu. Celkov\u00e1 \u010distota motora prispieva k n\u00edzkemu opotrebeniu motora, dlhej \u017eivotnosti jednotliv\u00fdch dielov a ni\u017e\u0161\u00edch servisn\u00fdch n\u00e1kladov. V\u00fdkonn\u00e9 motorov\u00e9 jednostup\u0148ov\u00e9 oleje SHELL RIMULA R3 boli formulovan\u00e9 na poskytnutie primeranej ochrany ve\u013ek\u00fdm dieselov\u00fdm motorom a to ako v mimo-cestn\u00fdch aplik\u00e1ci\u00e1ch tak v star\u0161\u00edch cestn\u00fdch vozidl\u00e1ch. SHELL RIMULA R3 10W n\u00e1jde svoje uplatnenie pre pou\u017eitie v stavebnej mechaniz\u00e1cii kde je niekedy vy\u017eadovan\u00fd do aplik\u00e1ci\u00ed ako s\u00fa hydraulick\u00e9 syst\u00e9my a prevodovky. \u0160pecifik\u00e1cie a schv\u00e1lenia: SAE 10W, API CF","og_url":"https:\/\/www.loziskaplus.sk\/eshop\/produkt\/shell-rimula-r3-sae-10w-20l\/","og_site_name":"Lo\u017eisk\u00e1 PLUS","article_modified_time":"2026-03-20T11:33:16+00:00","og_image":[{"width":800,"height":800,"url":"https:\/\/www.loziskaplus.sk\/eshop\/wp-content\/uploads\/2024\/02\/shell-rimula-r3-sae-10w-20L.jpg","type":"image\/jpeg"}],"twitter_card":"summary_large_image","twitter_misc":{"Predpokladan\u00fd \u010das \u010d\u00edtania":"1 min\u00fata"},"schema":{"@context":"https:\/\/schema.org","@graph":[{"@type":"WebPage","@id":"https:\/\/www.loziskaplus.sk\/eshop\/produkt\/shell-rimula-r3-sae-10w-20l\/","url":"https:\/\/www.loziskaplus.sk\/eshop\/produkt\/shell-rimula-r3-sae-10w-20l\/","name":"Shell Rimula R3 SAE 10W 20L - Lo\u017eisk\u00e1 PLUS","isPartOf":{"@id":"https:\/\/www.loziskaplus.sk\/eshop\/#website"},"primaryImageOfPage":{"@id":"https:\/\/www.loziskaplus.sk\/eshop\/produkt\/shell-rimula-r3-sae-10w-20l\/#primaryimage"},"image":{"@id":"https:\/\/www.loziskaplus.sk\/eshop\/produkt\/shell-rimula-r3-sae-10w-20l\/#primaryimage"},"thumbnailUrl":"https:\/\/www.loziskaplus.sk\/eshop\/wp-content\/uploads\/2024\/02\/shell-rimula-r3-sae-10w-20L.jpg","datePublished":"2024-02-13T12:17:20+00:00","dateModified":"2026-03-20T11:33:16+00:00","breadcrumb":{"@id":"https:\/\/www.loziskaplus.sk\/eshop\/produkt\/shell-rimula-r3-sae-10w-20l\/#breadcrumb"},"inLanguage":"sk-SK","potentialAction":[{"@type":"ReadAction","target":["https:\/\/www.loziskaplus.sk\/eshop\/produkt\/shell-rimula-r3-sae-10w-20l\/"]}]},{"@type":"ImageObject","inLanguage":"sk-SK","@id":"https:\/\/www.loziskaplus.sk\/eshop\/produkt\/shell-rimula-r3-sae-10w-20l\/#primaryimage","url":"https:\/\/www.loziskaplus.sk\/eshop\/wp-content\/uploads\/2024\/02\/shell-rimula-r3-sae-10w-20L.jpg","contentUrl":"https:\/\/www.loziskaplus.sk\/eshop\/wp-content\/uploads\/2024\/02\/shell-rimula-r3-sae-10w-20L.jpg","width":800,"height":800},{"@type":"BreadcrumbList","@id":"https:\/\/www.loziskaplus.sk\/eshop\/produkt\/shell-rimula-r3-sae-10w-20l\/#breadcrumb","itemListElement":[{"@type":"ListItem","position":1,"name":"Domov","item":"https:\/\/www.loziskaplus.sk\/eshop\/"},{"@type":"ListItem","position":2,"name":"Obchod","item":"https:\/\/www.loziskaplus.sk\/eshop\/obchod\/"},{"@type":"ListItem","position":3,"name":"Shell Rimula R3 SAE 10W 20L"}]},{"@type":"WebSite","@id":"https:\/\/www.loziskaplus.sk\/eshop\/#website","url":"https:\/\/www.loziskaplus.sk\/eshop\/","name":"Lo\u017eisk\u00e1 PLUS","description":"","publisher":{"@id":"https:\/\/www.loziskaplus.sk\/eshop\/#organization"},"potentialAction":[{"@type":"SearchAction","target":{"@type":"EntryPoint","urlTemplate":"https:\/\/www.loziskaplus.sk\/eshop\/?s={search_term_string}"},"query-input":{"@type":"PropertyValueSpecification","valueRequired":true,"valueName":"search_term_string"}}],"inLanguage":"sk-SK"},{"@type":"Organization","@id":"https:\/\/www.loziskaplus.sk\/eshop\/#organization","name":"Lo\u017eisk\u00e1 PLUS","url":"https:\/\/www.loziskaplus.sk\/eshop\/","logo":{"@type":"ImageObject","inLanguage":"sk-SK","@id":"https:\/\/www.loziskaplus.sk\/eshop\/#\/schema\/logo\/image\/","url":"https:\/\/www.loziskaplus.sk\/eshop\/wp-content\/uploads\/2024\/06\/logo-facebuk-1.jpg?v=1718619602","contentUrl":"https:\/\/www.loziskaplus.sk\/eshop\/wp-content\/uploads\/2024\/06\/logo-facebuk-1.jpg?v=1718619602","width":180,"height":179,"caption":"Lo\u017eisk\u00e1 PLUS"},"image":{"@id":"https:\/\/www.loziskaplus.sk\/eshop\/#\/schema\/logo\/image\/"}}]}},"jetpack_sharing_enabled":true,"_links":{"self":[{"href":"https:\/\/www.loziskaplus.sk\/eshop\/wp-json\/wp\/v2\/product\/7803","targetHints":{"allow":["GET"]}}],"collection":[{"href":"https:\/\/www.loziskaplus.sk\/eshop\/wp-json\/wp\/v2\/product"}],"about":[{"href":"https:\/\/www.loziskaplus.sk\/eshop\/wp-json\/wp\/v2\/types\/product"}],"wp:featuredmedia":[{"embeddable":true,"href":"https:\/\/www.loziskaplus.sk\/eshop\/wp-json\/wp\/v2\/media\/7804"}],"wp:attachment":[{"href":"https:\/\/www.loziskaplus.sk\/eshop\/wp-json\/wp\/v2\/media?parent=7803"}],"wp:term":[{"taxonomy":"product_brand","embeddable":true,"href":"https:\/\/www.loziskaplus.sk\/eshop\/wp-json\/wp\/v2\/product_brand?post=7803"},{"taxonomy":"product_cat","embeddable":true,"href":"https:\/\/www.loziskaplus.sk\/eshop\/wp-json\/wp\/v2\/product_cat?post=7803"},{"taxonomy":"product_tag","embeddable":true,"href":"https:\/\/www.loziskaplus.sk\/eshop\/wp-json\/wp\/v2\/product_tag?post=7803"}],"curies":[{"name":"wp","href":"https:\/\/api.w.org\/{rel}","templated":true}]}}