{"id":7805,"date":"2024-02-13T13:28:07","date_gmt":"2024-02-13T12:28:07","guid":{"rendered":"https:\/\/www.loziskaplus.sk\/eshop\/?post_type=product&#038;p=7805"},"modified":"2026-03-20T12:32:04","modified_gmt":"2026-03-20T11:32:04","slug":"shell-rimula-r6-ms-10w-40-20l","status":"publish","type":"product","link":"https:\/\/www.loziskaplus.sk\/eshop\/produkt\/shell-rimula-r6-ms-10w-40-20l\/","title":{"rendered":"Shell Rimula R6 MS 10W-40 20L"},"content":{"rendered":"<div id=\"short_description_block\">\n<div id=\"short_description_content\" class=\"rte align_justify\">\n<p>Shell Rimula R6 MS 10W-40 je plne\u00a0syntetick\u00fd olej pre vysoko za\u0165a\u017eovan\u00e9 dieselov\u00e9 motory. Vhodn\u00fd najm\u00e4 pre modern\u00e9 n\u00edzko emisn\u00e9 vozidl\u00e1 Mercedes-Benz a\u00a0MAN.<\/p>\n<\/div>\n<\/div>\n<p class=\"features_block\"><b>SAE<\/b> 10W-40<br \/>\n<b>ACEA<\/b> E4, E7<br \/>\n<b>MB<\/b> 228.5<br \/>\n<b>MAN<\/b> M 3277<br \/>\n<b>Renault<\/b> Truck RXD<br \/>\n<b>Volvo<\/b> VDS-3<br \/>\n<b>Iveco<\/b> sp\u013a\u0148a \u0161pecifik\u00e1cie T3 E4<br \/>\n<b>Deutz<\/b> DQC IV-18<br \/>\n<b>MTU<\/b> Kateg\u00f3ria 3<br \/>\n<b>Scania<\/b> LDF-2, LDF-3<\/p>\n","protected":false},"excerpt":{"rendered":"<p>Plne syntetick\u00fd olej pre vysoko za\u0165a\u017eovan\u00e9 dieselov\u00e9 motory. Vhodn\u00fd najm\u00e4 pre modern\u00e9 n\u00edzko emisn\u00e9 vozidl\u00e1 Mercedes-Benz a MAN. Sp\u013a\u0148a alebo prevy\u0161uje v\u00fdkonnostn\u00e9 po\u017eiadavky \u010fal\u0161\u00edch eur\u00f3pskych v\u00fdrobcov ako Scania, Volvo, Renault, DAF, Deutz a IVECO a tie\u017e Cummins, Mack a mnoh\u00fdch japonsk\u00fdch typov motorov. Nie je vhodn\u00fd pre motory Caterpillar. Sp\u013a\u0148a po\u017eiadavky v\u00e4\u010d\u0161iny eur\u00f3pskych v\u00fdrobcov motorov Euro 2,3. Je tie\u017e vhodn\u00fd pre v\u00e4\u010d\u0161inu motorov bez filtra pevn\u00fdch \u010dast\u00edc triedy Euro IV a Euro V, rovnako ako pre motory Scania triedy Euro VI. Schv\u00e1lenia: ACEA E7, E4, Deutz DQC IV-10, IVECO T3 E4 (sp\u013a\u0148a \u0161pecifik\u00e1cie IVECO), MAN M3277, MB 228.5, MTU kateg\u00f3rie 3, n\u00e1kladn\u00e9 automobily Renault RXD, Scania LDF-2, LDF-3, Volvo VDS-3<\/p>\n","protected":false},"featured_media":7807,"template":"","meta":[],"product_brand":[],"product_cat":[29,34,35,19],"product_tag":[],"class_list":{"0":"post-7805","1":"product","2":"type-product","3":"status-publish","4":"has-post-thumbnail","6":"product_cat-motorove-oleje","7":"product_cat-olej-nakladne-automobily","8":"product_cat-olej-polnohospodarska-technika","9":"product_cat-oleje","10":"pa_balenie-20l","11":"pa_viskozita-10w-40","12":"pa_vyrobca-shell","14":"first","15":"onbackorder","16":"taxable","17":"shipping-taxable","18":"purchasable","19":"product-type-simple"},"yoast_head":"<!-- This site is optimized with the Yoast SEO plugin v27.4 - https:\/\/yoast.com\/product\/yoast-seo-wordpress\/ -->\n<title>Shell Rimula R6 MS 10W-40 20L - Lo\u017eisk\u00e1 PLUS<\/title>\n<meta name=\"robots\" content=\"index, follow, max-snippet:-1, max-image-preview:large, max-video-preview:-1\" \/>\n<link rel=\"canonical\" href=\"https:\/\/www.loziskaplus.sk\/eshop\/produkt\/shell-rimula-r6-ms-10w-40-20l\/\" \/>\n<meta property=\"og:locale\" content=\"sk_SK\" \/>\n<meta property=\"og:type\" content=\"article\" \/>\n<meta property=\"og:title\" content=\"Shell Rimula R6 MS 10W-40 20L - Lo\u017eisk\u00e1 PLUS\" \/>\n<meta property=\"og:description\" content=\"Plne syntetick\u00fd olej pre vysoko za\u0165a\u017eovan\u00e9 dieselov\u00e9 motory. Vhodn\u00fd najm\u00e4 pre modern\u00e9 n\u00edzko emisn\u00e9 vozidl\u00e1 Mercedes-Benz a MAN. Sp\u013a\u0148a alebo prevy\u0161uje v\u00fdkonnostn\u00e9 po\u017eiadavky \u010fal\u0161\u00edch eur\u00f3pskych v\u00fdrobcov ako Scania, Volvo, Renault, DAF, Deutz a IVECO a tie\u017e Cummins, Mack a mnoh\u00fdch japonsk\u00fdch typov motorov. Nie je vhodn\u00fd pre motory Caterpillar. Sp\u013a\u0148a po\u017eiadavky v\u00e4\u010d\u0161iny eur\u00f3pskych v\u00fdrobcov motorov Euro 2,3. Je tie\u017e vhodn\u00fd pre v\u00e4\u010d\u0161inu motorov bez filtra pevn\u00fdch \u010dast\u00edc triedy Euro IV a Euro V, rovnako ako pre motory Scania triedy Euro VI. Schv\u00e1lenia: ACEA E7, E4, Deutz DQC IV-10, IVECO T3 E4 (sp\u013a\u0148a \u0161pecifik\u00e1cie IVECO), MAN M3277, MB 228.5, MTU kateg\u00f3rie 3, n\u00e1kladn\u00e9 automobily Renault RXD, Scania LDF-2, LDF-3, Volvo VDS-3\" \/>\n<meta property=\"og:url\" content=\"https:\/\/www.loziskaplus.sk\/eshop\/produkt\/shell-rimula-r6-ms-10w-40-20l\/\" \/>\n<meta property=\"og:site_name\" content=\"Lo\u017eisk\u00e1 PLUS\" \/>\n<meta property=\"article:modified_time\" content=\"2026-03-20T11:32:04+00:00\" \/>\n<meta property=\"og:image\" content=\"https:\/\/www.loziskaplus.sk\/eshop\/wp-content\/uploads\/2024\/02\/shell-rimula-r6-ms-10w-40-20L.jpg\" \/>\n\t<meta property=\"og:image:width\" content=\"800\" \/>\n\t<meta property=\"og:image:height\" content=\"800\" \/>\n\t<meta property=\"og:image:type\" content=\"image\/jpeg\" \/>\n<meta name=\"twitter:card\" content=\"summary_large_image\" \/>\n<meta name=\"twitter:label1\" content=\"Predpokladan\u00fd \u010das \u010d\u00edtania\" \/>\n\t<meta name=\"twitter:data1\" content=\"1 min\u00fata\" \/>\n<script type=\"application\/ld+json\" class=\"yoast-schema-graph\">{\"@context\":\"https:\\\/\\\/schema.org\",\"@graph\":[{\"@type\":\"WebPage\",\"@id\":\"https:\\\/\\\/www.loziskaplus.sk\\\/eshop\\\/produkt\\\/shell-rimula-r6-ms-10w-40-20l\\\/\",\"url\":\"https:\\\/\\\/www.loziskaplus.sk\\\/eshop\\\/produkt\\\/shell-rimula-r6-ms-10w-40-20l\\\/\",\"name\":\"Shell Rimula R6 MS 10W-40 20L - Lo\u017eisk\u00e1 PLUS\",\"isPartOf\":{\"@id\":\"https:\\\/\\\/www.loziskaplus.sk\\\/eshop\\\/#website\"},\"primaryImageOfPage\":{\"@id\":\"https:\\\/\\\/www.loziskaplus.sk\\\/eshop\\\/produkt\\\/shell-rimula-r6-ms-10w-40-20l\\\/#primaryimage\"},\"image\":{\"@id\":\"https:\\\/\\\/www.loziskaplus.sk\\\/eshop\\\/produkt\\\/shell-rimula-r6-ms-10w-40-20l\\\/#primaryimage\"},\"thumbnailUrl\":\"https:\\\/\\\/www.loziskaplus.sk\\\/eshop\\\/wp-content\\\/uploads\\\/2024\\\/02\\\/shell-rimula-r6-ms-10w-40-20L.jpg\",\"datePublished\":\"2024-02-13T12:28:07+00:00\",\"dateModified\":\"2026-03-20T11:32:04+00:00\",\"breadcrumb\":{\"@id\":\"https:\\\/\\\/www.loziskaplus.sk\\\/eshop\\\/produkt\\\/shell-rimula-r6-ms-10w-40-20l\\\/#breadcrumb\"},\"inLanguage\":\"sk-SK\",\"potentialAction\":[{\"@type\":\"ReadAction\",\"target\":[\"https:\\\/\\\/www.loziskaplus.sk\\\/eshop\\\/produkt\\\/shell-rimula-r6-ms-10w-40-20l\\\/\"]}]},{\"@type\":\"ImageObject\",\"inLanguage\":\"sk-SK\",\"@id\":\"https:\\\/\\\/www.loziskaplus.sk\\\/eshop\\\/produkt\\\/shell-rimula-r6-ms-10w-40-20l\\\/#primaryimage\",\"url\":\"https:\\\/\\\/www.loziskaplus.sk\\\/eshop\\\/wp-content\\\/uploads\\\/2024\\\/02\\\/shell-rimula-r6-ms-10w-40-20L.jpg\",\"contentUrl\":\"https:\\\/\\\/www.loziskaplus.sk\\\/eshop\\\/wp-content\\\/uploads\\\/2024\\\/02\\\/shell-rimula-r6-ms-10w-40-20L.jpg\",\"width\":800,\"height\":800},{\"@type\":\"BreadcrumbList\",\"@id\":\"https:\\\/\\\/www.loziskaplus.sk\\\/eshop\\\/produkt\\\/shell-rimula-r6-ms-10w-40-20l\\\/#breadcrumb\",\"itemListElement\":[{\"@type\":\"ListItem\",\"position\":1,\"name\":\"Domov\",\"item\":\"https:\\\/\\\/www.loziskaplus.sk\\\/eshop\\\/\"},{\"@type\":\"ListItem\",\"position\":2,\"name\":\"Obchod\",\"item\":\"https:\\\/\\\/www.loziskaplus.sk\\\/eshop\\\/obchod\\\/\"},{\"@type\":\"ListItem\",\"position\":3,\"name\":\"Shell Rimula R6 MS 10W-40 20L\"}]},{\"@type\":\"WebSite\",\"@id\":\"https:\\\/\\\/www.loziskaplus.sk\\\/eshop\\\/#website\",\"url\":\"https:\\\/\\\/www.loziskaplus.sk\\\/eshop\\\/\",\"name\":\"Lo\u017eisk\u00e1 PLUS\",\"description\":\"\",\"publisher\":{\"@id\":\"https:\\\/\\\/www.loziskaplus.sk\\\/eshop\\\/#organization\"},\"potentialAction\":[{\"@type\":\"SearchAction\",\"target\":{\"@type\":\"EntryPoint\",\"urlTemplate\":\"https:\\\/\\\/www.loziskaplus.sk\\\/eshop\\\/?s={search_term_string}\"},\"query-input\":{\"@type\":\"PropertyValueSpecification\",\"valueRequired\":true,\"valueName\":\"search_term_string\"}}],\"inLanguage\":\"sk-SK\"},{\"@type\":\"Organization\",\"@id\":\"https:\\\/\\\/www.loziskaplus.sk\\\/eshop\\\/#organization\",\"name\":\"Lo\u017eisk\u00e1 PLUS\",\"url\":\"https:\\\/\\\/www.loziskaplus.sk\\\/eshop\\\/\",\"logo\":{\"@type\":\"ImageObject\",\"inLanguage\":\"sk-SK\",\"@id\":\"https:\\\/\\\/www.loziskaplus.sk\\\/eshop\\\/#\\\/schema\\\/logo\\\/image\\\/\",\"url\":\"https:\\\/\\\/www.loziskaplus.sk\\\/eshop\\\/wp-content\\\/uploads\\\/2024\\\/06\\\/logo-facebuk-1.jpg?v=1718619602\",\"contentUrl\":\"https:\\\/\\\/www.loziskaplus.sk\\\/eshop\\\/wp-content\\\/uploads\\\/2024\\\/06\\\/logo-facebuk-1.jpg?v=1718619602\",\"width\":180,\"height\":179,\"caption\":\"Lo\u017eisk\u00e1 PLUS\"},\"image\":{\"@id\":\"https:\\\/\\\/www.loziskaplus.sk\\\/eshop\\\/#\\\/schema\\\/logo\\\/image\\\/\"}}]}<\/script>\n<!-- \/ Yoast SEO plugin. -->","yoast_head_json":{"title":"Shell Rimula R6 MS 10W-40 20L - Lo\u017eisk\u00e1 PLUS","robots":{"index":"index","follow":"follow","max-snippet":"max-snippet:-1","max-image-preview":"max-image-preview:large","max-video-preview":"max-video-preview:-1"},"canonical":"https:\/\/www.loziskaplus.sk\/eshop\/produkt\/shell-rimula-r6-ms-10w-40-20l\/","og_locale":"sk_SK","og_type":"article","og_title":"Shell Rimula R6 MS 10W-40 20L - Lo\u017eisk\u00e1 PLUS","og_description":"Plne syntetick\u00fd olej pre vysoko za\u0165a\u017eovan\u00e9 dieselov\u00e9 motory. Vhodn\u00fd najm\u00e4 pre modern\u00e9 n\u00edzko emisn\u00e9 vozidl\u00e1 Mercedes-Benz a MAN. Sp\u013a\u0148a alebo prevy\u0161uje v\u00fdkonnostn\u00e9 po\u017eiadavky \u010fal\u0161\u00edch eur\u00f3pskych v\u00fdrobcov ako Scania, Volvo, Renault, DAF, Deutz a IVECO a tie\u017e Cummins, Mack a mnoh\u00fdch japonsk\u00fdch typov motorov. Nie je vhodn\u00fd pre motory Caterpillar. Sp\u013a\u0148a po\u017eiadavky v\u00e4\u010d\u0161iny eur\u00f3pskych v\u00fdrobcov motorov Euro 2,3. Je tie\u017e vhodn\u00fd pre v\u00e4\u010d\u0161inu motorov bez filtra pevn\u00fdch \u010dast\u00edc triedy Euro IV a Euro V, rovnako ako pre motory Scania triedy Euro VI. Schv\u00e1lenia: ACEA E7, E4, Deutz DQC IV-10, IVECO T3 E4 (sp\u013a\u0148a \u0161pecifik\u00e1cie IVECO), MAN M3277, MB 228.5, MTU kateg\u00f3rie 3, n\u00e1kladn\u00e9 automobily Renault RXD, Scania LDF-2, LDF-3, Volvo VDS-3","og_url":"https:\/\/www.loziskaplus.sk\/eshop\/produkt\/shell-rimula-r6-ms-10w-40-20l\/","og_site_name":"Lo\u017eisk\u00e1 PLUS","article_modified_time":"2026-03-20T11:32:04+00:00","og_image":[{"width":800,"height":800,"url":"https:\/\/www.loziskaplus.sk\/eshop\/wp-content\/uploads\/2024\/02\/shell-rimula-r6-ms-10w-40-20L.jpg","type":"image\/jpeg"}],"twitter_card":"summary_large_image","twitter_misc":{"Predpokladan\u00fd \u010das \u010d\u00edtania":"1 min\u00fata"},"schema":{"@context":"https:\/\/schema.org","@graph":[{"@type":"WebPage","@id":"https:\/\/www.loziskaplus.sk\/eshop\/produkt\/shell-rimula-r6-ms-10w-40-20l\/","url":"https:\/\/www.loziskaplus.sk\/eshop\/produkt\/shell-rimula-r6-ms-10w-40-20l\/","name":"Shell Rimula R6 MS 10W-40 20L - Lo\u017eisk\u00e1 PLUS","isPartOf":{"@id":"https:\/\/www.loziskaplus.sk\/eshop\/#website"},"primaryImageOfPage":{"@id":"https:\/\/www.loziskaplus.sk\/eshop\/produkt\/shell-rimula-r6-ms-10w-40-20l\/#primaryimage"},"image":{"@id":"https:\/\/www.loziskaplus.sk\/eshop\/produkt\/shell-rimula-r6-ms-10w-40-20l\/#primaryimage"},"thumbnailUrl":"https:\/\/www.loziskaplus.sk\/eshop\/wp-content\/uploads\/2024\/02\/shell-rimula-r6-ms-10w-40-20L.jpg","datePublished":"2024-02-13T12:28:07+00:00","dateModified":"2026-03-20T11:32:04+00:00","breadcrumb":{"@id":"https:\/\/www.loziskaplus.sk\/eshop\/produkt\/shell-rimula-r6-ms-10w-40-20l\/#breadcrumb"},"inLanguage":"sk-SK","potentialAction":[{"@type":"ReadAction","target":["https:\/\/www.loziskaplus.sk\/eshop\/produkt\/shell-rimula-r6-ms-10w-40-20l\/"]}]},{"@type":"ImageObject","inLanguage":"sk-SK","@id":"https:\/\/www.loziskaplus.sk\/eshop\/produkt\/shell-rimula-r6-ms-10w-40-20l\/#primaryimage","url":"https:\/\/www.loziskaplus.sk\/eshop\/wp-content\/uploads\/2024\/02\/shell-rimula-r6-ms-10w-40-20L.jpg","contentUrl":"https:\/\/www.loziskaplus.sk\/eshop\/wp-content\/uploads\/2024\/02\/shell-rimula-r6-ms-10w-40-20L.jpg","width":800,"height":800},{"@type":"BreadcrumbList","@id":"https:\/\/www.loziskaplus.sk\/eshop\/produkt\/shell-rimula-r6-ms-10w-40-20l\/#breadcrumb","itemListElement":[{"@type":"ListItem","position":1,"name":"Domov","item":"https:\/\/www.loziskaplus.sk\/eshop\/"},{"@type":"ListItem","position":2,"name":"Obchod","item":"https:\/\/www.loziskaplus.sk\/eshop\/obchod\/"},{"@type":"ListItem","position":3,"name":"Shell Rimula R6 MS 10W-40 20L"}]},{"@type":"WebSite","@id":"https:\/\/www.loziskaplus.sk\/eshop\/#website","url":"https:\/\/www.loziskaplus.sk\/eshop\/","name":"Lo\u017eisk\u00e1 PLUS","description":"","publisher":{"@id":"https:\/\/www.loziskaplus.sk\/eshop\/#organization"},"potentialAction":[{"@type":"SearchAction","target":{"@type":"EntryPoint","urlTemplate":"https:\/\/www.loziskaplus.sk\/eshop\/?s={search_term_string}"},"query-input":{"@type":"PropertyValueSpecification","valueRequired":true,"valueName":"search_term_string"}}],"inLanguage":"sk-SK"},{"@type":"Organization","@id":"https:\/\/www.loziskaplus.sk\/eshop\/#organization","name":"Lo\u017eisk\u00e1 PLUS","url":"https:\/\/www.loziskaplus.sk\/eshop\/","logo":{"@type":"ImageObject","inLanguage":"sk-SK","@id":"https:\/\/www.loziskaplus.sk\/eshop\/#\/schema\/logo\/image\/","url":"https:\/\/www.loziskaplus.sk\/eshop\/wp-content\/uploads\/2024\/06\/logo-facebuk-1.jpg?v=1718619602","contentUrl":"https:\/\/www.loziskaplus.sk\/eshop\/wp-content\/uploads\/2024\/06\/logo-facebuk-1.jpg?v=1718619602","width":180,"height":179,"caption":"Lo\u017eisk\u00e1 PLUS"},"image":{"@id":"https:\/\/www.loziskaplus.sk\/eshop\/#\/schema\/logo\/image\/"}}]}},"jetpack_sharing_enabled":true,"_links":{"self":[{"href":"https:\/\/www.loziskaplus.sk\/eshop\/wp-json\/wp\/v2\/product\/7805","targetHints":{"allow":["GET"]}}],"collection":[{"href":"https:\/\/www.loziskaplus.sk\/eshop\/wp-json\/wp\/v2\/product"}],"about":[{"href":"https:\/\/www.loziskaplus.sk\/eshop\/wp-json\/wp\/v2\/types\/product"}],"wp:featuredmedia":[{"embeddable":true,"href":"https:\/\/www.loziskaplus.sk\/eshop\/wp-json\/wp\/v2\/media\/7807"}],"wp:attachment":[{"href":"https:\/\/www.loziskaplus.sk\/eshop\/wp-json\/wp\/v2\/media?parent=7805"}],"wp:term":[{"taxonomy":"product_brand","embeddable":true,"href":"https:\/\/www.loziskaplus.sk\/eshop\/wp-json\/wp\/v2\/product_brand?post=7805"},{"taxonomy":"product_cat","embeddable":true,"href":"https:\/\/www.loziskaplus.sk\/eshop\/wp-json\/wp\/v2\/product_cat?post=7805"},{"taxonomy":"product_tag","embeddable":true,"href":"https:\/\/www.loziskaplus.sk\/eshop\/wp-json\/wp\/v2\/product_tag?post=7805"}],"curies":[{"name":"wp","href":"https:\/\/api.w.org\/{rel}","templated":true}]}}