{"id":7808,"date":"2024-02-13T13:33:27","date_gmt":"2024-02-13T12:33:27","guid":{"rendered":"https:\/\/www.loziskaplus.sk\/eshop\/?post_type=product&#038;p=7808"},"modified":"2026-03-20T11:23:26","modified_gmt":"2026-03-20T10:23:26","slug":"shell-rimula-r4-x-15w-40-20l","status":"publish","type":"product","link":"https:\/\/www.loziskaplus.sk\/eshop\/produkt\/shell-rimula-r4-x-15w-40-20l\/","title":{"rendered":"Shell Rimula R4 X 15W-40 20L"},"content":{"rendered":"<div id=\"short_description_block\">\n<div id=\"short_description_content\" class=\"rte align_justify\">\n<p>Shell Rimula R4 X\u00a0je miner\u00e1lny motorov\u00fd olej. Pr\u00edsady umo\u017e\u0148uj\u00fa trojit\u00fd ochrann\u00fd \u00fa\u010dinok: chr\u00e1ni proti kysl\u00fdm produktom spa\u013eovania, zni\u017euje opotrebenie motora a\u00a0chr\u00e1ni proti tvorbe usaden\u00edn. Pom\u00e1ha zni\u017eova\u0165 n\u00e1klady na \u00fadr\u017ebu a\u00a0zvy\u0161uje spo\u013eahlivos\u0165 strojov.<\/p>\n<\/div>\n<\/div>\n<p class=\"features_block\"><b>Normy a schv\u00e1lenia:<\/b> ACEA E7, E5, E3, API CI-4, CH-4, CG-4, CF-4, CF.SL, Global DHD-1, Caterpillar ECF-2, ECF-1-A, Cummins CES 20078, 77, 76, 75, 72, 71, DDC 93K215, Deutz DQC III-10, Mack EO-M+, EO-M, MAN M3275-1, MB 228.3, MTU Kateg\u00f3ria 2, Renault Trucks RLD-2, Volvo VDS-3,<br \/>\n<b>SAE<\/b> 15W-40<br \/>\n<b>ACEA<\/b> E7, E5, E3<br \/>\n<b>API<\/b> CI-4, CH-4, SL<br \/>\n<b>MB<\/b> 228.3<br \/>\n<b>JASO<\/b> DH-1<br \/>\n<b>MAN<\/b> M 3275-1<br \/>\n<b>Renault<\/b> Trucks RLD-2<br \/>\n<b>Volvo<\/b> VDS-3<br \/>\n<b>Caterpillar<\/b> ECF-2, ECF-1-A<br \/>\n<b>Cummins<\/b> CES 20078, 20077, 20076, 20075, 20072, 20071<br \/>\n<b>Deutz<\/b> DQC III-18<br \/>\n<b>Mack<\/b> EO-M+, EO-M,EO-N<br \/>\n<b>MTU<\/b> Kateg\u00f3ria 2<\/p>\n","protected":false},"excerpt":{"rendered":"<p>Miner\u00e1lny motorov\u00fd olej. Pr\u00edsady umo\u017e\u0148uj\u00fa trojit\u00fd ochrann\u00fd \u00fa\u010dinok: chr\u00e1ni proti kysl\u00fdm produktom spa\u013eovania, zni\u017euje opotrebenie motora a chr\u00e1ni proti tvorbe usaden\u00edn. Pom\u00e1ha zni\u017eova\u0165 n\u00e1klady na \u00fadr\u017ebu a zvy\u0161uje spo\u013eahlivos\u0165 strojov. V\u010faka \u0161irok\u00e9mu spektru schv\u00e1len\u00ed od v\u00fdrobcov motorov je tento olej vhodn\u00fd prakticky do v\u0161etk\u00fdch ve\u013ek\u00fdch dieselov\u00fdch motorov, neprepl\u0148ovan\u00fdch rovnako ako do prepl\u0148ovan\u00fdch, zah\u0155\u0148aj\u00faci aj mimocestn\u00e9 aplik\u00e1cie. Schv\u00e1lenia: ACEA E7, E5, E3, API CI-4, CH-4, CG-4, CF-4, CF.SL, Global DHD-1, Caterpillar ECF-2, ECF-1-A, Cummins CES 20078, 77, 76, 75, 72, 71, DDC 93K215, Deutz DQC III-10, Mack EO-M+, EO-M, MAN M3275-1, MB 228.3, MTU Kateg\u00f3ria 2, Renault Trucks RLD-2, Volvo VDS-3, JASO DH-1<\/p>\n","protected":false},"featured_media":7813,"template":"","meta":[],"product_brand":[],"product_cat":[29,34,35,19],"product_tag":[],"class_list":{"0":"post-7808","1":"product","2":"type-product","3":"status-publish","4":"has-post-thumbnail","6":"product_cat-motorove-oleje","7":"product_cat-olej-nakladne-automobily","8":"product_cat-olej-polnohospodarska-technika","9":"product_cat-oleje","10":"pa_balenie-20l","11":"pa_viskozita-15w-40","12":"pa_vyrobca-shell","14":"first","15":"onbackorder","16":"taxable","17":"shipping-taxable","18":"purchasable","19":"product-type-simple"},"yoast_head":"<!-- This site is optimized with the Yoast SEO plugin v27.4 - https:\/\/yoast.com\/product\/yoast-seo-wordpress\/ -->\n<title>Shell Rimula R4 X 15W-40 20L - Lo\u017eisk\u00e1 PLUS<\/title>\n<meta name=\"robots\" content=\"index, follow, max-snippet:-1, max-image-preview:large, max-video-preview:-1\" \/>\n<link rel=\"canonical\" href=\"https:\/\/www.loziskaplus.sk\/eshop\/produkt\/shell-rimula-r4-x-15w-40-20l\/\" \/>\n<meta property=\"og:locale\" content=\"sk_SK\" \/>\n<meta property=\"og:type\" content=\"article\" \/>\n<meta property=\"og:title\" content=\"Shell Rimula R4 X 15W-40 20L - Lo\u017eisk\u00e1 PLUS\" \/>\n<meta property=\"og:description\" content=\"Miner\u00e1lny motorov\u00fd olej. Pr\u00edsady umo\u017e\u0148uj\u00fa trojit\u00fd ochrann\u00fd \u00fa\u010dinok: chr\u00e1ni proti kysl\u00fdm produktom spa\u013eovania, zni\u017euje opotrebenie motora a chr\u00e1ni proti tvorbe usaden\u00edn. Pom\u00e1ha zni\u017eova\u0165 n\u00e1klady na \u00fadr\u017ebu a zvy\u0161uje spo\u013eahlivos\u0165 strojov. V\u010faka \u0161irok\u00e9mu spektru schv\u00e1len\u00ed od v\u00fdrobcov motorov je tento olej vhodn\u00fd prakticky do v\u0161etk\u00fdch ve\u013ek\u00fdch dieselov\u00fdch motorov, neprepl\u0148ovan\u00fdch rovnako ako do prepl\u0148ovan\u00fdch, zah\u0155\u0148aj\u00faci aj mimocestn\u00e9 aplik\u00e1cie. Schv\u00e1lenia: ACEA E7, E5, E3, API CI-4, CH-4, CG-4, CF-4, CF.SL, Global DHD-1, Caterpillar ECF-2, ECF-1-A, Cummins CES 20078, 77, 76, 75, 72, 71, DDC 93K215, Deutz DQC III-10, Mack EO-M+, EO-M, MAN M3275-1, MB 228.3, MTU Kateg\u00f3ria 2, Renault Trucks RLD-2, Volvo VDS-3, JASO DH-1\" \/>\n<meta property=\"og:url\" content=\"https:\/\/www.loziskaplus.sk\/eshop\/produkt\/shell-rimula-r4-x-15w-40-20l\/\" \/>\n<meta property=\"og:site_name\" content=\"Lo\u017eisk\u00e1 PLUS\" \/>\n<meta property=\"article:modified_time\" content=\"2026-03-20T10:23:26+00:00\" \/>\n<meta property=\"og:image\" content=\"https:\/\/www.loziskaplus.sk\/eshop\/wp-content\/uploads\/2024\/02\/shell-rimula-r4-x-15w-40-20L.jpg\" \/>\n\t<meta property=\"og:image:width\" content=\"800\" \/>\n\t<meta property=\"og:image:height\" content=\"800\" \/>\n\t<meta property=\"og:image:type\" content=\"image\/jpeg\" \/>\n<meta name=\"twitter:card\" content=\"summary_large_image\" \/>\n<meta name=\"twitter:label1\" content=\"Predpokladan\u00fd \u010das \u010d\u00edtania\" \/>\n\t<meta name=\"twitter:data1\" content=\"1 min\u00fata\" \/>\n<script type=\"application\/ld+json\" class=\"yoast-schema-graph\">{\"@context\":\"https:\\\/\\\/schema.org\",\"@graph\":[{\"@type\":\"WebPage\",\"@id\":\"https:\\\/\\\/www.loziskaplus.sk\\\/eshop\\\/produkt\\\/shell-rimula-r4-x-15w-40-20l\\\/\",\"url\":\"https:\\\/\\\/www.loziskaplus.sk\\\/eshop\\\/produkt\\\/shell-rimula-r4-x-15w-40-20l\\\/\",\"name\":\"Shell Rimula R4 X 15W-40 20L - Lo\u017eisk\u00e1 PLUS\",\"isPartOf\":{\"@id\":\"https:\\\/\\\/www.loziskaplus.sk\\\/eshop\\\/#website\"},\"primaryImageOfPage\":{\"@id\":\"https:\\\/\\\/www.loziskaplus.sk\\\/eshop\\\/produkt\\\/shell-rimula-r4-x-15w-40-20l\\\/#primaryimage\"},\"image\":{\"@id\":\"https:\\\/\\\/www.loziskaplus.sk\\\/eshop\\\/produkt\\\/shell-rimula-r4-x-15w-40-20l\\\/#primaryimage\"},\"thumbnailUrl\":\"https:\\\/\\\/www.loziskaplus.sk\\\/eshop\\\/wp-content\\\/uploads\\\/2024\\\/02\\\/shell-rimula-r4-x-15w-40-20L.jpg\",\"datePublished\":\"2024-02-13T12:33:27+00:00\",\"dateModified\":\"2026-03-20T10:23:26+00:00\",\"breadcrumb\":{\"@id\":\"https:\\\/\\\/www.loziskaplus.sk\\\/eshop\\\/produkt\\\/shell-rimula-r4-x-15w-40-20l\\\/#breadcrumb\"},\"inLanguage\":\"sk-SK\",\"potentialAction\":[{\"@type\":\"ReadAction\",\"target\":[\"https:\\\/\\\/www.loziskaplus.sk\\\/eshop\\\/produkt\\\/shell-rimula-r4-x-15w-40-20l\\\/\"]}]},{\"@type\":\"ImageObject\",\"inLanguage\":\"sk-SK\",\"@id\":\"https:\\\/\\\/www.loziskaplus.sk\\\/eshop\\\/produkt\\\/shell-rimula-r4-x-15w-40-20l\\\/#primaryimage\",\"url\":\"https:\\\/\\\/www.loziskaplus.sk\\\/eshop\\\/wp-content\\\/uploads\\\/2024\\\/02\\\/shell-rimula-r4-x-15w-40-20L.jpg\",\"contentUrl\":\"https:\\\/\\\/www.loziskaplus.sk\\\/eshop\\\/wp-content\\\/uploads\\\/2024\\\/02\\\/shell-rimula-r4-x-15w-40-20L.jpg\",\"width\":800,\"height\":800},{\"@type\":\"BreadcrumbList\",\"@id\":\"https:\\\/\\\/www.loziskaplus.sk\\\/eshop\\\/produkt\\\/shell-rimula-r4-x-15w-40-20l\\\/#breadcrumb\",\"itemListElement\":[{\"@type\":\"ListItem\",\"position\":1,\"name\":\"Domov\",\"item\":\"https:\\\/\\\/www.loziskaplus.sk\\\/eshop\\\/\"},{\"@type\":\"ListItem\",\"position\":2,\"name\":\"Obchod\",\"item\":\"https:\\\/\\\/www.loziskaplus.sk\\\/eshop\\\/obchod\\\/\"},{\"@type\":\"ListItem\",\"position\":3,\"name\":\"Shell Rimula R4 X 15W-40 20L\"}]},{\"@type\":\"WebSite\",\"@id\":\"https:\\\/\\\/www.loziskaplus.sk\\\/eshop\\\/#website\",\"url\":\"https:\\\/\\\/www.loziskaplus.sk\\\/eshop\\\/\",\"name\":\"Lo\u017eisk\u00e1 PLUS\",\"description\":\"\",\"publisher\":{\"@id\":\"https:\\\/\\\/www.loziskaplus.sk\\\/eshop\\\/#organization\"},\"potentialAction\":[{\"@type\":\"SearchAction\",\"target\":{\"@type\":\"EntryPoint\",\"urlTemplate\":\"https:\\\/\\\/www.loziskaplus.sk\\\/eshop\\\/?s={search_term_string}\"},\"query-input\":{\"@type\":\"PropertyValueSpecification\",\"valueRequired\":true,\"valueName\":\"search_term_string\"}}],\"inLanguage\":\"sk-SK\"},{\"@type\":\"Organization\",\"@id\":\"https:\\\/\\\/www.loziskaplus.sk\\\/eshop\\\/#organization\",\"name\":\"Lo\u017eisk\u00e1 PLUS\",\"url\":\"https:\\\/\\\/www.loziskaplus.sk\\\/eshop\\\/\",\"logo\":{\"@type\":\"ImageObject\",\"inLanguage\":\"sk-SK\",\"@id\":\"https:\\\/\\\/www.loziskaplus.sk\\\/eshop\\\/#\\\/schema\\\/logo\\\/image\\\/\",\"url\":\"https:\\\/\\\/www.loziskaplus.sk\\\/eshop\\\/wp-content\\\/uploads\\\/2024\\\/06\\\/logo-facebuk-1.jpg?v=1718619602\",\"contentUrl\":\"https:\\\/\\\/www.loziskaplus.sk\\\/eshop\\\/wp-content\\\/uploads\\\/2024\\\/06\\\/logo-facebuk-1.jpg?v=1718619602\",\"width\":180,\"height\":179,\"caption\":\"Lo\u017eisk\u00e1 PLUS\"},\"image\":{\"@id\":\"https:\\\/\\\/www.loziskaplus.sk\\\/eshop\\\/#\\\/schema\\\/logo\\\/image\\\/\"}}]}<\/script>\n<!-- \/ Yoast SEO plugin. -->","yoast_head_json":{"title":"Shell Rimula R4 X 15W-40 20L - Lo\u017eisk\u00e1 PLUS","robots":{"index":"index","follow":"follow","max-snippet":"max-snippet:-1","max-image-preview":"max-image-preview:large","max-video-preview":"max-video-preview:-1"},"canonical":"https:\/\/www.loziskaplus.sk\/eshop\/produkt\/shell-rimula-r4-x-15w-40-20l\/","og_locale":"sk_SK","og_type":"article","og_title":"Shell Rimula R4 X 15W-40 20L - Lo\u017eisk\u00e1 PLUS","og_description":"Miner\u00e1lny motorov\u00fd olej. Pr\u00edsady umo\u017e\u0148uj\u00fa trojit\u00fd ochrann\u00fd \u00fa\u010dinok: chr\u00e1ni proti kysl\u00fdm produktom spa\u013eovania, zni\u017euje opotrebenie motora a chr\u00e1ni proti tvorbe usaden\u00edn. Pom\u00e1ha zni\u017eova\u0165 n\u00e1klady na \u00fadr\u017ebu a zvy\u0161uje spo\u013eahlivos\u0165 strojov. V\u010faka \u0161irok\u00e9mu spektru schv\u00e1len\u00ed od v\u00fdrobcov motorov je tento olej vhodn\u00fd prakticky do v\u0161etk\u00fdch ve\u013ek\u00fdch dieselov\u00fdch motorov, neprepl\u0148ovan\u00fdch rovnako ako do prepl\u0148ovan\u00fdch, zah\u0155\u0148aj\u00faci aj mimocestn\u00e9 aplik\u00e1cie. Schv\u00e1lenia: ACEA E7, E5, E3, API CI-4, CH-4, CG-4, CF-4, CF.SL, Global DHD-1, Caterpillar ECF-2, ECF-1-A, Cummins CES 20078, 77, 76, 75, 72, 71, DDC 93K215, Deutz DQC III-10, Mack EO-M+, EO-M, MAN M3275-1, MB 228.3, MTU Kateg\u00f3ria 2, Renault Trucks RLD-2, Volvo VDS-3, JASO DH-1","og_url":"https:\/\/www.loziskaplus.sk\/eshop\/produkt\/shell-rimula-r4-x-15w-40-20l\/","og_site_name":"Lo\u017eisk\u00e1 PLUS","article_modified_time":"2026-03-20T10:23:26+00:00","og_image":[{"width":800,"height":800,"url":"https:\/\/www.loziskaplus.sk\/eshop\/wp-content\/uploads\/2024\/02\/shell-rimula-r4-x-15w-40-20L.jpg","type":"image\/jpeg"}],"twitter_card":"summary_large_image","twitter_misc":{"Predpokladan\u00fd \u010das \u010d\u00edtania":"1 min\u00fata"},"schema":{"@context":"https:\/\/schema.org","@graph":[{"@type":"WebPage","@id":"https:\/\/www.loziskaplus.sk\/eshop\/produkt\/shell-rimula-r4-x-15w-40-20l\/","url":"https:\/\/www.loziskaplus.sk\/eshop\/produkt\/shell-rimula-r4-x-15w-40-20l\/","name":"Shell Rimula R4 X 15W-40 20L - Lo\u017eisk\u00e1 PLUS","isPartOf":{"@id":"https:\/\/www.loziskaplus.sk\/eshop\/#website"},"primaryImageOfPage":{"@id":"https:\/\/www.loziskaplus.sk\/eshop\/produkt\/shell-rimula-r4-x-15w-40-20l\/#primaryimage"},"image":{"@id":"https:\/\/www.loziskaplus.sk\/eshop\/produkt\/shell-rimula-r4-x-15w-40-20l\/#primaryimage"},"thumbnailUrl":"https:\/\/www.loziskaplus.sk\/eshop\/wp-content\/uploads\/2024\/02\/shell-rimula-r4-x-15w-40-20L.jpg","datePublished":"2024-02-13T12:33:27+00:00","dateModified":"2026-03-20T10:23:26+00:00","breadcrumb":{"@id":"https:\/\/www.loziskaplus.sk\/eshop\/produkt\/shell-rimula-r4-x-15w-40-20l\/#breadcrumb"},"inLanguage":"sk-SK","potentialAction":[{"@type":"ReadAction","target":["https:\/\/www.loziskaplus.sk\/eshop\/produkt\/shell-rimula-r4-x-15w-40-20l\/"]}]},{"@type":"ImageObject","inLanguage":"sk-SK","@id":"https:\/\/www.loziskaplus.sk\/eshop\/produkt\/shell-rimula-r4-x-15w-40-20l\/#primaryimage","url":"https:\/\/www.loziskaplus.sk\/eshop\/wp-content\/uploads\/2024\/02\/shell-rimula-r4-x-15w-40-20L.jpg","contentUrl":"https:\/\/www.loziskaplus.sk\/eshop\/wp-content\/uploads\/2024\/02\/shell-rimula-r4-x-15w-40-20L.jpg","width":800,"height":800},{"@type":"BreadcrumbList","@id":"https:\/\/www.loziskaplus.sk\/eshop\/produkt\/shell-rimula-r4-x-15w-40-20l\/#breadcrumb","itemListElement":[{"@type":"ListItem","position":1,"name":"Domov","item":"https:\/\/www.loziskaplus.sk\/eshop\/"},{"@type":"ListItem","position":2,"name":"Obchod","item":"https:\/\/www.loziskaplus.sk\/eshop\/obchod\/"},{"@type":"ListItem","position":3,"name":"Shell Rimula R4 X 15W-40 20L"}]},{"@type":"WebSite","@id":"https:\/\/www.loziskaplus.sk\/eshop\/#website","url":"https:\/\/www.loziskaplus.sk\/eshop\/","name":"Lo\u017eisk\u00e1 PLUS","description":"","publisher":{"@id":"https:\/\/www.loziskaplus.sk\/eshop\/#organization"},"potentialAction":[{"@type":"SearchAction","target":{"@type":"EntryPoint","urlTemplate":"https:\/\/www.loziskaplus.sk\/eshop\/?s={search_term_string}"},"query-input":{"@type":"PropertyValueSpecification","valueRequired":true,"valueName":"search_term_string"}}],"inLanguage":"sk-SK"},{"@type":"Organization","@id":"https:\/\/www.loziskaplus.sk\/eshop\/#organization","name":"Lo\u017eisk\u00e1 PLUS","url":"https:\/\/www.loziskaplus.sk\/eshop\/","logo":{"@type":"ImageObject","inLanguage":"sk-SK","@id":"https:\/\/www.loziskaplus.sk\/eshop\/#\/schema\/logo\/image\/","url":"https:\/\/www.loziskaplus.sk\/eshop\/wp-content\/uploads\/2024\/06\/logo-facebuk-1.jpg?v=1718619602","contentUrl":"https:\/\/www.loziskaplus.sk\/eshop\/wp-content\/uploads\/2024\/06\/logo-facebuk-1.jpg?v=1718619602","width":180,"height":179,"caption":"Lo\u017eisk\u00e1 PLUS"},"image":{"@id":"https:\/\/www.loziskaplus.sk\/eshop\/#\/schema\/logo\/image\/"}}]}},"jetpack_sharing_enabled":true,"_links":{"self":[{"href":"https:\/\/www.loziskaplus.sk\/eshop\/wp-json\/wp\/v2\/product\/7808","targetHints":{"allow":["GET"]}}],"collection":[{"href":"https:\/\/www.loziskaplus.sk\/eshop\/wp-json\/wp\/v2\/product"}],"about":[{"href":"https:\/\/www.loziskaplus.sk\/eshop\/wp-json\/wp\/v2\/types\/product"}],"wp:featuredmedia":[{"embeddable":true,"href":"https:\/\/www.loziskaplus.sk\/eshop\/wp-json\/wp\/v2\/media\/7813"}],"wp:attachment":[{"href":"https:\/\/www.loziskaplus.sk\/eshop\/wp-json\/wp\/v2\/media?parent=7808"}],"wp:term":[{"taxonomy":"product_brand","embeddable":true,"href":"https:\/\/www.loziskaplus.sk\/eshop\/wp-json\/wp\/v2\/product_brand?post=7808"},{"taxonomy":"product_cat","embeddable":true,"href":"https:\/\/www.loziskaplus.sk\/eshop\/wp-json\/wp\/v2\/product_cat?post=7808"},{"taxonomy":"product_tag","embeddable":true,"href":"https:\/\/www.loziskaplus.sk\/eshop\/wp-json\/wp\/v2\/product_tag?post=7808"}],"curies":[{"name":"wp","href":"https:\/\/api.w.org\/{rel}","templated":true}]}}