{"id":7809,"date":"2024-02-13T13:39:38","date_gmt":"2024-02-13T12:39:38","guid":{"rendered":"https:\/\/www.loziskaplus.sk\/eshop\/?post_type=product&#038;p=7809"},"modified":"2026-03-20T11:21:11","modified_gmt":"2026-03-20T10:21:11","slug":"shell-rimula-r4-l-15w-40-5l","status":"publish","type":"product","link":"https:\/\/www.loziskaplus.sk\/eshop\/produkt\/shell-rimula-r4-l-15w-40-5l\/","title":{"rendered":"Shell Rimula R4 L 15W-40 5L"},"content":{"rendered":"<div id=\"short_description_block\">\n<div id=\"short_description_content\" class=\"rte align_justify\">\n<p>Shell Rimula R4 L\u00a0je miner\u00e1lny\u00a0motorov\u00fd olej vyu\u017e\u00edvaj\u00faci najnov\u0161iu technol\u00f3giu \u201elow-SAPS\u201c pr\u00edsad pre zabezpe\u010denie ochrany modern\u00fdch n\u00edzkoemisn\u00fdch motorov aj za t\u00fdch najn\u00e1ro\u010dnej\u0161\u00edch podmienok prev\u00e1dzky.<\/p>\n<\/div>\n<\/div>\n<p class=\"features_block\"><b>SAE<\/b> 15W-40<br \/>\n<b>ACEA<\/b> E11, E7<br \/>\n<b>API<\/b> CK-4, CJ-4, CI-4+, CI-4, CH-4, SN<br \/>\n<b>MB<\/b> 228.31<br \/>\n<b>JASO<\/b> DH-2<br \/>\n<b>MAN<\/b> M\u00a03775<br \/>\n<b>Renault<\/b> Trucks RLD-3<br \/>\n<b>Ford<\/b> WSS-M2C171-F1<br \/>\n<b>Volvo<\/b> VDS-4, VDS-4.5<br \/>\n<b>Iveco<\/b> sp\u013a\u0148a \u0161pecifik\u00e1cie T2 E7<br \/>\n<b>Allison<\/b> TES-439<br \/>\n<b>Caterpillar<\/b> ECF-3, ECF-2<br \/>\n<b>CNH<\/b> MAT 3521, MAT 3522<br \/>\n<b>Cummins<\/b> CES 20086, CES 20081<br \/>\n<b>Deutz<\/b> DQC III-18 LA<br \/>\n<b>Mack<\/b> EO-S 4.5, EO-O Premium Plus<br \/>\n<b>MTU<\/b> Kateg\u00f3ria 2.1<\/p>\n","protected":false},"excerpt":{"rendered":"<p>Olej SHELL RIMULA R4 L 15W-40 predstavuje skvel\u00e9 rie\u0161enie pre mazanie \u013eahk\u00fdch a stredn\u00fdch komer\u010dn\u00fdch vozidiel na dieselov\u00fd pohon, najm\u00e4 ak ide o vozidl\u00e1 vybaven\u00e9 filtrami pevn\u00fdch \u010dast\u00edc. Olej SHELL RIMULA R4 L 15W-40 sp\u013a\u0148a po\u017eiadavky popredn\u00fdch v\u00fdrobcov po\u013enohospod\u00e1rskych a stavebn\u00fdch mechanizmov resp. motorov, ako s\u00fa spolo\u010dnosti Caterpillar, Cummins, Deutz a MTU. \u0160pecifik\u00e1cie a odpor\u00fa\u010dania: SAE: 15W-40 API: CJ-4, CI-4+, CI-4, CH-4, CG-4, CF-4 ACEA: E7 Mercedes Benz 228.3, 228.31 MAN 3275 Volvo VDS-3, VDS-4 Renault Trucks RLD-3 Cummins CES 20077, 81 Mack EO-O PP Caterpillar ECF-2, ECF-3 DDC 93K218 MTU Category 2 Deutz DQC-III-05<\/p>\n","protected":false},"featured_media":7810,"template":"","meta":[],"product_brand":[],"product_cat":[29,34,35,19],"product_tag":[],"class_list":{"0":"post-7809","1":"product","2":"type-product","3":"status-publish","4":"has-post-thumbnail","6":"product_cat-motorove-oleje","7":"product_cat-olej-nakladne-automobily","8":"product_cat-olej-polnohospodarska-technika","9":"product_cat-oleje","10":"pa_balenie-5l","11":"pa_viskozita-15w-40","12":"pa_vyrobca-shell","14":"first","15":"instock","16":"taxable","17":"shipping-taxable","18":"purchasable","19":"product-type-simple"},"yoast_head":"<!-- This site is optimized with the Yoast SEO plugin v27.4 - https:\/\/yoast.com\/product\/yoast-seo-wordpress\/ -->\n<title>Shell Rimula R4 L 15W-40 5L - Lo\u017eisk\u00e1 PLUS<\/title>\n<meta name=\"robots\" content=\"index, follow, max-snippet:-1, max-image-preview:large, max-video-preview:-1\" \/>\n<link rel=\"canonical\" href=\"https:\/\/www.loziskaplus.sk\/eshop\/produkt\/shell-rimula-r4-l-15w-40-5l\/\" \/>\n<meta property=\"og:locale\" content=\"sk_SK\" \/>\n<meta property=\"og:type\" content=\"article\" \/>\n<meta property=\"og:title\" content=\"Shell Rimula R4 L 15W-40 5L - Lo\u017eisk\u00e1 PLUS\" \/>\n<meta property=\"og:description\" content=\"Olej SHELL RIMULA R4 L 15W-40 predstavuje skvel\u00e9 rie\u0161enie pre mazanie \u013eahk\u00fdch a stredn\u00fdch komer\u010dn\u00fdch vozidiel na dieselov\u00fd pohon, najm\u00e4 ak ide o vozidl\u00e1 vybaven\u00e9 filtrami pevn\u00fdch \u010dast\u00edc. Olej SHELL RIMULA R4 L 15W-40 sp\u013a\u0148a po\u017eiadavky popredn\u00fdch v\u00fdrobcov po\u013enohospod\u00e1rskych a stavebn\u00fdch mechanizmov resp. motorov, ako s\u00fa spolo\u010dnosti Caterpillar, Cummins, Deutz a MTU. \u0160pecifik\u00e1cie a odpor\u00fa\u010dania: SAE: 15W-40 API: CJ-4, CI-4+, CI-4, CH-4, CG-4, CF-4 ACEA: E7 Mercedes Benz 228.3, 228.31 MAN 3275 Volvo VDS-3, VDS-4 Renault Trucks RLD-3 Cummins CES 20077, 81 Mack EO-O PP Caterpillar ECF-2, ECF-3 DDC 93K218 MTU Category 2 Deutz DQC-III-05\" \/>\n<meta property=\"og:url\" content=\"https:\/\/www.loziskaplus.sk\/eshop\/produkt\/shell-rimula-r4-l-15w-40-5l\/\" \/>\n<meta property=\"og:site_name\" content=\"Lo\u017eisk\u00e1 PLUS\" \/>\n<meta property=\"article:modified_time\" content=\"2026-03-20T10:21:11+00:00\" \/>\n<meta property=\"og:image\" content=\"https:\/\/www.loziskaplus.sk\/eshop\/wp-content\/uploads\/2024\/02\/shell-rimula-r4-l-15w-40-5L.jpg\" \/>\n\t<meta property=\"og:image:width\" content=\"800\" \/>\n\t<meta property=\"og:image:height\" content=\"800\" \/>\n\t<meta property=\"og:image:type\" content=\"image\/jpeg\" \/>\n<meta name=\"twitter:card\" content=\"summary_large_image\" \/>\n<meta name=\"twitter:label1\" content=\"Predpokladan\u00fd \u010das \u010d\u00edtania\" \/>\n\t<meta name=\"twitter:data1\" content=\"1 min\u00fata\" \/>\n<script type=\"application\/ld+json\" class=\"yoast-schema-graph\">{\"@context\":\"https:\\\/\\\/schema.org\",\"@graph\":[{\"@type\":\"WebPage\",\"@id\":\"https:\\\/\\\/www.loziskaplus.sk\\\/eshop\\\/produkt\\\/shell-rimula-r4-l-15w-40-5l\\\/\",\"url\":\"https:\\\/\\\/www.loziskaplus.sk\\\/eshop\\\/produkt\\\/shell-rimula-r4-l-15w-40-5l\\\/\",\"name\":\"Shell Rimula R4 L 15W-40 5L - Lo\u017eisk\u00e1 PLUS\",\"isPartOf\":{\"@id\":\"https:\\\/\\\/www.loziskaplus.sk\\\/eshop\\\/#website\"},\"primaryImageOfPage\":{\"@id\":\"https:\\\/\\\/www.loziskaplus.sk\\\/eshop\\\/produkt\\\/shell-rimula-r4-l-15w-40-5l\\\/#primaryimage\"},\"image\":{\"@id\":\"https:\\\/\\\/www.loziskaplus.sk\\\/eshop\\\/produkt\\\/shell-rimula-r4-l-15w-40-5l\\\/#primaryimage\"},\"thumbnailUrl\":\"https:\\\/\\\/www.loziskaplus.sk\\\/eshop\\\/wp-content\\\/uploads\\\/2024\\\/02\\\/shell-rimula-r4-l-15w-40-5L.jpg\",\"datePublished\":\"2024-02-13T12:39:38+00:00\",\"dateModified\":\"2026-03-20T10:21:11+00:00\",\"breadcrumb\":{\"@id\":\"https:\\\/\\\/www.loziskaplus.sk\\\/eshop\\\/produkt\\\/shell-rimula-r4-l-15w-40-5l\\\/#breadcrumb\"},\"inLanguage\":\"sk-SK\",\"potentialAction\":[{\"@type\":\"ReadAction\",\"target\":[\"https:\\\/\\\/www.loziskaplus.sk\\\/eshop\\\/produkt\\\/shell-rimula-r4-l-15w-40-5l\\\/\"]}]},{\"@type\":\"ImageObject\",\"inLanguage\":\"sk-SK\",\"@id\":\"https:\\\/\\\/www.loziskaplus.sk\\\/eshop\\\/produkt\\\/shell-rimula-r4-l-15w-40-5l\\\/#primaryimage\",\"url\":\"https:\\\/\\\/www.loziskaplus.sk\\\/eshop\\\/wp-content\\\/uploads\\\/2024\\\/02\\\/shell-rimula-r4-l-15w-40-5L.jpg\",\"contentUrl\":\"https:\\\/\\\/www.loziskaplus.sk\\\/eshop\\\/wp-content\\\/uploads\\\/2024\\\/02\\\/shell-rimula-r4-l-15w-40-5L.jpg\",\"width\":800,\"height\":800},{\"@type\":\"BreadcrumbList\",\"@id\":\"https:\\\/\\\/www.loziskaplus.sk\\\/eshop\\\/produkt\\\/shell-rimula-r4-l-15w-40-5l\\\/#breadcrumb\",\"itemListElement\":[{\"@type\":\"ListItem\",\"position\":1,\"name\":\"Domov\",\"item\":\"https:\\\/\\\/www.loziskaplus.sk\\\/eshop\\\/\"},{\"@type\":\"ListItem\",\"position\":2,\"name\":\"Obchod\",\"item\":\"https:\\\/\\\/www.loziskaplus.sk\\\/eshop\\\/obchod\\\/\"},{\"@type\":\"ListItem\",\"position\":3,\"name\":\"Shell Rimula R4 L 15W-40 5L\"}]},{\"@type\":\"WebSite\",\"@id\":\"https:\\\/\\\/www.loziskaplus.sk\\\/eshop\\\/#website\",\"url\":\"https:\\\/\\\/www.loziskaplus.sk\\\/eshop\\\/\",\"name\":\"Lo\u017eisk\u00e1 PLUS\",\"description\":\"\",\"publisher\":{\"@id\":\"https:\\\/\\\/www.loziskaplus.sk\\\/eshop\\\/#organization\"},\"potentialAction\":[{\"@type\":\"SearchAction\",\"target\":{\"@type\":\"EntryPoint\",\"urlTemplate\":\"https:\\\/\\\/www.loziskaplus.sk\\\/eshop\\\/?s={search_term_string}\"},\"query-input\":{\"@type\":\"PropertyValueSpecification\",\"valueRequired\":true,\"valueName\":\"search_term_string\"}}],\"inLanguage\":\"sk-SK\"},{\"@type\":\"Organization\",\"@id\":\"https:\\\/\\\/www.loziskaplus.sk\\\/eshop\\\/#organization\",\"name\":\"Lo\u017eisk\u00e1 PLUS\",\"url\":\"https:\\\/\\\/www.loziskaplus.sk\\\/eshop\\\/\",\"logo\":{\"@type\":\"ImageObject\",\"inLanguage\":\"sk-SK\",\"@id\":\"https:\\\/\\\/www.loziskaplus.sk\\\/eshop\\\/#\\\/schema\\\/logo\\\/image\\\/\",\"url\":\"https:\\\/\\\/www.loziskaplus.sk\\\/eshop\\\/wp-content\\\/uploads\\\/2024\\\/06\\\/logo-facebuk-1.jpg?v=1718619602\",\"contentUrl\":\"https:\\\/\\\/www.loziskaplus.sk\\\/eshop\\\/wp-content\\\/uploads\\\/2024\\\/06\\\/logo-facebuk-1.jpg?v=1718619602\",\"width\":180,\"height\":179,\"caption\":\"Lo\u017eisk\u00e1 PLUS\"},\"image\":{\"@id\":\"https:\\\/\\\/www.loziskaplus.sk\\\/eshop\\\/#\\\/schema\\\/logo\\\/image\\\/\"}}]}<\/script>\n<!-- \/ Yoast SEO plugin. -->","yoast_head_json":{"title":"Shell Rimula R4 L 15W-40 5L - Lo\u017eisk\u00e1 PLUS","robots":{"index":"index","follow":"follow","max-snippet":"max-snippet:-1","max-image-preview":"max-image-preview:large","max-video-preview":"max-video-preview:-1"},"canonical":"https:\/\/www.loziskaplus.sk\/eshop\/produkt\/shell-rimula-r4-l-15w-40-5l\/","og_locale":"sk_SK","og_type":"article","og_title":"Shell Rimula R4 L 15W-40 5L - Lo\u017eisk\u00e1 PLUS","og_description":"Olej SHELL RIMULA R4 L 15W-40 predstavuje skvel\u00e9 rie\u0161enie pre mazanie \u013eahk\u00fdch a stredn\u00fdch komer\u010dn\u00fdch vozidiel na dieselov\u00fd pohon, najm\u00e4 ak ide o vozidl\u00e1 vybaven\u00e9 filtrami pevn\u00fdch \u010dast\u00edc. Olej SHELL RIMULA R4 L 15W-40 sp\u013a\u0148a po\u017eiadavky popredn\u00fdch v\u00fdrobcov po\u013enohospod\u00e1rskych a stavebn\u00fdch mechanizmov resp. motorov, ako s\u00fa spolo\u010dnosti Caterpillar, Cummins, Deutz a MTU. \u0160pecifik\u00e1cie a odpor\u00fa\u010dania: SAE: 15W-40 API: CJ-4, CI-4+, CI-4, CH-4, CG-4, CF-4 ACEA: E7 Mercedes Benz 228.3, 228.31 MAN 3275 Volvo VDS-3, VDS-4 Renault Trucks RLD-3 Cummins CES 20077, 81 Mack EO-O PP Caterpillar ECF-2, ECF-3 DDC 93K218 MTU Category 2 Deutz DQC-III-05","og_url":"https:\/\/www.loziskaplus.sk\/eshop\/produkt\/shell-rimula-r4-l-15w-40-5l\/","og_site_name":"Lo\u017eisk\u00e1 PLUS","article_modified_time":"2026-03-20T10:21:11+00:00","og_image":[{"width":800,"height":800,"url":"https:\/\/www.loziskaplus.sk\/eshop\/wp-content\/uploads\/2024\/02\/shell-rimula-r4-l-15w-40-5L.jpg","type":"image\/jpeg"}],"twitter_card":"summary_large_image","twitter_misc":{"Predpokladan\u00fd \u010das \u010d\u00edtania":"1 min\u00fata"},"schema":{"@context":"https:\/\/schema.org","@graph":[{"@type":"WebPage","@id":"https:\/\/www.loziskaplus.sk\/eshop\/produkt\/shell-rimula-r4-l-15w-40-5l\/","url":"https:\/\/www.loziskaplus.sk\/eshop\/produkt\/shell-rimula-r4-l-15w-40-5l\/","name":"Shell Rimula R4 L 15W-40 5L - Lo\u017eisk\u00e1 PLUS","isPartOf":{"@id":"https:\/\/www.loziskaplus.sk\/eshop\/#website"},"primaryImageOfPage":{"@id":"https:\/\/www.loziskaplus.sk\/eshop\/produkt\/shell-rimula-r4-l-15w-40-5l\/#primaryimage"},"image":{"@id":"https:\/\/www.loziskaplus.sk\/eshop\/produkt\/shell-rimula-r4-l-15w-40-5l\/#primaryimage"},"thumbnailUrl":"https:\/\/www.loziskaplus.sk\/eshop\/wp-content\/uploads\/2024\/02\/shell-rimula-r4-l-15w-40-5L.jpg","datePublished":"2024-02-13T12:39:38+00:00","dateModified":"2026-03-20T10:21:11+00:00","breadcrumb":{"@id":"https:\/\/www.loziskaplus.sk\/eshop\/produkt\/shell-rimula-r4-l-15w-40-5l\/#breadcrumb"},"inLanguage":"sk-SK","potentialAction":[{"@type":"ReadAction","target":["https:\/\/www.loziskaplus.sk\/eshop\/produkt\/shell-rimula-r4-l-15w-40-5l\/"]}]},{"@type":"ImageObject","inLanguage":"sk-SK","@id":"https:\/\/www.loziskaplus.sk\/eshop\/produkt\/shell-rimula-r4-l-15w-40-5l\/#primaryimage","url":"https:\/\/www.loziskaplus.sk\/eshop\/wp-content\/uploads\/2024\/02\/shell-rimula-r4-l-15w-40-5L.jpg","contentUrl":"https:\/\/www.loziskaplus.sk\/eshop\/wp-content\/uploads\/2024\/02\/shell-rimula-r4-l-15w-40-5L.jpg","width":800,"height":800},{"@type":"BreadcrumbList","@id":"https:\/\/www.loziskaplus.sk\/eshop\/produkt\/shell-rimula-r4-l-15w-40-5l\/#breadcrumb","itemListElement":[{"@type":"ListItem","position":1,"name":"Domov","item":"https:\/\/www.loziskaplus.sk\/eshop\/"},{"@type":"ListItem","position":2,"name":"Obchod","item":"https:\/\/www.loziskaplus.sk\/eshop\/obchod\/"},{"@type":"ListItem","position":3,"name":"Shell Rimula R4 L 15W-40 5L"}]},{"@type":"WebSite","@id":"https:\/\/www.loziskaplus.sk\/eshop\/#website","url":"https:\/\/www.loziskaplus.sk\/eshop\/","name":"Lo\u017eisk\u00e1 PLUS","description":"","publisher":{"@id":"https:\/\/www.loziskaplus.sk\/eshop\/#organization"},"potentialAction":[{"@type":"SearchAction","target":{"@type":"EntryPoint","urlTemplate":"https:\/\/www.loziskaplus.sk\/eshop\/?s={search_term_string}"},"query-input":{"@type":"PropertyValueSpecification","valueRequired":true,"valueName":"search_term_string"}}],"inLanguage":"sk-SK"},{"@type":"Organization","@id":"https:\/\/www.loziskaplus.sk\/eshop\/#organization","name":"Lo\u017eisk\u00e1 PLUS","url":"https:\/\/www.loziskaplus.sk\/eshop\/","logo":{"@type":"ImageObject","inLanguage":"sk-SK","@id":"https:\/\/www.loziskaplus.sk\/eshop\/#\/schema\/logo\/image\/","url":"https:\/\/www.loziskaplus.sk\/eshop\/wp-content\/uploads\/2024\/06\/logo-facebuk-1.jpg?v=1718619602","contentUrl":"https:\/\/www.loziskaplus.sk\/eshop\/wp-content\/uploads\/2024\/06\/logo-facebuk-1.jpg?v=1718619602","width":180,"height":179,"caption":"Lo\u017eisk\u00e1 PLUS"},"image":{"@id":"https:\/\/www.loziskaplus.sk\/eshop\/#\/schema\/logo\/image\/"}}]}},"jetpack_sharing_enabled":true,"_links":{"self":[{"href":"https:\/\/www.loziskaplus.sk\/eshop\/wp-json\/wp\/v2\/product\/7809","targetHints":{"allow":["GET"]}}],"collection":[{"href":"https:\/\/www.loziskaplus.sk\/eshop\/wp-json\/wp\/v2\/product"}],"about":[{"href":"https:\/\/www.loziskaplus.sk\/eshop\/wp-json\/wp\/v2\/types\/product"}],"wp:featuredmedia":[{"embeddable":true,"href":"https:\/\/www.loziskaplus.sk\/eshop\/wp-json\/wp\/v2\/media\/7810"}],"wp:attachment":[{"href":"https:\/\/www.loziskaplus.sk\/eshop\/wp-json\/wp\/v2\/media?parent=7809"}],"wp:term":[{"taxonomy":"product_brand","embeddable":true,"href":"https:\/\/www.loziskaplus.sk\/eshop\/wp-json\/wp\/v2\/product_brand?post=7809"},{"taxonomy":"product_cat","embeddable":true,"href":"https:\/\/www.loziskaplus.sk\/eshop\/wp-json\/wp\/v2\/product_cat?post=7809"},{"taxonomy":"product_tag","embeddable":true,"href":"https:\/\/www.loziskaplus.sk\/eshop\/wp-json\/wp\/v2\/product_tag?post=7809"}],"curies":[{"name":"wp","href":"https:\/\/api.w.org\/{rel}","templated":true}]}}