{"id":7858,"date":"2024-02-15T14:51:57","date_gmt":"2024-02-15T13:51:57","guid":{"rendered":"https:\/\/www.loziskaplus.sk\/eshop\/?post_type=product&#038;p=7858"},"modified":"2024-02-15T14:52:09","modified_gmt":"2024-02-15T13:52:09","slug":"shell-gadus-s2-v220ad-2-18kg","status":"publish","type":"product","link":"https:\/\/www.loziskaplus.sk\/eshop\/produkt\/shell-gadus-s2-v220ad-2-18kg\/","title":{"rendered":"Shell Gadus S2 V220AD 2 18KG"},"content":{"rendered":"<div id=\"short_description_block\">\n<div id=\"short_description_content\" class=\"rte align_justify\">\n<p>Shell Gadus S2 V220 AD 2\u00a0je\u00a0vysoko v\u00fdkonn\u00e9 plastick\u00e9 mazivo\u00a0ur\u010den\u00e9 pre mazanie lo\u017e\u00edsk pracuj\u00facich v\u00a0n\u00e1ro\u010dn\u00fdch podmienkach, v\u00a0podmienkach r\u00e1zov\u00e9ho za\u0165a\u017eenia a\u00a0vo vlhkom prostred\u00ed.\u00a0Je zvl\u00e1\u0161\u0165 vhodn\u00e9 pre pou\u017eitie v\u00a0mimocestn\u00fdch aplik\u00e1ci\u00e1ch a\u00a0pre mazanie to\u010dn\u00ed \u0165aha\u010dov.<\/p>\n<\/div>\n<\/div>\n<p class=\"features_block\"><b>NLGI<\/b> 2<br \/>\n<b>Z\u00e1kladov\u00fd olej<\/b> miner\u00e1lny<br \/>\n<b>Spev\u0148ovadlo (typ mydla)<\/b> l\u00edtium\/v\u00e1pnik + molyka<\/p>\n","protected":false},"excerpt":{"rendered":"<p>Vysoko v\u00fdkonn\u00e9 plastick\u00e9 mazivo ur\u010den\u00e9 pre mazanie lo\u017e\u00edsk pracuj\u00facich v n\u00e1ro\u010dn\u00fdch podmienkach, v podmienkach r\u00e1zov\u00e9ho za\u0165a\u017eenia a vo vlhkom prostred\u00ed. Je zvl\u00e1\u0161\u0165 vhodn\u00e9 pre pou\u017eitie v mimocestn\u00fdch aplik\u00e1ci\u00e1ch a pre mazanie to\u010dn\u00ed \u0165aha\u010dov.<\/p>\n","protected":false},"featured_media":7857,"template":"","meta":[],"product_brand":[],"product_cat":[169,19],"product_tag":[],"class_list":{"0":"post-7858","1":"product","2":"type-product","3":"status-publish","4":"has-post-thumbnail","6":"product_cat-maziva","7":"product_cat-oleje","8":"pa_balenie-18kg","9":"pa_vyrobca-shell","11":"first","12":"instock","13":"taxable","14":"shipping-taxable","15":"purchasable","16":"product-type-simple"},"yoast_head":"<!-- This site is optimized with the Yoast SEO plugin v27.4 - https:\/\/yoast.com\/product\/yoast-seo-wordpress\/ -->\n<title>Shell Gadus S2 V220AD 2 18KG - Lo\u017eisk\u00e1 PLUS<\/title>\n<meta name=\"robots\" content=\"index, follow, max-snippet:-1, max-image-preview:large, max-video-preview:-1\" \/>\n<link rel=\"canonical\" href=\"https:\/\/www.loziskaplus.sk\/eshop\/produkt\/shell-gadus-s2-v220ad-2-18kg\/\" \/>\n<meta property=\"og:locale\" content=\"sk_SK\" \/>\n<meta property=\"og:type\" content=\"article\" \/>\n<meta property=\"og:title\" content=\"Shell Gadus S2 V220AD 2 18KG - Lo\u017eisk\u00e1 PLUS\" \/>\n<meta property=\"og:description\" content=\"Vysoko v\u00fdkonn\u00e9 plastick\u00e9 mazivo ur\u010den\u00e9 pre mazanie lo\u017e\u00edsk pracuj\u00facich v n\u00e1ro\u010dn\u00fdch podmienkach, v podmienkach r\u00e1zov\u00e9ho za\u0165a\u017eenia a vo vlhkom prostred\u00ed. Je zvl\u00e1\u0161\u0165 vhodn\u00e9 pre pou\u017eitie v mimocestn\u00fdch aplik\u00e1ci\u00e1ch a pre mazanie to\u010dn\u00ed \u0165aha\u010dov.\" \/>\n<meta property=\"og:url\" content=\"https:\/\/www.loziskaplus.sk\/eshop\/produkt\/shell-gadus-s2-v220ad-2-18kg\/\" \/>\n<meta property=\"og:site_name\" content=\"Lo\u017eisk\u00e1 PLUS\" \/>\n<meta property=\"article:modified_time\" content=\"2024-02-15T13:52:09+00:00\" \/>\n<meta property=\"og:image\" content=\"https:\/\/www.loziskaplus.sk\/eshop\/wp-content\/uploads\/2024\/02\/shell-gadus-s2-v220ac-18kg.jpg\" \/>\n\t<meta property=\"og:image:width\" content=\"800\" \/>\n\t<meta property=\"og:image:height\" content=\"800\" \/>\n\t<meta property=\"og:image:type\" content=\"image\/jpeg\" \/>\n<meta name=\"twitter:card\" content=\"summary_large_image\" \/>\n<meta name=\"twitter:label1\" content=\"Predpokladan\u00fd \u010das \u010d\u00edtania\" \/>\n\t<meta name=\"twitter:data1\" content=\"1 min\u00fata\" \/>\n<script type=\"application\/ld+json\" class=\"yoast-schema-graph\">{\"@context\":\"https:\\\/\\\/schema.org\",\"@graph\":[{\"@type\":\"WebPage\",\"@id\":\"https:\\\/\\\/www.loziskaplus.sk\\\/eshop\\\/produkt\\\/shell-gadus-s2-v220ad-2-18kg\\\/\",\"url\":\"https:\\\/\\\/www.loziskaplus.sk\\\/eshop\\\/produkt\\\/shell-gadus-s2-v220ad-2-18kg\\\/\",\"name\":\"Shell Gadus S2 V220AD 2 18KG - Lo\u017eisk\u00e1 PLUS\",\"isPartOf\":{\"@id\":\"https:\\\/\\\/www.loziskaplus.sk\\\/eshop\\\/#website\"},\"primaryImageOfPage\":{\"@id\":\"https:\\\/\\\/www.loziskaplus.sk\\\/eshop\\\/produkt\\\/shell-gadus-s2-v220ad-2-18kg\\\/#primaryimage\"},\"image\":{\"@id\":\"https:\\\/\\\/www.loziskaplus.sk\\\/eshop\\\/produkt\\\/shell-gadus-s2-v220ad-2-18kg\\\/#primaryimage\"},\"thumbnailUrl\":\"https:\\\/\\\/www.loziskaplus.sk\\\/eshop\\\/wp-content\\\/uploads\\\/2024\\\/02\\\/shell-gadus-s2-v220ac-18kg.jpg\",\"datePublished\":\"2024-02-15T13:51:57+00:00\",\"dateModified\":\"2024-02-15T13:52:09+00:00\",\"breadcrumb\":{\"@id\":\"https:\\\/\\\/www.loziskaplus.sk\\\/eshop\\\/produkt\\\/shell-gadus-s2-v220ad-2-18kg\\\/#breadcrumb\"},\"inLanguage\":\"sk-SK\",\"potentialAction\":[{\"@type\":\"ReadAction\",\"target\":[\"https:\\\/\\\/www.loziskaplus.sk\\\/eshop\\\/produkt\\\/shell-gadus-s2-v220ad-2-18kg\\\/\"]}]},{\"@type\":\"ImageObject\",\"inLanguage\":\"sk-SK\",\"@id\":\"https:\\\/\\\/www.loziskaplus.sk\\\/eshop\\\/produkt\\\/shell-gadus-s2-v220ad-2-18kg\\\/#primaryimage\",\"url\":\"https:\\\/\\\/www.loziskaplus.sk\\\/eshop\\\/wp-content\\\/uploads\\\/2024\\\/02\\\/shell-gadus-s2-v220ac-18kg.jpg\",\"contentUrl\":\"https:\\\/\\\/www.loziskaplus.sk\\\/eshop\\\/wp-content\\\/uploads\\\/2024\\\/02\\\/shell-gadus-s2-v220ac-18kg.jpg\",\"width\":800,\"height\":800},{\"@type\":\"BreadcrumbList\",\"@id\":\"https:\\\/\\\/www.loziskaplus.sk\\\/eshop\\\/produkt\\\/shell-gadus-s2-v220ad-2-18kg\\\/#breadcrumb\",\"itemListElement\":[{\"@type\":\"ListItem\",\"position\":1,\"name\":\"Domov\",\"item\":\"https:\\\/\\\/www.loziskaplus.sk\\\/eshop\\\/\"},{\"@type\":\"ListItem\",\"position\":2,\"name\":\"Obchod\",\"item\":\"https:\\\/\\\/www.loziskaplus.sk\\\/eshop\\\/obchod\\\/\"},{\"@type\":\"ListItem\",\"position\":3,\"name\":\"Shell Gadus S2 V220AD 2 18KG\"}]},{\"@type\":\"WebSite\",\"@id\":\"https:\\\/\\\/www.loziskaplus.sk\\\/eshop\\\/#website\",\"url\":\"https:\\\/\\\/www.loziskaplus.sk\\\/eshop\\\/\",\"name\":\"Lo\u017eisk\u00e1 PLUS\",\"description\":\"\",\"publisher\":{\"@id\":\"https:\\\/\\\/www.loziskaplus.sk\\\/eshop\\\/#organization\"},\"potentialAction\":[{\"@type\":\"SearchAction\",\"target\":{\"@type\":\"EntryPoint\",\"urlTemplate\":\"https:\\\/\\\/www.loziskaplus.sk\\\/eshop\\\/?s={search_term_string}\"},\"query-input\":{\"@type\":\"PropertyValueSpecification\",\"valueRequired\":true,\"valueName\":\"search_term_string\"}}],\"inLanguage\":\"sk-SK\"},{\"@type\":\"Organization\",\"@id\":\"https:\\\/\\\/www.loziskaplus.sk\\\/eshop\\\/#organization\",\"name\":\"Lo\u017eisk\u00e1 PLUS\",\"url\":\"https:\\\/\\\/www.loziskaplus.sk\\\/eshop\\\/\",\"logo\":{\"@type\":\"ImageObject\",\"inLanguage\":\"sk-SK\",\"@id\":\"https:\\\/\\\/www.loziskaplus.sk\\\/eshop\\\/#\\\/schema\\\/logo\\\/image\\\/\",\"url\":\"https:\\\/\\\/www.loziskaplus.sk\\\/eshop\\\/wp-content\\\/uploads\\\/2024\\\/06\\\/logo-facebuk-1.jpg?v=1718619602\",\"contentUrl\":\"https:\\\/\\\/www.loziskaplus.sk\\\/eshop\\\/wp-content\\\/uploads\\\/2024\\\/06\\\/logo-facebuk-1.jpg?v=1718619602\",\"width\":180,\"height\":179,\"caption\":\"Lo\u017eisk\u00e1 PLUS\"},\"image\":{\"@id\":\"https:\\\/\\\/www.loziskaplus.sk\\\/eshop\\\/#\\\/schema\\\/logo\\\/image\\\/\"}}]}<\/script>\n<!-- \/ Yoast SEO plugin. -->","yoast_head_json":{"title":"Shell Gadus S2 V220AD 2 18KG - Lo\u017eisk\u00e1 PLUS","robots":{"index":"index","follow":"follow","max-snippet":"max-snippet:-1","max-image-preview":"max-image-preview:large","max-video-preview":"max-video-preview:-1"},"canonical":"https:\/\/www.loziskaplus.sk\/eshop\/produkt\/shell-gadus-s2-v220ad-2-18kg\/","og_locale":"sk_SK","og_type":"article","og_title":"Shell Gadus S2 V220AD 2 18KG - Lo\u017eisk\u00e1 PLUS","og_description":"Vysoko v\u00fdkonn\u00e9 plastick\u00e9 mazivo ur\u010den\u00e9 pre mazanie lo\u017e\u00edsk pracuj\u00facich v n\u00e1ro\u010dn\u00fdch podmienkach, v podmienkach r\u00e1zov\u00e9ho za\u0165a\u017eenia a vo vlhkom prostred\u00ed. Je zvl\u00e1\u0161\u0165 vhodn\u00e9 pre pou\u017eitie v mimocestn\u00fdch aplik\u00e1ci\u00e1ch a pre mazanie to\u010dn\u00ed \u0165aha\u010dov.","og_url":"https:\/\/www.loziskaplus.sk\/eshop\/produkt\/shell-gadus-s2-v220ad-2-18kg\/","og_site_name":"Lo\u017eisk\u00e1 PLUS","article_modified_time":"2024-02-15T13:52:09+00:00","og_image":[{"width":800,"height":800,"url":"https:\/\/www.loziskaplus.sk\/eshop\/wp-content\/uploads\/2024\/02\/shell-gadus-s2-v220ac-18kg.jpg","type":"image\/jpeg"}],"twitter_card":"summary_large_image","twitter_misc":{"Predpokladan\u00fd \u010das \u010d\u00edtania":"1 min\u00fata"},"schema":{"@context":"https:\/\/schema.org","@graph":[{"@type":"WebPage","@id":"https:\/\/www.loziskaplus.sk\/eshop\/produkt\/shell-gadus-s2-v220ad-2-18kg\/","url":"https:\/\/www.loziskaplus.sk\/eshop\/produkt\/shell-gadus-s2-v220ad-2-18kg\/","name":"Shell Gadus S2 V220AD 2 18KG - Lo\u017eisk\u00e1 PLUS","isPartOf":{"@id":"https:\/\/www.loziskaplus.sk\/eshop\/#website"},"primaryImageOfPage":{"@id":"https:\/\/www.loziskaplus.sk\/eshop\/produkt\/shell-gadus-s2-v220ad-2-18kg\/#primaryimage"},"image":{"@id":"https:\/\/www.loziskaplus.sk\/eshop\/produkt\/shell-gadus-s2-v220ad-2-18kg\/#primaryimage"},"thumbnailUrl":"https:\/\/www.loziskaplus.sk\/eshop\/wp-content\/uploads\/2024\/02\/shell-gadus-s2-v220ac-18kg.jpg","datePublished":"2024-02-15T13:51:57+00:00","dateModified":"2024-02-15T13:52:09+00:00","breadcrumb":{"@id":"https:\/\/www.loziskaplus.sk\/eshop\/produkt\/shell-gadus-s2-v220ad-2-18kg\/#breadcrumb"},"inLanguage":"sk-SK","potentialAction":[{"@type":"ReadAction","target":["https:\/\/www.loziskaplus.sk\/eshop\/produkt\/shell-gadus-s2-v220ad-2-18kg\/"]}]},{"@type":"ImageObject","inLanguage":"sk-SK","@id":"https:\/\/www.loziskaplus.sk\/eshop\/produkt\/shell-gadus-s2-v220ad-2-18kg\/#primaryimage","url":"https:\/\/www.loziskaplus.sk\/eshop\/wp-content\/uploads\/2024\/02\/shell-gadus-s2-v220ac-18kg.jpg","contentUrl":"https:\/\/www.loziskaplus.sk\/eshop\/wp-content\/uploads\/2024\/02\/shell-gadus-s2-v220ac-18kg.jpg","width":800,"height":800},{"@type":"BreadcrumbList","@id":"https:\/\/www.loziskaplus.sk\/eshop\/produkt\/shell-gadus-s2-v220ad-2-18kg\/#breadcrumb","itemListElement":[{"@type":"ListItem","position":1,"name":"Domov","item":"https:\/\/www.loziskaplus.sk\/eshop\/"},{"@type":"ListItem","position":2,"name":"Obchod","item":"https:\/\/www.loziskaplus.sk\/eshop\/obchod\/"},{"@type":"ListItem","position":3,"name":"Shell Gadus S2 V220AD 2 18KG"}]},{"@type":"WebSite","@id":"https:\/\/www.loziskaplus.sk\/eshop\/#website","url":"https:\/\/www.loziskaplus.sk\/eshop\/","name":"Lo\u017eisk\u00e1 PLUS","description":"","publisher":{"@id":"https:\/\/www.loziskaplus.sk\/eshop\/#organization"},"potentialAction":[{"@type":"SearchAction","target":{"@type":"EntryPoint","urlTemplate":"https:\/\/www.loziskaplus.sk\/eshop\/?s={search_term_string}"},"query-input":{"@type":"PropertyValueSpecification","valueRequired":true,"valueName":"search_term_string"}}],"inLanguage":"sk-SK"},{"@type":"Organization","@id":"https:\/\/www.loziskaplus.sk\/eshop\/#organization","name":"Lo\u017eisk\u00e1 PLUS","url":"https:\/\/www.loziskaplus.sk\/eshop\/","logo":{"@type":"ImageObject","inLanguage":"sk-SK","@id":"https:\/\/www.loziskaplus.sk\/eshop\/#\/schema\/logo\/image\/","url":"https:\/\/www.loziskaplus.sk\/eshop\/wp-content\/uploads\/2024\/06\/logo-facebuk-1.jpg?v=1718619602","contentUrl":"https:\/\/www.loziskaplus.sk\/eshop\/wp-content\/uploads\/2024\/06\/logo-facebuk-1.jpg?v=1718619602","width":180,"height":179,"caption":"Lo\u017eisk\u00e1 PLUS"},"image":{"@id":"https:\/\/www.loziskaplus.sk\/eshop\/#\/schema\/logo\/image\/"}}]}},"jetpack_sharing_enabled":true,"_links":{"self":[{"href":"https:\/\/www.loziskaplus.sk\/eshop\/wp-json\/wp\/v2\/product\/7858","targetHints":{"allow":["GET"]}}],"collection":[{"href":"https:\/\/www.loziskaplus.sk\/eshop\/wp-json\/wp\/v2\/product"}],"about":[{"href":"https:\/\/www.loziskaplus.sk\/eshop\/wp-json\/wp\/v2\/types\/product"}],"wp:featuredmedia":[{"embeddable":true,"href":"https:\/\/www.loziskaplus.sk\/eshop\/wp-json\/wp\/v2\/media\/7857"}],"wp:attachment":[{"href":"https:\/\/www.loziskaplus.sk\/eshop\/wp-json\/wp\/v2\/media?parent=7858"}],"wp:term":[{"taxonomy":"product_brand","embeddable":true,"href":"https:\/\/www.loziskaplus.sk\/eshop\/wp-json\/wp\/v2\/product_brand?post=7858"},{"taxonomy":"product_cat","embeddable":true,"href":"https:\/\/www.loziskaplus.sk\/eshop\/wp-json\/wp\/v2\/product_cat?post=7858"},{"taxonomy":"product_tag","embeddable":true,"href":"https:\/\/www.loziskaplus.sk\/eshop\/wp-json\/wp\/v2\/product_tag?post=7858"}],"curies":[{"name":"wp","href":"https:\/\/api.w.org\/{rel}","templated":true}]}}