{"id":7881,"date":"2024-02-22T07:32:40","date_gmt":"2024-02-22T06:32:40","guid":{"rendered":"https:\/\/www.loziskaplus.sk\/eshop\/?post_type=product&#038;p=7881"},"modified":"2024-02-22T07:32:40","modified_gmt":"2024-02-22T06:32:40","slug":"mol-helios-2-8-kg","status":"publish","type":"product","link":"https:\/\/www.loziskaplus.sk\/eshop\/produkt\/mol-helios-2-8-kg\/","title":{"rendered":"MOL Helios 2 8 kg"},"content":{"rendered":"<ul>\n<li>vhodn\u00e9 predov\u0161etk\u00fdm v \u0165a\u017e\u0161\u00edch priemyseln\u00fdch aplik\u00e1ci\u00e1ch v hutn\u00edctve a stroj\u00e1rstve<\/li>\n<li>vhodn\u00e9 na mazanie re\u0165az\u00ed. klzn\u00fdch vodiacich l\u00ed\u0161t a lo\u013eaj\u00e1 v prostred\u00ed vypa\u013eovac\u00edch pec\u00ed. napr v keramickom priemysle<\/li>\n<li>na mazanie nastavovac\u00edch mechanizmov, dopravn\u00edkov a lo\u017e\u00edsk pracuj\u00facich v hor\u00facom\u00a0 prostred\u00ed<\/li>\n<li>na mazanie tepelne vysoko za\u0165a\u017een\u00fdch uzlov a na miestach, kde doch\u00e1dza k p\u00f4sobeniu hor\u00facej vody alebo pary<\/li>\n<li>pre vysokoteplotn\u00e9 aplik\u00e1cie, v pr\u00edpade vysok\u00fdch tepl\u00f4t (nad +150\u00b0C) je potrebn\u00e9 pravideln\u00e9 domaz\u00e1vanie.<\/li>\n<li>dobr\u00e1 protikor\u00f3zna ochrana<\/li>\n<\/ul>\n<p>&#8211; nie je odpor\u00fa\u010dan\u00e9 na mazanie klzn\u00fdch lo\u017e\u00edsk a utesnen\u00fdch, uzavret\u00fdch klzn\u00fdch ulo\u017een\u00ed<\/p>\n<p>&#8211; treba zabr\u00e1ni\u0165 zmie\u0161aniu s in\u00fdmi plastick\u00fdmi mazivami.<\/p>\n<ul>\n<li>konzistencia (NLGI klasifik\u00e1cia): NLGI 2<\/li>\n<li>teplotn\u00fd rozsah pou\u017eitia: od \u201320\u00b0C do +200\u00b0C<\/li>\n<\/ul>\n<p>MOL Helios 2 je plastick\u00e9 mazivo bentonitov\u00e9ho typu pre vysokoteplotn\u00e9 aplik\u00e1cie predov\u0161etk\u00fdm v \u0165a\u017e\u0161\u00edch priemyseln\u00fdch aplik\u00e1ci\u00e1ch v hutn\u00edctve a stroj\u00e1rstve.<\/p>\n<p>M\u00f4\u017ee by\u0165 pou\u017eit\u00e9 na mazanie re\u0165az\u00ed, klzn\u00fdch vodiacich l\u00ed\u0161t a ko\u013eaj\u00ed v prostred\u00ed vypa\u013eovac\u00edch pec\u00ed napr. v keramickom priemysle, \u010falej na mazanie\u2026<\/p>\n","protected":false},"excerpt":{"rendered":"<p><strong>MOL Helios 2<\/strong>\u00a0je plastick\u00e9 mazivo bentonitov\u00e9ho typu pre vysokoteplotn\u00e9 aplik\u00e1cie predov\u0161etk\u00fdm v \u0165a\u017e\u0161\u00edch priemyseln\u00fdch aplik\u00e1ci\u00e1ch v hutn\u00edctve a stroj\u00e1rstve.<\/p>\n","protected":false},"featured_media":7882,"template":"","meta":[],"product_brand":[],"product_cat":[169,19],"product_tag":[],"class_list":{"0":"post-7881","1":"product","2":"type-product","3":"status-publish","4":"has-post-thumbnail","6":"product_cat-maziva","7":"product_cat-oleje","8":"pa_balenie-8kg","9":"pa_vyrobca-mol","11":"first","12":"instock","13":"taxable","14":"shipping-taxable","15":"purchasable","16":"product-type-simple"},"yoast_head":"<!-- This site is optimized with the Yoast SEO plugin v27.4 - https:\/\/yoast.com\/product\/yoast-seo-wordpress\/ -->\n<title>MOL Helios 2 8 kg - Lo\u017eisk\u00e1 PLUS<\/title>\n<meta name=\"robots\" content=\"index, follow, max-snippet:-1, max-image-preview:large, max-video-preview:-1\" \/>\n<link rel=\"canonical\" href=\"https:\/\/www.loziskaplus.sk\/eshop\/produkt\/mol-helios-2-8-kg\/\" \/>\n<meta property=\"og:locale\" content=\"sk_SK\" \/>\n<meta property=\"og:type\" content=\"article\" \/>\n<meta property=\"og:title\" content=\"MOL Helios 2 8 kg - Lo\u017eisk\u00e1 PLUS\" \/>\n<meta property=\"og:description\" content=\"MOL Helios 2\u00a0je plastick\u00e9 mazivo bentonitov\u00e9ho typu pre vysokoteplotn\u00e9 aplik\u00e1cie predov\u0161etk\u00fdm v \u0165a\u017e\u0161\u00edch priemyseln\u00fdch aplik\u00e1ci\u00e1ch v hutn\u00edctve a stroj\u00e1rstve.\" \/>\n<meta property=\"og:url\" content=\"https:\/\/www.loziskaplus.sk\/eshop\/produkt\/mol-helios-2-8-kg\/\" \/>\n<meta property=\"og:site_name\" content=\"Lo\u017eisk\u00e1 PLUS\" \/>\n<meta property=\"og:image\" content=\"https:\/\/www.loziskaplus.sk\/eshop\/wp-content\/uploads\/2024\/02\/mol-helios2-8kg.jpg\" \/>\n\t<meta property=\"og:image:width\" content=\"500\" \/>\n\t<meta property=\"og:image:height\" content=\"500\" \/>\n\t<meta property=\"og:image:type\" content=\"image\/jpeg\" \/>\n<meta name=\"twitter:card\" content=\"summary_large_image\" \/>\n<meta name=\"twitter:label1\" content=\"Predpokladan\u00fd \u010das \u010d\u00edtania\" \/>\n\t<meta name=\"twitter:data1\" content=\"1 min\u00fata\" \/>\n<script type=\"application\/ld+json\" class=\"yoast-schema-graph\">{\"@context\":\"https:\\\/\\\/schema.org\",\"@graph\":[{\"@type\":\"WebPage\",\"@id\":\"https:\\\/\\\/www.loziskaplus.sk\\\/eshop\\\/produkt\\\/mol-helios-2-8-kg\\\/\",\"url\":\"https:\\\/\\\/www.loziskaplus.sk\\\/eshop\\\/produkt\\\/mol-helios-2-8-kg\\\/\",\"name\":\"MOL Helios 2 8 kg - Lo\u017eisk\u00e1 PLUS\",\"isPartOf\":{\"@id\":\"https:\\\/\\\/www.loziskaplus.sk\\\/eshop\\\/#website\"},\"primaryImageOfPage\":{\"@id\":\"https:\\\/\\\/www.loziskaplus.sk\\\/eshop\\\/produkt\\\/mol-helios-2-8-kg\\\/#primaryimage\"},\"image\":{\"@id\":\"https:\\\/\\\/www.loziskaplus.sk\\\/eshop\\\/produkt\\\/mol-helios-2-8-kg\\\/#primaryimage\"},\"thumbnailUrl\":\"https:\\\/\\\/www.loziskaplus.sk\\\/eshop\\\/wp-content\\\/uploads\\\/2024\\\/02\\\/mol-helios2-8kg.jpg\",\"datePublished\":\"2024-02-22T06:32:40+00:00\",\"breadcrumb\":{\"@id\":\"https:\\\/\\\/www.loziskaplus.sk\\\/eshop\\\/produkt\\\/mol-helios-2-8-kg\\\/#breadcrumb\"},\"inLanguage\":\"sk-SK\",\"potentialAction\":[{\"@type\":\"ReadAction\",\"target\":[\"https:\\\/\\\/www.loziskaplus.sk\\\/eshop\\\/produkt\\\/mol-helios-2-8-kg\\\/\"]}]},{\"@type\":\"ImageObject\",\"inLanguage\":\"sk-SK\",\"@id\":\"https:\\\/\\\/www.loziskaplus.sk\\\/eshop\\\/produkt\\\/mol-helios-2-8-kg\\\/#primaryimage\",\"url\":\"https:\\\/\\\/www.loziskaplus.sk\\\/eshop\\\/wp-content\\\/uploads\\\/2024\\\/02\\\/mol-helios2-8kg.jpg\",\"contentUrl\":\"https:\\\/\\\/www.loziskaplus.sk\\\/eshop\\\/wp-content\\\/uploads\\\/2024\\\/02\\\/mol-helios2-8kg.jpg\",\"width\":500,\"height\":500},{\"@type\":\"BreadcrumbList\",\"@id\":\"https:\\\/\\\/www.loziskaplus.sk\\\/eshop\\\/produkt\\\/mol-helios-2-8-kg\\\/#breadcrumb\",\"itemListElement\":[{\"@type\":\"ListItem\",\"position\":1,\"name\":\"Domov\",\"item\":\"https:\\\/\\\/www.loziskaplus.sk\\\/eshop\\\/\"},{\"@type\":\"ListItem\",\"position\":2,\"name\":\"Obchod\",\"item\":\"https:\\\/\\\/www.loziskaplus.sk\\\/eshop\\\/obchod\\\/\"},{\"@type\":\"ListItem\",\"position\":3,\"name\":\"MOL Helios 2 8 kg\"}]},{\"@type\":\"WebSite\",\"@id\":\"https:\\\/\\\/www.loziskaplus.sk\\\/eshop\\\/#website\",\"url\":\"https:\\\/\\\/www.loziskaplus.sk\\\/eshop\\\/\",\"name\":\"Lo\u017eisk\u00e1 PLUS\",\"description\":\"\",\"publisher\":{\"@id\":\"https:\\\/\\\/www.loziskaplus.sk\\\/eshop\\\/#organization\"},\"potentialAction\":[{\"@type\":\"SearchAction\",\"target\":{\"@type\":\"EntryPoint\",\"urlTemplate\":\"https:\\\/\\\/www.loziskaplus.sk\\\/eshop\\\/?s={search_term_string}\"},\"query-input\":{\"@type\":\"PropertyValueSpecification\",\"valueRequired\":true,\"valueName\":\"search_term_string\"}}],\"inLanguage\":\"sk-SK\"},{\"@type\":\"Organization\",\"@id\":\"https:\\\/\\\/www.loziskaplus.sk\\\/eshop\\\/#organization\",\"name\":\"Lo\u017eisk\u00e1 PLUS\",\"url\":\"https:\\\/\\\/www.loziskaplus.sk\\\/eshop\\\/\",\"logo\":{\"@type\":\"ImageObject\",\"inLanguage\":\"sk-SK\",\"@id\":\"https:\\\/\\\/www.loziskaplus.sk\\\/eshop\\\/#\\\/schema\\\/logo\\\/image\\\/\",\"url\":\"https:\\\/\\\/www.loziskaplus.sk\\\/eshop\\\/wp-content\\\/uploads\\\/2024\\\/06\\\/logo-facebuk-1.jpg?v=1718619602\",\"contentUrl\":\"https:\\\/\\\/www.loziskaplus.sk\\\/eshop\\\/wp-content\\\/uploads\\\/2024\\\/06\\\/logo-facebuk-1.jpg?v=1718619602\",\"width\":180,\"height\":179,\"caption\":\"Lo\u017eisk\u00e1 PLUS\"},\"image\":{\"@id\":\"https:\\\/\\\/www.loziskaplus.sk\\\/eshop\\\/#\\\/schema\\\/logo\\\/image\\\/\"}}]}<\/script>\n<!-- \/ Yoast SEO plugin. -->","yoast_head_json":{"title":"MOL Helios 2 8 kg - Lo\u017eisk\u00e1 PLUS","robots":{"index":"index","follow":"follow","max-snippet":"max-snippet:-1","max-image-preview":"max-image-preview:large","max-video-preview":"max-video-preview:-1"},"canonical":"https:\/\/www.loziskaplus.sk\/eshop\/produkt\/mol-helios-2-8-kg\/","og_locale":"sk_SK","og_type":"article","og_title":"MOL Helios 2 8 kg - Lo\u017eisk\u00e1 PLUS","og_description":"MOL Helios 2\u00a0je plastick\u00e9 mazivo bentonitov\u00e9ho typu pre vysokoteplotn\u00e9 aplik\u00e1cie predov\u0161etk\u00fdm v \u0165a\u017e\u0161\u00edch priemyseln\u00fdch aplik\u00e1ci\u00e1ch v hutn\u00edctve a stroj\u00e1rstve.","og_url":"https:\/\/www.loziskaplus.sk\/eshop\/produkt\/mol-helios-2-8-kg\/","og_site_name":"Lo\u017eisk\u00e1 PLUS","og_image":[{"width":500,"height":500,"url":"https:\/\/www.loziskaplus.sk\/eshop\/wp-content\/uploads\/2024\/02\/mol-helios2-8kg.jpg","type":"image\/jpeg"}],"twitter_card":"summary_large_image","twitter_misc":{"Predpokladan\u00fd \u010das \u010d\u00edtania":"1 min\u00fata"},"schema":{"@context":"https:\/\/schema.org","@graph":[{"@type":"WebPage","@id":"https:\/\/www.loziskaplus.sk\/eshop\/produkt\/mol-helios-2-8-kg\/","url":"https:\/\/www.loziskaplus.sk\/eshop\/produkt\/mol-helios-2-8-kg\/","name":"MOL Helios 2 8 kg - Lo\u017eisk\u00e1 PLUS","isPartOf":{"@id":"https:\/\/www.loziskaplus.sk\/eshop\/#website"},"primaryImageOfPage":{"@id":"https:\/\/www.loziskaplus.sk\/eshop\/produkt\/mol-helios-2-8-kg\/#primaryimage"},"image":{"@id":"https:\/\/www.loziskaplus.sk\/eshop\/produkt\/mol-helios-2-8-kg\/#primaryimage"},"thumbnailUrl":"https:\/\/www.loziskaplus.sk\/eshop\/wp-content\/uploads\/2024\/02\/mol-helios2-8kg.jpg","datePublished":"2024-02-22T06:32:40+00:00","breadcrumb":{"@id":"https:\/\/www.loziskaplus.sk\/eshop\/produkt\/mol-helios-2-8-kg\/#breadcrumb"},"inLanguage":"sk-SK","potentialAction":[{"@type":"ReadAction","target":["https:\/\/www.loziskaplus.sk\/eshop\/produkt\/mol-helios-2-8-kg\/"]}]},{"@type":"ImageObject","inLanguage":"sk-SK","@id":"https:\/\/www.loziskaplus.sk\/eshop\/produkt\/mol-helios-2-8-kg\/#primaryimage","url":"https:\/\/www.loziskaplus.sk\/eshop\/wp-content\/uploads\/2024\/02\/mol-helios2-8kg.jpg","contentUrl":"https:\/\/www.loziskaplus.sk\/eshop\/wp-content\/uploads\/2024\/02\/mol-helios2-8kg.jpg","width":500,"height":500},{"@type":"BreadcrumbList","@id":"https:\/\/www.loziskaplus.sk\/eshop\/produkt\/mol-helios-2-8-kg\/#breadcrumb","itemListElement":[{"@type":"ListItem","position":1,"name":"Domov","item":"https:\/\/www.loziskaplus.sk\/eshop\/"},{"@type":"ListItem","position":2,"name":"Obchod","item":"https:\/\/www.loziskaplus.sk\/eshop\/obchod\/"},{"@type":"ListItem","position":3,"name":"MOL Helios 2 8 kg"}]},{"@type":"WebSite","@id":"https:\/\/www.loziskaplus.sk\/eshop\/#website","url":"https:\/\/www.loziskaplus.sk\/eshop\/","name":"Lo\u017eisk\u00e1 PLUS","description":"","publisher":{"@id":"https:\/\/www.loziskaplus.sk\/eshop\/#organization"},"potentialAction":[{"@type":"SearchAction","target":{"@type":"EntryPoint","urlTemplate":"https:\/\/www.loziskaplus.sk\/eshop\/?s={search_term_string}"},"query-input":{"@type":"PropertyValueSpecification","valueRequired":true,"valueName":"search_term_string"}}],"inLanguage":"sk-SK"},{"@type":"Organization","@id":"https:\/\/www.loziskaplus.sk\/eshop\/#organization","name":"Lo\u017eisk\u00e1 PLUS","url":"https:\/\/www.loziskaplus.sk\/eshop\/","logo":{"@type":"ImageObject","inLanguage":"sk-SK","@id":"https:\/\/www.loziskaplus.sk\/eshop\/#\/schema\/logo\/image\/","url":"https:\/\/www.loziskaplus.sk\/eshop\/wp-content\/uploads\/2024\/06\/logo-facebuk-1.jpg?v=1718619602","contentUrl":"https:\/\/www.loziskaplus.sk\/eshop\/wp-content\/uploads\/2024\/06\/logo-facebuk-1.jpg?v=1718619602","width":180,"height":179,"caption":"Lo\u017eisk\u00e1 PLUS"},"image":{"@id":"https:\/\/www.loziskaplus.sk\/eshop\/#\/schema\/logo\/image\/"}}]}},"jetpack_sharing_enabled":true,"_links":{"self":[{"href":"https:\/\/www.loziskaplus.sk\/eshop\/wp-json\/wp\/v2\/product\/7881","targetHints":{"allow":["GET"]}}],"collection":[{"href":"https:\/\/www.loziskaplus.sk\/eshop\/wp-json\/wp\/v2\/product"}],"about":[{"href":"https:\/\/www.loziskaplus.sk\/eshop\/wp-json\/wp\/v2\/types\/product"}],"wp:featuredmedia":[{"embeddable":true,"href":"https:\/\/www.loziskaplus.sk\/eshop\/wp-json\/wp\/v2\/media\/7882"}],"wp:attachment":[{"href":"https:\/\/www.loziskaplus.sk\/eshop\/wp-json\/wp\/v2\/media?parent=7881"}],"wp:term":[{"taxonomy":"product_brand","embeddable":true,"href":"https:\/\/www.loziskaplus.sk\/eshop\/wp-json\/wp\/v2\/product_brand?post=7881"},{"taxonomy":"product_cat","embeddable":true,"href":"https:\/\/www.loziskaplus.sk\/eshop\/wp-json\/wp\/v2\/product_cat?post=7881"},{"taxonomy":"product_tag","embeddable":true,"href":"https:\/\/www.loziskaplus.sk\/eshop\/wp-json\/wp\/v2\/product_tag?post=7881"}],"curies":[{"name":"wp","href":"https:\/\/api.w.org\/{rel}","templated":true}]}}