{"id":7959,"date":"2024-03-06T13:12:15","date_gmt":"2024-03-06T12:12:15","guid":{"rendered":"https:\/\/www.loziskaplus.sk\/eshop\/?post_type=product&#038;p=7959"},"modified":"2024-03-06T13:18:42","modified_gmt":"2024-03-06T12:18:42","slug":"coralia-vacuum-5l-orlen","status":"publish","type":"product","link":"https:\/\/www.loziskaplus.sk\/eshop\/produkt\/coralia-vacuum-5l-orlen\/","title":{"rendered":"CORALIA VACUUM 5L ORLEN"},"content":{"rendered":"<h2><span style=\"font-family: Arial; font-size: large;\">ORLEN CORALIA VACUUM Olej pre v\u00e1kuov\u00e9 pumpy, objem 5L<\/span><\/h2>\n<p><span style=\"font-family: Arial; font-size: large;\">CORALIA V\u00e1kuov\u00fd olej pre v\u00e1kuov\u00e9 \u010derpadl\u00e1 sa z\u00edskava z vysokokvalitn\u00e9ho miner\u00e1lneho oleja v procese destil\u00e1cie za podmienok vysok\u00e9ho v\u00e1kua.<\/span><\/p>\n<p><span style=\"font-family: Arial; font-size: large;\"><strong>Vyzna\u010duje sa:<\/strong><\/span><\/p>\n<p><span style=\"font-family: Arial; font-size: large;\">\u2022 dobr\u00e1 mazacia schopnos\u0165,<\/span><\/p>\n<p><span style=\"font-family: Arial; font-size: large;\">\u2022 chemick\u00e1 a tepeln\u00e1 stabilita,<\/span><\/p>\n<p><span style=\"font-family: Arial; font-size: large;\">\u2022 n\u00edzke odparovanie,<\/span><\/p>\n<p><span style=\"font-family: Arial; font-size: large;\">\u2022 odolnos\u0165 vo\u010di tvorbe kalu a usaden\u00edn.<\/span><\/p>\n<p>&nbsp;<\/p>\n<p>&nbsp;<\/p>\n<p><span style=\"font-family: Arial; font-size: large;\">CORALIA V\u00e1kuov\u00fd olej pre v\u00e1kuov\u00e9 v\u00fdvevy\u00a0<strong>je ur\u010den\u00fd pre pou\u017eitie v rota\u010dn\u00fdch v\u00fdvev\u00e1ch.<\/strong><\/span><\/p>\n<p>&nbsp;<\/p>\n","protected":false},"excerpt":{"rendered":"<p>Orlen CORALIA Vacuum sa vyr\u00e1ba z vysoko kvalitn\u00e9ho miner\u00e1lneho oleja procesom vysokov\u00e1kuovej destil\u00e1cie. dobr\u00e9 mazacie vlastnosti, chemick\u00e1 a tepeln\u00e1 stabilita, n\u00edzky odparovac\u00ed v\u00fdkon, odolnos\u0165 vo\u010di tvorbe kalov a zvy\u0161kov. CORALIA V\u00e1kuov\u00fd olej je ur\u010den\u00e1 na rota\u010dn\u00e9 v\u00fdvevy. ISO VG: 100<\/p>\n","protected":false},"featured_media":7960,"template":"","meta":[],"product_brand":[],"product_cat":[35,19],"product_tag":[],"class_list":{"0":"post-7959","1":"product","2":"type-product","3":"status-publish","4":"has-post-thumbnail","6":"product_cat-olej-polnohospodarska-technika","7":"product_cat-oleje","8":"pa_balenie-5l","9":"pa_viskozita-iso-vg100","10":"pa_vyrobca-orlen","12":"first","13":"instock","14":"taxable","15":"shipping-taxable","16":"purchasable","17":"product-type-simple"},"yoast_head":"<!-- This site is optimized with the Yoast SEO plugin v27.4 - https:\/\/yoast.com\/product\/yoast-seo-wordpress\/ -->\n<title>CORALIA VACUUM 5L ORLEN - Lo\u017eisk\u00e1 PLUS<\/title>\n<meta name=\"robots\" content=\"index, follow, max-snippet:-1, max-image-preview:large, max-video-preview:-1\" \/>\n<link rel=\"canonical\" href=\"https:\/\/www.loziskaplus.sk\/eshop\/produkt\/coralia-vacuum-5l-orlen\/\" \/>\n<meta property=\"og:locale\" content=\"sk_SK\" \/>\n<meta property=\"og:type\" content=\"article\" \/>\n<meta property=\"og:title\" content=\"CORALIA VACUUM 5L ORLEN - Lo\u017eisk\u00e1 PLUS\" \/>\n<meta property=\"og:description\" content=\"Orlen CORALIA Vacuum sa vyr\u00e1ba z vysoko kvalitn\u00e9ho miner\u00e1lneho oleja procesom vysokov\u00e1kuovej destil\u00e1cie. dobr\u00e9 mazacie vlastnosti, chemick\u00e1 a tepeln\u00e1 stabilita, n\u00edzky odparovac\u00ed v\u00fdkon, odolnos\u0165 vo\u010di tvorbe kalov a zvy\u0161kov. CORALIA V\u00e1kuov\u00fd olej je ur\u010den\u00e1 na rota\u010dn\u00e9 v\u00fdvevy. ISO VG: 100\" \/>\n<meta property=\"og:url\" content=\"https:\/\/www.loziskaplus.sk\/eshop\/produkt\/coralia-vacuum-5l-orlen\/\" \/>\n<meta property=\"og:site_name\" content=\"Lo\u017eisk\u00e1 PLUS\" \/>\n<meta property=\"article:modified_time\" content=\"2024-03-06T12:18:42+00:00\" \/>\n<meta property=\"og:image\" content=\"https:\/\/www.loziskaplus.sk\/eshop\/wp-content\/uploads\/2024\/03\/CORALIA-VACUUM-5L-ORLEN.jpg\" \/>\n\t<meta property=\"og:image:width\" content=\"500\" \/>\n\t<meta property=\"og:image:height\" content=\"500\" \/>\n\t<meta property=\"og:image:type\" content=\"image\/jpeg\" \/>\n<meta name=\"twitter:card\" content=\"summary_large_image\" \/>\n<meta name=\"twitter:label1\" content=\"Predpokladan\u00fd \u010das \u010d\u00edtania\" \/>\n\t<meta name=\"twitter:data1\" content=\"1 min\u00fata\" \/>\n<script type=\"application\/ld+json\" class=\"yoast-schema-graph\">{\"@context\":\"https:\\\/\\\/schema.org\",\"@graph\":[{\"@type\":\"WebPage\",\"@id\":\"https:\\\/\\\/www.loziskaplus.sk\\\/eshop\\\/produkt\\\/coralia-vacuum-5l-orlen\\\/\",\"url\":\"https:\\\/\\\/www.loziskaplus.sk\\\/eshop\\\/produkt\\\/coralia-vacuum-5l-orlen\\\/\",\"name\":\"CORALIA VACUUM 5L ORLEN - Lo\u017eisk\u00e1 PLUS\",\"isPartOf\":{\"@id\":\"https:\\\/\\\/www.loziskaplus.sk\\\/eshop\\\/#website\"},\"primaryImageOfPage\":{\"@id\":\"https:\\\/\\\/www.loziskaplus.sk\\\/eshop\\\/produkt\\\/coralia-vacuum-5l-orlen\\\/#primaryimage\"},\"image\":{\"@id\":\"https:\\\/\\\/www.loziskaplus.sk\\\/eshop\\\/produkt\\\/coralia-vacuum-5l-orlen\\\/#primaryimage\"},\"thumbnailUrl\":\"https:\\\/\\\/www.loziskaplus.sk\\\/eshop\\\/wp-content\\\/uploads\\\/2024\\\/03\\\/CORALIA-VACUUM-5L-ORLEN.jpg\",\"datePublished\":\"2024-03-06T12:12:15+00:00\",\"dateModified\":\"2024-03-06T12:18:42+00:00\",\"breadcrumb\":{\"@id\":\"https:\\\/\\\/www.loziskaplus.sk\\\/eshop\\\/produkt\\\/coralia-vacuum-5l-orlen\\\/#breadcrumb\"},\"inLanguage\":\"sk-SK\",\"potentialAction\":[{\"@type\":\"ReadAction\",\"target\":[\"https:\\\/\\\/www.loziskaplus.sk\\\/eshop\\\/produkt\\\/coralia-vacuum-5l-orlen\\\/\"]}]},{\"@type\":\"ImageObject\",\"inLanguage\":\"sk-SK\",\"@id\":\"https:\\\/\\\/www.loziskaplus.sk\\\/eshop\\\/produkt\\\/coralia-vacuum-5l-orlen\\\/#primaryimage\",\"url\":\"https:\\\/\\\/www.loziskaplus.sk\\\/eshop\\\/wp-content\\\/uploads\\\/2024\\\/03\\\/CORALIA-VACUUM-5L-ORLEN.jpg\",\"contentUrl\":\"https:\\\/\\\/www.loziskaplus.sk\\\/eshop\\\/wp-content\\\/uploads\\\/2024\\\/03\\\/CORALIA-VACUUM-5L-ORLEN.jpg\",\"width\":500,\"height\":500},{\"@type\":\"BreadcrumbList\",\"@id\":\"https:\\\/\\\/www.loziskaplus.sk\\\/eshop\\\/produkt\\\/coralia-vacuum-5l-orlen\\\/#breadcrumb\",\"itemListElement\":[{\"@type\":\"ListItem\",\"position\":1,\"name\":\"Domov\",\"item\":\"https:\\\/\\\/www.loziskaplus.sk\\\/eshop\\\/\"},{\"@type\":\"ListItem\",\"position\":2,\"name\":\"Obchod\",\"item\":\"https:\\\/\\\/www.loziskaplus.sk\\\/eshop\\\/obchod\\\/\"},{\"@type\":\"ListItem\",\"position\":3,\"name\":\"CORALIA VACUUM 5L ORLEN\"}]},{\"@type\":\"WebSite\",\"@id\":\"https:\\\/\\\/www.loziskaplus.sk\\\/eshop\\\/#website\",\"url\":\"https:\\\/\\\/www.loziskaplus.sk\\\/eshop\\\/\",\"name\":\"Lo\u017eisk\u00e1 PLUS\",\"description\":\"\",\"publisher\":{\"@id\":\"https:\\\/\\\/www.loziskaplus.sk\\\/eshop\\\/#organization\"},\"potentialAction\":[{\"@type\":\"SearchAction\",\"target\":{\"@type\":\"EntryPoint\",\"urlTemplate\":\"https:\\\/\\\/www.loziskaplus.sk\\\/eshop\\\/?s={search_term_string}\"},\"query-input\":{\"@type\":\"PropertyValueSpecification\",\"valueRequired\":true,\"valueName\":\"search_term_string\"}}],\"inLanguage\":\"sk-SK\"},{\"@type\":\"Organization\",\"@id\":\"https:\\\/\\\/www.loziskaplus.sk\\\/eshop\\\/#organization\",\"name\":\"Lo\u017eisk\u00e1 PLUS\",\"url\":\"https:\\\/\\\/www.loziskaplus.sk\\\/eshop\\\/\",\"logo\":{\"@type\":\"ImageObject\",\"inLanguage\":\"sk-SK\",\"@id\":\"https:\\\/\\\/www.loziskaplus.sk\\\/eshop\\\/#\\\/schema\\\/logo\\\/image\\\/\",\"url\":\"https:\\\/\\\/www.loziskaplus.sk\\\/eshop\\\/wp-content\\\/uploads\\\/2024\\\/06\\\/logo-facebuk-1.jpg?v=1718619602\",\"contentUrl\":\"https:\\\/\\\/www.loziskaplus.sk\\\/eshop\\\/wp-content\\\/uploads\\\/2024\\\/06\\\/logo-facebuk-1.jpg?v=1718619602\",\"width\":180,\"height\":179,\"caption\":\"Lo\u017eisk\u00e1 PLUS\"},\"image\":{\"@id\":\"https:\\\/\\\/www.loziskaplus.sk\\\/eshop\\\/#\\\/schema\\\/logo\\\/image\\\/\"}}]}<\/script>\n<!-- \/ Yoast SEO plugin. -->","yoast_head_json":{"title":"CORALIA VACUUM 5L ORLEN - Lo\u017eisk\u00e1 PLUS","robots":{"index":"index","follow":"follow","max-snippet":"max-snippet:-1","max-image-preview":"max-image-preview:large","max-video-preview":"max-video-preview:-1"},"canonical":"https:\/\/www.loziskaplus.sk\/eshop\/produkt\/coralia-vacuum-5l-orlen\/","og_locale":"sk_SK","og_type":"article","og_title":"CORALIA VACUUM 5L ORLEN - Lo\u017eisk\u00e1 PLUS","og_description":"Orlen CORALIA Vacuum sa vyr\u00e1ba z vysoko kvalitn\u00e9ho miner\u00e1lneho oleja procesom vysokov\u00e1kuovej destil\u00e1cie. dobr\u00e9 mazacie vlastnosti, chemick\u00e1 a tepeln\u00e1 stabilita, n\u00edzky odparovac\u00ed v\u00fdkon, odolnos\u0165 vo\u010di tvorbe kalov a zvy\u0161kov. CORALIA V\u00e1kuov\u00fd olej je ur\u010den\u00e1 na rota\u010dn\u00e9 v\u00fdvevy. ISO VG: 100","og_url":"https:\/\/www.loziskaplus.sk\/eshop\/produkt\/coralia-vacuum-5l-orlen\/","og_site_name":"Lo\u017eisk\u00e1 PLUS","article_modified_time":"2024-03-06T12:18:42+00:00","og_image":[{"width":500,"height":500,"url":"https:\/\/www.loziskaplus.sk\/eshop\/wp-content\/uploads\/2024\/03\/CORALIA-VACUUM-5L-ORLEN.jpg","type":"image\/jpeg"}],"twitter_card":"summary_large_image","twitter_misc":{"Predpokladan\u00fd \u010das \u010d\u00edtania":"1 min\u00fata"},"schema":{"@context":"https:\/\/schema.org","@graph":[{"@type":"WebPage","@id":"https:\/\/www.loziskaplus.sk\/eshop\/produkt\/coralia-vacuum-5l-orlen\/","url":"https:\/\/www.loziskaplus.sk\/eshop\/produkt\/coralia-vacuum-5l-orlen\/","name":"CORALIA VACUUM 5L ORLEN - Lo\u017eisk\u00e1 PLUS","isPartOf":{"@id":"https:\/\/www.loziskaplus.sk\/eshop\/#website"},"primaryImageOfPage":{"@id":"https:\/\/www.loziskaplus.sk\/eshop\/produkt\/coralia-vacuum-5l-orlen\/#primaryimage"},"image":{"@id":"https:\/\/www.loziskaplus.sk\/eshop\/produkt\/coralia-vacuum-5l-orlen\/#primaryimage"},"thumbnailUrl":"https:\/\/www.loziskaplus.sk\/eshop\/wp-content\/uploads\/2024\/03\/CORALIA-VACUUM-5L-ORLEN.jpg","datePublished":"2024-03-06T12:12:15+00:00","dateModified":"2024-03-06T12:18:42+00:00","breadcrumb":{"@id":"https:\/\/www.loziskaplus.sk\/eshop\/produkt\/coralia-vacuum-5l-orlen\/#breadcrumb"},"inLanguage":"sk-SK","potentialAction":[{"@type":"ReadAction","target":["https:\/\/www.loziskaplus.sk\/eshop\/produkt\/coralia-vacuum-5l-orlen\/"]}]},{"@type":"ImageObject","inLanguage":"sk-SK","@id":"https:\/\/www.loziskaplus.sk\/eshop\/produkt\/coralia-vacuum-5l-orlen\/#primaryimage","url":"https:\/\/www.loziskaplus.sk\/eshop\/wp-content\/uploads\/2024\/03\/CORALIA-VACUUM-5L-ORLEN.jpg","contentUrl":"https:\/\/www.loziskaplus.sk\/eshop\/wp-content\/uploads\/2024\/03\/CORALIA-VACUUM-5L-ORLEN.jpg","width":500,"height":500},{"@type":"BreadcrumbList","@id":"https:\/\/www.loziskaplus.sk\/eshop\/produkt\/coralia-vacuum-5l-orlen\/#breadcrumb","itemListElement":[{"@type":"ListItem","position":1,"name":"Domov","item":"https:\/\/www.loziskaplus.sk\/eshop\/"},{"@type":"ListItem","position":2,"name":"Obchod","item":"https:\/\/www.loziskaplus.sk\/eshop\/obchod\/"},{"@type":"ListItem","position":3,"name":"CORALIA VACUUM 5L ORLEN"}]},{"@type":"WebSite","@id":"https:\/\/www.loziskaplus.sk\/eshop\/#website","url":"https:\/\/www.loziskaplus.sk\/eshop\/","name":"Lo\u017eisk\u00e1 PLUS","description":"","publisher":{"@id":"https:\/\/www.loziskaplus.sk\/eshop\/#organization"},"potentialAction":[{"@type":"SearchAction","target":{"@type":"EntryPoint","urlTemplate":"https:\/\/www.loziskaplus.sk\/eshop\/?s={search_term_string}"},"query-input":{"@type":"PropertyValueSpecification","valueRequired":true,"valueName":"search_term_string"}}],"inLanguage":"sk-SK"},{"@type":"Organization","@id":"https:\/\/www.loziskaplus.sk\/eshop\/#organization","name":"Lo\u017eisk\u00e1 PLUS","url":"https:\/\/www.loziskaplus.sk\/eshop\/","logo":{"@type":"ImageObject","inLanguage":"sk-SK","@id":"https:\/\/www.loziskaplus.sk\/eshop\/#\/schema\/logo\/image\/","url":"https:\/\/www.loziskaplus.sk\/eshop\/wp-content\/uploads\/2024\/06\/logo-facebuk-1.jpg?v=1718619602","contentUrl":"https:\/\/www.loziskaplus.sk\/eshop\/wp-content\/uploads\/2024\/06\/logo-facebuk-1.jpg?v=1718619602","width":180,"height":179,"caption":"Lo\u017eisk\u00e1 PLUS"},"image":{"@id":"https:\/\/www.loziskaplus.sk\/eshop\/#\/schema\/logo\/image\/"}}]}},"jetpack_sharing_enabled":true,"_links":{"self":[{"href":"https:\/\/www.loziskaplus.sk\/eshop\/wp-json\/wp\/v2\/product\/7959","targetHints":{"allow":["GET"]}}],"collection":[{"href":"https:\/\/www.loziskaplus.sk\/eshop\/wp-json\/wp\/v2\/product"}],"about":[{"href":"https:\/\/www.loziskaplus.sk\/eshop\/wp-json\/wp\/v2\/types\/product"}],"wp:featuredmedia":[{"embeddable":true,"href":"https:\/\/www.loziskaplus.sk\/eshop\/wp-json\/wp\/v2\/media\/7960"}],"wp:attachment":[{"href":"https:\/\/www.loziskaplus.sk\/eshop\/wp-json\/wp\/v2\/media?parent=7959"}],"wp:term":[{"taxonomy":"product_brand","embeddable":true,"href":"https:\/\/www.loziskaplus.sk\/eshop\/wp-json\/wp\/v2\/product_brand?post=7959"},{"taxonomy":"product_cat","embeddable":true,"href":"https:\/\/www.loziskaplus.sk\/eshop\/wp-json\/wp\/v2\/product_cat?post=7959"},{"taxonomy":"product_tag","embeddable":true,"href":"https:\/\/www.loziskaplus.sk\/eshop\/wp-json\/wp\/v2\/product_tag?post=7959"}],"curies":[{"name":"wp","href":"https:\/\/api.w.org\/{rel}","templated":true}]}}