{"id":7966,"date":"2024-03-06T13:53:13","date_gmt":"2024-03-06T12:53:13","guid":{"rendered":"https:\/\/www.loziskaplus.sk\/eshop\/?post_type=product&#038;p=7966"},"modified":"2024-03-06T14:07:29","modified_gmt":"2024-03-06T13:07:29","slug":"total-quartz-9000-5w-40-1l","status":"publish","type":"product","link":"https:\/\/www.loziskaplus.sk\/eshop\/produkt\/total-quartz-9000-5w-40-1l\/","title":{"rendered":"Total Quartz 9000 5W-40 1L"},"content":{"rendered":"<p>Total Quartz Energy 9000 je ve\u013emi v\u00fdkonn\u00fd syntetick\u00fd motorov\u00fd olej ur\u010den\u00fd pre benz\u00ednov\u00e9 a dieselov\u00e9 motory osobn\u00fdch vozidiel. Total Quartz Energy 9000 bol vyvinut\u00fd pre v\u0161etky benz\u00ednov\u00e9 motory s alebo bez katalyz\u00e1tora a v\u0161etky naftov\u00e9 motory s alebo bez prepl\u0148ovania v osobn\u00fdch automobiloch, ktor\u00e9 nie s\u00fa vybaven\u00e9 filtrom pevn\u00fdch \u010dast\u00edc.<\/p>\n<p>Total Quartz Energy 9000 mo\u017eno pou\u017ei\u0165 aj v najn\u00e1ro\u010dnej\u0161\u00edch prev\u00e1dzkov\u00fdch podmienkach (r\u00fdchly dia\u013eni\u010dn\u00e1 prev\u00e1dzka, intenz\u00edvna mestsk\u00e1 prem\u00e1vka) v ka\u017edom ro\u010dnom obdob\u00ed. Total Quartz Energy 9000 je plne prisp\u00f4soben\u00fd pre v\u0161etky jazdn\u00e9 \u0161t\u00fdly, obzvl\u00e1\u0161\u0165 &#8222;energick\u00fd&#8220; a najm\u00e4 pre &#8222;energick\u00fd&#8220; sp\u00f4sob riadenia.<\/p>\n<p>Je \u0161peci\u00e1lne navrhnut\u00fd tak, aby vyhovoval potreb\u00e1m v\u00fdrobcov motorov, pokia\u013e ide o pred\u013a\u017een\u00e9 intervaly v\u00fdmeny oleja.<\/p>\n<p>\u0160pecifik\u00e1cia<br \/>\nACEA A3\/B4<br \/>\nAPI SM \/ CF<\/p>\n<p>Schv\u00e1lenia v\u00fdrobcov:<br \/>\nPSA Peugeot &amp; Citroen<br \/>\nMB 229.1\/229.3\/229.5<br \/>\nVW 501.01\/502.00\/505.00<br \/>\nBMW LongLife 98\/01<br \/>\nPorsche A40<br \/>\nGM-LL-B02 + A025<br \/>\nFiat 9.55535-H2 \/ N2<\/p>\n","protected":false},"excerpt":{"rendered":"<p>TOTAL QUARTZ 9000 ENERGY 5W-40 bol vyvinut\u00fd pre v\u0161etky benz\u00ednov\u00e9 a pre v\u0161etky dieselov\u00e9 motory &#8211; s alebo bez turbod\u00fachadla &#8211; pre pou\u017eitie na \u013eahk\u00fdch osobn\u00fdch a \u00fa\u017eitkov\u00fdch vozidiel bez filtrov pevn\u00fdch \u010dast\u00edc.\u00a0Zaru\u010duje \u00fasporu paliva pri jeho pou\u017e\u00edvan\u00ed a dobre \u0161tartovacie vlastnosti v studenom stave motora. P\u00f4vod tovaru je Eur\u00f3pska \u00dania.<\/p>\n","protected":false},"featured_media":7967,"template":"","meta":[],"product_brand":[],"product_cat":[29,33,19],"product_tag":[],"class_list":{"0":"post-7966","1":"product","2":"type-product","3":"status-publish","4":"has-post-thumbnail","6":"product_cat-motorove-oleje","7":"product_cat-olej-osobne-automobily","8":"product_cat-oleje","9":"pa_balenie-1l","10":"pa_viskozita-5w-40","11":"pa_vyrobca-total","13":"first","14":"instock","15":"taxable","16":"shipping-taxable","17":"purchasable","18":"product-type-simple"},"yoast_head":"<!-- This site is optimized with the Yoast SEO plugin v27.4 - https:\/\/yoast.com\/product\/yoast-seo-wordpress\/ -->\n<title>Total Quartz 9000 5W-40 1L - Lo\u017eisk\u00e1 PLUS<\/title>\n<meta name=\"robots\" content=\"index, follow, max-snippet:-1, max-image-preview:large, max-video-preview:-1\" \/>\n<link rel=\"canonical\" href=\"https:\/\/www.loziskaplus.sk\/eshop\/produkt\/total-quartz-9000-5w-40-1l\/\" \/>\n<meta property=\"og:locale\" content=\"sk_SK\" \/>\n<meta property=\"og:type\" content=\"article\" \/>\n<meta property=\"og:title\" content=\"Total Quartz 9000 5W-40 1L - Lo\u017eisk\u00e1 PLUS\" \/>\n<meta property=\"og:description\" content=\"TOTAL QUARTZ 9000 ENERGY 5W-40 bol vyvinut\u00fd pre v\u0161etky benz\u00ednov\u00e9 a pre v\u0161etky dieselov\u00e9 motory - s alebo bez turbod\u00fachadla - pre pou\u017eitie na \u013eahk\u00fdch osobn\u00fdch a \u00fa\u017eitkov\u00fdch vozidiel bez filtrov pevn\u00fdch \u010dast\u00edc.\u00a0Zaru\u010duje \u00fasporu paliva pri jeho pou\u017e\u00edvan\u00ed a dobre \u0161tartovacie vlastnosti v studenom stave motora. P\u00f4vod tovaru je Eur\u00f3pska \u00dania.\" \/>\n<meta property=\"og:url\" content=\"https:\/\/www.loziskaplus.sk\/eshop\/produkt\/total-quartz-9000-5w-40-1l\/\" \/>\n<meta property=\"og:site_name\" content=\"Lo\u017eisk\u00e1 PLUS\" \/>\n<meta property=\"article:modified_time\" content=\"2024-03-06T13:07:29+00:00\" \/>\n<meta property=\"og:image\" content=\"https:\/\/www.loziskaplus.sk\/eshop\/wp-content\/uploads\/2024\/03\/total-5w40-1L.webp\" \/>\n\t<meta property=\"og:image:width\" content=\"500\" \/>\n\t<meta property=\"og:image:height\" content=\"500\" \/>\n\t<meta property=\"og:image:type\" content=\"image\/webp\" \/>\n<meta name=\"twitter:card\" content=\"summary_large_image\" \/>\n<meta name=\"twitter:label1\" content=\"Predpokladan\u00fd \u010das \u010d\u00edtania\" \/>\n\t<meta name=\"twitter:data1\" content=\"1 min\u00fata\" \/>\n<script type=\"application\/ld+json\" class=\"yoast-schema-graph\">{\"@context\":\"https:\\\/\\\/schema.org\",\"@graph\":[{\"@type\":\"WebPage\",\"@id\":\"https:\\\/\\\/www.loziskaplus.sk\\\/eshop\\\/produkt\\\/total-quartz-9000-5w-40-1l\\\/\",\"url\":\"https:\\\/\\\/www.loziskaplus.sk\\\/eshop\\\/produkt\\\/total-quartz-9000-5w-40-1l\\\/\",\"name\":\"Total Quartz 9000 5W-40 1L - Lo\u017eisk\u00e1 PLUS\",\"isPartOf\":{\"@id\":\"https:\\\/\\\/www.loziskaplus.sk\\\/eshop\\\/#website\"},\"primaryImageOfPage\":{\"@id\":\"https:\\\/\\\/www.loziskaplus.sk\\\/eshop\\\/produkt\\\/total-quartz-9000-5w-40-1l\\\/#primaryimage\"},\"image\":{\"@id\":\"https:\\\/\\\/www.loziskaplus.sk\\\/eshop\\\/produkt\\\/total-quartz-9000-5w-40-1l\\\/#primaryimage\"},\"thumbnailUrl\":\"https:\\\/\\\/www.loziskaplus.sk\\\/eshop\\\/wp-content\\\/uploads\\\/2024\\\/03\\\/total-5w40-1L.webp\",\"datePublished\":\"2024-03-06T12:53:13+00:00\",\"dateModified\":\"2024-03-06T13:07:29+00:00\",\"breadcrumb\":{\"@id\":\"https:\\\/\\\/www.loziskaplus.sk\\\/eshop\\\/produkt\\\/total-quartz-9000-5w-40-1l\\\/#breadcrumb\"},\"inLanguage\":\"sk-SK\",\"potentialAction\":[{\"@type\":\"ReadAction\",\"target\":[\"https:\\\/\\\/www.loziskaplus.sk\\\/eshop\\\/produkt\\\/total-quartz-9000-5w-40-1l\\\/\"]}]},{\"@type\":\"ImageObject\",\"inLanguage\":\"sk-SK\",\"@id\":\"https:\\\/\\\/www.loziskaplus.sk\\\/eshop\\\/produkt\\\/total-quartz-9000-5w-40-1l\\\/#primaryimage\",\"url\":\"https:\\\/\\\/www.loziskaplus.sk\\\/eshop\\\/wp-content\\\/uploads\\\/2024\\\/03\\\/total-5w40-1L.webp\",\"contentUrl\":\"https:\\\/\\\/www.loziskaplus.sk\\\/eshop\\\/wp-content\\\/uploads\\\/2024\\\/03\\\/total-5w40-1L.webp\",\"width\":500,\"height\":500},{\"@type\":\"BreadcrumbList\",\"@id\":\"https:\\\/\\\/www.loziskaplus.sk\\\/eshop\\\/produkt\\\/total-quartz-9000-5w-40-1l\\\/#breadcrumb\",\"itemListElement\":[{\"@type\":\"ListItem\",\"position\":1,\"name\":\"Domov\",\"item\":\"https:\\\/\\\/www.loziskaplus.sk\\\/eshop\\\/\"},{\"@type\":\"ListItem\",\"position\":2,\"name\":\"Obchod\",\"item\":\"https:\\\/\\\/www.loziskaplus.sk\\\/eshop\\\/obchod\\\/\"},{\"@type\":\"ListItem\",\"position\":3,\"name\":\"Total Quartz 9000 5W-40 1L\"}]},{\"@type\":\"WebSite\",\"@id\":\"https:\\\/\\\/www.loziskaplus.sk\\\/eshop\\\/#website\",\"url\":\"https:\\\/\\\/www.loziskaplus.sk\\\/eshop\\\/\",\"name\":\"Lo\u017eisk\u00e1 PLUS\",\"description\":\"\",\"publisher\":{\"@id\":\"https:\\\/\\\/www.loziskaplus.sk\\\/eshop\\\/#organization\"},\"potentialAction\":[{\"@type\":\"SearchAction\",\"target\":{\"@type\":\"EntryPoint\",\"urlTemplate\":\"https:\\\/\\\/www.loziskaplus.sk\\\/eshop\\\/?s={search_term_string}\"},\"query-input\":{\"@type\":\"PropertyValueSpecification\",\"valueRequired\":true,\"valueName\":\"search_term_string\"}}],\"inLanguage\":\"sk-SK\"},{\"@type\":\"Organization\",\"@id\":\"https:\\\/\\\/www.loziskaplus.sk\\\/eshop\\\/#organization\",\"name\":\"Lo\u017eisk\u00e1 PLUS\",\"url\":\"https:\\\/\\\/www.loziskaplus.sk\\\/eshop\\\/\",\"logo\":{\"@type\":\"ImageObject\",\"inLanguage\":\"sk-SK\",\"@id\":\"https:\\\/\\\/www.loziskaplus.sk\\\/eshop\\\/#\\\/schema\\\/logo\\\/image\\\/\",\"url\":\"https:\\\/\\\/www.loziskaplus.sk\\\/eshop\\\/wp-content\\\/uploads\\\/2024\\\/06\\\/logo-facebuk-1.jpg?v=1718619602\",\"contentUrl\":\"https:\\\/\\\/www.loziskaplus.sk\\\/eshop\\\/wp-content\\\/uploads\\\/2024\\\/06\\\/logo-facebuk-1.jpg?v=1718619602\",\"width\":180,\"height\":179,\"caption\":\"Lo\u017eisk\u00e1 PLUS\"},\"image\":{\"@id\":\"https:\\\/\\\/www.loziskaplus.sk\\\/eshop\\\/#\\\/schema\\\/logo\\\/image\\\/\"}}]}<\/script>\n<!-- \/ Yoast SEO plugin. -->","yoast_head_json":{"title":"Total Quartz 9000 5W-40 1L - Lo\u017eisk\u00e1 PLUS","robots":{"index":"index","follow":"follow","max-snippet":"max-snippet:-1","max-image-preview":"max-image-preview:large","max-video-preview":"max-video-preview:-1"},"canonical":"https:\/\/www.loziskaplus.sk\/eshop\/produkt\/total-quartz-9000-5w-40-1l\/","og_locale":"sk_SK","og_type":"article","og_title":"Total Quartz 9000 5W-40 1L - Lo\u017eisk\u00e1 PLUS","og_description":"TOTAL QUARTZ 9000 ENERGY 5W-40 bol vyvinut\u00fd pre v\u0161etky benz\u00ednov\u00e9 a pre v\u0161etky dieselov\u00e9 motory - s alebo bez turbod\u00fachadla - pre pou\u017eitie na \u013eahk\u00fdch osobn\u00fdch a \u00fa\u017eitkov\u00fdch vozidiel bez filtrov pevn\u00fdch \u010dast\u00edc.\u00a0Zaru\u010duje \u00fasporu paliva pri jeho pou\u017e\u00edvan\u00ed a dobre \u0161tartovacie vlastnosti v studenom stave motora. P\u00f4vod tovaru je Eur\u00f3pska \u00dania.","og_url":"https:\/\/www.loziskaplus.sk\/eshop\/produkt\/total-quartz-9000-5w-40-1l\/","og_site_name":"Lo\u017eisk\u00e1 PLUS","article_modified_time":"2024-03-06T13:07:29+00:00","og_image":[{"width":500,"height":500,"url":"https:\/\/www.loziskaplus.sk\/eshop\/wp-content\/uploads\/2024\/03\/total-5w40-1L.webp","type":"image\/webp"}],"twitter_card":"summary_large_image","twitter_misc":{"Predpokladan\u00fd \u010das \u010d\u00edtania":"1 min\u00fata"},"schema":{"@context":"https:\/\/schema.org","@graph":[{"@type":"WebPage","@id":"https:\/\/www.loziskaplus.sk\/eshop\/produkt\/total-quartz-9000-5w-40-1l\/","url":"https:\/\/www.loziskaplus.sk\/eshop\/produkt\/total-quartz-9000-5w-40-1l\/","name":"Total Quartz 9000 5W-40 1L - Lo\u017eisk\u00e1 PLUS","isPartOf":{"@id":"https:\/\/www.loziskaplus.sk\/eshop\/#website"},"primaryImageOfPage":{"@id":"https:\/\/www.loziskaplus.sk\/eshop\/produkt\/total-quartz-9000-5w-40-1l\/#primaryimage"},"image":{"@id":"https:\/\/www.loziskaplus.sk\/eshop\/produkt\/total-quartz-9000-5w-40-1l\/#primaryimage"},"thumbnailUrl":"https:\/\/www.loziskaplus.sk\/eshop\/wp-content\/uploads\/2024\/03\/total-5w40-1L.webp","datePublished":"2024-03-06T12:53:13+00:00","dateModified":"2024-03-06T13:07:29+00:00","breadcrumb":{"@id":"https:\/\/www.loziskaplus.sk\/eshop\/produkt\/total-quartz-9000-5w-40-1l\/#breadcrumb"},"inLanguage":"sk-SK","potentialAction":[{"@type":"ReadAction","target":["https:\/\/www.loziskaplus.sk\/eshop\/produkt\/total-quartz-9000-5w-40-1l\/"]}]},{"@type":"ImageObject","inLanguage":"sk-SK","@id":"https:\/\/www.loziskaplus.sk\/eshop\/produkt\/total-quartz-9000-5w-40-1l\/#primaryimage","url":"https:\/\/www.loziskaplus.sk\/eshop\/wp-content\/uploads\/2024\/03\/total-5w40-1L.webp","contentUrl":"https:\/\/www.loziskaplus.sk\/eshop\/wp-content\/uploads\/2024\/03\/total-5w40-1L.webp","width":500,"height":500},{"@type":"BreadcrumbList","@id":"https:\/\/www.loziskaplus.sk\/eshop\/produkt\/total-quartz-9000-5w-40-1l\/#breadcrumb","itemListElement":[{"@type":"ListItem","position":1,"name":"Domov","item":"https:\/\/www.loziskaplus.sk\/eshop\/"},{"@type":"ListItem","position":2,"name":"Obchod","item":"https:\/\/www.loziskaplus.sk\/eshop\/obchod\/"},{"@type":"ListItem","position":3,"name":"Total Quartz 9000 5W-40 1L"}]},{"@type":"WebSite","@id":"https:\/\/www.loziskaplus.sk\/eshop\/#website","url":"https:\/\/www.loziskaplus.sk\/eshop\/","name":"Lo\u017eisk\u00e1 PLUS","description":"","publisher":{"@id":"https:\/\/www.loziskaplus.sk\/eshop\/#organization"},"potentialAction":[{"@type":"SearchAction","target":{"@type":"EntryPoint","urlTemplate":"https:\/\/www.loziskaplus.sk\/eshop\/?s={search_term_string}"},"query-input":{"@type":"PropertyValueSpecification","valueRequired":true,"valueName":"search_term_string"}}],"inLanguage":"sk-SK"},{"@type":"Organization","@id":"https:\/\/www.loziskaplus.sk\/eshop\/#organization","name":"Lo\u017eisk\u00e1 PLUS","url":"https:\/\/www.loziskaplus.sk\/eshop\/","logo":{"@type":"ImageObject","inLanguage":"sk-SK","@id":"https:\/\/www.loziskaplus.sk\/eshop\/#\/schema\/logo\/image\/","url":"https:\/\/www.loziskaplus.sk\/eshop\/wp-content\/uploads\/2024\/06\/logo-facebuk-1.jpg?v=1718619602","contentUrl":"https:\/\/www.loziskaplus.sk\/eshop\/wp-content\/uploads\/2024\/06\/logo-facebuk-1.jpg?v=1718619602","width":180,"height":179,"caption":"Lo\u017eisk\u00e1 PLUS"},"image":{"@id":"https:\/\/www.loziskaplus.sk\/eshop\/#\/schema\/logo\/image\/"}}]}},"jetpack_sharing_enabled":true,"_links":{"self":[{"href":"https:\/\/www.loziskaplus.sk\/eshop\/wp-json\/wp\/v2\/product\/7966","targetHints":{"allow":["GET"]}}],"collection":[{"href":"https:\/\/www.loziskaplus.sk\/eshop\/wp-json\/wp\/v2\/product"}],"about":[{"href":"https:\/\/www.loziskaplus.sk\/eshop\/wp-json\/wp\/v2\/types\/product"}],"wp:featuredmedia":[{"embeddable":true,"href":"https:\/\/www.loziskaplus.sk\/eshop\/wp-json\/wp\/v2\/media\/7967"}],"wp:attachment":[{"href":"https:\/\/www.loziskaplus.sk\/eshop\/wp-json\/wp\/v2\/media?parent=7966"}],"wp:term":[{"taxonomy":"product_brand","embeddable":true,"href":"https:\/\/www.loziskaplus.sk\/eshop\/wp-json\/wp\/v2\/product_brand?post=7966"},{"taxonomy":"product_cat","embeddable":true,"href":"https:\/\/www.loziskaplus.sk\/eshop\/wp-json\/wp\/v2\/product_cat?post=7966"},{"taxonomy":"product_tag","embeddable":true,"href":"https:\/\/www.loziskaplus.sk\/eshop\/wp-json\/wp\/v2\/product_tag?post=7966"}],"curies":[{"name":"wp","href":"https:\/\/api.w.org\/{rel}","templated":true}]}}