{"id":7968,"date":"2024-03-06T14:31:22","date_gmt":"2024-03-06T13:31:22","guid":{"rendered":"https:\/\/www.loziskaplus.sk\/eshop\/?post_type=product&#038;p=7968"},"modified":"2024-03-06T14:33:14","modified_gmt":"2024-03-06T13:33:14","slug":"opel-gm-dexos2-5w-30-1l","status":"publish","type":"product","link":"https:\/\/www.loziskaplus.sk\/eshop\/produkt\/opel-gm-dexos2-5w-30-1l\/","title":{"rendered":"Opel GM Dexos2 5W-30 1L"},"content":{"rendered":"<p>Viskozita (SAE) 5W-30<br \/>\nTyp<br \/>\nSyntetick\u00fd<br \/>\nVhodn\u00fd pre palivo<br \/>\nBenz\u00edn aj diesel<br \/>\nSchv\u00e1lenie<br \/>\nVW 502.00 (Volkswagen, Skoda, Audi, Seat)<br \/>\nVW 505.00 (Volkswagen, Skoda, Audi, Seat)<br \/>\nVW 505.01 (Volkswagen, Skoda, Audi, Seat)<br \/>\nBMW LongLife-04 (BMW, Mini, &#8230;)<br \/>\nGM-LL-A-025 (Opel, Chevrolet, Saab, Vauxhall, &#8230;)<br \/>\nGM-LL-B-025 (Opel, Chevrolet, Saab, Vauxhall, &#8230;)<br \/>\nGM-Dexos2 (Opel, Chevrolet, Saab, Vauxhall, &#8230;)<br \/>\nMB 229.31 (Mercedes-Benz, Smart,&#8230;)<br \/>\nMB 229.51 (Mercedes-Benz, Smart,&#8230;)<br \/>\nV\u00fdkon\/Trieda<br \/>\nACEA A3\/B3<br \/>\nACEA A3\/B4<br \/>\nACEA C3<br \/>\nAPI CF<br \/>\nAPI SM<br \/>\nAPI SL<\/p>\n","protected":false},"excerpt":{"rendered":"<p>Motorov\u00fd olej schv\u00e1len\u00fd Opel. S n\u00edzkym obsahom SAP (s\u00edry, popola a fosforov\u00fdch zlo\u017eiek) predstavuje kombin\u00e1cia vysokov\u00fdkonn\u00e9ho oleja a adit\u00edv \u0161pi\u010dkov\u00fd produkt vhodn\u00fd pre aut\u00e1 s filtrom pevn\u00fdch \u010dast\u00edc (DPF) a katalyz\u00e1torom (CAT).<br \/>\nOlej m\u00e1 vysok\u00fa \u010distiacu shopnos\u0165 a celkov\u00fa ochranu motora a napom\u00e1ha zni\u017eovaniu spotreby.<br \/>\nV\u00fdhody<br \/>\nZabezpe\u010duje vynikaj\u00facu ochranu pred opotreben\u00edm pri dlh\u0161\u00edch intervaloch v\u00fdmeny.<br \/>\nVylep\u0161uje \u010distotu motora a ochranu pred kalom a \u0161kodliv\u00fdmi usadeninami, ktor\u00e9 vznikaj\u00fa v d\u00f4sledku p\u00f4sobenia detergentn\u00fdch\/disperzn\u00fdch adit\u00edv.<br \/>\nPredl\u017euje \u017eivotnos\u0165 a zachov\u00e1va efektivitu syst\u00e9mov na redukciu emisi\u00ed (DPF a CAT) v z\u00e1\u017eihov\u00fdch a vznetov\u00fdch motoroch, preto\u017ee obsahuje menej s\u00edry, popolu, a fosforu (SAP).<br \/>\nZabezpe\u010duje v\u00fdhody plyn\u00face z ni\u017e\u0161ej spotreby paliva.<br \/>\n\u0160pi\u010dkov\u00fd v\u00fdkon pri vysok\u00fdch a n\u00edzkych teplot\u00e1ch.<\/p>\n","protected":false},"featured_media":7969,"template":"","meta":[],"product_brand":[],"product_cat":[20,29,33,19],"product_tag":[],"class_list":{"0":"post-7968","1":"product","2":"type-product","3":"status-publish","4":"has-post-thumbnail","6":"product_cat-loziska","7":"product_cat-motorove-oleje","8":"product_cat-olej-osobne-automobily","9":"product_cat-oleje","10":"pa_balenie-1l","11":"pa_viskozita-5w-30","12":"pa_vyrobca-opel-gm","14":"first","15":"instock","16":"taxable","17":"shipping-taxable","18":"purchasable","19":"product-type-simple"},"yoast_head":"<!-- This site is optimized with the Yoast SEO plugin v27.4 - https:\/\/yoast.com\/product\/yoast-seo-wordpress\/ -->\n<title>Opel GM Dexos2 5W-30 1L - Lo\u017eisk\u00e1 PLUS<\/title>\n<meta name=\"robots\" content=\"index, follow, max-snippet:-1, max-image-preview:large, max-video-preview:-1\" \/>\n<link rel=\"canonical\" href=\"https:\/\/www.loziskaplus.sk\/eshop\/produkt\/opel-gm-dexos2-5w-30-1l\/\" \/>\n<meta property=\"og:locale\" content=\"sk_SK\" \/>\n<meta property=\"og:type\" content=\"article\" \/>\n<meta property=\"og:title\" content=\"Opel GM Dexos2 5W-30 1L - Lo\u017eisk\u00e1 PLUS\" \/>\n<meta property=\"og:description\" content=\"Motorov\u00fd olej schv\u00e1len\u00fd Opel. S n\u00edzkym obsahom SAP (s\u00edry, popola a fosforov\u00fdch zlo\u017eiek) predstavuje kombin\u00e1cia vysokov\u00fdkonn\u00e9ho oleja a adit\u00edv \u0161pi\u010dkov\u00fd produkt vhodn\u00fd pre aut\u00e1 s filtrom pevn\u00fdch \u010dast\u00edc (DPF) a katalyz\u00e1torom (CAT). Olej m\u00e1 vysok\u00fa \u010distiacu shopnos\u0165 a celkov\u00fa ochranu motora a napom\u00e1ha zni\u017eovaniu spotreby. V\u00fdhody Zabezpe\u010duje vynikaj\u00facu ochranu pred opotreben\u00edm pri dlh\u0161\u00edch intervaloch v\u00fdmeny. Vylep\u0161uje \u010distotu motora a ochranu pred kalom a \u0161kodliv\u00fdmi usadeninami, ktor\u00e9 vznikaj\u00fa v d\u00f4sledku p\u00f4sobenia detergentn\u00fdch\/disperzn\u00fdch adit\u00edv. Predl\u017euje \u017eivotnos\u0165 a zachov\u00e1va efektivitu syst\u00e9mov na redukciu emisi\u00ed (DPF a CAT) v z\u00e1\u017eihov\u00fdch a vznetov\u00fdch motoroch, preto\u017ee obsahuje menej s\u00edry, popolu, a fosforu (SAP). Zabezpe\u010duje v\u00fdhody plyn\u00face z ni\u017e\u0161ej spotreby paliva. \u0160pi\u010dkov\u00fd v\u00fdkon pri vysok\u00fdch a n\u00edzkych teplot\u00e1ch.\" \/>\n<meta property=\"og:url\" content=\"https:\/\/www.loziskaplus.sk\/eshop\/produkt\/opel-gm-dexos2-5w-30-1l\/\" \/>\n<meta property=\"og:site_name\" content=\"Lo\u017eisk\u00e1 PLUS\" \/>\n<meta property=\"article:modified_time\" content=\"2024-03-06T13:33:14+00:00\" \/>\n<meta property=\"og:image\" content=\"https:\/\/www.loziskaplus.sk\/eshop\/wp-content\/uploads\/2024\/03\/Opel-GM-Dexos2-5W-30-1L.jpg\" \/>\n\t<meta property=\"og:image:width\" content=\"650\" \/>\n\t<meta property=\"og:image:height\" content=\"650\" \/>\n\t<meta property=\"og:image:type\" content=\"image\/jpeg\" \/>\n<meta name=\"twitter:card\" content=\"summary_large_image\" \/>\n<meta name=\"twitter:label1\" content=\"Predpokladan\u00fd \u010das \u010d\u00edtania\" \/>\n\t<meta name=\"twitter:data1\" content=\"1 min\u00fata\" \/>\n<script type=\"application\/ld+json\" class=\"yoast-schema-graph\">{\"@context\":\"https:\\\/\\\/schema.org\",\"@graph\":[{\"@type\":\"WebPage\",\"@id\":\"https:\\\/\\\/www.loziskaplus.sk\\\/eshop\\\/produkt\\\/opel-gm-dexos2-5w-30-1l\\\/\",\"url\":\"https:\\\/\\\/www.loziskaplus.sk\\\/eshop\\\/produkt\\\/opel-gm-dexos2-5w-30-1l\\\/\",\"name\":\"Opel GM Dexos2 5W-30 1L - Lo\u017eisk\u00e1 PLUS\",\"isPartOf\":{\"@id\":\"https:\\\/\\\/www.loziskaplus.sk\\\/eshop\\\/#website\"},\"primaryImageOfPage\":{\"@id\":\"https:\\\/\\\/www.loziskaplus.sk\\\/eshop\\\/produkt\\\/opel-gm-dexos2-5w-30-1l\\\/#primaryimage\"},\"image\":{\"@id\":\"https:\\\/\\\/www.loziskaplus.sk\\\/eshop\\\/produkt\\\/opel-gm-dexos2-5w-30-1l\\\/#primaryimage\"},\"thumbnailUrl\":\"https:\\\/\\\/www.loziskaplus.sk\\\/eshop\\\/wp-content\\\/uploads\\\/2024\\\/03\\\/Opel-GM-Dexos2-5W-30-1L.jpg\",\"datePublished\":\"2024-03-06T13:31:22+00:00\",\"dateModified\":\"2024-03-06T13:33:14+00:00\",\"breadcrumb\":{\"@id\":\"https:\\\/\\\/www.loziskaplus.sk\\\/eshop\\\/produkt\\\/opel-gm-dexos2-5w-30-1l\\\/#breadcrumb\"},\"inLanguage\":\"sk-SK\",\"potentialAction\":[{\"@type\":\"ReadAction\",\"target\":[\"https:\\\/\\\/www.loziskaplus.sk\\\/eshop\\\/produkt\\\/opel-gm-dexos2-5w-30-1l\\\/\"]}]},{\"@type\":\"ImageObject\",\"inLanguage\":\"sk-SK\",\"@id\":\"https:\\\/\\\/www.loziskaplus.sk\\\/eshop\\\/produkt\\\/opel-gm-dexos2-5w-30-1l\\\/#primaryimage\",\"url\":\"https:\\\/\\\/www.loziskaplus.sk\\\/eshop\\\/wp-content\\\/uploads\\\/2024\\\/03\\\/Opel-GM-Dexos2-5W-30-1L.jpg\",\"contentUrl\":\"https:\\\/\\\/www.loziskaplus.sk\\\/eshop\\\/wp-content\\\/uploads\\\/2024\\\/03\\\/Opel-GM-Dexos2-5W-30-1L.jpg\",\"width\":650,\"height\":650},{\"@type\":\"BreadcrumbList\",\"@id\":\"https:\\\/\\\/www.loziskaplus.sk\\\/eshop\\\/produkt\\\/opel-gm-dexos2-5w-30-1l\\\/#breadcrumb\",\"itemListElement\":[{\"@type\":\"ListItem\",\"position\":1,\"name\":\"Domov\",\"item\":\"https:\\\/\\\/www.loziskaplus.sk\\\/eshop\\\/\"},{\"@type\":\"ListItem\",\"position\":2,\"name\":\"Obchod\",\"item\":\"https:\\\/\\\/www.loziskaplus.sk\\\/eshop\\\/obchod\\\/\"},{\"@type\":\"ListItem\",\"position\":3,\"name\":\"Opel GM Dexos2 5W-30 1L\"}]},{\"@type\":\"WebSite\",\"@id\":\"https:\\\/\\\/www.loziskaplus.sk\\\/eshop\\\/#website\",\"url\":\"https:\\\/\\\/www.loziskaplus.sk\\\/eshop\\\/\",\"name\":\"Lo\u017eisk\u00e1 PLUS\",\"description\":\"\",\"publisher\":{\"@id\":\"https:\\\/\\\/www.loziskaplus.sk\\\/eshop\\\/#organization\"},\"potentialAction\":[{\"@type\":\"SearchAction\",\"target\":{\"@type\":\"EntryPoint\",\"urlTemplate\":\"https:\\\/\\\/www.loziskaplus.sk\\\/eshop\\\/?s={search_term_string}\"},\"query-input\":{\"@type\":\"PropertyValueSpecification\",\"valueRequired\":true,\"valueName\":\"search_term_string\"}}],\"inLanguage\":\"sk-SK\"},{\"@type\":\"Organization\",\"@id\":\"https:\\\/\\\/www.loziskaplus.sk\\\/eshop\\\/#organization\",\"name\":\"Lo\u017eisk\u00e1 PLUS\",\"url\":\"https:\\\/\\\/www.loziskaplus.sk\\\/eshop\\\/\",\"logo\":{\"@type\":\"ImageObject\",\"inLanguage\":\"sk-SK\",\"@id\":\"https:\\\/\\\/www.loziskaplus.sk\\\/eshop\\\/#\\\/schema\\\/logo\\\/image\\\/\",\"url\":\"https:\\\/\\\/www.loziskaplus.sk\\\/eshop\\\/wp-content\\\/uploads\\\/2024\\\/06\\\/logo-facebuk-1.jpg?v=1718619602\",\"contentUrl\":\"https:\\\/\\\/www.loziskaplus.sk\\\/eshop\\\/wp-content\\\/uploads\\\/2024\\\/06\\\/logo-facebuk-1.jpg?v=1718619602\",\"width\":180,\"height\":179,\"caption\":\"Lo\u017eisk\u00e1 PLUS\"},\"image\":{\"@id\":\"https:\\\/\\\/www.loziskaplus.sk\\\/eshop\\\/#\\\/schema\\\/logo\\\/image\\\/\"}}]}<\/script>\n<!-- \/ Yoast SEO plugin. -->","yoast_head_json":{"title":"Opel GM Dexos2 5W-30 1L - Lo\u017eisk\u00e1 PLUS","robots":{"index":"index","follow":"follow","max-snippet":"max-snippet:-1","max-image-preview":"max-image-preview:large","max-video-preview":"max-video-preview:-1"},"canonical":"https:\/\/www.loziskaplus.sk\/eshop\/produkt\/opel-gm-dexos2-5w-30-1l\/","og_locale":"sk_SK","og_type":"article","og_title":"Opel GM Dexos2 5W-30 1L - Lo\u017eisk\u00e1 PLUS","og_description":"Motorov\u00fd olej schv\u00e1len\u00fd Opel. S n\u00edzkym obsahom SAP (s\u00edry, popola a fosforov\u00fdch zlo\u017eiek) predstavuje kombin\u00e1cia vysokov\u00fdkonn\u00e9ho oleja a adit\u00edv \u0161pi\u010dkov\u00fd produkt vhodn\u00fd pre aut\u00e1 s filtrom pevn\u00fdch \u010dast\u00edc (DPF) a katalyz\u00e1torom (CAT). Olej m\u00e1 vysok\u00fa \u010distiacu shopnos\u0165 a celkov\u00fa ochranu motora a napom\u00e1ha zni\u017eovaniu spotreby. V\u00fdhody Zabezpe\u010duje vynikaj\u00facu ochranu pred opotreben\u00edm pri dlh\u0161\u00edch intervaloch v\u00fdmeny. Vylep\u0161uje \u010distotu motora a ochranu pred kalom a \u0161kodliv\u00fdmi usadeninami, ktor\u00e9 vznikaj\u00fa v d\u00f4sledku p\u00f4sobenia detergentn\u00fdch\/disperzn\u00fdch adit\u00edv. Predl\u017euje \u017eivotnos\u0165 a zachov\u00e1va efektivitu syst\u00e9mov na redukciu emisi\u00ed (DPF a CAT) v z\u00e1\u017eihov\u00fdch a vznetov\u00fdch motoroch, preto\u017ee obsahuje menej s\u00edry, popolu, a fosforu (SAP). Zabezpe\u010duje v\u00fdhody plyn\u00face z ni\u017e\u0161ej spotreby paliva. \u0160pi\u010dkov\u00fd v\u00fdkon pri vysok\u00fdch a n\u00edzkych teplot\u00e1ch.","og_url":"https:\/\/www.loziskaplus.sk\/eshop\/produkt\/opel-gm-dexos2-5w-30-1l\/","og_site_name":"Lo\u017eisk\u00e1 PLUS","article_modified_time":"2024-03-06T13:33:14+00:00","og_image":[{"width":650,"height":650,"url":"https:\/\/www.loziskaplus.sk\/eshop\/wp-content\/uploads\/2024\/03\/Opel-GM-Dexos2-5W-30-1L.jpg","type":"image\/jpeg"}],"twitter_card":"summary_large_image","twitter_misc":{"Predpokladan\u00fd \u010das \u010d\u00edtania":"1 min\u00fata"},"schema":{"@context":"https:\/\/schema.org","@graph":[{"@type":"WebPage","@id":"https:\/\/www.loziskaplus.sk\/eshop\/produkt\/opel-gm-dexos2-5w-30-1l\/","url":"https:\/\/www.loziskaplus.sk\/eshop\/produkt\/opel-gm-dexos2-5w-30-1l\/","name":"Opel GM Dexos2 5W-30 1L - Lo\u017eisk\u00e1 PLUS","isPartOf":{"@id":"https:\/\/www.loziskaplus.sk\/eshop\/#website"},"primaryImageOfPage":{"@id":"https:\/\/www.loziskaplus.sk\/eshop\/produkt\/opel-gm-dexos2-5w-30-1l\/#primaryimage"},"image":{"@id":"https:\/\/www.loziskaplus.sk\/eshop\/produkt\/opel-gm-dexos2-5w-30-1l\/#primaryimage"},"thumbnailUrl":"https:\/\/www.loziskaplus.sk\/eshop\/wp-content\/uploads\/2024\/03\/Opel-GM-Dexos2-5W-30-1L.jpg","datePublished":"2024-03-06T13:31:22+00:00","dateModified":"2024-03-06T13:33:14+00:00","breadcrumb":{"@id":"https:\/\/www.loziskaplus.sk\/eshop\/produkt\/opel-gm-dexos2-5w-30-1l\/#breadcrumb"},"inLanguage":"sk-SK","potentialAction":[{"@type":"ReadAction","target":["https:\/\/www.loziskaplus.sk\/eshop\/produkt\/opel-gm-dexos2-5w-30-1l\/"]}]},{"@type":"ImageObject","inLanguage":"sk-SK","@id":"https:\/\/www.loziskaplus.sk\/eshop\/produkt\/opel-gm-dexos2-5w-30-1l\/#primaryimage","url":"https:\/\/www.loziskaplus.sk\/eshop\/wp-content\/uploads\/2024\/03\/Opel-GM-Dexos2-5W-30-1L.jpg","contentUrl":"https:\/\/www.loziskaplus.sk\/eshop\/wp-content\/uploads\/2024\/03\/Opel-GM-Dexos2-5W-30-1L.jpg","width":650,"height":650},{"@type":"BreadcrumbList","@id":"https:\/\/www.loziskaplus.sk\/eshop\/produkt\/opel-gm-dexos2-5w-30-1l\/#breadcrumb","itemListElement":[{"@type":"ListItem","position":1,"name":"Domov","item":"https:\/\/www.loziskaplus.sk\/eshop\/"},{"@type":"ListItem","position":2,"name":"Obchod","item":"https:\/\/www.loziskaplus.sk\/eshop\/obchod\/"},{"@type":"ListItem","position":3,"name":"Opel GM Dexos2 5W-30 1L"}]},{"@type":"WebSite","@id":"https:\/\/www.loziskaplus.sk\/eshop\/#website","url":"https:\/\/www.loziskaplus.sk\/eshop\/","name":"Lo\u017eisk\u00e1 PLUS","description":"","publisher":{"@id":"https:\/\/www.loziskaplus.sk\/eshop\/#organization"},"potentialAction":[{"@type":"SearchAction","target":{"@type":"EntryPoint","urlTemplate":"https:\/\/www.loziskaplus.sk\/eshop\/?s={search_term_string}"},"query-input":{"@type":"PropertyValueSpecification","valueRequired":true,"valueName":"search_term_string"}}],"inLanguage":"sk-SK"},{"@type":"Organization","@id":"https:\/\/www.loziskaplus.sk\/eshop\/#organization","name":"Lo\u017eisk\u00e1 PLUS","url":"https:\/\/www.loziskaplus.sk\/eshop\/","logo":{"@type":"ImageObject","inLanguage":"sk-SK","@id":"https:\/\/www.loziskaplus.sk\/eshop\/#\/schema\/logo\/image\/","url":"https:\/\/www.loziskaplus.sk\/eshop\/wp-content\/uploads\/2024\/06\/logo-facebuk-1.jpg?v=1718619602","contentUrl":"https:\/\/www.loziskaplus.sk\/eshop\/wp-content\/uploads\/2024\/06\/logo-facebuk-1.jpg?v=1718619602","width":180,"height":179,"caption":"Lo\u017eisk\u00e1 PLUS"},"image":{"@id":"https:\/\/www.loziskaplus.sk\/eshop\/#\/schema\/logo\/image\/"}}]}},"jetpack_sharing_enabled":true,"_links":{"self":[{"href":"https:\/\/www.loziskaplus.sk\/eshop\/wp-json\/wp\/v2\/product\/7968","targetHints":{"allow":["GET"]}}],"collection":[{"href":"https:\/\/www.loziskaplus.sk\/eshop\/wp-json\/wp\/v2\/product"}],"about":[{"href":"https:\/\/www.loziskaplus.sk\/eshop\/wp-json\/wp\/v2\/types\/product"}],"wp:featuredmedia":[{"embeddable":true,"href":"https:\/\/www.loziskaplus.sk\/eshop\/wp-json\/wp\/v2\/media\/7969"}],"wp:attachment":[{"href":"https:\/\/www.loziskaplus.sk\/eshop\/wp-json\/wp\/v2\/media?parent=7968"}],"wp:term":[{"taxonomy":"product_brand","embeddable":true,"href":"https:\/\/www.loziskaplus.sk\/eshop\/wp-json\/wp\/v2\/product_brand?post=7968"},{"taxonomy":"product_cat","embeddable":true,"href":"https:\/\/www.loziskaplus.sk\/eshop\/wp-json\/wp\/v2\/product_cat?post=7968"},{"taxonomy":"product_tag","embeddable":true,"href":"https:\/\/www.loziskaplus.sk\/eshop\/wp-json\/wp\/v2\/product_tag?post=7968"}],"curies":[{"name":"wp","href":"https:\/\/api.w.org\/{rel}","templated":true}]}}