{"id":7985,"date":"2024-03-08T07:48:30","date_gmt":"2024-03-08T06:48:30","guid":{"rendered":"https:\/\/www.loziskaplus.sk\/eshop\/?post_type=product&#038;p=7985"},"modified":"2024-03-08T07:48:31","modified_gmt":"2024-03-08T06:48:31","slug":"ford-motorcraft-a5-5w-30-5l","status":"publish","type":"product","link":"https:\/\/www.loziskaplus.sk\/eshop\/produkt\/ford-motorcraft-a5-5w-30-5l\/","title":{"rendered":"FORD Motorcraft A5 5W-30 5L"},"content":{"rendered":"<table>\n<tbody>\n<tr>\n<td>Viskozita<\/td>\n<td>5W-30<\/td>\n<\/tr>\n<tr>\n<td>\u0160pecifik\u00e1cia<\/td>\n<td>FORD WSS-M2C913-A<\/td>\n<\/tr>\n<tr>\n<td>\u0160pecifik\u00e1cia<\/td>\n<td>FORD WSS-M2C913-B<\/td>\n<\/tr>\n<tr>\n<td>\u0160pecifik\u00e1cia<\/td>\n<td>FORD WSS-M2C913-C<\/td>\n<\/tr>\n<tr>\n<td>\u0160pecifik\u00e1cia<\/td>\n<td>FORD WSS-M2C913-D<\/td>\n<\/tr>\n<tr>\n<td>\u0160pecifik\u00e1cia<\/td>\n<td>ILSAC GF-4<\/td>\n<\/tr>\n<tr>\n<td>\u0160pecifik\u00e1cia ACEA<\/td>\n<td>A1\/B1<\/td>\n<\/tr>\n<tr>\n<td>\u0160pecifik\u00e1cia ACEA<\/td>\n<td>A5\/B5<\/td>\n<\/tr>\n<tr>\n<td>Objem<\/td>\n<td>5 L<\/td>\n<\/tr>\n<\/tbody>\n<\/table>\n","protected":false},"excerpt":{"rendered":"<h2>Vysoko v\u00fdkonn\u00fd, plne syntetick\u00fd motorov\u00fd olej s n\u00edzkym tren\u00edm so \u0161peci\u00e1lnym zlo\u017een\u00edm pre optim\u00e1lny v\u00fdkon a \u00fasporu pohonn\u00fdch hm\u00f4t. Zais\u0165uje zn\u00ed\u017een\u00e9 trenie, vysok\u00fd stupe\u0148 ochrany a \u00fa\u010dinnos\u0165 mazania. Poskytuje \u00fasporu paliva, lep\u0161\u00ed v\u00fdkon a zn\u00ed\u017eenie \u0161kodliv\u00fdch emisi\u00ed.<\/p>\n<p>N\u00e1hrada za: Ford Formula F 5W-30<\/h2>\n","protected":false},"featured_media":7986,"template":"","meta":[],"product_brand":[],"product_cat":[29,33,19],"product_tag":[],"class_list":{"0":"post-7985","1":"product","2":"type-product","3":"status-publish","4":"has-post-thumbnail","6":"product_cat-motorove-oleje","7":"product_cat-olej-osobne-automobily","8":"product_cat-oleje","9":"pa_balenie-5l","10":"pa_viskozita-5w-30","11":"pa_vyrobca-ford","13":"first","14":"instock","15":"taxable","16":"shipping-taxable","17":"purchasable","18":"product-type-simple"},"yoast_head":"<!-- This site is optimized with the Yoast SEO plugin v27.4 - https:\/\/yoast.com\/product\/yoast-seo-wordpress\/ -->\n<title>FORD Motorcraft A5 5W-30 5L - Lo\u017eisk\u00e1 PLUS<\/title>\n<meta name=\"robots\" content=\"index, follow, max-snippet:-1, max-image-preview:large, max-video-preview:-1\" \/>\n<link rel=\"canonical\" href=\"https:\/\/www.loziskaplus.sk\/eshop\/produkt\/ford-motorcraft-a5-5w-30-5l\/\" \/>\n<meta property=\"og:locale\" content=\"sk_SK\" \/>\n<meta property=\"og:type\" content=\"article\" \/>\n<meta property=\"og:title\" content=\"FORD Motorcraft A5 5W-30 5L - Lo\u017eisk\u00e1 PLUS\" \/>\n<meta property=\"og:description\" content=\"Vysoko v\u00fdkonn\u00fd, plne syntetick\u00fd motorov\u00fd olej s n\u00edzkym tren\u00edm so \u0161peci\u00e1lnym zlo\u017een\u00edm pre optim\u00e1lny v\u00fdkon a \u00fasporu pohonn\u00fdch hm\u00f4t. Zais\u0165uje zn\u00ed\u017een\u00e9 trenie, vysok\u00fd stupe\u0148 ochrany a \u00fa\u010dinnos\u0165 mazania. Poskytuje \u00fasporu paliva, lep\u0161\u00ed v\u00fdkon a zn\u00ed\u017eenie \u0161kodliv\u00fdch emisi\u00ed.  N\u00e1hrada za: Ford Formula F 5W-30\" \/>\n<meta property=\"og:url\" content=\"https:\/\/www.loziskaplus.sk\/eshop\/produkt\/ford-motorcraft-a5-5w-30-5l\/\" \/>\n<meta property=\"og:site_name\" content=\"Lo\u017eisk\u00e1 PLUS\" \/>\n<meta property=\"article:modified_time\" content=\"2024-03-08T06:48:31+00:00\" \/>\n<meta property=\"og:image\" content=\"https:\/\/www.loziskaplus.sk\/eshop\/wp-content\/uploads\/2024\/03\/FORD-Motorcraft-A5-5W-30-5L.jpg\" \/>\n\t<meta property=\"og:image:width\" content=\"500\" \/>\n\t<meta property=\"og:image:height\" content=\"500\" \/>\n\t<meta property=\"og:image:type\" content=\"image\/jpeg\" \/>\n<meta name=\"twitter:card\" content=\"summary_large_image\" \/>\n<meta name=\"twitter:label1\" content=\"Predpokladan\u00fd \u010das \u010d\u00edtania\" \/>\n\t<meta name=\"twitter:data1\" content=\"1 min\u00fata\" \/>\n<script type=\"application\/ld+json\" class=\"yoast-schema-graph\">{\"@context\":\"https:\\\/\\\/schema.org\",\"@graph\":[{\"@type\":\"WebPage\",\"@id\":\"https:\\\/\\\/www.loziskaplus.sk\\\/eshop\\\/produkt\\\/ford-motorcraft-a5-5w-30-5l\\\/\",\"url\":\"https:\\\/\\\/www.loziskaplus.sk\\\/eshop\\\/produkt\\\/ford-motorcraft-a5-5w-30-5l\\\/\",\"name\":\"FORD Motorcraft A5 5W-30 5L - Lo\u017eisk\u00e1 PLUS\",\"isPartOf\":{\"@id\":\"https:\\\/\\\/www.loziskaplus.sk\\\/eshop\\\/#website\"},\"primaryImageOfPage\":{\"@id\":\"https:\\\/\\\/www.loziskaplus.sk\\\/eshop\\\/produkt\\\/ford-motorcraft-a5-5w-30-5l\\\/#primaryimage\"},\"image\":{\"@id\":\"https:\\\/\\\/www.loziskaplus.sk\\\/eshop\\\/produkt\\\/ford-motorcraft-a5-5w-30-5l\\\/#primaryimage\"},\"thumbnailUrl\":\"https:\\\/\\\/www.loziskaplus.sk\\\/eshop\\\/wp-content\\\/uploads\\\/2024\\\/03\\\/FORD-Motorcraft-A5-5W-30-5L.jpg\",\"datePublished\":\"2024-03-08T06:48:30+00:00\",\"dateModified\":\"2024-03-08T06:48:31+00:00\",\"breadcrumb\":{\"@id\":\"https:\\\/\\\/www.loziskaplus.sk\\\/eshop\\\/produkt\\\/ford-motorcraft-a5-5w-30-5l\\\/#breadcrumb\"},\"inLanguage\":\"sk-SK\",\"potentialAction\":[{\"@type\":\"ReadAction\",\"target\":[\"https:\\\/\\\/www.loziskaplus.sk\\\/eshop\\\/produkt\\\/ford-motorcraft-a5-5w-30-5l\\\/\"]}]},{\"@type\":\"ImageObject\",\"inLanguage\":\"sk-SK\",\"@id\":\"https:\\\/\\\/www.loziskaplus.sk\\\/eshop\\\/produkt\\\/ford-motorcraft-a5-5w-30-5l\\\/#primaryimage\",\"url\":\"https:\\\/\\\/www.loziskaplus.sk\\\/eshop\\\/wp-content\\\/uploads\\\/2024\\\/03\\\/FORD-Motorcraft-A5-5W-30-5L.jpg\",\"contentUrl\":\"https:\\\/\\\/www.loziskaplus.sk\\\/eshop\\\/wp-content\\\/uploads\\\/2024\\\/03\\\/FORD-Motorcraft-A5-5W-30-5L.jpg\",\"width\":500,\"height\":500},{\"@type\":\"BreadcrumbList\",\"@id\":\"https:\\\/\\\/www.loziskaplus.sk\\\/eshop\\\/produkt\\\/ford-motorcraft-a5-5w-30-5l\\\/#breadcrumb\",\"itemListElement\":[{\"@type\":\"ListItem\",\"position\":1,\"name\":\"Domov\",\"item\":\"https:\\\/\\\/www.loziskaplus.sk\\\/eshop\\\/\"},{\"@type\":\"ListItem\",\"position\":2,\"name\":\"Obchod\",\"item\":\"https:\\\/\\\/www.loziskaplus.sk\\\/eshop\\\/obchod\\\/\"},{\"@type\":\"ListItem\",\"position\":3,\"name\":\"FORD Motorcraft A5 5W-30 5L\"}]},{\"@type\":\"WebSite\",\"@id\":\"https:\\\/\\\/www.loziskaplus.sk\\\/eshop\\\/#website\",\"url\":\"https:\\\/\\\/www.loziskaplus.sk\\\/eshop\\\/\",\"name\":\"Lo\u017eisk\u00e1 PLUS\",\"description\":\"\",\"publisher\":{\"@id\":\"https:\\\/\\\/www.loziskaplus.sk\\\/eshop\\\/#organization\"},\"potentialAction\":[{\"@type\":\"SearchAction\",\"target\":{\"@type\":\"EntryPoint\",\"urlTemplate\":\"https:\\\/\\\/www.loziskaplus.sk\\\/eshop\\\/?s={search_term_string}\"},\"query-input\":{\"@type\":\"PropertyValueSpecification\",\"valueRequired\":true,\"valueName\":\"search_term_string\"}}],\"inLanguage\":\"sk-SK\"},{\"@type\":\"Organization\",\"@id\":\"https:\\\/\\\/www.loziskaplus.sk\\\/eshop\\\/#organization\",\"name\":\"Lo\u017eisk\u00e1 PLUS\",\"url\":\"https:\\\/\\\/www.loziskaplus.sk\\\/eshop\\\/\",\"logo\":{\"@type\":\"ImageObject\",\"inLanguage\":\"sk-SK\",\"@id\":\"https:\\\/\\\/www.loziskaplus.sk\\\/eshop\\\/#\\\/schema\\\/logo\\\/image\\\/\",\"url\":\"https:\\\/\\\/www.loziskaplus.sk\\\/eshop\\\/wp-content\\\/uploads\\\/2024\\\/06\\\/logo-facebuk-1.jpg?v=1718619602\",\"contentUrl\":\"https:\\\/\\\/www.loziskaplus.sk\\\/eshop\\\/wp-content\\\/uploads\\\/2024\\\/06\\\/logo-facebuk-1.jpg?v=1718619602\",\"width\":180,\"height\":179,\"caption\":\"Lo\u017eisk\u00e1 PLUS\"},\"image\":{\"@id\":\"https:\\\/\\\/www.loziskaplus.sk\\\/eshop\\\/#\\\/schema\\\/logo\\\/image\\\/\"}}]}<\/script>\n<!-- \/ Yoast SEO plugin. -->","yoast_head_json":{"title":"FORD Motorcraft A5 5W-30 5L - Lo\u017eisk\u00e1 PLUS","robots":{"index":"index","follow":"follow","max-snippet":"max-snippet:-1","max-image-preview":"max-image-preview:large","max-video-preview":"max-video-preview:-1"},"canonical":"https:\/\/www.loziskaplus.sk\/eshop\/produkt\/ford-motorcraft-a5-5w-30-5l\/","og_locale":"sk_SK","og_type":"article","og_title":"FORD Motorcraft A5 5W-30 5L - Lo\u017eisk\u00e1 PLUS","og_description":"Vysoko v\u00fdkonn\u00fd, plne syntetick\u00fd motorov\u00fd olej s n\u00edzkym tren\u00edm so \u0161peci\u00e1lnym zlo\u017een\u00edm pre optim\u00e1lny v\u00fdkon a \u00fasporu pohonn\u00fdch hm\u00f4t. Zais\u0165uje zn\u00ed\u017een\u00e9 trenie, vysok\u00fd stupe\u0148 ochrany a \u00fa\u010dinnos\u0165 mazania. Poskytuje \u00fasporu paliva, lep\u0161\u00ed v\u00fdkon a zn\u00ed\u017eenie \u0161kodliv\u00fdch emisi\u00ed.  N\u00e1hrada za: Ford Formula F 5W-30","og_url":"https:\/\/www.loziskaplus.sk\/eshop\/produkt\/ford-motorcraft-a5-5w-30-5l\/","og_site_name":"Lo\u017eisk\u00e1 PLUS","article_modified_time":"2024-03-08T06:48:31+00:00","og_image":[{"width":500,"height":500,"url":"https:\/\/www.loziskaplus.sk\/eshop\/wp-content\/uploads\/2024\/03\/FORD-Motorcraft-A5-5W-30-5L.jpg","type":"image\/jpeg"}],"twitter_card":"summary_large_image","twitter_misc":{"Predpokladan\u00fd \u010das \u010d\u00edtania":"1 min\u00fata"},"schema":{"@context":"https:\/\/schema.org","@graph":[{"@type":"WebPage","@id":"https:\/\/www.loziskaplus.sk\/eshop\/produkt\/ford-motorcraft-a5-5w-30-5l\/","url":"https:\/\/www.loziskaplus.sk\/eshop\/produkt\/ford-motorcraft-a5-5w-30-5l\/","name":"FORD Motorcraft A5 5W-30 5L - Lo\u017eisk\u00e1 PLUS","isPartOf":{"@id":"https:\/\/www.loziskaplus.sk\/eshop\/#website"},"primaryImageOfPage":{"@id":"https:\/\/www.loziskaplus.sk\/eshop\/produkt\/ford-motorcraft-a5-5w-30-5l\/#primaryimage"},"image":{"@id":"https:\/\/www.loziskaplus.sk\/eshop\/produkt\/ford-motorcraft-a5-5w-30-5l\/#primaryimage"},"thumbnailUrl":"https:\/\/www.loziskaplus.sk\/eshop\/wp-content\/uploads\/2024\/03\/FORD-Motorcraft-A5-5W-30-5L.jpg","datePublished":"2024-03-08T06:48:30+00:00","dateModified":"2024-03-08T06:48:31+00:00","breadcrumb":{"@id":"https:\/\/www.loziskaplus.sk\/eshop\/produkt\/ford-motorcraft-a5-5w-30-5l\/#breadcrumb"},"inLanguage":"sk-SK","potentialAction":[{"@type":"ReadAction","target":["https:\/\/www.loziskaplus.sk\/eshop\/produkt\/ford-motorcraft-a5-5w-30-5l\/"]}]},{"@type":"ImageObject","inLanguage":"sk-SK","@id":"https:\/\/www.loziskaplus.sk\/eshop\/produkt\/ford-motorcraft-a5-5w-30-5l\/#primaryimage","url":"https:\/\/www.loziskaplus.sk\/eshop\/wp-content\/uploads\/2024\/03\/FORD-Motorcraft-A5-5W-30-5L.jpg","contentUrl":"https:\/\/www.loziskaplus.sk\/eshop\/wp-content\/uploads\/2024\/03\/FORD-Motorcraft-A5-5W-30-5L.jpg","width":500,"height":500},{"@type":"BreadcrumbList","@id":"https:\/\/www.loziskaplus.sk\/eshop\/produkt\/ford-motorcraft-a5-5w-30-5l\/#breadcrumb","itemListElement":[{"@type":"ListItem","position":1,"name":"Domov","item":"https:\/\/www.loziskaplus.sk\/eshop\/"},{"@type":"ListItem","position":2,"name":"Obchod","item":"https:\/\/www.loziskaplus.sk\/eshop\/obchod\/"},{"@type":"ListItem","position":3,"name":"FORD Motorcraft A5 5W-30 5L"}]},{"@type":"WebSite","@id":"https:\/\/www.loziskaplus.sk\/eshop\/#website","url":"https:\/\/www.loziskaplus.sk\/eshop\/","name":"Lo\u017eisk\u00e1 PLUS","description":"","publisher":{"@id":"https:\/\/www.loziskaplus.sk\/eshop\/#organization"},"potentialAction":[{"@type":"SearchAction","target":{"@type":"EntryPoint","urlTemplate":"https:\/\/www.loziskaplus.sk\/eshop\/?s={search_term_string}"},"query-input":{"@type":"PropertyValueSpecification","valueRequired":true,"valueName":"search_term_string"}}],"inLanguage":"sk-SK"},{"@type":"Organization","@id":"https:\/\/www.loziskaplus.sk\/eshop\/#organization","name":"Lo\u017eisk\u00e1 PLUS","url":"https:\/\/www.loziskaplus.sk\/eshop\/","logo":{"@type":"ImageObject","inLanguage":"sk-SK","@id":"https:\/\/www.loziskaplus.sk\/eshop\/#\/schema\/logo\/image\/","url":"https:\/\/www.loziskaplus.sk\/eshop\/wp-content\/uploads\/2024\/06\/logo-facebuk-1.jpg?v=1718619602","contentUrl":"https:\/\/www.loziskaplus.sk\/eshop\/wp-content\/uploads\/2024\/06\/logo-facebuk-1.jpg?v=1718619602","width":180,"height":179,"caption":"Lo\u017eisk\u00e1 PLUS"},"image":{"@id":"https:\/\/www.loziskaplus.sk\/eshop\/#\/schema\/logo\/image\/"}}]}},"jetpack_sharing_enabled":true,"_links":{"self":[{"href":"https:\/\/www.loziskaplus.sk\/eshop\/wp-json\/wp\/v2\/product\/7985","targetHints":{"allow":["GET"]}}],"collection":[{"href":"https:\/\/www.loziskaplus.sk\/eshop\/wp-json\/wp\/v2\/product"}],"about":[{"href":"https:\/\/www.loziskaplus.sk\/eshop\/wp-json\/wp\/v2\/types\/product"}],"wp:featuredmedia":[{"embeddable":true,"href":"https:\/\/www.loziskaplus.sk\/eshop\/wp-json\/wp\/v2\/media\/7986"}],"wp:attachment":[{"href":"https:\/\/www.loziskaplus.sk\/eshop\/wp-json\/wp\/v2\/media?parent=7985"}],"wp:term":[{"taxonomy":"product_brand","embeddable":true,"href":"https:\/\/www.loziskaplus.sk\/eshop\/wp-json\/wp\/v2\/product_brand?post=7985"},{"taxonomy":"product_cat","embeddable":true,"href":"https:\/\/www.loziskaplus.sk\/eshop\/wp-json\/wp\/v2\/product_cat?post=7985"},{"taxonomy":"product_tag","embeddable":true,"href":"https:\/\/www.loziskaplus.sk\/eshop\/wp-json\/wp\/v2\/product_tag?post=7985"}],"curies":[{"name":"wp","href":"https:\/\/api.w.org\/{rel}","templated":true}]}}