{"id":8784,"date":"2024-10-31T09:54:23","date_gmt":"2024-10-31T08:54:23","guid":{"rendered":"https:\/\/www.loziskaplus.sk\/eshop\/?post_type=product&#038;p=8784"},"modified":"2024-10-31T09:54:23","modified_gmt":"2024-10-31T08:54:23","slug":"greaseline-grease-a00-350-g","status":"publish","type":"product","link":"https:\/\/www.loziskaplus.sk\/eshop\/produkt\/greaseline-grease-a00-350-g\/","title":{"rendered":"Greaseline Grease A00 350 g"},"content":{"rendered":"<p><strong>GREASELINE A 00<\/strong>\u00a0sa v\u010faka svojim dobr\u00fdm \u00fa\u017eitkov\u00fdm vlastnostiam \u00faspe\u0161ne pou\u017e\u00edva aj v oblasti priemyslu, napr\u00edklad na mazanie vodn\u00fdch tkac\u00edch stavov v textilnom priemysle, za\u0165a\u017een\u00fdch klzn\u00fdch ulo\u017een\u00ed mazan\u00fdch centr\u00e1lne dlh\u00fdmi dopravn\u00fdmi cestami (tukovody) v hut\u00e1ch, valcovniach a inde, niektor\u00fdch netesn\u00fdch priemyseln\u00fdch prevodoviek; za zmienku stoj\u00ed aj mazanie pohybov\u00fdch re\u0165az\u00ed, nam\u00e1han\u00fdch klzn\u00fdch ulo\u017een\u00ed.<\/p>\n<p><strong>Klasifik\u00e1cia, \u0161pecifik\u00e1cia:<\/strong><\/p>\n<ul>\n<li>NLGI 00, ISO 6743 \/ 9 &#8211; BBHA 00, DIN 51 502 G00G, 20<\/li>\n<\/ul>\n","protected":false},"excerpt":{"rendered":"<p><strong>GREASELINE A 00\u00a0<\/strong><\/p>\n<p>Plastick\u00e9 mazivo ur\u010den\u00e9 hlavne na mazanie klzn\u00fdch ulo\u017een\u00ed, a to predov\u0161etk\u00fdm ulo\u017eeni podvozkov mobiln\u00fdch strojov a zariaden\u00ed. Ve\u013emi dobre odol\u00e1va vplyvom vody a v\u010faka svojmu zlo\u017eeniu m\u00e1 dobr\u00e9 prirodzen\u00e9 ochrann\u00e9 vlastnosti proti kor\u00f3zii a hrdzaveniu. S \u00faspechom sa pou\u017e\u00edva na mazanie zvisl\u00fdch a gu\u013eov\u00fdch \u010dapov a \u010fal\u0161\u00edch klzn\u00fdch ulo\u017een\u00ed (lo\u017eisk\u00e1 hriade\u013eov, ulo\u017eenia tiahel, to\u010dne a i.) automobilov a mobiln\u00fdch strojov.<\/p>\n<p>Mazivo GREASELINE A 00\u00a0sa v niektor\u00fdch pr\u00edpadoch pou\u017e\u00edva aj ako n\u00e1pl\u0148 pomalobe\u017en\u00fdch uzavret\u00fdch prevodoviek, vy\u017eaduj\u00facich mazanie plastick\u00fdm mazivom, pr\u00edpadne na mazanie star\u0161\u00edch netesn\u00fdch prevodoviek (event. v zmesi s olejom), u ktor\u00fdch pri pou\u017eit\u00ed kvapaln\u00fdch maz\u00edv nie je mo\u017en\u00e9 zaisti\u0165 potrebn\u00fa tesnos\u0165.<\/p>\n","protected":false},"featured_media":8787,"template":"","meta":[],"product_brand":[],"product_cat":[169],"product_tag":[],"class_list":{"0":"post-8784","1":"product","2":"type-product","3":"status-publish","4":"has-post-thumbnail","6":"product_cat-maziva","7":"pa_vyrobca-oma-cz-a-s","9":"first","10":"instock","11":"taxable","12":"shipping-taxable","13":"purchasable","14":"product-type-simple"},"yoast_head":"<!-- This site is optimized with the Yoast SEO plugin v27.4 - https:\/\/yoast.com\/product\/yoast-seo-wordpress\/ -->\n<title>Greaseline Grease A00 350 g - Lo\u017eisk\u00e1 PLUS<\/title>\n<meta name=\"robots\" content=\"index, follow, max-snippet:-1, max-image-preview:large, max-video-preview:-1\" \/>\n<link rel=\"canonical\" href=\"https:\/\/www.loziskaplus.sk\/eshop\/produkt\/greaseline-grease-a00-350-g\/\" \/>\n<meta property=\"og:locale\" content=\"sk_SK\" \/>\n<meta property=\"og:type\" content=\"article\" \/>\n<meta property=\"og:title\" content=\"Greaseline Grease A00 350 g - Lo\u017eisk\u00e1 PLUS\" \/>\n<meta property=\"og:description\" content=\"GREASELINE A 00\u00a0  Plastick\u00e9 mazivo ur\u010den\u00e9 hlavne na mazanie klzn\u00fdch ulo\u017een\u00ed, a to predov\u0161etk\u00fdm ulo\u017eeni podvozkov mobiln\u00fdch strojov a zariaden\u00ed. Ve\u013emi dobre odol\u00e1va vplyvom vody a v\u010faka svojmu zlo\u017eeniu m\u00e1 dobr\u00e9 prirodzen\u00e9 ochrann\u00e9 vlastnosti proti kor\u00f3zii a hrdzaveniu. S \u00faspechom sa pou\u017e\u00edva na mazanie zvisl\u00fdch a gu\u013eov\u00fdch \u010dapov a \u010fal\u0161\u00edch klzn\u00fdch ulo\u017een\u00ed (lo\u017eisk\u00e1 hriade\u013eov, ulo\u017eenia tiahel, to\u010dne a i.) automobilov a mobiln\u00fdch strojov.  Mazivo GREASELINE A 00\u00a0sa v niektor\u00fdch pr\u00edpadoch pou\u017e\u00edva aj ako n\u00e1pl\u0148 pomalobe\u017en\u00fdch uzavret\u00fdch prevodoviek, vy\u017eaduj\u00facich mazanie plastick\u00fdm mazivom, pr\u00edpadne na mazanie star\u0161\u00edch netesn\u00fdch prevodoviek (event. v zmesi s olejom), u ktor\u00fdch pri pou\u017eit\u00ed kvapaln\u00fdch maz\u00edv nie je mo\u017en\u00e9 zaisti\u0165 potrebn\u00fa tesnos\u0165.\" \/>\n<meta property=\"og:url\" content=\"https:\/\/www.loziskaplus.sk\/eshop\/produkt\/greaseline-grease-a00-350-g\/\" \/>\n<meta property=\"og:site_name\" content=\"Lo\u017eisk\u00e1 PLUS\" \/>\n<meta property=\"og:image\" content=\"https:\/\/www.loziskaplus.sk\/eshop\/wp-content\/uploads\/2024\/10\/A00-350g-2.jpg\" \/>\n\t<meta property=\"og:image:width\" content=\"800\" \/>\n\t<meta property=\"og:image:height\" content=\"800\" \/>\n\t<meta property=\"og:image:type\" content=\"image\/jpeg\" \/>\n<meta name=\"twitter:card\" content=\"summary_large_image\" \/>\n<meta name=\"twitter:label1\" content=\"Predpokladan\u00fd \u010das \u010d\u00edtania\" \/>\n\t<meta name=\"twitter:data1\" content=\"1 min\u00fata\" \/>\n<script type=\"application\/ld+json\" class=\"yoast-schema-graph\">{\"@context\":\"https:\\\/\\\/schema.org\",\"@graph\":[{\"@type\":\"WebPage\",\"@id\":\"https:\\\/\\\/www.loziskaplus.sk\\\/eshop\\\/produkt\\\/greaseline-grease-a00-350-g\\\/\",\"url\":\"https:\\\/\\\/www.loziskaplus.sk\\\/eshop\\\/produkt\\\/greaseline-grease-a00-350-g\\\/\",\"name\":\"Greaseline Grease A00 350 g - Lo\u017eisk\u00e1 PLUS\",\"isPartOf\":{\"@id\":\"https:\\\/\\\/www.loziskaplus.sk\\\/eshop\\\/#website\"},\"primaryImageOfPage\":{\"@id\":\"https:\\\/\\\/www.loziskaplus.sk\\\/eshop\\\/produkt\\\/greaseline-grease-a00-350-g\\\/#primaryimage\"},\"image\":{\"@id\":\"https:\\\/\\\/www.loziskaplus.sk\\\/eshop\\\/produkt\\\/greaseline-grease-a00-350-g\\\/#primaryimage\"},\"thumbnailUrl\":\"https:\\\/\\\/www.loziskaplus.sk\\\/eshop\\\/wp-content\\\/uploads\\\/2024\\\/10\\\/A00-350g-2.jpg\",\"datePublished\":\"2024-10-31T08:54:23+00:00\",\"breadcrumb\":{\"@id\":\"https:\\\/\\\/www.loziskaplus.sk\\\/eshop\\\/produkt\\\/greaseline-grease-a00-350-g\\\/#breadcrumb\"},\"inLanguage\":\"sk-SK\",\"potentialAction\":[{\"@type\":\"ReadAction\",\"target\":[\"https:\\\/\\\/www.loziskaplus.sk\\\/eshop\\\/produkt\\\/greaseline-grease-a00-350-g\\\/\"]}]},{\"@type\":\"ImageObject\",\"inLanguage\":\"sk-SK\",\"@id\":\"https:\\\/\\\/www.loziskaplus.sk\\\/eshop\\\/produkt\\\/greaseline-grease-a00-350-g\\\/#primaryimage\",\"url\":\"https:\\\/\\\/www.loziskaplus.sk\\\/eshop\\\/wp-content\\\/uploads\\\/2024\\\/10\\\/A00-350g-2.jpg\",\"contentUrl\":\"https:\\\/\\\/www.loziskaplus.sk\\\/eshop\\\/wp-content\\\/uploads\\\/2024\\\/10\\\/A00-350g-2.jpg\",\"width\":800,\"height\":800},{\"@type\":\"BreadcrumbList\",\"@id\":\"https:\\\/\\\/www.loziskaplus.sk\\\/eshop\\\/produkt\\\/greaseline-grease-a00-350-g\\\/#breadcrumb\",\"itemListElement\":[{\"@type\":\"ListItem\",\"position\":1,\"name\":\"Domov\",\"item\":\"https:\\\/\\\/www.loziskaplus.sk\\\/eshop\\\/\"},{\"@type\":\"ListItem\",\"position\":2,\"name\":\"Obchod\",\"item\":\"https:\\\/\\\/www.loziskaplus.sk\\\/eshop\\\/obchod\\\/\"},{\"@type\":\"ListItem\",\"position\":3,\"name\":\"Greaseline Grease A00 350 g\"}]},{\"@type\":\"WebSite\",\"@id\":\"https:\\\/\\\/www.loziskaplus.sk\\\/eshop\\\/#website\",\"url\":\"https:\\\/\\\/www.loziskaplus.sk\\\/eshop\\\/\",\"name\":\"Lo\u017eisk\u00e1 PLUS\",\"description\":\"\",\"publisher\":{\"@id\":\"https:\\\/\\\/www.loziskaplus.sk\\\/eshop\\\/#organization\"},\"potentialAction\":[{\"@type\":\"SearchAction\",\"target\":{\"@type\":\"EntryPoint\",\"urlTemplate\":\"https:\\\/\\\/www.loziskaplus.sk\\\/eshop\\\/?s={search_term_string}\"},\"query-input\":{\"@type\":\"PropertyValueSpecification\",\"valueRequired\":true,\"valueName\":\"search_term_string\"}}],\"inLanguage\":\"sk-SK\"},{\"@type\":\"Organization\",\"@id\":\"https:\\\/\\\/www.loziskaplus.sk\\\/eshop\\\/#organization\",\"name\":\"Lo\u017eisk\u00e1 PLUS\",\"url\":\"https:\\\/\\\/www.loziskaplus.sk\\\/eshop\\\/\",\"logo\":{\"@type\":\"ImageObject\",\"inLanguage\":\"sk-SK\",\"@id\":\"https:\\\/\\\/www.loziskaplus.sk\\\/eshop\\\/#\\\/schema\\\/logo\\\/image\\\/\",\"url\":\"https:\\\/\\\/www.loziskaplus.sk\\\/eshop\\\/wp-content\\\/uploads\\\/2024\\\/06\\\/logo-facebuk-1.jpg?v=1718619602\",\"contentUrl\":\"https:\\\/\\\/www.loziskaplus.sk\\\/eshop\\\/wp-content\\\/uploads\\\/2024\\\/06\\\/logo-facebuk-1.jpg?v=1718619602\",\"width\":180,\"height\":179,\"caption\":\"Lo\u017eisk\u00e1 PLUS\"},\"image\":{\"@id\":\"https:\\\/\\\/www.loziskaplus.sk\\\/eshop\\\/#\\\/schema\\\/logo\\\/image\\\/\"}}]}<\/script>\n<!-- \/ Yoast SEO plugin. -->","yoast_head_json":{"title":"Greaseline Grease A00 350 g - Lo\u017eisk\u00e1 PLUS","robots":{"index":"index","follow":"follow","max-snippet":"max-snippet:-1","max-image-preview":"max-image-preview:large","max-video-preview":"max-video-preview:-1"},"canonical":"https:\/\/www.loziskaplus.sk\/eshop\/produkt\/greaseline-grease-a00-350-g\/","og_locale":"sk_SK","og_type":"article","og_title":"Greaseline Grease A00 350 g - Lo\u017eisk\u00e1 PLUS","og_description":"GREASELINE A 00\u00a0  Plastick\u00e9 mazivo ur\u010den\u00e9 hlavne na mazanie klzn\u00fdch ulo\u017een\u00ed, a to predov\u0161etk\u00fdm ulo\u017eeni podvozkov mobiln\u00fdch strojov a zariaden\u00ed. Ve\u013emi dobre odol\u00e1va vplyvom vody a v\u010faka svojmu zlo\u017eeniu m\u00e1 dobr\u00e9 prirodzen\u00e9 ochrann\u00e9 vlastnosti proti kor\u00f3zii a hrdzaveniu. S \u00faspechom sa pou\u017e\u00edva na mazanie zvisl\u00fdch a gu\u013eov\u00fdch \u010dapov a \u010fal\u0161\u00edch klzn\u00fdch ulo\u017een\u00ed (lo\u017eisk\u00e1 hriade\u013eov, ulo\u017eenia tiahel, to\u010dne a i.) automobilov a mobiln\u00fdch strojov.  Mazivo GREASELINE A 00\u00a0sa v niektor\u00fdch pr\u00edpadoch pou\u017e\u00edva aj ako n\u00e1pl\u0148 pomalobe\u017en\u00fdch uzavret\u00fdch prevodoviek, vy\u017eaduj\u00facich mazanie plastick\u00fdm mazivom, pr\u00edpadne na mazanie star\u0161\u00edch netesn\u00fdch prevodoviek (event. v zmesi s olejom), u ktor\u00fdch pri pou\u017eit\u00ed kvapaln\u00fdch maz\u00edv nie je mo\u017en\u00e9 zaisti\u0165 potrebn\u00fa tesnos\u0165.","og_url":"https:\/\/www.loziskaplus.sk\/eshop\/produkt\/greaseline-grease-a00-350-g\/","og_site_name":"Lo\u017eisk\u00e1 PLUS","og_image":[{"width":800,"height":800,"url":"https:\/\/www.loziskaplus.sk\/eshop\/wp-content\/uploads\/2024\/10\/A00-350g-2.jpg","type":"image\/jpeg"}],"twitter_card":"summary_large_image","twitter_misc":{"Predpokladan\u00fd \u010das \u010d\u00edtania":"1 min\u00fata"},"schema":{"@context":"https:\/\/schema.org","@graph":[{"@type":"WebPage","@id":"https:\/\/www.loziskaplus.sk\/eshop\/produkt\/greaseline-grease-a00-350-g\/","url":"https:\/\/www.loziskaplus.sk\/eshop\/produkt\/greaseline-grease-a00-350-g\/","name":"Greaseline Grease A00 350 g - Lo\u017eisk\u00e1 PLUS","isPartOf":{"@id":"https:\/\/www.loziskaplus.sk\/eshop\/#website"},"primaryImageOfPage":{"@id":"https:\/\/www.loziskaplus.sk\/eshop\/produkt\/greaseline-grease-a00-350-g\/#primaryimage"},"image":{"@id":"https:\/\/www.loziskaplus.sk\/eshop\/produkt\/greaseline-grease-a00-350-g\/#primaryimage"},"thumbnailUrl":"https:\/\/www.loziskaplus.sk\/eshop\/wp-content\/uploads\/2024\/10\/A00-350g-2.jpg","datePublished":"2024-10-31T08:54:23+00:00","breadcrumb":{"@id":"https:\/\/www.loziskaplus.sk\/eshop\/produkt\/greaseline-grease-a00-350-g\/#breadcrumb"},"inLanguage":"sk-SK","potentialAction":[{"@type":"ReadAction","target":["https:\/\/www.loziskaplus.sk\/eshop\/produkt\/greaseline-grease-a00-350-g\/"]}]},{"@type":"ImageObject","inLanguage":"sk-SK","@id":"https:\/\/www.loziskaplus.sk\/eshop\/produkt\/greaseline-grease-a00-350-g\/#primaryimage","url":"https:\/\/www.loziskaplus.sk\/eshop\/wp-content\/uploads\/2024\/10\/A00-350g-2.jpg","contentUrl":"https:\/\/www.loziskaplus.sk\/eshop\/wp-content\/uploads\/2024\/10\/A00-350g-2.jpg","width":800,"height":800},{"@type":"BreadcrumbList","@id":"https:\/\/www.loziskaplus.sk\/eshop\/produkt\/greaseline-grease-a00-350-g\/#breadcrumb","itemListElement":[{"@type":"ListItem","position":1,"name":"Domov","item":"https:\/\/www.loziskaplus.sk\/eshop\/"},{"@type":"ListItem","position":2,"name":"Obchod","item":"https:\/\/www.loziskaplus.sk\/eshop\/obchod\/"},{"@type":"ListItem","position":3,"name":"Greaseline Grease A00 350 g"}]},{"@type":"WebSite","@id":"https:\/\/www.loziskaplus.sk\/eshop\/#website","url":"https:\/\/www.loziskaplus.sk\/eshop\/","name":"Lo\u017eisk\u00e1 PLUS","description":"","publisher":{"@id":"https:\/\/www.loziskaplus.sk\/eshop\/#organization"},"potentialAction":[{"@type":"SearchAction","target":{"@type":"EntryPoint","urlTemplate":"https:\/\/www.loziskaplus.sk\/eshop\/?s={search_term_string}"},"query-input":{"@type":"PropertyValueSpecification","valueRequired":true,"valueName":"search_term_string"}}],"inLanguage":"sk-SK"},{"@type":"Organization","@id":"https:\/\/www.loziskaplus.sk\/eshop\/#organization","name":"Lo\u017eisk\u00e1 PLUS","url":"https:\/\/www.loziskaplus.sk\/eshop\/","logo":{"@type":"ImageObject","inLanguage":"sk-SK","@id":"https:\/\/www.loziskaplus.sk\/eshop\/#\/schema\/logo\/image\/","url":"https:\/\/www.loziskaplus.sk\/eshop\/wp-content\/uploads\/2024\/06\/logo-facebuk-1.jpg?v=1718619602","contentUrl":"https:\/\/www.loziskaplus.sk\/eshop\/wp-content\/uploads\/2024\/06\/logo-facebuk-1.jpg?v=1718619602","width":180,"height":179,"caption":"Lo\u017eisk\u00e1 PLUS"},"image":{"@id":"https:\/\/www.loziskaplus.sk\/eshop\/#\/schema\/logo\/image\/"}}]}},"jetpack_sharing_enabled":true,"_links":{"self":[{"href":"https:\/\/www.loziskaplus.sk\/eshop\/wp-json\/wp\/v2\/product\/8784","targetHints":{"allow":["GET"]}}],"collection":[{"href":"https:\/\/www.loziskaplus.sk\/eshop\/wp-json\/wp\/v2\/product"}],"about":[{"href":"https:\/\/www.loziskaplus.sk\/eshop\/wp-json\/wp\/v2\/types\/product"}],"wp:featuredmedia":[{"embeddable":true,"href":"https:\/\/www.loziskaplus.sk\/eshop\/wp-json\/wp\/v2\/media\/8787"}],"wp:attachment":[{"href":"https:\/\/www.loziskaplus.sk\/eshop\/wp-json\/wp\/v2\/media?parent=8784"}],"wp:term":[{"taxonomy":"product_brand","embeddable":true,"href":"https:\/\/www.loziskaplus.sk\/eshop\/wp-json\/wp\/v2\/product_brand?post=8784"},{"taxonomy":"product_cat","embeddable":true,"href":"https:\/\/www.loziskaplus.sk\/eshop\/wp-json\/wp\/v2\/product_cat?post=8784"},{"taxonomy":"product_tag","embeddable":true,"href":"https:\/\/www.loziskaplus.sk\/eshop\/wp-json\/wp\/v2\/product_tag?post=8784"}],"curies":[{"name":"wp","href":"https:\/\/api.w.org\/{rel}","templated":true}]}}