{"id":8794,"date":"2024-11-13T11:26:59","date_gmt":"2024-11-13T10:26:59","guid":{"rendered":"https:\/\/www.loziskaplus.sk\/eshop\/?post_type=product&#038;p=8794"},"modified":"2024-11-13T11:27:13","modified_gmt":"2024-11-13T10:27:13","slug":"lubline-trafo-n-a-10l","status":"publish","type":"product","link":"https:\/\/www.loziskaplus.sk\/eshop\/produkt\/lubline-trafo-n-a-10l\/","title":{"rendered":"LUBLINE TRAFO N-A 10L"},"content":{"rendered":"<p><strong>Pou\u017eitie:<\/strong><\/p>\n<ul>\n<li>pre plnenie transform\u00e1torov, sp\u00edna\u010dov, st\u00fdka\u010dov pre silove kondenz\u00e1tory a in\u00e9 elektrick\u00e9 zariadenia<\/li>\n<li>pou\u017e\u00edva sa taktie\u017e v elektrick\u00fdch strojoch a pr\u00edstrojoch ako izola\u010dn\u00e1 a chladiaca kvapalina<\/li>\n<li>in\u00e9 pr\u00edstroje s vysok\u00fdm nap\u00e4t\u00edm<\/li>\n<\/ul>\n<p>Je ur\u010den\u00fd ako izola\u010dn\u00e1 a chladiaca kvapalina do transform\u00e1torov v\u0161etk\u00fdch nap\u00e4\u0165ov\u00fdch hlad\u00edn, vr\u00e1tane strojov najvy\u0161\u0161\u00edch nap\u00e4t\u00ed a v\u00fdkonov. Je mo\u017en\u00e9 ho pou\u017ei\u0165 aj do sp\u00edna\u010dov, st\u00fdka\u010dov, silov\u00fdch kondenz\u00e1torov a in\u00fdch elektrick\u00fdch zariaden\u00ed.<\/p>\n<p><strong>\u0160pecifik\u00e1cie:<\/strong><\/p>\n<ul>\n<li>IEC 60296<\/li>\n<li>BS 148 t\u0159\u00edda II A<\/li>\n<\/ul>\n","protected":false},"excerpt":{"rendered":"<p><strong>LUBLINE TRAFO NA\u00a0<\/strong><\/p>\n<p>Transform\u00e1torov\u00fd a elektroizola\u010dn\u00fd olej.<\/p>\n<p><strong>Inhibovan\u00fd<\/strong>\u00a0transform\u00e1torov\u00fd olej s vynikaj\u00facimi elektroizola\u010dn\u00fdmi vlastnos\u0165ami. Je vyroben\u00fd z akostn\u00e9ho hlboko rafinovan\u00e9ho z\u00e1kladov\u00e9ho oleja, ktor\u00fd sa z\u00edskava z naftovej ropy. Olej vyhovuje tuzemsk\u00fdm aj zahrani\u010dn\u00fdm po\u017eiadavk\u00e1m, kladen\u00fdm na \u00fa\u017eitkov\u00e9 vlastnosti inhibovan\u00fdch izola\u010dn\u00fdch olejov. Je mie\u0161ate\u013en\u00fd s inhibovan\u00fdmi izola\u010dn\u00fdmi olejmi v\u0161etk\u00fdch v\u00fdznamn\u00fdch dod\u00e1vate\u013eov.<\/p>\n","protected":false},"featured_media":8795,"template":"","meta":[],"product_brand":[],"product_cat":[31,66],"product_tag":[],"class_list":{"0":"post-8794","1":"product","2":"type-product","3":"status-publish","4":"has-post-thumbnail","6":"product_cat-priemyselne-oleje","7":"product_cat-transformatorove-oleje","8":"pa_vyrobca-oma-cz-a-s","10":"first","11":"instock","12":"taxable","13":"shipping-taxable","14":"purchasable","15":"product-type-simple"},"yoast_head":"<!-- This site is optimized with the Yoast SEO plugin v27.4 - https:\/\/yoast.com\/product\/yoast-seo-wordpress\/ -->\n<title>LUBLINE TRAFO N-A 10L - Lo\u017eisk\u00e1 PLUS<\/title>\n<meta name=\"robots\" content=\"index, follow, max-snippet:-1, max-image-preview:large, max-video-preview:-1\" \/>\n<link rel=\"canonical\" href=\"https:\/\/www.loziskaplus.sk\/eshop\/produkt\/lubline-trafo-n-a-10l\/\" \/>\n<meta property=\"og:locale\" content=\"sk_SK\" \/>\n<meta property=\"og:type\" content=\"article\" \/>\n<meta property=\"og:title\" content=\"LUBLINE TRAFO N-A 10L - Lo\u017eisk\u00e1 PLUS\" \/>\n<meta property=\"og:description\" content=\"LUBLINE TRAFO NA\u00a0  Transform\u00e1torov\u00fd a elektroizola\u010dn\u00fd olej.  Inhibovan\u00fd\u00a0transform\u00e1torov\u00fd olej s vynikaj\u00facimi elektroizola\u010dn\u00fdmi vlastnos\u0165ami. Je vyroben\u00fd z akostn\u00e9ho hlboko rafinovan\u00e9ho z\u00e1kladov\u00e9ho oleja, ktor\u00fd sa z\u00edskava z naftovej ropy. Olej vyhovuje tuzemsk\u00fdm aj zahrani\u010dn\u00fdm po\u017eiadavk\u00e1m, kladen\u00fdm na \u00fa\u017eitkov\u00e9 vlastnosti inhibovan\u00fdch izola\u010dn\u00fdch olejov. Je mie\u0161ate\u013en\u00fd s inhibovan\u00fdmi izola\u010dn\u00fdmi olejmi v\u0161etk\u00fdch v\u00fdznamn\u00fdch dod\u00e1vate\u013eov.\" \/>\n<meta property=\"og:url\" content=\"https:\/\/www.loziskaplus.sk\/eshop\/produkt\/lubline-trafo-n-a-10l\/\" \/>\n<meta property=\"og:site_name\" content=\"Lo\u017eisk\u00e1 PLUS\" \/>\n<meta property=\"article:modified_time\" content=\"2024-11-13T10:27:13+00:00\" \/>\n<meta property=\"og:image\" content=\"https:\/\/www.loziskaplus.sk\/eshop\/wp-content\/uploads\/2024\/11\/LUBLINE-TRAFO-N-A-10l.jpg\" \/>\n\t<meta property=\"og:image:width\" content=\"750\" \/>\n\t<meta property=\"og:image:height\" content=\"750\" \/>\n\t<meta property=\"og:image:type\" content=\"image\/jpeg\" \/>\n<meta name=\"twitter:card\" content=\"summary_large_image\" \/>\n<meta name=\"twitter:label1\" content=\"Predpokladan\u00fd \u010das \u010d\u00edtania\" \/>\n\t<meta name=\"twitter:data1\" content=\"1 min\u00fata\" \/>\n<script type=\"application\/ld+json\" class=\"yoast-schema-graph\">{\"@context\":\"https:\\\/\\\/schema.org\",\"@graph\":[{\"@type\":\"WebPage\",\"@id\":\"https:\\\/\\\/www.loziskaplus.sk\\\/eshop\\\/produkt\\\/lubline-trafo-n-a-10l\\\/\",\"url\":\"https:\\\/\\\/www.loziskaplus.sk\\\/eshop\\\/produkt\\\/lubline-trafo-n-a-10l\\\/\",\"name\":\"LUBLINE TRAFO N-A 10L - Lo\u017eisk\u00e1 PLUS\",\"isPartOf\":{\"@id\":\"https:\\\/\\\/www.loziskaplus.sk\\\/eshop\\\/#website\"},\"primaryImageOfPage\":{\"@id\":\"https:\\\/\\\/www.loziskaplus.sk\\\/eshop\\\/produkt\\\/lubline-trafo-n-a-10l\\\/#primaryimage\"},\"image\":{\"@id\":\"https:\\\/\\\/www.loziskaplus.sk\\\/eshop\\\/produkt\\\/lubline-trafo-n-a-10l\\\/#primaryimage\"},\"thumbnailUrl\":\"https:\\\/\\\/www.loziskaplus.sk\\\/eshop\\\/wp-content\\\/uploads\\\/2024\\\/11\\\/LUBLINE-TRAFO-N-A-10l.jpg\",\"datePublished\":\"2024-11-13T10:26:59+00:00\",\"dateModified\":\"2024-11-13T10:27:13+00:00\",\"breadcrumb\":{\"@id\":\"https:\\\/\\\/www.loziskaplus.sk\\\/eshop\\\/produkt\\\/lubline-trafo-n-a-10l\\\/#breadcrumb\"},\"inLanguage\":\"sk-SK\",\"potentialAction\":[{\"@type\":\"ReadAction\",\"target\":[\"https:\\\/\\\/www.loziskaplus.sk\\\/eshop\\\/produkt\\\/lubline-trafo-n-a-10l\\\/\"]}]},{\"@type\":\"ImageObject\",\"inLanguage\":\"sk-SK\",\"@id\":\"https:\\\/\\\/www.loziskaplus.sk\\\/eshop\\\/produkt\\\/lubline-trafo-n-a-10l\\\/#primaryimage\",\"url\":\"https:\\\/\\\/www.loziskaplus.sk\\\/eshop\\\/wp-content\\\/uploads\\\/2024\\\/11\\\/LUBLINE-TRAFO-N-A-10l.jpg\",\"contentUrl\":\"https:\\\/\\\/www.loziskaplus.sk\\\/eshop\\\/wp-content\\\/uploads\\\/2024\\\/11\\\/LUBLINE-TRAFO-N-A-10l.jpg\",\"width\":750,\"height\":750},{\"@type\":\"BreadcrumbList\",\"@id\":\"https:\\\/\\\/www.loziskaplus.sk\\\/eshop\\\/produkt\\\/lubline-trafo-n-a-10l\\\/#breadcrumb\",\"itemListElement\":[{\"@type\":\"ListItem\",\"position\":1,\"name\":\"Domov\",\"item\":\"https:\\\/\\\/www.loziskaplus.sk\\\/eshop\\\/\"},{\"@type\":\"ListItem\",\"position\":2,\"name\":\"Obchod\",\"item\":\"https:\\\/\\\/www.loziskaplus.sk\\\/eshop\\\/obchod\\\/\"},{\"@type\":\"ListItem\",\"position\":3,\"name\":\"LUBLINE TRAFO N-A 10L\"}]},{\"@type\":\"WebSite\",\"@id\":\"https:\\\/\\\/www.loziskaplus.sk\\\/eshop\\\/#website\",\"url\":\"https:\\\/\\\/www.loziskaplus.sk\\\/eshop\\\/\",\"name\":\"Lo\u017eisk\u00e1 PLUS\",\"description\":\"\",\"publisher\":{\"@id\":\"https:\\\/\\\/www.loziskaplus.sk\\\/eshop\\\/#organization\"},\"potentialAction\":[{\"@type\":\"SearchAction\",\"target\":{\"@type\":\"EntryPoint\",\"urlTemplate\":\"https:\\\/\\\/www.loziskaplus.sk\\\/eshop\\\/?s={search_term_string}\"},\"query-input\":{\"@type\":\"PropertyValueSpecification\",\"valueRequired\":true,\"valueName\":\"search_term_string\"}}],\"inLanguage\":\"sk-SK\"},{\"@type\":\"Organization\",\"@id\":\"https:\\\/\\\/www.loziskaplus.sk\\\/eshop\\\/#organization\",\"name\":\"Lo\u017eisk\u00e1 PLUS\",\"url\":\"https:\\\/\\\/www.loziskaplus.sk\\\/eshop\\\/\",\"logo\":{\"@type\":\"ImageObject\",\"inLanguage\":\"sk-SK\",\"@id\":\"https:\\\/\\\/www.loziskaplus.sk\\\/eshop\\\/#\\\/schema\\\/logo\\\/image\\\/\",\"url\":\"https:\\\/\\\/www.loziskaplus.sk\\\/eshop\\\/wp-content\\\/uploads\\\/2024\\\/06\\\/logo-facebuk-1.jpg?v=1718619602\",\"contentUrl\":\"https:\\\/\\\/www.loziskaplus.sk\\\/eshop\\\/wp-content\\\/uploads\\\/2024\\\/06\\\/logo-facebuk-1.jpg?v=1718619602\",\"width\":180,\"height\":179,\"caption\":\"Lo\u017eisk\u00e1 PLUS\"},\"image\":{\"@id\":\"https:\\\/\\\/www.loziskaplus.sk\\\/eshop\\\/#\\\/schema\\\/logo\\\/image\\\/\"}}]}<\/script>\n<!-- \/ Yoast SEO plugin. -->","yoast_head_json":{"title":"LUBLINE TRAFO N-A 10L - Lo\u017eisk\u00e1 PLUS","robots":{"index":"index","follow":"follow","max-snippet":"max-snippet:-1","max-image-preview":"max-image-preview:large","max-video-preview":"max-video-preview:-1"},"canonical":"https:\/\/www.loziskaplus.sk\/eshop\/produkt\/lubline-trafo-n-a-10l\/","og_locale":"sk_SK","og_type":"article","og_title":"LUBLINE TRAFO N-A 10L - Lo\u017eisk\u00e1 PLUS","og_description":"LUBLINE TRAFO NA\u00a0  Transform\u00e1torov\u00fd a elektroizola\u010dn\u00fd olej.  Inhibovan\u00fd\u00a0transform\u00e1torov\u00fd olej s vynikaj\u00facimi elektroizola\u010dn\u00fdmi vlastnos\u0165ami. Je vyroben\u00fd z akostn\u00e9ho hlboko rafinovan\u00e9ho z\u00e1kladov\u00e9ho oleja, ktor\u00fd sa z\u00edskava z naftovej ropy. Olej vyhovuje tuzemsk\u00fdm aj zahrani\u010dn\u00fdm po\u017eiadavk\u00e1m, kladen\u00fdm na \u00fa\u017eitkov\u00e9 vlastnosti inhibovan\u00fdch izola\u010dn\u00fdch olejov. Je mie\u0161ate\u013en\u00fd s inhibovan\u00fdmi izola\u010dn\u00fdmi olejmi v\u0161etk\u00fdch v\u00fdznamn\u00fdch dod\u00e1vate\u013eov.","og_url":"https:\/\/www.loziskaplus.sk\/eshop\/produkt\/lubline-trafo-n-a-10l\/","og_site_name":"Lo\u017eisk\u00e1 PLUS","article_modified_time":"2024-11-13T10:27:13+00:00","og_image":[{"width":750,"height":750,"url":"https:\/\/www.loziskaplus.sk\/eshop\/wp-content\/uploads\/2024\/11\/LUBLINE-TRAFO-N-A-10l.jpg","type":"image\/jpeg"}],"twitter_card":"summary_large_image","twitter_misc":{"Predpokladan\u00fd \u010das \u010d\u00edtania":"1 min\u00fata"},"schema":{"@context":"https:\/\/schema.org","@graph":[{"@type":"WebPage","@id":"https:\/\/www.loziskaplus.sk\/eshop\/produkt\/lubline-trafo-n-a-10l\/","url":"https:\/\/www.loziskaplus.sk\/eshop\/produkt\/lubline-trafo-n-a-10l\/","name":"LUBLINE TRAFO N-A 10L - Lo\u017eisk\u00e1 PLUS","isPartOf":{"@id":"https:\/\/www.loziskaplus.sk\/eshop\/#website"},"primaryImageOfPage":{"@id":"https:\/\/www.loziskaplus.sk\/eshop\/produkt\/lubline-trafo-n-a-10l\/#primaryimage"},"image":{"@id":"https:\/\/www.loziskaplus.sk\/eshop\/produkt\/lubline-trafo-n-a-10l\/#primaryimage"},"thumbnailUrl":"https:\/\/www.loziskaplus.sk\/eshop\/wp-content\/uploads\/2024\/11\/LUBLINE-TRAFO-N-A-10l.jpg","datePublished":"2024-11-13T10:26:59+00:00","dateModified":"2024-11-13T10:27:13+00:00","breadcrumb":{"@id":"https:\/\/www.loziskaplus.sk\/eshop\/produkt\/lubline-trafo-n-a-10l\/#breadcrumb"},"inLanguage":"sk-SK","potentialAction":[{"@type":"ReadAction","target":["https:\/\/www.loziskaplus.sk\/eshop\/produkt\/lubline-trafo-n-a-10l\/"]}]},{"@type":"ImageObject","inLanguage":"sk-SK","@id":"https:\/\/www.loziskaplus.sk\/eshop\/produkt\/lubline-trafo-n-a-10l\/#primaryimage","url":"https:\/\/www.loziskaplus.sk\/eshop\/wp-content\/uploads\/2024\/11\/LUBLINE-TRAFO-N-A-10l.jpg","contentUrl":"https:\/\/www.loziskaplus.sk\/eshop\/wp-content\/uploads\/2024\/11\/LUBLINE-TRAFO-N-A-10l.jpg","width":750,"height":750},{"@type":"BreadcrumbList","@id":"https:\/\/www.loziskaplus.sk\/eshop\/produkt\/lubline-trafo-n-a-10l\/#breadcrumb","itemListElement":[{"@type":"ListItem","position":1,"name":"Domov","item":"https:\/\/www.loziskaplus.sk\/eshop\/"},{"@type":"ListItem","position":2,"name":"Obchod","item":"https:\/\/www.loziskaplus.sk\/eshop\/obchod\/"},{"@type":"ListItem","position":3,"name":"LUBLINE TRAFO N-A 10L"}]},{"@type":"WebSite","@id":"https:\/\/www.loziskaplus.sk\/eshop\/#website","url":"https:\/\/www.loziskaplus.sk\/eshop\/","name":"Lo\u017eisk\u00e1 PLUS","description":"","publisher":{"@id":"https:\/\/www.loziskaplus.sk\/eshop\/#organization"},"potentialAction":[{"@type":"SearchAction","target":{"@type":"EntryPoint","urlTemplate":"https:\/\/www.loziskaplus.sk\/eshop\/?s={search_term_string}"},"query-input":{"@type":"PropertyValueSpecification","valueRequired":true,"valueName":"search_term_string"}}],"inLanguage":"sk-SK"},{"@type":"Organization","@id":"https:\/\/www.loziskaplus.sk\/eshop\/#organization","name":"Lo\u017eisk\u00e1 PLUS","url":"https:\/\/www.loziskaplus.sk\/eshop\/","logo":{"@type":"ImageObject","inLanguage":"sk-SK","@id":"https:\/\/www.loziskaplus.sk\/eshop\/#\/schema\/logo\/image\/","url":"https:\/\/www.loziskaplus.sk\/eshop\/wp-content\/uploads\/2024\/06\/logo-facebuk-1.jpg?v=1718619602","contentUrl":"https:\/\/www.loziskaplus.sk\/eshop\/wp-content\/uploads\/2024\/06\/logo-facebuk-1.jpg?v=1718619602","width":180,"height":179,"caption":"Lo\u017eisk\u00e1 PLUS"},"image":{"@id":"https:\/\/www.loziskaplus.sk\/eshop\/#\/schema\/logo\/image\/"}}]}},"jetpack_sharing_enabled":true,"_links":{"self":[{"href":"https:\/\/www.loziskaplus.sk\/eshop\/wp-json\/wp\/v2\/product\/8794","targetHints":{"allow":["GET"]}}],"collection":[{"href":"https:\/\/www.loziskaplus.sk\/eshop\/wp-json\/wp\/v2\/product"}],"about":[{"href":"https:\/\/www.loziskaplus.sk\/eshop\/wp-json\/wp\/v2\/types\/product"}],"wp:featuredmedia":[{"embeddable":true,"href":"https:\/\/www.loziskaplus.sk\/eshop\/wp-json\/wp\/v2\/media\/8795"}],"wp:attachment":[{"href":"https:\/\/www.loziskaplus.sk\/eshop\/wp-json\/wp\/v2\/media?parent=8794"}],"wp:term":[{"taxonomy":"product_brand","embeddable":true,"href":"https:\/\/www.loziskaplus.sk\/eshop\/wp-json\/wp\/v2\/product_brand?post=8794"},{"taxonomy":"product_cat","embeddable":true,"href":"https:\/\/www.loziskaplus.sk\/eshop\/wp-json\/wp\/v2\/product_cat?post=8794"},{"taxonomy":"product_tag","embeddable":true,"href":"https:\/\/www.loziskaplus.sk\/eshop\/wp-json\/wp\/v2\/product_tag?post=8794"}],"curies":[{"name":"wp","href":"https:\/\/api.w.org\/{rel}","templated":true}]}}