{"id":8802,"date":"2024-11-28T14:47:39","date_gmt":"2024-11-28T13:47:39","guid":{"rendered":"https:\/\/www.loziskaplus.sk\/eshop\/?post_type=product&#038;p=8802"},"modified":"2025-01-07T14:46:13","modified_gmt":"2025-01-07T13:46:13","slug":"super-diesel-aditiv-zimny-500ml","status":"publish","type":"product","link":"https:\/\/www.loziskaplus.sk\/eshop\/produkt\/super-diesel-aditiv-zimny-500ml\/","title":{"rendered":"SUPER DIESEL ADITIV Zimn\u00fd 500ml"},"content":{"rendered":"<p>VIF SUPER DIESEL ADITIV Zimn\u00fd udr\u017euje \u010distotu vstrekovac\u00edch trysiek, chr\u00e1ni palivov\u00fd syst\u00e9m pred kor\u00f3ziou, zlep\u0161uje studen\u00fd \u0161tart motora, zlep\u0161uje tekutos\u0165 a filtrovatelnos\u0165 nafty v zimnom obdob\u00ed.Vhodn\u00fd pre v\u0161etky vznetov\u00e9 motory, zvl\u00e1\u0161\u0165 s vysokotlakov\u00fdm vstrekovan\u00edm (Common Rail, PD, VP44, TDI, HDI, JTD, CDI, TDCi, CDTi, dCi). Pr\u00edsada chr\u00e1ni V\u00e1\u0161 motor pred negat\u00edvnymi \u00fa\u010dinkami biozlo\u017eky.Zlep\u0161uje filtrovate\u013enos\u0165 nafty a\u017e o 10 \u00b0C zabra\u0148uje sadaniu paraf\u00ednov ku dnu n\u00e1dr\u017ee.<\/p>\n","protected":false},"excerpt":{"rendered":"<p>VIF SUPER DIESEL ADITIV Zimn\u00fd udr\u017euje \u010distotu vstrekovac\u00edch trysiek,chr\u00e1ni pred kor\u00f3ziou,zvy\u0161uje mazaciu schopnos\u0165 paliva,zvy\u0161uje cet\u00e1nov\u00e9 \u010d\u00edslo,zvy\u0161uje oxida\u010dn\u00fa stabilitu,potl\u00e1\u010da penenie paliva,kompatibiln\u00fd s filtrami pevn\u00fdch \u010dast\u00edc a katalyz\u00e1tormi SCR,s\u00fa\u010dinnos\u0165 v\u0161etk\u00fdch efektov znamen\u00e1 ni\u017e\u0161iu spotrebu paliva, tich\u0161\u00ed chod, vy\u0161\u0161\u00ed v\u00fdkon, dlh\u0161iu \u017eivotnos\u0165 a lep\u0161ie zlo\u017eenie emisi\u00ed.<\/p>\n","protected":false},"featured_media":8803,"template":"","meta":[],"product_brand":[],"product_cat":[109,107],"product_tag":[],"class_list":{"0":"post-8802","1":"product","2":"type-product","3":"status-publish","4":"has-post-thumbnail","6":"product_cat-aditiva","7":"product_cat-zimna-sezona","8":"pa_balenie-05l","9":"pa_vyrobca-bbc","10":"pa_vyrobca-castrol","11":"pa_vyrobca-cx-mtm-kg","12":"pa_vyrobca-dunlop","13":"pa_vyrobca-dynamax","14":"pa_vyrobca-excel-belt","15":"pa_vyrobca-ezo","16":"pa_vyrobca-fag","17":"pa_vyrobca-fbj","18":"pa_vyrobca-ford","19":"pa_vyrobca-ina","20":"pa_vyrobca-kbs","21":"pa_vyrobca-kinex","22":"pa_vyrobca-koyo","23":"pa_vyrobca-lubline","24":"pa_vyrobca-mol","25":"pa_vyrobca-ntn","26":"pa_vyrobca-oma-cz-a-s","27":"pa_vyrobca-opel-gm","28":"pa_vyrobca-orlen","29":"pa_vyrobca-rubena","30":"pa_vyrobca-shell","31":"pa_vyrobca-skf","32":"pa_vyrobca-total","33":"pa_vyrobca-vif","34":"pa_vyrobca-zen","35":"pa_vyrobca-zkl","36":"pa_vyrobca-zvl","38":"first","39":"instock","40":"taxable","41":"shipping-taxable","42":"purchasable","43":"product-type-simple"},"yoast_head":"<!-- This site is optimized with the Yoast SEO plugin v27.4 - https:\/\/yoast.com\/product\/yoast-seo-wordpress\/ -->\n<title>SUPER DIESEL ADITIV Zimn\u00fd 500ml - Lo\u017eisk\u00e1 PLUS<\/title>\n<meta name=\"robots\" content=\"index, follow, max-snippet:-1, max-image-preview:large, max-video-preview:-1\" \/>\n<link rel=\"canonical\" href=\"https:\/\/www.loziskaplus.sk\/eshop\/produkt\/super-diesel-aditiv-zimny-500ml\/\" \/>\n<meta property=\"og:locale\" content=\"sk_SK\" \/>\n<meta property=\"og:type\" content=\"article\" \/>\n<meta property=\"og:title\" content=\"SUPER DIESEL ADITIV Zimn\u00fd 500ml - Lo\u017eisk\u00e1 PLUS\" \/>\n<meta property=\"og:description\" content=\"VIF SUPER DIESEL ADITIV Zimn\u00fd udr\u017euje \u010distotu vstrekovac\u00edch trysiek,chr\u00e1ni pred kor\u00f3ziou,zvy\u0161uje mazaciu schopnos\u0165 paliva,zvy\u0161uje cet\u00e1nov\u00e9 \u010d\u00edslo,zvy\u0161uje oxida\u010dn\u00fa stabilitu,potl\u00e1\u010da penenie paliva,kompatibiln\u00fd s filtrami pevn\u00fdch \u010dast\u00edc a katalyz\u00e1tormi SCR,s\u00fa\u010dinnos\u0165 v\u0161etk\u00fdch efektov znamen\u00e1 ni\u017e\u0161iu spotrebu paliva, tich\u0161\u00ed chod, vy\u0161\u0161\u00ed v\u00fdkon, dlh\u0161iu \u017eivotnos\u0165 a lep\u0161ie zlo\u017eenie emisi\u00ed.\" \/>\n<meta property=\"og:url\" content=\"https:\/\/www.loziskaplus.sk\/eshop\/produkt\/super-diesel-aditiv-zimny-500ml\/\" \/>\n<meta property=\"og:site_name\" content=\"Lo\u017eisk\u00e1 PLUS\" \/>\n<meta property=\"article:modified_time\" content=\"2025-01-07T13:46:13+00:00\" \/>\n<meta property=\"og:image\" content=\"https:\/\/www.loziskaplus.sk\/eshop\/wp-content\/uploads\/2024\/11\/VIF-Super-Diesel-Aditiv-Zimny-500nl.jpg\" \/>\n\t<meta property=\"og:image:width\" content=\"500\" \/>\n\t<meta property=\"og:image:height\" content=\"500\" \/>\n\t<meta property=\"og:image:type\" content=\"image\/jpeg\" \/>\n<meta name=\"twitter:card\" content=\"summary_large_image\" \/>\n<meta name=\"twitter:label1\" content=\"Predpokladan\u00fd \u010das \u010d\u00edtania\" \/>\n\t<meta name=\"twitter:data1\" content=\"1 min\u00fata\" \/>\n<script type=\"application\/ld+json\" class=\"yoast-schema-graph\">{\"@context\":\"https:\\\/\\\/schema.org\",\"@graph\":[{\"@type\":\"WebPage\",\"@id\":\"https:\\\/\\\/www.loziskaplus.sk\\\/eshop\\\/produkt\\\/super-diesel-aditiv-zimny-500ml\\\/\",\"url\":\"https:\\\/\\\/www.loziskaplus.sk\\\/eshop\\\/produkt\\\/super-diesel-aditiv-zimny-500ml\\\/\",\"name\":\"SUPER DIESEL ADITIV Zimn\u00fd 500ml - Lo\u017eisk\u00e1 PLUS\",\"isPartOf\":{\"@id\":\"https:\\\/\\\/www.loziskaplus.sk\\\/eshop\\\/#website\"},\"primaryImageOfPage\":{\"@id\":\"https:\\\/\\\/www.loziskaplus.sk\\\/eshop\\\/produkt\\\/super-diesel-aditiv-zimny-500ml\\\/#primaryimage\"},\"image\":{\"@id\":\"https:\\\/\\\/www.loziskaplus.sk\\\/eshop\\\/produkt\\\/super-diesel-aditiv-zimny-500ml\\\/#primaryimage\"},\"thumbnailUrl\":\"https:\\\/\\\/www.loziskaplus.sk\\\/eshop\\\/wp-content\\\/uploads\\\/2024\\\/11\\\/VIF-Super-Diesel-Aditiv-Zimny-500nl.jpg\",\"datePublished\":\"2024-11-28T13:47:39+00:00\",\"dateModified\":\"2025-01-07T13:46:13+00:00\",\"breadcrumb\":{\"@id\":\"https:\\\/\\\/www.loziskaplus.sk\\\/eshop\\\/produkt\\\/super-diesel-aditiv-zimny-500ml\\\/#breadcrumb\"},\"inLanguage\":\"sk-SK\",\"potentialAction\":[{\"@type\":\"ReadAction\",\"target\":[\"https:\\\/\\\/www.loziskaplus.sk\\\/eshop\\\/produkt\\\/super-diesel-aditiv-zimny-500ml\\\/\"]}]},{\"@type\":\"ImageObject\",\"inLanguage\":\"sk-SK\",\"@id\":\"https:\\\/\\\/www.loziskaplus.sk\\\/eshop\\\/produkt\\\/super-diesel-aditiv-zimny-500ml\\\/#primaryimage\",\"url\":\"https:\\\/\\\/www.loziskaplus.sk\\\/eshop\\\/wp-content\\\/uploads\\\/2024\\\/11\\\/VIF-Super-Diesel-Aditiv-Zimny-500nl.jpg\",\"contentUrl\":\"https:\\\/\\\/www.loziskaplus.sk\\\/eshop\\\/wp-content\\\/uploads\\\/2024\\\/11\\\/VIF-Super-Diesel-Aditiv-Zimny-500nl.jpg\",\"width\":500,\"height\":500},{\"@type\":\"BreadcrumbList\",\"@id\":\"https:\\\/\\\/www.loziskaplus.sk\\\/eshop\\\/produkt\\\/super-diesel-aditiv-zimny-500ml\\\/#breadcrumb\",\"itemListElement\":[{\"@type\":\"ListItem\",\"position\":1,\"name\":\"Domov\",\"item\":\"https:\\\/\\\/www.loziskaplus.sk\\\/eshop\\\/\"},{\"@type\":\"ListItem\",\"position\":2,\"name\":\"Obchod\",\"item\":\"https:\\\/\\\/www.loziskaplus.sk\\\/eshop\\\/obchod\\\/\"},{\"@type\":\"ListItem\",\"position\":3,\"name\":\"SUPER DIESEL ADITIV Zimn\u00fd 500ml\"}]},{\"@type\":\"WebSite\",\"@id\":\"https:\\\/\\\/www.loziskaplus.sk\\\/eshop\\\/#website\",\"url\":\"https:\\\/\\\/www.loziskaplus.sk\\\/eshop\\\/\",\"name\":\"Lo\u017eisk\u00e1 PLUS\",\"description\":\"\",\"publisher\":{\"@id\":\"https:\\\/\\\/www.loziskaplus.sk\\\/eshop\\\/#organization\"},\"potentialAction\":[{\"@type\":\"SearchAction\",\"target\":{\"@type\":\"EntryPoint\",\"urlTemplate\":\"https:\\\/\\\/www.loziskaplus.sk\\\/eshop\\\/?s={search_term_string}\"},\"query-input\":{\"@type\":\"PropertyValueSpecification\",\"valueRequired\":true,\"valueName\":\"search_term_string\"}}],\"inLanguage\":\"sk-SK\"},{\"@type\":\"Organization\",\"@id\":\"https:\\\/\\\/www.loziskaplus.sk\\\/eshop\\\/#organization\",\"name\":\"Lo\u017eisk\u00e1 PLUS\",\"url\":\"https:\\\/\\\/www.loziskaplus.sk\\\/eshop\\\/\",\"logo\":{\"@type\":\"ImageObject\",\"inLanguage\":\"sk-SK\",\"@id\":\"https:\\\/\\\/www.loziskaplus.sk\\\/eshop\\\/#\\\/schema\\\/logo\\\/image\\\/\",\"url\":\"https:\\\/\\\/www.loziskaplus.sk\\\/eshop\\\/wp-content\\\/uploads\\\/2024\\\/06\\\/logo-facebuk-1.jpg?v=1718619602\",\"contentUrl\":\"https:\\\/\\\/www.loziskaplus.sk\\\/eshop\\\/wp-content\\\/uploads\\\/2024\\\/06\\\/logo-facebuk-1.jpg?v=1718619602\",\"width\":180,\"height\":179,\"caption\":\"Lo\u017eisk\u00e1 PLUS\"},\"image\":{\"@id\":\"https:\\\/\\\/www.loziskaplus.sk\\\/eshop\\\/#\\\/schema\\\/logo\\\/image\\\/\"}}]}<\/script>\n<!-- \/ Yoast SEO plugin. -->","yoast_head_json":{"title":"SUPER DIESEL ADITIV Zimn\u00fd 500ml - Lo\u017eisk\u00e1 PLUS","robots":{"index":"index","follow":"follow","max-snippet":"max-snippet:-1","max-image-preview":"max-image-preview:large","max-video-preview":"max-video-preview:-1"},"canonical":"https:\/\/www.loziskaplus.sk\/eshop\/produkt\/super-diesel-aditiv-zimny-500ml\/","og_locale":"sk_SK","og_type":"article","og_title":"SUPER DIESEL ADITIV Zimn\u00fd 500ml - Lo\u017eisk\u00e1 PLUS","og_description":"VIF SUPER DIESEL ADITIV Zimn\u00fd udr\u017euje \u010distotu vstrekovac\u00edch trysiek,chr\u00e1ni pred kor\u00f3ziou,zvy\u0161uje mazaciu schopnos\u0165 paliva,zvy\u0161uje cet\u00e1nov\u00e9 \u010d\u00edslo,zvy\u0161uje oxida\u010dn\u00fa stabilitu,potl\u00e1\u010da penenie paliva,kompatibiln\u00fd s filtrami pevn\u00fdch \u010dast\u00edc a katalyz\u00e1tormi SCR,s\u00fa\u010dinnos\u0165 v\u0161etk\u00fdch efektov znamen\u00e1 ni\u017e\u0161iu spotrebu paliva, tich\u0161\u00ed chod, vy\u0161\u0161\u00ed v\u00fdkon, dlh\u0161iu \u017eivotnos\u0165 a lep\u0161ie zlo\u017eenie emisi\u00ed.","og_url":"https:\/\/www.loziskaplus.sk\/eshop\/produkt\/super-diesel-aditiv-zimny-500ml\/","og_site_name":"Lo\u017eisk\u00e1 PLUS","article_modified_time":"2025-01-07T13:46:13+00:00","og_image":[{"width":500,"height":500,"url":"https:\/\/www.loziskaplus.sk\/eshop\/wp-content\/uploads\/2024\/11\/VIF-Super-Diesel-Aditiv-Zimny-500nl.jpg","type":"image\/jpeg"}],"twitter_card":"summary_large_image","twitter_misc":{"Predpokladan\u00fd \u010das \u010d\u00edtania":"1 min\u00fata"},"schema":{"@context":"https:\/\/schema.org","@graph":[{"@type":"WebPage","@id":"https:\/\/www.loziskaplus.sk\/eshop\/produkt\/super-diesel-aditiv-zimny-500ml\/","url":"https:\/\/www.loziskaplus.sk\/eshop\/produkt\/super-diesel-aditiv-zimny-500ml\/","name":"SUPER DIESEL ADITIV Zimn\u00fd 500ml - Lo\u017eisk\u00e1 PLUS","isPartOf":{"@id":"https:\/\/www.loziskaplus.sk\/eshop\/#website"},"primaryImageOfPage":{"@id":"https:\/\/www.loziskaplus.sk\/eshop\/produkt\/super-diesel-aditiv-zimny-500ml\/#primaryimage"},"image":{"@id":"https:\/\/www.loziskaplus.sk\/eshop\/produkt\/super-diesel-aditiv-zimny-500ml\/#primaryimage"},"thumbnailUrl":"https:\/\/www.loziskaplus.sk\/eshop\/wp-content\/uploads\/2024\/11\/VIF-Super-Diesel-Aditiv-Zimny-500nl.jpg","datePublished":"2024-11-28T13:47:39+00:00","dateModified":"2025-01-07T13:46:13+00:00","breadcrumb":{"@id":"https:\/\/www.loziskaplus.sk\/eshop\/produkt\/super-diesel-aditiv-zimny-500ml\/#breadcrumb"},"inLanguage":"sk-SK","potentialAction":[{"@type":"ReadAction","target":["https:\/\/www.loziskaplus.sk\/eshop\/produkt\/super-diesel-aditiv-zimny-500ml\/"]}]},{"@type":"ImageObject","inLanguage":"sk-SK","@id":"https:\/\/www.loziskaplus.sk\/eshop\/produkt\/super-diesel-aditiv-zimny-500ml\/#primaryimage","url":"https:\/\/www.loziskaplus.sk\/eshop\/wp-content\/uploads\/2024\/11\/VIF-Super-Diesel-Aditiv-Zimny-500nl.jpg","contentUrl":"https:\/\/www.loziskaplus.sk\/eshop\/wp-content\/uploads\/2024\/11\/VIF-Super-Diesel-Aditiv-Zimny-500nl.jpg","width":500,"height":500},{"@type":"BreadcrumbList","@id":"https:\/\/www.loziskaplus.sk\/eshop\/produkt\/super-diesel-aditiv-zimny-500ml\/#breadcrumb","itemListElement":[{"@type":"ListItem","position":1,"name":"Domov","item":"https:\/\/www.loziskaplus.sk\/eshop\/"},{"@type":"ListItem","position":2,"name":"Obchod","item":"https:\/\/www.loziskaplus.sk\/eshop\/obchod\/"},{"@type":"ListItem","position":3,"name":"SUPER DIESEL ADITIV Zimn\u00fd 500ml"}]},{"@type":"WebSite","@id":"https:\/\/www.loziskaplus.sk\/eshop\/#website","url":"https:\/\/www.loziskaplus.sk\/eshop\/","name":"Lo\u017eisk\u00e1 PLUS","description":"","publisher":{"@id":"https:\/\/www.loziskaplus.sk\/eshop\/#organization"},"potentialAction":[{"@type":"SearchAction","target":{"@type":"EntryPoint","urlTemplate":"https:\/\/www.loziskaplus.sk\/eshop\/?s={search_term_string}"},"query-input":{"@type":"PropertyValueSpecification","valueRequired":true,"valueName":"search_term_string"}}],"inLanguage":"sk-SK"},{"@type":"Organization","@id":"https:\/\/www.loziskaplus.sk\/eshop\/#organization","name":"Lo\u017eisk\u00e1 PLUS","url":"https:\/\/www.loziskaplus.sk\/eshop\/","logo":{"@type":"ImageObject","inLanguage":"sk-SK","@id":"https:\/\/www.loziskaplus.sk\/eshop\/#\/schema\/logo\/image\/","url":"https:\/\/www.loziskaplus.sk\/eshop\/wp-content\/uploads\/2024\/06\/logo-facebuk-1.jpg?v=1718619602","contentUrl":"https:\/\/www.loziskaplus.sk\/eshop\/wp-content\/uploads\/2024\/06\/logo-facebuk-1.jpg?v=1718619602","width":180,"height":179,"caption":"Lo\u017eisk\u00e1 PLUS"},"image":{"@id":"https:\/\/www.loziskaplus.sk\/eshop\/#\/schema\/logo\/image\/"}}]}},"jetpack_sharing_enabled":true,"_links":{"self":[{"href":"https:\/\/www.loziskaplus.sk\/eshop\/wp-json\/wp\/v2\/product\/8802","targetHints":{"allow":["GET"]}}],"collection":[{"href":"https:\/\/www.loziskaplus.sk\/eshop\/wp-json\/wp\/v2\/product"}],"about":[{"href":"https:\/\/www.loziskaplus.sk\/eshop\/wp-json\/wp\/v2\/types\/product"}],"wp:featuredmedia":[{"embeddable":true,"href":"https:\/\/www.loziskaplus.sk\/eshop\/wp-json\/wp\/v2\/media\/8803"}],"wp:attachment":[{"href":"https:\/\/www.loziskaplus.sk\/eshop\/wp-json\/wp\/v2\/media?parent=8802"}],"wp:term":[{"taxonomy":"product_brand","embeddable":true,"href":"https:\/\/www.loziskaplus.sk\/eshop\/wp-json\/wp\/v2\/product_brand?post=8802"},{"taxonomy":"product_cat","embeddable":true,"href":"https:\/\/www.loziskaplus.sk\/eshop\/wp-json\/wp\/v2\/product_cat?post=8802"},{"taxonomy":"product_tag","embeddable":true,"href":"https:\/\/www.loziskaplus.sk\/eshop\/wp-json\/wp\/v2\/product_tag?post=8802"}],"curies":[{"name":"wp","href":"https:\/\/api.w.org\/{rel}","templated":true}]}}