{"id":8841,"date":"2025-05-21T09:41:18","date_gmt":"2025-05-21T07:41:18","guid":{"rendered":"https:\/\/www.loziskaplus.sk\/eshop\/?post_type=product&#038;p=8841"},"modified":"2026-03-20T10:48:01","modified_gmt":"2026-03-20T09:48:01","slug":"ambra-multi-traction-10w-30-20l","status":"publish","type":"product","link":"https:\/\/www.loziskaplus.sk\/eshop\/produkt\/ambra-multi-traction-10w-30-20l\/","title":{"rendered":"AMBRA MULTI-TRACTION 10W-30 &#8211; 20L"},"content":{"rendered":"","protected":false},"excerpt":{"rendered":"<p>Multifunk\u010dn\u00fd olej (U.T.T.O.) pre prevodov\u00e9 \u00fastrojenstv\u00e1\u00a0<strong>traktorov,\u00a0<em>po\u013enohospod\u00e1rskych strojov<\/em>\u00a0a strojov pre zemn\u00e9 pr\u00e1ce<\/strong>, s tradi\u010dn\u00fdmi prevodovkami, prevodovkami typu Power-Shift a Shuttle-Shift, pre zadn\u00e9 prevodovky s brzdami v olejovom k\u00fapeli, postrann\u00e9 reduktory, reduktory kolies, diferenci\u00e1ly, hydraulick\u00e9 zdvih\u00e1ky, kladky motorov\u00fdch vozidiel, mechanick\u00e9 riadenia, hydrostatick\u00e9 i servoriadenia.<\/p>\n","protected":false},"featured_media":8842,"template":"","meta":[],"product_brand":[],"product_cat":[35,19],"product_tag":[],"class_list":{"0":"post-8841","1":"product","2":"type-product","3":"status-publish","4":"has-post-thumbnail","6":"product_cat-olej-polnohospodarska-technika","7":"product_cat-oleje","8":"pa_balenie-20l","9":"pa_viskozita-10w-30","11":"first","12":"outofstock","13":"taxable","14":"shipping-taxable","15":"purchasable","16":"product-type-simple"},"yoast_head":"<!-- This site is optimized with the Yoast SEO plugin v27.4 - https:\/\/yoast.com\/product\/yoast-seo-wordpress\/ -->\n<title>AMBRA MULTI-TRACTION 10W-30 - 20L - Lo\u017eisk\u00e1 PLUS<\/title>\n<meta name=\"robots\" content=\"index, follow, max-snippet:-1, max-image-preview:large, max-video-preview:-1\" \/>\n<link rel=\"canonical\" href=\"https:\/\/www.loziskaplus.sk\/eshop\/produkt\/ambra-multi-traction-10w-30-20l\/\" \/>\n<meta property=\"og:locale\" content=\"sk_SK\" \/>\n<meta property=\"og:type\" content=\"article\" \/>\n<meta property=\"og:title\" content=\"AMBRA MULTI-TRACTION 10W-30 - 20L - Lo\u017eisk\u00e1 PLUS\" \/>\n<meta property=\"og:description\" content=\"Multifunk\u010dn\u00fd olej (U.T.T.O.) pre prevodov\u00e9 \u00fastrojenstv\u00e1\u00a0traktorov,\u00a0po\u013enohospod\u00e1rskych strojov\u00a0a strojov pre zemn\u00e9 pr\u00e1ce, s tradi\u010dn\u00fdmi prevodovkami, prevodovkami typu Power-Shift a Shuttle-Shift, pre zadn\u00e9 prevodovky s brzdami v olejovom k\u00fapeli, postrann\u00e9 reduktory, reduktory kolies, diferenci\u00e1ly, hydraulick\u00e9 zdvih\u00e1ky, kladky motorov\u00fdch vozidiel, mechanick\u00e9 riadenia, hydrostatick\u00e9 i servoriadenia.\" \/>\n<meta property=\"og:url\" content=\"https:\/\/www.loziskaplus.sk\/eshop\/produkt\/ambra-multi-traction-10w-30-20l\/\" \/>\n<meta property=\"og:site_name\" content=\"Lo\u017eisk\u00e1 PLUS\" \/>\n<meta property=\"article:modified_time\" content=\"2026-03-20T09:48:01+00:00\" \/>\n<meta property=\"og:image\" content=\"https:\/\/www.loziskaplus.sk\/eshop\/wp-content\/uploads\/2025\/05\/ambra-20l-multi-traction-sl-1697460675-766x1000-1.png\" \/>\n\t<meta property=\"og:image:width\" content=\"766\" \/>\n\t<meta property=\"og:image:height\" content=\"1000\" \/>\n\t<meta property=\"og:image:type\" content=\"image\/png\" \/>\n<meta name=\"twitter:card\" content=\"summary_large_image\" \/>\n<meta name=\"twitter:label1\" content=\"Predpokladan\u00fd \u010das \u010d\u00edtania\" \/>\n\t<meta name=\"twitter:data1\" content=\"1 min\u00fata\" \/>\n<script type=\"application\/ld+json\" class=\"yoast-schema-graph\">{\"@context\":\"https:\\\/\\\/schema.org\",\"@graph\":[{\"@type\":\"WebPage\",\"@id\":\"https:\\\/\\\/www.loziskaplus.sk\\\/eshop\\\/produkt\\\/ambra-multi-traction-10w-30-20l\\\/\",\"url\":\"https:\\\/\\\/www.loziskaplus.sk\\\/eshop\\\/produkt\\\/ambra-multi-traction-10w-30-20l\\\/\",\"name\":\"AMBRA MULTI-TRACTION 10W-30 - 20L - Lo\u017eisk\u00e1 PLUS\",\"isPartOf\":{\"@id\":\"https:\\\/\\\/www.loziskaplus.sk\\\/eshop\\\/#website\"},\"primaryImageOfPage\":{\"@id\":\"https:\\\/\\\/www.loziskaplus.sk\\\/eshop\\\/produkt\\\/ambra-multi-traction-10w-30-20l\\\/#primaryimage\"},\"image\":{\"@id\":\"https:\\\/\\\/www.loziskaplus.sk\\\/eshop\\\/produkt\\\/ambra-multi-traction-10w-30-20l\\\/#primaryimage\"},\"thumbnailUrl\":\"https:\\\/\\\/www.loziskaplus.sk\\\/eshop\\\/wp-content\\\/uploads\\\/2025\\\/05\\\/ambra-20l-multi-traction-sl-1697460675-766x1000-1.png\",\"datePublished\":\"2025-05-21T07:41:18+00:00\",\"dateModified\":\"2026-03-20T09:48:01+00:00\",\"breadcrumb\":{\"@id\":\"https:\\\/\\\/www.loziskaplus.sk\\\/eshop\\\/produkt\\\/ambra-multi-traction-10w-30-20l\\\/#breadcrumb\"},\"inLanguage\":\"sk-SK\",\"potentialAction\":[{\"@type\":\"ReadAction\",\"target\":[\"https:\\\/\\\/www.loziskaplus.sk\\\/eshop\\\/produkt\\\/ambra-multi-traction-10w-30-20l\\\/\"]}]},{\"@type\":\"ImageObject\",\"inLanguage\":\"sk-SK\",\"@id\":\"https:\\\/\\\/www.loziskaplus.sk\\\/eshop\\\/produkt\\\/ambra-multi-traction-10w-30-20l\\\/#primaryimage\",\"url\":\"https:\\\/\\\/www.loziskaplus.sk\\\/eshop\\\/wp-content\\\/uploads\\\/2025\\\/05\\\/ambra-20l-multi-traction-sl-1697460675-766x1000-1.png\",\"contentUrl\":\"https:\\\/\\\/www.loziskaplus.sk\\\/eshop\\\/wp-content\\\/uploads\\\/2025\\\/05\\\/ambra-20l-multi-traction-sl-1697460675-766x1000-1.png\",\"width\":766,\"height\":1000},{\"@type\":\"BreadcrumbList\",\"@id\":\"https:\\\/\\\/www.loziskaplus.sk\\\/eshop\\\/produkt\\\/ambra-multi-traction-10w-30-20l\\\/#breadcrumb\",\"itemListElement\":[{\"@type\":\"ListItem\",\"position\":1,\"name\":\"Domov\",\"item\":\"https:\\\/\\\/www.loziskaplus.sk\\\/eshop\\\/\"},{\"@type\":\"ListItem\",\"position\":2,\"name\":\"Obchod\",\"item\":\"https:\\\/\\\/www.loziskaplus.sk\\\/eshop\\\/obchod\\\/\"},{\"@type\":\"ListItem\",\"position\":3,\"name\":\"AMBRA MULTI-TRACTION 10W-30 &#8211; 20L\"}]},{\"@type\":\"WebSite\",\"@id\":\"https:\\\/\\\/www.loziskaplus.sk\\\/eshop\\\/#website\",\"url\":\"https:\\\/\\\/www.loziskaplus.sk\\\/eshop\\\/\",\"name\":\"Lo\u017eisk\u00e1 PLUS\",\"description\":\"\",\"publisher\":{\"@id\":\"https:\\\/\\\/www.loziskaplus.sk\\\/eshop\\\/#organization\"},\"potentialAction\":[{\"@type\":\"SearchAction\",\"target\":{\"@type\":\"EntryPoint\",\"urlTemplate\":\"https:\\\/\\\/www.loziskaplus.sk\\\/eshop\\\/?s={search_term_string}\"},\"query-input\":{\"@type\":\"PropertyValueSpecification\",\"valueRequired\":true,\"valueName\":\"search_term_string\"}}],\"inLanguage\":\"sk-SK\"},{\"@type\":\"Organization\",\"@id\":\"https:\\\/\\\/www.loziskaplus.sk\\\/eshop\\\/#organization\",\"name\":\"Lo\u017eisk\u00e1 PLUS\",\"url\":\"https:\\\/\\\/www.loziskaplus.sk\\\/eshop\\\/\",\"logo\":{\"@type\":\"ImageObject\",\"inLanguage\":\"sk-SK\",\"@id\":\"https:\\\/\\\/www.loziskaplus.sk\\\/eshop\\\/#\\\/schema\\\/logo\\\/image\\\/\",\"url\":\"https:\\\/\\\/www.loziskaplus.sk\\\/eshop\\\/wp-content\\\/uploads\\\/2024\\\/06\\\/logo-facebuk-1.jpg?v=1718619602\",\"contentUrl\":\"https:\\\/\\\/www.loziskaplus.sk\\\/eshop\\\/wp-content\\\/uploads\\\/2024\\\/06\\\/logo-facebuk-1.jpg?v=1718619602\",\"width\":180,\"height\":179,\"caption\":\"Lo\u017eisk\u00e1 PLUS\"},\"image\":{\"@id\":\"https:\\\/\\\/www.loziskaplus.sk\\\/eshop\\\/#\\\/schema\\\/logo\\\/image\\\/\"}}]}<\/script>\n<!-- \/ Yoast SEO plugin. -->","yoast_head_json":{"title":"AMBRA MULTI-TRACTION 10W-30 - 20L - Lo\u017eisk\u00e1 PLUS","robots":{"index":"index","follow":"follow","max-snippet":"max-snippet:-1","max-image-preview":"max-image-preview:large","max-video-preview":"max-video-preview:-1"},"canonical":"https:\/\/www.loziskaplus.sk\/eshop\/produkt\/ambra-multi-traction-10w-30-20l\/","og_locale":"sk_SK","og_type":"article","og_title":"AMBRA MULTI-TRACTION 10W-30 - 20L - Lo\u017eisk\u00e1 PLUS","og_description":"Multifunk\u010dn\u00fd olej (U.T.T.O.) pre prevodov\u00e9 \u00fastrojenstv\u00e1\u00a0traktorov,\u00a0po\u013enohospod\u00e1rskych strojov\u00a0a strojov pre zemn\u00e9 pr\u00e1ce, s tradi\u010dn\u00fdmi prevodovkami, prevodovkami typu Power-Shift a Shuttle-Shift, pre zadn\u00e9 prevodovky s brzdami v olejovom k\u00fapeli, postrann\u00e9 reduktory, reduktory kolies, diferenci\u00e1ly, hydraulick\u00e9 zdvih\u00e1ky, kladky motorov\u00fdch vozidiel, mechanick\u00e9 riadenia, hydrostatick\u00e9 i servoriadenia.","og_url":"https:\/\/www.loziskaplus.sk\/eshop\/produkt\/ambra-multi-traction-10w-30-20l\/","og_site_name":"Lo\u017eisk\u00e1 PLUS","article_modified_time":"2026-03-20T09:48:01+00:00","og_image":[{"width":766,"height":1000,"url":"https:\/\/www.loziskaplus.sk\/eshop\/wp-content\/uploads\/2025\/05\/ambra-20l-multi-traction-sl-1697460675-766x1000-1.png","type":"image\/png"}],"twitter_card":"summary_large_image","twitter_misc":{"Predpokladan\u00fd \u010das \u010d\u00edtania":"1 min\u00fata"},"schema":{"@context":"https:\/\/schema.org","@graph":[{"@type":"WebPage","@id":"https:\/\/www.loziskaplus.sk\/eshop\/produkt\/ambra-multi-traction-10w-30-20l\/","url":"https:\/\/www.loziskaplus.sk\/eshop\/produkt\/ambra-multi-traction-10w-30-20l\/","name":"AMBRA MULTI-TRACTION 10W-30 - 20L - Lo\u017eisk\u00e1 PLUS","isPartOf":{"@id":"https:\/\/www.loziskaplus.sk\/eshop\/#website"},"primaryImageOfPage":{"@id":"https:\/\/www.loziskaplus.sk\/eshop\/produkt\/ambra-multi-traction-10w-30-20l\/#primaryimage"},"image":{"@id":"https:\/\/www.loziskaplus.sk\/eshop\/produkt\/ambra-multi-traction-10w-30-20l\/#primaryimage"},"thumbnailUrl":"https:\/\/www.loziskaplus.sk\/eshop\/wp-content\/uploads\/2025\/05\/ambra-20l-multi-traction-sl-1697460675-766x1000-1.png","datePublished":"2025-05-21T07:41:18+00:00","dateModified":"2026-03-20T09:48:01+00:00","breadcrumb":{"@id":"https:\/\/www.loziskaplus.sk\/eshop\/produkt\/ambra-multi-traction-10w-30-20l\/#breadcrumb"},"inLanguage":"sk-SK","potentialAction":[{"@type":"ReadAction","target":["https:\/\/www.loziskaplus.sk\/eshop\/produkt\/ambra-multi-traction-10w-30-20l\/"]}]},{"@type":"ImageObject","inLanguage":"sk-SK","@id":"https:\/\/www.loziskaplus.sk\/eshop\/produkt\/ambra-multi-traction-10w-30-20l\/#primaryimage","url":"https:\/\/www.loziskaplus.sk\/eshop\/wp-content\/uploads\/2025\/05\/ambra-20l-multi-traction-sl-1697460675-766x1000-1.png","contentUrl":"https:\/\/www.loziskaplus.sk\/eshop\/wp-content\/uploads\/2025\/05\/ambra-20l-multi-traction-sl-1697460675-766x1000-1.png","width":766,"height":1000},{"@type":"BreadcrumbList","@id":"https:\/\/www.loziskaplus.sk\/eshop\/produkt\/ambra-multi-traction-10w-30-20l\/#breadcrumb","itemListElement":[{"@type":"ListItem","position":1,"name":"Domov","item":"https:\/\/www.loziskaplus.sk\/eshop\/"},{"@type":"ListItem","position":2,"name":"Obchod","item":"https:\/\/www.loziskaplus.sk\/eshop\/obchod\/"},{"@type":"ListItem","position":3,"name":"AMBRA MULTI-TRACTION 10W-30 &#8211; 20L"}]},{"@type":"WebSite","@id":"https:\/\/www.loziskaplus.sk\/eshop\/#website","url":"https:\/\/www.loziskaplus.sk\/eshop\/","name":"Lo\u017eisk\u00e1 PLUS","description":"","publisher":{"@id":"https:\/\/www.loziskaplus.sk\/eshop\/#organization"},"potentialAction":[{"@type":"SearchAction","target":{"@type":"EntryPoint","urlTemplate":"https:\/\/www.loziskaplus.sk\/eshop\/?s={search_term_string}"},"query-input":{"@type":"PropertyValueSpecification","valueRequired":true,"valueName":"search_term_string"}}],"inLanguage":"sk-SK"},{"@type":"Organization","@id":"https:\/\/www.loziskaplus.sk\/eshop\/#organization","name":"Lo\u017eisk\u00e1 PLUS","url":"https:\/\/www.loziskaplus.sk\/eshop\/","logo":{"@type":"ImageObject","inLanguage":"sk-SK","@id":"https:\/\/www.loziskaplus.sk\/eshop\/#\/schema\/logo\/image\/","url":"https:\/\/www.loziskaplus.sk\/eshop\/wp-content\/uploads\/2024\/06\/logo-facebuk-1.jpg?v=1718619602","contentUrl":"https:\/\/www.loziskaplus.sk\/eshop\/wp-content\/uploads\/2024\/06\/logo-facebuk-1.jpg?v=1718619602","width":180,"height":179,"caption":"Lo\u017eisk\u00e1 PLUS"},"image":{"@id":"https:\/\/www.loziskaplus.sk\/eshop\/#\/schema\/logo\/image\/"}}]}},"jetpack_sharing_enabled":true,"_links":{"self":[{"href":"https:\/\/www.loziskaplus.sk\/eshop\/wp-json\/wp\/v2\/product\/8841","targetHints":{"allow":["GET"]}}],"collection":[{"href":"https:\/\/www.loziskaplus.sk\/eshop\/wp-json\/wp\/v2\/product"}],"about":[{"href":"https:\/\/www.loziskaplus.sk\/eshop\/wp-json\/wp\/v2\/types\/product"}],"wp:featuredmedia":[{"embeddable":true,"href":"https:\/\/www.loziskaplus.sk\/eshop\/wp-json\/wp\/v2\/media\/8842"}],"wp:attachment":[{"href":"https:\/\/www.loziskaplus.sk\/eshop\/wp-json\/wp\/v2\/media?parent=8841"}],"wp:term":[{"taxonomy":"product_brand","embeddable":true,"href":"https:\/\/www.loziskaplus.sk\/eshop\/wp-json\/wp\/v2\/product_brand?post=8841"},{"taxonomy":"product_cat","embeddable":true,"href":"https:\/\/www.loziskaplus.sk\/eshop\/wp-json\/wp\/v2\/product_cat?post=8841"},{"taxonomy":"product_tag","embeddable":true,"href":"https:\/\/www.loziskaplus.sk\/eshop\/wp-json\/wp\/v2\/product_tag?post=8841"}],"curies":[{"name":"wp","href":"https:\/\/api.w.org\/{rel}","templated":true}]}}